{"id":1473,"date":"2015-10-07T14:57:53","date_gmt":"2015-10-07T13:57:53","guid":{"rendered":"http:\/\/www.chateauhochberg.com\/de\/autour-de-la-villa\/"},"modified":"2025-01-29T14:29:09","modified_gmt":"2025-01-29T13:29:09","slug":"umgebung","status":"publish","type":"page","link":"https:\/\/chateauhochberg.com\/de\/umgebung\/","title":{"rendered":"Umgebung"},"content":{"rendered":"<section>\n<div class=\"container-fluid\">\n<div class=\"row full-screen-height\">\n<div class=\"col-md-6 full-screen-height  pull-right\">\n<div class=\"content-center-center text-center\">\n<h2 style=\"font-size: 50px;\">Mus\u00e9e Lalique<\/h2>\n<p>Das vom Architekten Jean-Michel Wilmotte erstellte \u201eMus\u00e9e Lalique\u201c feierte im Jahr 2011 seine Er\u00f6ffnung. F\u00fcr Lalique-Liebhaber ist dieses Museum ein Muss: Das Lebenswerk des Meisters ist hier gut nachvollziehbar, und die Exponate verdeutlichen unter anderem die Innovation, die Ren\u00e9 Lalique der Juwelierkunst brachte.<\/p>\n\n\n<a  target='_blank' class='btn btn-black-white' href='http:\/\/www.musee-lalique.com\/de'>MEHR INFOS<\/a>\n\n<\/div>\n<\/div>\n<div class=\"col-md-6 full-screen-height\" style=\"background: url('\/wp-content\/uploads\/2025\/01\/Chateau-Hochberg-Musee-Lalique-\u00a9-Douzal-2.jpg') center center; background-size: cover!important;\"><\/div>\n<\/div>\n<div class=\"row full-screen-height\">\n<div class=\"col-md-6 full-screen-height\">\n<div class=\"content-center-center text-center\">\n<h2 style=\"font-size: 50px;\">Golf<\/h2>\n<p>Entdecken Sie die verschiedene Golfanl\u00e4ge, die nur einigen Kilometer vom Ch\u00e2teau Hochberg entfernt sind.<\/p>\n<p>\u00dcbernachten Sie im Ch\u00e2teau Hochberg und profitieren Sie von der N\u00e4he der Golfpl\u00e4tzen von Bitche (Top Ten in Europa), La Wantzenau und auch Baden-Baden in Deutschland.<\/p>\n\n\n<a  target='_blank' class='btn btn-black-white' href='https:\/\/www.golf-bitche.com\/de\/'>Bitche Golfplatz entdecken<\/a>\n\n<\/div>\n<\/div>\n<div class=\"col-md-6 full-screen-height\" style=\"background: url('\/wp-content\/uploads\/2017\/02\/GOLF.jpg') center center; background-size: cover!important;\"><\/div>\n<\/div>\n<div class=\"row full-screen-height\">\n<div class=\"col-md-6 full-screen-height pull-right\">\n<div class=\"content-center-center text-center\">\n<h2 style=\"font-size: 50px;\">Ch\u00e2teau de La Petite Pierre<\/h2>\n<p>Das Schloss geht auf das 13. Jahrhundert zur\u00fcck. Es wurde allerdings samt seiner Befestigungen im Jahr 1684 von Vauban modernisiert. La Petite Pierre war damals ein strategisch wichtiger St\u00fctzpunkt f\u00fcr die Kontrolle des \u00dcbergangs vom Elsass nach Lothringen. Heute hat hier die Organisation des Regionalen Naturparks der Nord-Vogesen ihren Sitz. Das Schloss bietet eine Dauerausstellung zur Geschichte der Nord-Vogesen sowie des Bauwerks selbst, und man erf\u00e4hrt, aus welchem Grund und zu welchem Zweck die Region unter Schutz gestellt wurde. Die Fahrt nach Petite Pierre lohnt sich!<\/p>\n\n\n<a  target='_blank' class='btn btn-black-white' href='https:\/\/tourisme.hanau-lapetitepierre.alsace\/decouvrir\/la-cite-fortifiee-de-la-petite-pierre\/#'>MEHR INFOS<\/a>\n\n<\/div>\n<\/div>\n<div class=\"col-md-6 full-screen-height\" style=\"background: url('\/wp-content\/uploads\/2015\/10\/La-Petite-Pierre-1_mini.jpg') center center; background-size: cover!important;\"><\/div>\n<\/div>\n<div class=\"row full-screen-height\">\n<div class=\"col-md-6 full-screen-height\">\n<div class=\"content-center-center text-center\">\n<h2 style=\"font-size: 50px;\">CH\u00c2TEAU DE LICHTENBERG<\/h2>\n<p>Die ehemalige Trutzburg ist heute ein privilegierter Ort zur F\u00f6rderung k\u00fcnstlerischen Schaffens. Seit 2010 ist hier ein Centre d\u2019Interpr\u00e9tation du Patrimoine (CIP) eingerichtet, das vom Conseil g\u00e9n\u00e9ral du Bas-Rhin unterst\u00fctzt wird. Die verbleibenden Festungsmauern geh\u00f6ren zu den eindr\u00fccklichsten Zeugen aus alter Zeit in der Region. Lichtenberg ist einen Besuch wert!<\/p>\n\n\n<a  target='_blank' class='btn btn-black-white' href='https:\/\/www.chateaudelichtenberg.alsace\/#'>MEHR INFOS<\/a>\n\n<\/div>\n<\/div>\n<div class=\"col-md-6 full-screen-height\" style=\"background: url('\/wp-content\/uploads\/2015\/10\/Lichtenberg_mini.jpg') center center; background-size: cover!important;\"><\/div>\n<\/div>\n<div class=\"row full-screen-height\">\n<div class=\"col-md-6 full-screen-height pull-right\">\n<div class=\"content-center-center text-center\">\n<h2 style=\"font-size: 50px;\">STRASSBURG<\/h2>\n<p>Strassburg liegt nur eine knappe Autostunde entfernt, mit dem Zug erreicht man die Stadt ab dem Bahnhof Wingen-sur-Moder sogar in 35 Minuten. Eine gute Gelegenheit also, um die zahlreichen Strassburger Sehensw\u00fcrdigkeiten zu entdecken, insbesondere das M\u00fcnster, das Quartier \u00abPetite France\u00bb, die Europa-Institutionen und den Bischofspalast (Palais Rohan). Strassburg muss man gesehen haben!<\/p>\n\n\n<a  target='_blank' class='btn btn-black-white' href='https:\/\/www.visitstrasbourg.fr\/de\/willkommen-in-strasbourg\/'>MEHR INFOS<\/a>\n\n<\/div>\n<\/div>\n<div class=\"col-md-6 full-screen-height\" style=\"background: url('\/wp-content\/uploads\/2016\/04\/tn_3941_88187bbbcaa7a45244d91b9375b7d84f.jpg') center center; background-size: cover!important;\"><\/div>\n<\/div>\n<\/div>\n<\/section>","protected":false},"excerpt":{"rendered":"<p>Mus\u00e9e Lalique Golf Ch\u00e2teau de La Petite Pierre CH\u00c2TEAU DE LICHTENBERG STRASSBURG<\/p>\n","protected":false},"author":1,"featured_media":0,"parent":0,"menu_order":0,"comment_status":"closed","ping_status":"closed","template":"page-without-title-page.php","meta":{"_acf_changed":false,"footnotes":""},"class_list":["post-1473","page","type-page","status-publish","hentry"],"acf":[],"yoast_head":"<!-- This site is optimized with the Yoast SEO plugin v25.1 - https:\/\/yoast.com\/wordpress\/plugins\/seo\/ -->\n<title>Umgebung - Ch\u00e2teau Hochberg<\/title>\n<meta name=\"description\" content=\"Das Ch\u00e2teau Hochberg, ein freundlicher und einladender Ort zum Leben, bietet Ihnen die M\u00f6glichkeit, in seinen exklusiven und warmen Zimmern und Suiten zu \u00fcbernachten.\" \/>\n<meta name=\"robots\" content=\"index, follow, max-snippet:-1, max-image-preview:large, max-video-preview:-1\" \/>\n<link rel=\"canonical\" href=\"https:\/\/chateauhochberg.com\/de\/umgebung\/\" \/>\n<meta property=\"og:locale\" content=\"de_DE\" \/>\n<meta property=\"og:type\" content=\"article\" \/>\n<meta property=\"og:title\" content=\"Umgebung - Ch\u00e2teau Hochberg\" \/>\n<meta property=\"og:description\" content=\"Das Ch\u00e2teau Hochberg, ein freundlicher und einladender Ort zum Leben, bietet Ihnen die M\u00f6glichkeit, in seinen exklusiven und warmen Zimmern und Suiten zu \u00fcbernachten.\" \/>\n<meta property=\"og:url\" content=\"https:\/\/chateauhochberg.com\/de\/umgebung\/\" \/>\n<meta property=\"og:site_name\" content=\"Ch\u00e2teau Hochberg\" \/>\n<meta property=\"article:modified_time\" content=\"2025-01-29T13:29:09+00:00\" \/>\n<meta name=\"twitter:card\" content=\"summary_large_image\" \/>\n<meta name=\"twitter:label1\" content=\"Gesch\u00e4tzte Lesezeit\" \/>\n\t<meta name=\"twitter:data1\" content=\"2\u00a0Minuten\" \/>\n<script type=\"application\/ld+json\" class=\"yoast-schema-graph\">{\"@context\":\"https:\/\/schema.org\",\"@graph\":[{\"@type\":\"WebPage\",\"@id\":\"https:\/\/chateauhochberg.com\/de\/umgebung\/\",\"url\":\"https:\/\/chateauhochberg.com\/de\/umgebung\/\",\"name\":\"Umgebung - Ch\u00e2teau Hochberg\",\"isPartOf\":{\"@id\":\"https:\/\/chateauhochberg.com\/en\/#website\"},\"datePublished\":\"2015-10-07T13:57:53+00:00\",\"dateModified\":\"2025-01-29T13:29:09+00:00\",\"description\":\"Das Ch\u00e2teau Hochberg, ein freundlicher und einladender Ort zum Leben, bietet Ihnen die M\u00f6glichkeit, in seinen exklusiven und warmen Zimmern und Suiten zu \u00fcbernachten.\",\"breadcrumb\":{\"@id\":\"https:\/\/chateauhochberg.com\/de\/umgebung\/#breadcrumb\"},\"inLanguage\":\"de\",\"potentialAction\":[{\"@type\":\"ReadAction\",\"target\":[\"https:\/\/chateauhochberg.com\/de\/umgebung\/\"]}]},{\"@type\":\"BreadcrumbList\",\"@id\":\"https:\/\/chateauhochberg.com\/de\/umgebung\/#breadcrumb\",\"itemListElement\":[{\"@type\":\"ListItem\",\"position\":1,\"name\":\"Accueil\",\"item\":\"https:\/\/chateauhochberg.com\/de\/\"},{\"@type\":\"ListItem\",\"position\":2,\"name\":\"Umgebung\"}]},{\"@type\":\"WebSite\",\"@id\":\"https:\/\/chateauhochberg.com\/en\/#website\",\"url\":\"https:\/\/chateauhochberg.com\/en\/\",\"name\":\"Ch\u00e2teau Hochberg - By Lalique\",\"description\":\"H\u00f4tel &amp; Restaurant\",\"alternateName\":\"CHOCH\",\"potentialAction\":[{\"@type\":\"SearchAction\",\"target\":{\"@type\":\"EntryPoint\",\"urlTemplate\":\"https:\/\/chateauhochberg.com\/en\/?s={search_term_string}\"},\"query-input\":{\"@type\":\"PropertyValueSpecification\",\"valueRequired\":true,\"valueName\":\"search_term_string\"}}],\"inLanguage\":\"de\"}]}<\/script>\n<!-- \/ Yoast SEO plugin. -->","yoast_head_json":{"title":"Umgebung - Ch\u00e2teau Hochberg","description":"Das Ch\u00e2teau Hochberg, ein freundlicher und einladender Ort zum Leben, bietet Ihnen die M\u00f6glichkeit, in seinen exklusiven und warmen Zimmern und Suiten zu \u00fcbernachten.","robots":{"index":"index","follow":"follow","max-snippet":"max-snippet:-1","max-image-preview":"max-image-preview:large","max-video-preview":"max-video-preview:-1"},"canonical":"https:\/\/chateauhochberg.com\/de\/umgebung\/","og_locale":"de_DE","og_type":"article","og_title":"Umgebung - Ch\u00e2teau Hochberg","og_description":"Das Ch\u00e2teau Hochberg, ein freundlicher und einladender Ort zum Leben, bietet Ihnen die M\u00f6glichkeit, in seinen exklusiven und warmen Zimmern und Suiten zu \u00fcbernachten.","og_url":"https:\/\/chateauhochberg.com\/de\/umgebung\/","og_site_name":"Ch\u00e2teau Hochberg","article_modified_time":"2025-01-29T13:29:09+00:00","twitter_card":"summary_large_image","twitter_misc":{"Gesch\u00e4tzte Lesezeit":"2\u00a0Minuten"},"schema":{"@context":"https:\/\/schema.org","@graph":[{"@type":"WebPage","@id":"https:\/\/chateauhochberg.com\/de\/umgebung\/","url":"https:\/\/chateauhochberg.com\/de\/umgebung\/","name":"Umgebung - Ch\u00e2teau Hochberg","isPartOf":{"@id":"https:\/\/chateauhochberg.com\/en\/#website"},"datePublished":"2015-10-07T13:57:53+00:00","dateModified":"2025-01-29T13:29:09+00:00","description":"Das Ch\u00e2teau Hochberg, ein freundlicher und einladender Ort zum Leben, bietet Ihnen die M\u00f6glichkeit, in seinen exklusiven und warmen Zimmern und Suiten zu \u00fcbernachten.","breadcrumb":{"@id":"https:\/\/chateauhochberg.com\/de\/umgebung\/#breadcrumb"},"inLanguage":"de","potentialAction":[{"@type":"ReadAction","target":["https:\/\/chateauhochberg.com\/de\/umgebung\/"]}]},{"@type":"BreadcrumbList","@id":"https:\/\/chateauhochberg.com\/de\/umgebung\/#breadcrumb","itemListElement":[{"@type":"ListItem","position":1,"name":"Accueil","item":"https:\/\/chateauhochberg.com\/de\/"},{"@type":"ListItem","position":2,"name":"Umgebung"}]},{"@type":"WebSite","@id":"https:\/\/chateauhochberg.com\/en\/#website","url":"https:\/\/chateauhochberg.com\/en\/","name":"Ch\u00e2teau Hochberg - By Lalique","description":"H\u00f4tel &amp; Restaurant","alternateName":"CHOCH","potentialAction":[{"@type":"SearchAction","target":{"@type":"EntryPoint","urlTemplate":"https:\/\/chateauhochberg.com\/en\/?s={search_term_string}"},"query-input":{"@type":"PropertyValueSpecification","valueRequired":true,"valueName":"search_term_string"}}],"inLanguage":"de"}]}},"_links":{"self":[{"href":"https:\/\/chateauhochberg.com\/de\/wp-json\/wp\/v2\/pages\/1473","targetHints":{"allow":["GET"]}}],"collection":[{"href":"https:\/\/chateauhochberg.com\/de\/wp-json\/wp\/v2\/pages"}],"about":[{"href":"https:\/\/chateauhochberg.com\/de\/wp-json\/wp\/v2\/types\/page"}],"author":[{"embeddable":true,"href":"https:\/\/chateauhochberg.com\/de\/wp-json\/wp\/v2\/users\/1"}],"replies":[{"embeddable":true,"href":"https:\/\/chateauhochberg.com\/de\/wp-json\/wp\/v2\/comments?post=1473"}],"version-history":[{"count":15,"href":"https:\/\/chateauhochberg.com\/de\/wp-json\/wp\/v2\/pages\/1473\/revisions"}],"predecessor-version":[{"id":21086,"href":"https:\/\/chateauhochberg.com\/de\/wp-json\/wp\/v2\/pages\/1473\/revisions\/21086"}],"wp:attachment":[{"href":"https:\/\/chateauhochberg.com\/de\/wp-json\/wp\/v2\/media?parent=1473"}],"curies":[{"name":"wp","href":"https:\/\/api.w.org\/{rel}","templated":true}]}}