{"id":1477,"date":"2015-08-10T16:00:50","date_gmt":"2015-08-10T15:00:50","guid":{"rendered":"http:\/\/www.chateauhochberg.com\/de\/contact-et-access\/"},"modified":"2025-09-11T07:58:51","modified_gmt":"2025-09-11T06:58:51","slug":"lage-und-anreise","status":"publish","type":"page","link":"https:\/\/chateauhochberg.com\/de\/lage-und-anreise\/","title":{"rendered":"Kontakt und Zugang"},"content":{"rendered":"<iframe style=\"height: 400px; margin: 0px;\" src=\"https:\/\/www.google.com\/maps\/embed?pb=!1m18!1m12!1m3!1d2620.805193156733!2d7.36057001572254!3d48.926887903835265!2m3!1f0!2f0!3f0!3m2!1i1024!2i768!4f13.1!3m3!1m2!1s0x4794270773ec6793%3A0x697e9bf4f5bf7314!2sCh%C3%A2teau+du+Hochberg!5e0!3m2!1sfr!2slu!4v1461315949195\" width=\"100%\" height=\"100%\" frameborder=\"0\" allowfullscreen=\"allowfullscreen\"><\/iframe><div style=\"height:62px\" aria-hidden=\"true\" class=\"wp-block-spacer\"><\/div><div class=\"wp-block-columns is-layout-flex wp-container-core-columns-is-layout-9d6595d7 wp-block-columns-is-layout-flex\"><div class=\"wp-block-column is-layout-flow wp-block-column-is-layout-flow\"><p class=\"has-text-align-center has-medium-font-size\"><strong>H\u00d4TEL &amp; RESTAURANT<\/strong><\/p>\n\n<p class=\"has-text-align-center\">Unser Betrieb ist am Sonntagabend und Montag geschlossen. Unser Restaurant ist auch am Dienstag geschlossen.<\/p>\n\n<div style=\"height:15px\" aria-hidden=\"true\" class=\"wp-block-spacer\"><\/div>\n\n<div style=\"text-align:center; margin-bottom: .5rem;\"><a  class='btn btn-black-white' href=mailto:reservation@chateauhochberg.com><i class=\"fa fa-envelope\"><\/i> reservation@chateauhochberg.com<\/a>\n<\/div>\n<div style=\"text-align:center;\">\n<a  class='btn btn-black-white' href=tel:0033388006767\u200e><i class=\"fa fa-phone\"><\/i> +33 (0)3.88.00.67.67\u200e<\/a>\n<\/div>\n\n<div style=\"height:53px\" aria-hidden=\"true\" class=\"wp-block-spacer\"><\/div>\n\n<p class=\"has-text-align-center has-medium-font-size\"><strong>LALIQUE-BOUTIQUE <\/strong><\/p>\n\n<p class=\"has-text-align-center\">Ge\u00f6ffnet Dienstag bis Samstag von 10:00 bis 19:00 Uhr und sonntags von 10:00 bis 17:00 Uhr.<\/p>\n\n<p class=\"has-text-align-center\"><em>Hinweis: Die \u00d6ffnungszeiten k\u00f6nnen sich gegen Jahresende \u00e4ndern. Bitte kontaktieren Sie uns f\u00fcr weitere Informationen.<\/em><\/p>\n\n<div style=\"height:14px\" aria-hidden=\"true\" class=\"wp-block-spacer\"><\/div>\n\n<div style=\"text-align:center; margin-bottom: .5rem;\"><a  class='btn btn-black-white' href=mailto:boutique@chateauhochberg.com><i class=\"fa fa-envelope\"><\/i> boutique@chateauhochberg.com<\/a>\n<\/div>\n<div style=\"text-align:center;\">\n<a  class='btn btn-black-white' href=tel:0033388719909\u200e><i class=\"fa fa-phone\"><\/i> +33 (0)3.88.71.99.09\u200e<\/a>\n<\/div>\n\n<div style=\"height:50px\" aria-hidden=\"true\" class=\"wp-block-spacer\"><\/div>\n\n<p class=\"has-text-align-center\">Journalisten oder Vertreter einer Firma sind gebeten,<br>sich mit Fragen zu unserem Haus an den Pressedienst der Ch\u00e2teau Hochberg zu wenden:<\/p>\n\n<p class=\"has-text-align-center\"><\/p>\n\n<div style=\"text-align:center;\">\n<a  class='btn btn-black-white' href=mailto:communication@chateauhochberg.com><i class=\"fa fa-envelope\"><\/i> communication@chateauhochberg.com<\/a>\n<\/div>\n\n<div style=\"height:34px\" aria-hidden=\"true\" class=\"wp-block-spacer\"><\/div>\n\n<p class=\"has-text-align-center has-medium-font-size\"><\/p>\n\n<h2 class=\"wp-block-heading has-text-align-center\"><\/h2><\/div>\n\n<div class=\"wp-block-column is-layout-flow wp-block-column-is-layout-flow\"><h2 class=\"wp-block-heading has-text-align-center\"><\/h2>\n\n<p class=\"has-text-align-center has-medium-font-size\"><strong>ZUGANG<\/strong><\/p>\n\n<p class=\"has-text-align-center\">2, rue du Ch\u00e2teau Teutsch 67290 Wingen-sur-Moder<\/p>\n\n<div style=\"height:21px\" aria-hidden=\"true\" class=\"wp-block-spacer\"><\/div>\n\n<h3 class=\"wp-block-heading has-text-align-center\"><\/h3>\n\n<p class=\"has-text-align-center has-medium-font-size\"><strong>MIT DEM AUTO<\/strong><\/p>\n\n<p class=\"has-text-align-center\">Von Strassburg: A4 nach Paris, Ausfahrt n\u00b0 46<br>Von Paris: A4 nach Strassburg, Ausfahrt n\u00b0 43<br>Folgen Sie der Beschilderung \u201eMus\u00e9e Lalique\u201c bis Wingen-sur-Moder.<br>Ch\u00e2teau Hochberg liegt gegen\u00fcber dem Museum.<\/p>\n\n<p class=\"has-text-align-center\"><\/p>\n\n<div style=\"height:21px\" aria-hidden=\"true\" class=\"wp-block-spacer\"><\/div>\n\n<h3 class=\"wp-block-heading has-text-align-center\"><\/h3>\n\n<p class=\"has-text-align-center has-medium-font-size\"><strong>MIT DEM FLUGZEUG<\/strong><\/p>\n\n<p class=\"has-text-align-center\">Strasbourg Entzheim : 59 kms<br>Baden-Baden (DE) : 70 kms<br>B\u00e2le\/Mulhouse : 172 kms<br>Francfort (DE) : 190 kms<\/p>\n\n<div style=\"height:24px\" aria-hidden=\"true\" class=\"wp-block-spacer\"><\/div>\n\n<h3 class=\"wp-block-heading has-text-align-center\"><\/h3>\n\n<p class=\"has-text-align-center has-medium-font-size\"><strong>MIT DEM ZUG<\/strong><\/p>\n\n<p class=\"has-text-align-center\">Wingen-sur-Moder ab TGV-Bahnhof Strassburg (F) und Bahnhof Saarbr\u00fccken (DE)<\/p><\/div><\/div><div style=\"height:150px\" aria-hidden=\"true\" class=\"wp-block-spacer\"><\/div>","protected":false},"excerpt":{"rendered":"<p>H\u00d4TEL &amp; RESTAURANTUnser Betrieb ist am Sonntagabend und Montag geschlossen. Unser Restaurant ist auch am Dienstag geschlossen.LALIQUE-BOUTIQUE Ge\u00f6ffnet Dienstag bis Samstag von 10:00 bis 19:00 Uhr und sonntags von 10:00 bis 17:00 Uhr.Hinweis: Die \u00d6ffnungszeiten k\u00f6nnen sich gegen Jahresende \u00e4ndern. Bitte kontaktieren Sie uns f\u00fcr weitere Informationen.Journalisten oder Vertreter einer Firma sind gebeten,sich mit Fragen [&hellip;]<\/p>\n","protected":false},"author":1,"featured_media":0,"parent":0,"menu_order":0,"comment_status":"closed","ping_status":"open","template":"page-without-title-page.php","meta":{"_acf_changed":false,"footnotes":""},"class_list":["post-1477","page","type-page","status-publish","hentry"],"acf":[],"yoast_head":"<!-- This site is optimized with the Yoast SEO plugin v25.1 - https:\/\/yoast.com\/wordpress\/plugins\/seo\/ -->\n<title>Kontakt und Zugang - Ch\u00e2teau Hochberg<\/title>\n<meta name=\"description\" content=\"Kontakt Ch\u00e2teau Hochberg: reservations@chateauhochberg.com - +33 (0)3 88 00 67 67 - Standort: 2, rue du Ch\u00e2teau Teutsch 67290 Wingen-sur-Moder Frankreich\" \/>\n<meta name=\"robots\" content=\"index, follow, max-snippet:-1, max-image-preview:large, max-video-preview:-1\" \/>\n<link rel=\"canonical\" href=\"https:\/\/chateauhochberg.com\/de\/lage-und-anreise\/\" \/>\n<meta property=\"og:locale\" content=\"de_DE\" \/>\n<meta property=\"og:type\" content=\"article\" \/>\n<meta property=\"og:title\" content=\"Kontakt und Zugang - Ch\u00e2teau Hochberg\" \/>\n<meta property=\"og:description\" content=\"Kontakt Ch\u00e2teau Hochberg: reservations@chateauhochberg.com - +33 (0)3 88 00 67 67 - Standort: 2, rue du Ch\u00e2teau Teutsch 67290 Wingen-sur-Moder Frankreich\" \/>\n<meta property=\"og:url\" content=\"https:\/\/chateauhochberg.com\/de\/lage-und-anreise\/\" \/>\n<meta property=\"og:site_name\" content=\"Ch\u00e2teau Hochberg\" \/>\n<meta property=\"article:modified_time\" content=\"2025-09-11T06:58:51+00:00\" \/>\n<meta name=\"twitter:card\" content=\"summary_large_image\" \/>\n<meta name=\"twitter:label1\" content=\"Gesch\u00e4tzte Lesezeit\" \/>\n\t<meta name=\"twitter:data1\" content=\"1\u00a0Minute\" \/>\n<script type=\"application\/ld+json\" class=\"yoast-schema-graph\">{\"@context\":\"https:\/\/schema.org\",\"@graph\":[{\"@type\":\"WebPage\",\"@id\":\"https:\/\/chateauhochberg.com\/de\/lage-und-anreise\/\",\"url\":\"https:\/\/chateauhochberg.com\/de\/lage-und-anreise\/\",\"name\":\"Kontakt und Zugang - Ch\u00e2teau Hochberg\",\"isPartOf\":{\"@id\":\"https:\/\/chateauhochberg.com\/en\/#website\"},\"datePublished\":\"2015-08-10T15:00:50+00:00\",\"dateModified\":\"2025-09-11T06:58:51+00:00\",\"description\":\"Kontakt Ch\u00e2teau Hochberg: reservations@chateauhochberg.com - +33 (0)3 88 00 67 67 - Standort: 2, rue du Ch\u00e2teau Teutsch 67290 Wingen-sur-Moder Frankreich\",\"breadcrumb\":{\"@id\":\"https:\/\/chateauhochberg.com\/de\/lage-und-anreise\/#breadcrumb\"},\"inLanguage\":\"de\",\"potentialAction\":[{\"@type\":\"ReadAction\",\"target\":[\"https:\/\/chateauhochberg.com\/de\/lage-und-anreise\/\"]}]},{\"@type\":\"BreadcrumbList\",\"@id\":\"https:\/\/chateauhochberg.com\/de\/lage-und-anreise\/#breadcrumb\",\"itemListElement\":[{\"@type\":\"ListItem\",\"position\":1,\"name\":\"Accueil\",\"item\":\"https:\/\/chateauhochberg.com\/de\/\"},{\"@type\":\"ListItem\",\"position\":2,\"name\":\"Kontakt und Zugang\"}]},{\"@type\":\"WebSite\",\"@id\":\"https:\/\/chateauhochberg.com\/en\/#website\",\"url\":\"https:\/\/chateauhochberg.com\/en\/\",\"name\":\"Ch\u00e2teau Hochberg - By Lalique\",\"description\":\"H\u00f4tel &amp; Restaurant\",\"alternateName\":\"CHOCH\",\"potentialAction\":[{\"@type\":\"SearchAction\",\"target\":{\"@type\":\"EntryPoint\",\"urlTemplate\":\"https:\/\/chateauhochberg.com\/en\/?s={search_term_string}\"},\"query-input\":{\"@type\":\"PropertyValueSpecification\",\"valueRequired\":true,\"valueName\":\"search_term_string\"}}],\"inLanguage\":\"de\"}]}<\/script>\n<!-- \/ Yoast SEO plugin. -->","yoast_head_json":{"title":"Kontakt und Zugang - Ch\u00e2teau Hochberg","description":"Kontakt Ch\u00e2teau Hochberg: reservations@chateauhochberg.com - +33 (0)3 88 00 67 67 - Standort: 2, rue du Ch\u00e2teau Teutsch 67290 Wingen-sur-Moder Frankreich","robots":{"index":"index","follow":"follow","max-snippet":"max-snippet:-1","max-image-preview":"max-image-preview:large","max-video-preview":"max-video-preview:-1"},"canonical":"https:\/\/chateauhochberg.com\/de\/lage-und-anreise\/","og_locale":"de_DE","og_type":"article","og_title":"Kontakt und Zugang - Ch\u00e2teau Hochberg","og_description":"Kontakt Ch\u00e2teau Hochberg: reservations@chateauhochberg.com - +33 (0)3 88 00 67 67 - Standort: 2, rue du Ch\u00e2teau Teutsch 67290 Wingen-sur-Moder Frankreich","og_url":"https:\/\/chateauhochberg.com\/de\/lage-und-anreise\/","og_site_name":"Ch\u00e2teau Hochberg","article_modified_time":"2025-09-11T06:58:51+00:00","twitter_card":"summary_large_image","twitter_misc":{"Gesch\u00e4tzte Lesezeit":"1\u00a0Minute"},"schema":{"@context":"https:\/\/schema.org","@graph":[{"@type":"WebPage","@id":"https:\/\/chateauhochberg.com\/de\/lage-und-anreise\/","url":"https:\/\/chateauhochberg.com\/de\/lage-und-anreise\/","name":"Kontakt und Zugang - Ch\u00e2teau Hochberg","isPartOf":{"@id":"https:\/\/chateauhochberg.com\/en\/#website"},"datePublished":"2015-08-10T15:00:50+00:00","dateModified":"2025-09-11T06:58:51+00:00","description":"Kontakt Ch\u00e2teau Hochberg: reservations@chateauhochberg.com - +33 (0)3 88 00 67 67 - Standort: 2, rue du Ch\u00e2teau Teutsch 67290 Wingen-sur-Moder Frankreich","breadcrumb":{"@id":"https:\/\/chateauhochberg.com\/de\/lage-und-anreise\/#breadcrumb"},"inLanguage":"de","potentialAction":[{"@type":"ReadAction","target":["https:\/\/chateauhochberg.com\/de\/lage-und-anreise\/"]}]},{"@type":"BreadcrumbList","@id":"https:\/\/chateauhochberg.com\/de\/lage-und-anreise\/#breadcrumb","itemListElement":[{"@type":"ListItem","position":1,"name":"Accueil","item":"https:\/\/chateauhochberg.com\/de\/"},{"@type":"ListItem","position":2,"name":"Kontakt und Zugang"}]},{"@type":"WebSite","@id":"https:\/\/chateauhochberg.com\/en\/#website","url":"https:\/\/chateauhochberg.com\/en\/","name":"Ch\u00e2teau Hochberg - By Lalique","description":"H\u00f4tel &amp; Restaurant","alternateName":"CHOCH","potentialAction":[{"@type":"SearchAction","target":{"@type":"EntryPoint","urlTemplate":"https:\/\/chateauhochberg.com\/en\/?s={search_term_string}"},"query-input":{"@type":"PropertyValueSpecification","valueRequired":true,"valueName":"search_term_string"}}],"inLanguage":"de"}]}},"_links":{"self":[{"href":"https:\/\/chateauhochberg.com\/de\/wp-json\/wp\/v2\/pages\/1477","targetHints":{"allow":["GET"]}}],"collection":[{"href":"https:\/\/chateauhochberg.com\/de\/wp-json\/wp\/v2\/pages"}],"about":[{"href":"https:\/\/chateauhochberg.com\/de\/wp-json\/wp\/v2\/types\/page"}],"author":[{"embeddable":true,"href":"https:\/\/chateauhochberg.com\/de\/wp-json\/wp\/v2\/users\/1"}],"replies":[{"embeddable":true,"href":"https:\/\/chateauhochberg.com\/de\/wp-json\/wp\/v2\/comments?post=1477"}],"version-history":[{"count":37,"href":"https:\/\/chateauhochberg.com\/de\/wp-json\/wp\/v2\/pages\/1477\/revisions"}],"predecessor-version":[{"id":23578,"href":"https:\/\/chateauhochberg.com\/de\/wp-json\/wp\/v2\/pages\/1477\/revisions\/23578"}],"wp:attachment":[{"href":"https:\/\/chateauhochberg.com\/de\/wp-json\/wp\/v2\/media?parent=1477"}],"curies":[{"name":"wp","href":"https:\/\/api.w.org\/{rel}","templated":true}]}}