{"id":1612,"date":"2015-11-06T14:51:01","date_gmt":"2015-11-06T13:51:01","guid":{"rendered":"http:\/\/www.chateauhochberg.com\/de\/?page_id=1612"},"modified":"2021-09-23T08:38:07","modified_gmt":"2021-09-23T07:38:07","slug":"impressum","status":"publish","type":"page","link":"https:\/\/chateauhochberg.com\/de\/impressum\/","title":{"rendered":"Impressum"},"content":{"rendered":"<div class=\"container\">\n<div class=\"row\">\n<div class=\"col-md-12\">\n<h2 style=\"text-align: center;\">ALLGEMEINE INFORMATIONEN<\/h2>\n<p>Die Website \u00ab<a href=\"http:\/\/www.chateauhochberg.com\">www.chateauhochberg.com<\/a>\u00bb geh\u00f6rt Ch\u00e2teau Hochberg SAS, einer Aktiengesellschaft in vereinfachter Form mit einem Kapital von 10.000 \u20ac, die im Handels- und Firmenregister von Saverne im franz\u00f6sischen Departement 67 unter der Nummer SIRET 803 064 435 00016 eingetragen ist. Die EU-Mehrwertsteuernummer der Firma lautet FR 49803064435.<\/p>\n<p>Ch\u00e2teau Hochberg SAS<br \/>\nFirmensitz: 5 quartier Lalique F-67290 Wingen-sur-Moder, Frankreich<\/p>\n<p>Publikationsdirektorin der Website \u00ab<a href=\"http:\/\/www.chateauhochberg.com\">www.chateauhochberg.com<\/a>\u00bb ist Frau Mathilde HUTT, die auch f\u00fcr den Bereich Marketing &amp; Kommunikation zust\u00e4ndig ist.<\/p>\n<p>Mit der Pflege der Website \u00ab<a href=\"http:\/\/www.chateauhochberg.com\">www.chateauhochberg.com<\/a>\u00bb ist die Abteilung Marketing &amp; Kommunikation der Ch\u00e2teau Hochberg betraut.<\/p>\n<p>Konzipiert und realisiert wurde die Website \u00ab<a href=\"http:\/\/www.chateauhochberg.com\">www.chateauhochberg.com<\/a>\u00bb von \u00ab <a href=\"http:\/\/www.netsive.com\">Netsive \u2013 Agence Marketing &amp; Communication<\/a> \u00bb \u2013 N8 H3 Z.I Am Bruch, L-3327, Crauthem, Luxemburg; diese Agentur ist im Handels- und Firmenregister von Luxemburg unter der Nummer B170781 eingetragen.<\/p>\n<p>Die Website \u00ab<a href=\"http:\/\/www.chateauhochberg.com\">www.chateauhochberg.com<\/a>\u00bb wird von \u00abNetsive \u2013 Agence Marketing &amp; Communication\u00bb gehostet und ihr Inhalt von eben dieser Agentur verwahrt (<a href=\"http:\/\/www.netsive.com\">www.netsive.com<\/a>).<\/p>\n\n<h2 style=\"text-align: center;\">Nutzungsbedingungen<\/h2>\n<p>Der Benutzer der Website \u00ab<a href=\"http:\/\/www.chateauhochberg.com\">www.chateauhochberg.com<\/a>\u00bb (nachfolgend \u00abder Nutzer\u00bb genannt) best\u00e4tigt, von den vorliegenden Nutzungsbedingungen Kenntnis genommen zu haben, und verpflichtet sich, sie einzuhalten.<\/p>\n<p>Der Nutzer best\u00e4tigt ebenfalls, \u00fcber die n\u00f6tigen Kenntnisse und technischen Mittel zu verf\u00fcgen, um auf die Website zu gelangen und sie zu verwenden. Er best\u00e4tigt auch, rechtlich zum Besuch der Website und\/oder aller direkt \u00fcber sie zug\u00e4nglichen Seiten bef\u00e4higt zu sein, sowie auch zum Abschluss eines Vertrags, welcher Art dieser auch immer sei. Der Nutzer bet\u00e4tigt weiter, \u00fcberpr\u00fcft zu haben, dass die von ihm verwendete Computerkonfiguration in tadellosem Funktionszustand und nicht von einem Virus befallen ist. Schliesslich best\u00e4tigt der Nutzer, dar\u00fcber unterrichtet zu sein, dass die Website \u00ab<a href=\"http:\/\/www.chateauhochberg.com\">www.chateauhochberg.com<\/a>\u00bb rund um die Uhr und sieben Tage die Woche zug\u00e4nglich ist; ausgenommen sind F\u00e4lle h\u00f6herer Gewalt, Informatik-Probleme, Schwierigkeiten auf Grund der Struktur der Telekommunikationsnetze, technische Schwierigkeiten oder Probleme mit dem Unterhalt.<\/p>\n\n<h2 style=\"text-align: center;\">HAFTUNG<\/h2>\n<p>Ch\u00e2teau Hochberg SAS lehnt jede Haftung bei Zugangsschwierigkeiten zur Website \u00ab<a href=\"http:\/\/www.chateauhochberg.com\">www.chateauhochberg.com<\/a>\u00bb ab; ebenfalls abgelehnt wird die Haftung f\u00fcr Verbindungsunterbr\u00fcche, was auch immer deren Grund sein mag. Ausserdem kann Ch\u00e2teau Hochberg SAS weder f\u00fcr Sch\u00e4den am Computer oder am Informatikmaterial des Nutzers noch f\u00fcr einen Virenbefall infolge des Benutzens oder Zugreifens auf die Website \u00ab<a href=\"http:\/\/www.chateauhochberg.com\">www.chateauhochberg.com<\/a>\u00bb haftbar gemacht werden.<\/p>\n\n<h2 style=\"text-align: center;\">INHALTE DER WEBSITE<\/h2>\n<p>Die auf der Website \u00ab<a href=\"http:\/\/www.chateauhochberg.com\">www.chateauhochberg.com<\/a>\u00bb ver\u00f6ffentlichten Inhalte dienen der Information. Ch\u00e2teau Hochberg SAS garantiert weder deren Richtigkeit, Genauigkeit und Vollst\u00e4ndigkeit noch die Aktualit\u00e4t der Informationen, die auf der Website zur Verf\u00fcgung stehen. Ch\u00e2teau Hochberg SAS bem\u00fcht sich, den Benutzern ihrer Website Informationen anzubieten, die \u00fcberpr\u00fcft worden sind; dennoch haftet die Firma weder f\u00fcr Fehler noch f\u00fcr ungenaue, unvollst\u00e4ndige oder mangelnde Angaben in Bezug auf Informationen und Dienstleistungen, die auf ihrer Website angeboten werden. Die Informationen und Dokumente zu Ch\u00e2teau Hochberg SAS bilden ausdr\u00fccklich keine Vertragsgrundlage. Folglich best\u00e4tigt der Nutzer, dass er die Informationen eigenverantwortlich verwendet.<\/p>\n\n<h2 style=\"text-align: center;\">WEITERENTWICKLUNG DER WEBSITE<\/h2>\n<p>Die Inhalte dieser Website k\u00f6nnen ohne vorherige Ank\u00fcndigung ge\u00e4ndert werden. Sie werden dem Nutzer ohne jegliche Gew\u00e4hr, weder ausdr\u00fccklicher noch impliziter Art, zur Verf\u00fcgung gestellt und berechtigen zu keinerlei Entsch\u00e4digungen.<\/p>\n\n<h2 style=\"text-align: center;\">PERSONENBEZOGENE DATEN<\/h2>\n<p>Die auf dieser Website erhobenen Daten sind f\u00fcr Ch\u00e2teau Hochberg SAS bestimmt. Die Firma ist berechtigt, die Daten computertechnisch abzuspeichern und aufzubewahren.<br \/>\nIn Anwendung des Gesetzes Nr. 78-17 vom 6. Januar 1978 (franz\u00f6sisches Datenschutzgesetz) verf\u00fcgt der Nutzer \u00fcber das Einspruchsrecht (Art. 38 des Gesetzes), das Recht auf Einsicht (Art. 39 des Gesetzes), das Recht auf Berichtigung (Art. 40 des Gesetzes) sowie das Recht auf L\u00f6schen der ihn betreffenden Daten. Jeder Nutzer kann verlangen, dass unrichtige Daten richtig gestellt, vervollst\u00e4ndigt, aktualisiert oder gel\u00f6scht werden.<br \/>\nDer Nutzer kann die oben genannten Rechte aus\u00fcben, indem er sich an den Webmaster wendet; er muss sich dabei aber ausweisen.<br \/>\nDie vom Nutzer angegebenen Informationen sind f\u00fcr die Firma Ch\u00e2teau Hochberg SAS bestimmt, die f\u00fcr die Verarbeitung der Daten zust\u00e4ndig ist und diese zu administrativen und gesch\u00e4ftlichen Zwecken verwenden darf.<br \/>\nOhne Wissen der Nutzer der Website \u00ab<a href=\"http:\/\/www.chateauhochberg.com\">www.chateauhochberg.com<\/a>\u00bb werden keine pers\u00f6nlichen Informationen ver\u00f6ffentlicht; personenbezogene Daten werden zudem weder direkt noch auf irgendeinem Daten- oder Informationstr\u00e4ger mit Dritten ausgetauscht; sie werden auch nicht an Dritte \u00fcbermittelt, noch ihnen zur Verf\u00fcgung gestellt oder verkauft.<br \/>\nWenn der Nutzer die Pflichtfelder nicht ausf\u00fcllt, k\u00f6nnen seine Anfragen nicht bearbeitet werden.<\/p>\n\n<h2 style=\"text-align: center;\">GEISTIGES EIGENTUM<\/h2>\n<p>Ch\u00e2teau Hochberg SAS ist Inhaberin der Nutzungsrechte sowie der \u00fcblichen Rechte im Zusammenhang mit allen Elementen, die \u00fcber die Website zug\u00e4nglich sind; dies betrifft insbesondere Texte, Bilder, Grafiken, Logos, Icons, Tondokumente und Software.<br \/>\nDas vollst\u00e4ndige oder teilweise Kopieren, Abbilden, Ab\u00e4ndern, Ver\u00f6ffentlichen, \u00dcbermitteln sowie das Entstellen der Website und ihrer Inhalte ist verboten, dies unabh\u00e4ngig vom verwendeten Tr\u00e4ger und wie auch immer dabei vorgegangen wird.<br \/>\nDer Nutzer haftet f\u00fcr die unerlaubte Verwendung der Website und ihrer Inhalte sowie der dort ver\u00f6ffentlichten Informationen; solche Verwendung gilt als F\u00e4lschung, die nach Artikel L. 335-2 und folgende des \u00abCode de la propri\u00e9t\u00e9 intellectuelle\u00bb (franz\u00f6sisches Gesetz \u00fcber das geistige Eigentum) bestraft wird.<br \/>\nFalls der Nutzer einen Inhalt der Website zu verwenden w\u00fcnscht (Text oder Bild), muss er vorg\u00e4ngig eine ausdr\u00fcckliche, schriftliche Erlaubnis von Ch\u00e2teau Hochberg SAS einholen; eine solche Erlaubnis kann per E-Mail an den Webmaster beantragt werden.<\/p>\n\n<h2 style=\"text-align: center;\">MARKEN UND LOGOS<\/h2>\n<p>Bei den Marken und Logos auf der Website handelt es sich um eingetragene Marken der jeweiligen Besitzer. Gem\u00e4ss franz\u00f6sischem Recht ist das vollst\u00e4ndige oder teilweise Kopieren oder Abbilden dieser Marken und Logos, allein oder auch in Verbindung mit anderen Elementen, ohne vorg\u00e4ngige ausdr\u00fcckliche, schriftliche Erlaubnis des Besitzers der Marke oder des Logos verboten. Der Nutzer haftet im Sinne der Artikel L. 713-2 und L. 713-3 des \u00abCode de la propri\u00e9t\u00e9 intellectuelle\u00bb (franz\u00f6sisches Gesetz \u00fcber das geistige Eigentum).<\/p>\n\n<h2 style=\"text-align: center;\">HYPERTEXT-LINKS UND COOKIES<\/h2>\n<p>Die Hypertext-Links, die in der Website \u00ab<a href=\"http:\/\/www.chateauhochberg.com\">www.chateauhochberg.com<\/a>\u00bb eingebettet sind und funktional einen Sprung zu anderen Internet-Ressourcen erlauben, wurden vorg\u00e4ngig ausdr\u00fccklich genehmigt.<br \/>\nCh\u00e2teau Hochberg SAS ist jedoch nicht Herausgeberin der verlinkten Websites und kann deren Inhalte nicht kontrollieren. Folglich kann Ch\u00e2teau Hochberg SAS auf keinen Fall weder f\u00fcr den Inhalt so zug\u00e4nglich gemachter Sites noch f\u00fcr das Sammeln und Weitervermitteln von personenbezogenen Daten haftbar gemacht werden; ebenfalls abgelehnt wird die Haftung f\u00fcr das Verwenden von Cookies oder f\u00fcr andere Vorgehensweisen mit \u00e4hnlichem Ziel, die von verlinkten Websites ausgehen k\u00f6nnen.<br \/>\nDer Besuch auf der Website \u00ab<a href=\"http:\/\/www.chateauhochberg.com\">www.chateauhochberg.com<\/a>\u00bb kann mit dem Installieren von Cookies auf dem Computer des Nutzers verbunden sein. Verweigert der Nutzer das Installieren eines Cookies, so kann das bewirken, dass gewisse Dienstleistungen nicht in Anspruch genommen werden k\u00f6nnen.<\/p>\n\n<h2 style=\"text-align: center;\">AB\u00e4nderung der RECHTLICHEN HINWEISE<\/h2>\n<p>Ch\u00e2teau Hochberg SAS beh\u00e4lt sich vor, diese rechtlichen Hinweise jederzeit anzupassen. Der Nutzer verpflichtet sich, die Hinweise regelm\u00e4ssig nachzulesen.\u00a0Anwendbares Recht und Gerichtsstand: \u00a0Streitf\u00e4lle in Verbindung mit der Nutzung der Website\u00a0\u00ab<a href=\"http:\/\/www.chateauhochberg.com\">www.chateauhochberg.com<\/a>\u00bb eunterliegen franz\u00f6sischem Recht. S\u00e4mtliche Rechtsstreitigkeiten sind der alleinigen Gerichtsbarkeit der zust\u00e4ndigen Gerichte von Strassburg (franz\u00f6sisches Departement 67) unterstellt.<\/p>\n\n<h2 style=\"text-align: center;\">DIGITALE IDENTIT\u00e4T \u2013 KOMMUNIKATIONSAGENTUR<\/h2>\n<p>Grafisches Konzept und technische Entwicklung: <a href=\"http:\/\/www.netsive.com\">Netsive \u2013 Agence Marketing &amp; Communication Luxembourg, Frankreich, Belgien<\/a><br \/>\nHosting: <a href=\"http:\/\/www.netsive.com\">Netsive \u2013 Agence Marketing &amp; Communication, Luxembourg<\/a><\/p>\n\n<h2 style=\"text-align: center;\">FOTOS<\/h2>\n<p>Bilder zum Ch\u00e2teau Hochberg : Gr\u00e9goire Gardette, Borella Art Design.<br \/>\nBilder unter der Rubrik \u00abUmgebung\u00bb: Office du Tourisme de la Petite Pierre<\/p>\n\n<\/div>\n<\/div>\n<\/div>","protected":false},"excerpt":{"rendered":"","protected":false},"author":1,"featured_media":0,"parent":0,"menu_order":0,"comment_status":"closed","ping_status":"open","template":"","meta":{"_acf_changed":false,"footnotes":""},"class_list":["post-1612","page","type-page","status-publish","hentry"],"acf":[],"yoast_head":"<!-- This site is optimized with the Yoast SEO plugin v25.1 - https:\/\/yoast.com\/wordpress\/plugins\/seo\/ -->\n<title>Impressum - Ch\u00e2teau Hochberg<\/title>\n<meta name=\"robots\" content=\"index, follow, max-snippet:-1, max-image-preview:large, max-video-preview:-1\" \/>\n<link rel=\"canonical\" href=\"https:\/\/chateauhochberg.com\/de\/impressum\/\" \/>\n<meta property=\"og:locale\" content=\"de_DE\" \/>\n<meta property=\"og:type\" content=\"article\" \/>\n<meta property=\"og:title\" content=\"Impressum - Ch\u00e2teau Hochberg\" \/>\n<meta property=\"og:url\" content=\"https:\/\/chateauhochberg.com\/de\/impressum\/\" \/>\n<meta property=\"og:site_name\" content=\"Ch\u00e2teau Hochberg\" \/>\n<meta property=\"article:modified_time\" content=\"2021-09-23T07:38:07+00:00\" \/>\n<meta name=\"twitter:card\" content=\"summary_large_image\" \/>\n<meta name=\"twitter:label1\" content=\"Gesch\u00e4tzte Lesezeit\" \/>\n\t<meta name=\"twitter:data1\" content=\"6\u00a0Minuten\" \/>\n<script type=\"application\/ld+json\" class=\"yoast-schema-graph\">{\"@context\":\"https:\/\/schema.org\",\"@graph\":[{\"@type\":\"WebPage\",\"@id\":\"https:\/\/chateauhochberg.com\/de\/impressum\/\",\"url\":\"https:\/\/chateauhochberg.com\/de\/impressum\/\",\"name\":\"Impressum - Ch\u00e2teau Hochberg\",\"isPartOf\":{\"@id\":\"https:\/\/chateauhochberg.com\/en\/#website\"},\"datePublished\":\"2015-11-06T13:51:01+00:00\",\"dateModified\":\"2021-09-23T07:38:07+00:00\",\"breadcrumb\":{\"@id\":\"https:\/\/chateauhochberg.com\/de\/impressum\/#breadcrumb\"},\"inLanguage\":\"de\",\"potentialAction\":[{\"@type\":\"ReadAction\",\"target\":[\"https:\/\/chateauhochberg.com\/de\/impressum\/\"]}]},{\"@type\":\"BreadcrumbList\",\"@id\":\"https:\/\/chateauhochberg.com\/de\/impressum\/#breadcrumb\",\"itemListElement\":[{\"@type\":\"ListItem\",\"position\":1,\"name\":\"Accueil\",\"item\":\"https:\/\/chateauhochberg.com\/de\/\"},{\"@type\":\"ListItem\",\"position\":2,\"name\":\"Impressum\"}]},{\"@type\":\"WebSite\",\"@id\":\"https:\/\/chateauhochberg.com\/en\/#website\",\"url\":\"https:\/\/chateauhochberg.com\/en\/\",\"name\":\"Ch\u00e2teau Hochberg - By Lalique\",\"description\":\"H\u00f4tel &amp; Restaurant\",\"alternateName\":\"CHOCH\",\"potentialAction\":[{\"@type\":\"SearchAction\",\"target\":{\"@type\":\"EntryPoint\",\"urlTemplate\":\"https:\/\/chateauhochberg.com\/en\/?s={search_term_string}\"},\"query-input\":{\"@type\":\"PropertyValueSpecification\",\"valueRequired\":true,\"valueName\":\"search_term_string\"}}],\"inLanguage\":\"de\"}]}<\/script>\n<!-- \/ Yoast SEO plugin. -->","yoast_head_json":{"title":"Impressum - Ch\u00e2teau Hochberg","robots":{"index":"index","follow":"follow","max-snippet":"max-snippet:-1","max-image-preview":"max-image-preview:large","max-video-preview":"max-video-preview:-1"},"canonical":"https:\/\/chateauhochberg.com\/de\/impressum\/","og_locale":"de_DE","og_type":"article","og_title":"Impressum - Ch\u00e2teau Hochberg","og_url":"https:\/\/chateauhochberg.com\/de\/impressum\/","og_site_name":"Ch\u00e2teau Hochberg","article_modified_time":"2021-09-23T07:38:07+00:00","twitter_card":"summary_large_image","twitter_misc":{"Gesch\u00e4tzte Lesezeit":"6\u00a0Minuten"},"schema":{"@context":"https:\/\/schema.org","@graph":[{"@type":"WebPage","@id":"https:\/\/chateauhochberg.com\/de\/impressum\/","url":"https:\/\/chateauhochberg.com\/de\/impressum\/","name":"Impressum - Ch\u00e2teau Hochberg","isPartOf":{"@id":"https:\/\/chateauhochberg.com\/en\/#website"},"datePublished":"2015-11-06T13:51:01+00:00","dateModified":"2021-09-23T07:38:07+00:00","breadcrumb":{"@id":"https:\/\/chateauhochberg.com\/de\/impressum\/#breadcrumb"},"inLanguage":"de","potentialAction":[{"@type":"ReadAction","target":["https:\/\/chateauhochberg.com\/de\/impressum\/"]}]},{"@type":"BreadcrumbList","@id":"https:\/\/chateauhochberg.com\/de\/impressum\/#breadcrumb","itemListElement":[{"@type":"ListItem","position":1,"name":"Accueil","item":"https:\/\/chateauhochberg.com\/de\/"},{"@type":"ListItem","position":2,"name":"Impressum"}]},{"@type":"WebSite","@id":"https:\/\/chateauhochberg.com\/en\/#website","url":"https:\/\/chateauhochberg.com\/en\/","name":"Ch\u00e2teau Hochberg - By Lalique","description":"H\u00f4tel &amp; Restaurant","alternateName":"CHOCH","potentialAction":[{"@type":"SearchAction","target":{"@type":"EntryPoint","urlTemplate":"https:\/\/chateauhochberg.com\/en\/?s={search_term_string}"},"query-input":{"@type":"PropertyValueSpecification","valueRequired":true,"valueName":"search_term_string"}}],"inLanguage":"de"}]}},"_links":{"self":[{"href":"https:\/\/chateauhochberg.com\/de\/wp-json\/wp\/v2\/pages\/1612","targetHints":{"allow":["GET"]}}],"collection":[{"href":"https:\/\/chateauhochberg.com\/de\/wp-json\/wp\/v2\/pages"}],"about":[{"href":"https:\/\/chateauhochberg.com\/de\/wp-json\/wp\/v2\/types\/page"}],"author":[{"embeddable":true,"href":"https:\/\/chateauhochberg.com\/de\/wp-json\/wp\/v2\/users\/1"}],"replies":[{"embeddable":true,"href":"https:\/\/chateauhochberg.com\/de\/wp-json\/wp\/v2\/comments?post=1612"}],"version-history":[{"count":14,"href":"https:\/\/chateauhochberg.com\/de\/wp-json\/wp\/v2\/pages\/1612\/revisions"}],"predecessor-version":[{"id":13065,"href":"https:\/\/chateauhochberg.com\/de\/wp-json\/wp\/v2\/pages\/1612\/revisions\/13065"}],"wp:attachment":[{"href":"https:\/\/chateauhochberg.com\/de\/wp-json\/wp\/v2\/media?parent=1612"}],"curies":[{"name":"wp","href":"https:\/\/api.w.org\/{rel}","templated":true}]}}