{"id":22366,"date":"2025-04-04T14:04:54","date_gmt":"2025-04-04T13:04:54","guid":{"rendered":"https:\/\/chateauhochberg.com\/offres\/"},"modified":"2025-09-15T09:25:45","modified_gmt":"2025-09-15T08:25:45","slug":"offres","status":"publish","type":"page","link":"https:\/\/chateauhochberg.com\/de\/offres\/","title":{"rendered":"Arrangements"},"content":{"rendered":"<div class=\"wp-block-media-text is-stacked-on-mobile\" style=\"grid-template-columns:51% auto\"><figure class=\"wp-block-media-text__media\"><img decoding=\"async\" width=\"683\" height=\"1024\" src=\"https:\/\/chateauhochberg.com\/wp-content\/uploads\/2025\/05\/Villa-Rene-Lalique-Salon-\u00a9-Douzal-5-683x1024.jpg\" alt=\"\" class=\"wp-image-22516 size-full\" srcset=\"https:\/\/chateauhochberg.com\/wp-content\/uploads\/2025\/05\/Villa-Rene-Lalique-Salon-\u00a9-Douzal-5-683x1024.jpg 683w, https:\/\/chateauhochberg.com\/wp-content\/uploads\/2025\/05\/Villa-Rene-Lalique-Salon-\u00a9-Douzal-5-200x300.jpg 200w, https:\/\/chateauhochberg.com\/wp-content\/uploads\/2025\/05\/Villa-Rene-Lalique-Salon-\u00a9-Douzal-5-768x1152.jpg 768w, https:\/\/chateauhochberg.com\/wp-content\/uploads\/2025\/05\/Villa-Rene-Lalique-Salon-\u00a9-Douzal-5-1024x1536.jpg 1024w, https:\/\/chateauhochberg.com\/wp-content\/uploads\/2025\/05\/Villa-Rene-Lalique-Salon-\u00a9-Douzal-5-1365x2048.jpg 1365w, https:\/\/chateauhochberg.com\/wp-content\/uploads\/2025\/05\/Villa-Rene-Lalique-Salon-\u00a9-Douzal-5-800x1200.jpg 800w\" sizes=\"(max-width: 683px) 100vw, 683px\" \/><\/figure><div class=\"wp-block-media-text__content\"><p class=\"has-medium-font-size\"><strong>Lalique Immersion<\/strong><br><\/p>\n\n<p><em>Tauchen Sie ein in die faszinierende Welt von Lalique<\/em><br><\/p>\n\n<p>Als Symbol f\u00fcr Eleganz und franz\u00f6sisches Savoir-faire strahlt der Lalique-Stil in der Region durch Kristallkunst, Haute Cuisine und erstklassige Gastlichkeit.<\/p>\n\n<p>Mit diesem exklusiven Aufenthalt entdecken Sie die Welt von Lalique in all ihren Facetten \u2013 zwischen dem Komfort des Ch\u00e2teau Hochberg, der Ruhe der 5-Sterne-Villa Ren\u00e9 Lalique (Relais &amp; Ch\u00e2teaux) mit ihrem 2-Sterne-Restaurant und dem kulturellen Reichtum des Mus\u00e9e Lalique, das dem Werk von Ren\u00e9 Lalique gewidmet ist.<\/p>\n\n<p>Ein rundum sinnliches Erlebnis f\u00fcr \u00c4stheten und Entdecker.<\/p>\n\n<div style=\"height:20px\" aria-hidden=\"true\" class=\"wp-block-spacer\"><\/div>\n\n<p class=\"has-medium-font-size\"><strong>Dieses Angebot umfasst f\u00fcr 2 Personen :<\/strong><\/p>\n\n<ul class=\"wp-block-list\"><li>2 \u00dcbernachtungen im Zimmer \u201eJoyaux\u201c mit Fr\u00fchst\u00fcck<\/li>\n\n<li>Ein 3-G\u00e4nge-Bistronomie-Dinner im Restaurant des Ch\u00e2teau Hochberg ( exkl. Getr\u00e4nke)<\/li>\n\n<li>Ein 4-G\u00e4nge-Gourmet-Dinner im 2-Sterne-Restaurant der Villa Ren\u00e9 Lalique (exkl. Getr\u00e4nke)<\/li>\n\n<li>Eintritt ins Mus\u00e9e Lalique<\/li>\n\n<li>Shuttleservice zwischen dem Ch\u00e2teau Hochberg und der Villa Ren\u00e9 Lalique<\/li>\n\n<li>Eine Aktivit\u00e4t f\u00fcr zwei Personen nach Wahl<\/li><\/ul>\n\n<div style=\"height:21px\" aria-hidden=\"true\" class=\"wp-block-spacer\"><\/div>\n\n<p class=\"has-medium-font-size\"><strong>W\u00e4hlbare Aktivit\u00e4ten:<\/strong><\/p>\n\n<ul class=\"wp-block-list\"><li>Wald-Sophrologie-Workshop<\/li>\n\n<li>Private Weinverkostung im Weinkeller der Villa Ren\u00e9 Lalique mit einem Sommelier<\/li>\n\n<li>Green Fee f\u00fcr zwei Personen im Golfclub Bitche<\/li><\/ul>\n\n<p class=\"has-medium-font-size\"><strong>Bedingungen:<\/strong><\/p>\n\n<p>Angebot g\u00fcltig nur f\u00fcr einen Aufenthalt von 2 N\u00e4chten. Wenn Sie eine zus\u00e4tzliche Aktivit\u00e4t buchen m\u00f6chten, kontaktieren Sie uns bitte direkt.<\/p>\n\n<div style=\"height:8px\" aria-hidden=\"true\" class=\"wp-block-spacer\"><\/div>\n\n<p><strong><em>Ab 1.280\u202f\u20ac f\u00fcr 2 N\u00e4chte<\/em><\/strong><\/p>\n\n<p>Dieses Angebot ist auch f\u00fcr eine Person buchbar. Bitte wenden Sie sich f\u00fcr weitere Informationen an die Rezeption.<\/p>\n\n<div style=\"height:21px\" aria-hidden=\"true\" class=\"wp-block-spacer\"><\/div>\n\n<p class=\"has-medium-font-size\"><strong>Reservierung &amp; Informationen<\/strong><\/p>\n\n<p>reservation@chateauhochberg.com | 03.88.00.67.67<\/p>\n\n<div class=\"wp-block-buttons is-layout-flex wp-block-buttons-is-layout-flex\"><div class=\"wp-block-button is-style-chateau-hochberg\"><a class=\"wp-block-button__link wp-element-button\" href=\"https:\/\/secure.reservit.com\/fo\/booking\/2\/253468\/dates?langcode=FR&amp;partid=0&amp;custid=2&amp;hotelid=253468&amp;m=booking\" target=\"_blank\" rel=\"noreferrer noopener\"><strong>Jetzt Ihre Lalique Immersion buchen<\/strong><\/a><\/div><\/div><\/div><\/div><div class=\"wp-block-media-text has-media-on-the-right is-stacked-on-mobile\" style=\"grid-template-columns:auto 51%\"><div class=\"wp-block-media-text__content\"><p class=\"has-medium-font-size\"><strong>Wanderwochenende<\/strong><\/p>\n\n<p><em>Entdecken Sie das \u201eColorado Lorrain\u201c \u2013 mit dem Komfort des Ch\u00e2teau Hochberg<\/em><\/p>\n\n<p>Sehnen Sie sich nach Natur, Entschleunigung und Tapetenwechsel? G\u00f6nnen Sie sich eine unvergessliche Auszeit inmitten der spektakul\u00e4ren Landschaften des \u201eColorado Lorrain\u201c \u2013 und genie\u00dfen Sie gleichzeitig den Komfort und die Eleganz unseres 4-Sterne-Hotel-Restaurants.<\/p>\n\n<p>Nur 25 Minuten vom Ch\u00e2teau Hochberg entfernt, im Pays de Bitche, liegt dieses eindrucksvolle Naturgebiet. Seinen Beinamen verdankt das \u201eColorado Lorrain\u201c den markanten roten Sandsteinfelsen und den weiten Ausblicken, die an die amerikanischen Canyons erinnern.<\/p>\n\n<div style=\"height:20px\" aria-hidden=\"true\" class=\"wp-block-spacer\"><\/div>\n\n<p class=\"has-medium-font-size\"><strong>Dieses Angebot beinhaltet:<\/strong><\/p>\n\n<ul class=\"wp-block-list\"><li><strong>2 \u00dcbernachtungen<\/strong> im Doppelzimmer mit Halbpension<\/li>\n\n<li>Ein <strong>Willkommensgetr\u00e4nk <\/strong>im Ch\u00e2teau Hochberg<\/li>\n\n<li>Eine gef\u00fchrte <strong>Tageswanderung<\/strong><\/li>\n\n<li>Ein <strong>Gourmet-Picknick-Mittagessen<\/strong> inmitten der Natur<\/li><\/ul>\n\n<p><strong><em>Ab 724 \u20ac<\/em><\/strong><\/p>\n\n<div style=\"height:21px\" aria-hidden=\"true\" class=\"wp-block-spacer\"><\/div>\n\n<p class=\"has-medium-font-size\"><strong>N\u00e4chste Wanderwochenenden:<\/strong><\/p>\n\n<ul class=\"wp-block-list\"><li>12. \u2013 14. September 2025<\/li><\/ul>\n\n<p>Ideal f\u00fcr Naturliebhaber, Wanderfreunde oder einfach alle, die in einer zauberhaften Umgebung zur Ruhe kommen m\u00f6chten. Nach einem Tag an der frischen Luft erwarten Sie das behagliche Ambiente Ihres Zimmers und die kreative K\u00fcche.<\/p>\n\n<div style=\"height:21px\" aria-hidden=\"true\" class=\"wp-block-spacer\"><\/div>\n\n<p class=\"has-medium-font-size\"><strong>Reservierung &amp; Informationen<\/strong><\/p>\n\n<p>reservation@chateauhochberg.com | 03.88.00.67.67<\/p>\n\n<div class=\"wp-block-buttons is-layout-flex wp-block-buttons-is-layout-flex\"><div class=\"wp-block-button is-style-chateau-hochberg\"><a class=\"wp-block-button__link wp-element-button\" href=\"https:\/\/secure.reservit.com\/fo\/booking\/2\/253468\/dates?langcode=FR&amp;partid=0&amp;custid=2&amp;hotelid=253468&amp;m=booking\" target=\"_blank\" rel=\"noreferrer noopener\">Meinen Wanderaufenthalt buchen<\/a><\/div><\/div><\/div><figure class=\"wp-block-media-text__media\"><img decoding=\"async\" width=\"752\" height=\"1024\" src=\"https:\/\/chateauhochberg.com\/wp-content\/uploads\/2025\/04\/photo-rando-3.jpg\" alt=\"\" class=\"wp-image-22287 size-full\" srcset=\"https:\/\/chateauhochberg.com\/wp-content\/uploads\/2025\/04\/photo-rando-3.jpg 752w, https:\/\/chateauhochberg.com\/wp-content\/uploads\/2025\/04\/photo-rando-3-220x300.jpg 220w\" sizes=\"(max-width: 752px) 100vw, 752px\" \/><\/figure><\/div><p><\/p>","protected":false},"excerpt":{"rendered":"","protected":false},"author":11,"featured_media":0,"parent":0,"menu_order":0,"comment_status":"closed","ping_status":"closed","template":"","meta":{"_acf_changed":false,"footnotes":""},"class_list":["post-22366","page","type-page","status-publish","hentry"],"acf":[],"yoast_head":"<!-- This site is optimized with the Yoast SEO plugin v25.1 - https:\/\/yoast.com\/wordpress\/plugins\/seo\/ -->\n<title>Arrangements - Ch\u00e2teau Hochberg<\/title>\n<meta name=\"robots\" content=\"index, follow, max-snippet:-1, max-image-preview:large, max-video-preview:-1\" \/>\n<link rel=\"canonical\" href=\"https:\/\/chateauhochberg.com\/de\/offres\/\" \/>\n<meta property=\"og:locale\" content=\"de_DE\" \/>\n<meta property=\"og:type\" content=\"article\" \/>\n<meta property=\"og:title\" content=\"Arrangements - Ch\u00e2teau Hochberg\" \/>\n<meta property=\"og:url\" content=\"https:\/\/chateauhochberg.com\/de\/offres\/\" \/>\n<meta property=\"og:site_name\" content=\"Ch\u00e2teau Hochberg\" \/>\n<meta property=\"article:modified_time\" content=\"2025-09-15T08:25:45+00:00\" \/>\n<meta property=\"og:image\" content=\"https:\/\/chateauhochberg.com\/wp-content\/uploads\/2025\/04\/photo-rando-3.jpg\" \/>\n<meta name=\"twitter:card\" content=\"summary_large_image\" \/>\n<meta name=\"twitter:label1\" content=\"Gesch\u00e4tzte Lesezeit\" \/>\n\t<meta name=\"twitter:data1\" content=\"3\u00a0Minuten\" \/>\n<script type=\"application\/ld+json\" class=\"yoast-schema-graph\">{\"@context\":\"https:\/\/schema.org\",\"@graph\":[{\"@type\":\"WebPage\",\"@id\":\"https:\/\/chateauhochberg.com\/de\/offres\/\",\"url\":\"https:\/\/chateauhochberg.com\/de\/offres\/\",\"name\":\"Arrangements - Ch\u00e2teau Hochberg\",\"isPartOf\":{\"@id\":\"https:\/\/chateauhochberg.com\/en\/#website\"},\"primaryImageOfPage\":{\"@id\":\"https:\/\/chateauhochberg.com\/de\/offres\/#primaryimage\"},\"image\":{\"@id\":\"https:\/\/chateauhochberg.com\/de\/offres\/#primaryimage\"},\"thumbnailUrl\":\"https:\/\/chateauhochberg.com\/wp-content\/uploads\/2025\/04\/photo-rando-3.jpg\",\"datePublished\":\"2025-04-04T13:04:54+00:00\",\"dateModified\":\"2025-09-15T08:25:45+00:00\",\"breadcrumb\":{\"@id\":\"https:\/\/chateauhochberg.com\/de\/offres\/#breadcrumb\"},\"inLanguage\":\"de\",\"potentialAction\":[{\"@type\":\"ReadAction\",\"target\":[\"https:\/\/chateauhochberg.com\/de\/offres\/\"]}]},{\"@type\":\"ImageObject\",\"inLanguage\":\"de\",\"@id\":\"https:\/\/chateauhochberg.com\/de\/offres\/#primaryimage\",\"url\":\"https:\/\/chateauhochberg.com\/wp-content\/uploads\/2025\/04\/photo-rando-3.jpg\",\"contentUrl\":\"https:\/\/chateauhochberg.com\/wp-content\/uploads\/2025\/04\/photo-rando-3.jpg\"},{\"@type\":\"BreadcrumbList\",\"@id\":\"https:\/\/chateauhochberg.com\/de\/offres\/#breadcrumb\",\"itemListElement\":[{\"@type\":\"ListItem\",\"position\":1,\"name\":\"Accueil\",\"item\":\"https:\/\/chateauhochberg.com\/de\/\"},{\"@type\":\"ListItem\",\"position\":2,\"name\":\"Arrangements\"}]},{\"@type\":\"WebSite\",\"@id\":\"https:\/\/chateauhochberg.com\/en\/#website\",\"url\":\"https:\/\/chateauhochberg.com\/en\/\",\"name\":\"Ch\u00e2teau Hochberg - By Lalique\",\"description\":\"H\u00f4tel &amp; Restaurant\",\"alternateName\":\"CHOCH\",\"potentialAction\":[{\"@type\":\"SearchAction\",\"target\":{\"@type\":\"EntryPoint\",\"urlTemplate\":\"https:\/\/chateauhochberg.com\/en\/?s={search_term_string}\"},\"query-input\":{\"@type\":\"PropertyValueSpecification\",\"valueRequired\":true,\"valueName\":\"search_term_string\"}}],\"inLanguage\":\"de\"}]}<\/script>\n<!-- \/ Yoast SEO plugin. -->","yoast_head_json":{"title":"Arrangements - Ch\u00e2teau Hochberg","robots":{"index":"index","follow":"follow","max-snippet":"max-snippet:-1","max-image-preview":"max-image-preview:large","max-video-preview":"max-video-preview:-1"},"canonical":"https:\/\/chateauhochberg.com\/de\/offres\/","og_locale":"de_DE","og_type":"article","og_title":"Arrangements - Ch\u00e2teau Hochberg","og_url":"https:\/\/chateauhochberg.com\/de\/offres\/","og_site_name":"Ch\u00e2teau Hochberg","article_modified_time":"2025-09-15T08:25:45+00:00","og_image":[{"url":"https:\/\/chateauhochberg.com\/wp-content\/uploads\/2025\/04\/photo-rando-3.jpg","type":"","width":"","height":""}],"twitter_card":"summary_large_image","twitter_misc":{"Gesch\u00e4tzte Lesezeit":"3\u00a0Minuten"},"schema":{"@context":"https:\/\/schema.org","@graph":[{"@type":"WebPage","@id":"https:\/\/chateauhochberg.com\/de\/offres\/","url":"https:\/\/chateauhochberg.com\/de\/offres\/","name":"Arrangements - Ch\u00e2teau Hochberg","isPartOf":{"@id":"https:\/\/chateauhochberg.com\/en\/#website"},"primaryImageOfPage":{"@id":"https:\/\/chateauhochberg.com\/de\/offres\/#primaryimage"},"image":{"@id":"https:\/\/chateauhochberg.com\/de\/offres\/#primaryimage"},"thumbnailUrl":"https:\/\/chateauhochberg.com\/wp-content\/uploads\/2025\/04\/photo-rando-3.jpg","datePublished":"2025-04-04T13:04:54+00:00","dateModified":"2025-09-15T08:25:45+00:00","breadcrumb":{"@id":"https:\/\/chateauhochberg.com\/de\/offres\/#breadcrumb"},"inLanguage":"de","potentialAction":[{"@type":"ReadAction","target":["https:\/\/chateauhochberg.com\/de\/offres\/"]}]},{"@type":"ImageObject","inLanguage":"de","@id":"https:\/\/chateauhochberg.com\/de\/offres\/#primaryimage","url":"https:\/\/chateauhochberg.com\/wp-content\/uploads\/2025\/04\/photo-rando-3.jpg","contentUrl":"https:\/\/chateauhochberg.com\/wp-content\/uploads\/2025\/04\/photo-rando-3.jpg"},{"@type":"BreadcrumbList","@id":"https:\/\/chateauhochberg.com\/de\/offres\/#breadcrumb","itemListElement":[{"@type":"ListItem","position":1,"name":"Accueil","item":"https:\/\/chateauhochberg.com\/de\/"},{"@type":"ListItem","position":2,"name":"Arrangements"}]},{"@type":"WebSite","@id":"https:\/\/chateauhochberg.com\/en\/#website","url":"https:\/\/chateauhochberg.com\/en\/","name":"Ch\u00e2teau Hochberg - By Lalique","description":"H\u00f4tel &amp; Restaurant","alternateName":"CHOCH","potentialAction":[{"@type":"SearchAction","target":{"@type":"EntryPoint","urlTemplate":"https:\/\/chateauhochberg.com\/en\/?s={search_term_string}"},"query-input":{"@type":"PropertyValueSpecification","valueRequired":true,"valueName":"search_term_string"}}],"inLanguage":"de"}]}},"_links":{"self":[{"href":"https:\/\/chateauhochberg.com\/de\/wp-json\/wp\/v2\/pages\/22366","targetHints":{"allow":["GET"]}}],"collection":[{"href":"https:\/\/chateauhochberg.com\/de\/wp-json\/wp\/v2\/pages"}],"about":[{"href":"https:\/\/chateauhochberg.com\/de\/wp-json\/wp\/v2\/types\/page"}],"author":[{"embeddable":true,"href":"https:\/\/chateauhochberg.com\/de\/wp-json\/wp\/v2\/users\/11"}],"replies":[{"embeddable":true,"href":"https:\/\/chateauhochberg.com\/de\/wp-json\/wp\/v2\/comments?post=22366"}],"version-history":[{"count":6,"href":"https:\/\/chateauhochberg.com\/de\/wp-json\/wp\/v2\/pages\/22366\/revisions"}],"predecessor-version":[{"id":23593,"href":"https:\/\/chateauhochberg.com\/de\/wp-json\/wp\/v2\/pages\/22366\/revisions\/23593"}],"wp:attachment":[{"href":"https:\/\/chateauhochberg.com\/de\/wp-json\/wp\/v2\/media?parent=22366"}],"curies":[{"name":"wp","href":"https:\/\/api.w.org\/{rel}","templated":true}]}}