{"id":2640,"date":"2016-04-21T17:58:43","date_gmt":"2016-04-21T16:58:43","guid":{"rendered":"http:\/\/www.chateauhochberg.com\/de\/?page_id=2640"},"modified":"2016-04-22T11:48:07","modified_gmt":"2016-04-22T10:48:07","slug":"kontakt-2","status":"publish","type":"page","link":"https:\/\/chateauhochberg.com\/de\/kontakt-2\/","title":{"rendered":"Kontakt"},"content":{"rendered":"<br\/>\r\n<h3 class=\"text-center\">CH\u00c2TEAU HOCHBERG<\/h3>\r\n<p style=\"text-align: center;\">2, rue du Ch\u00e2teau Teutsch<br\/>\r\n67290 Wingen-sur-Moder<br\/><br\/>\r\n<\/p>\r\n<p style=\"text-align: center;\"><a  class='btn btn-white-black' href=mailto:reservation@chateauhochberg.com><i class=\"fa fa-envelope\"><\/i> reservation@chateauhochberg.com<\/a><br\/><br\/><\/p>\r\n<p style=\"text-align: center;\"><a  class='btn btn-white-black' href=mailto:direction@chateauhochberg.com><i class=\"fa fa-envelope\"><\/i> direction@chateauhochberg.com<\/a><br\/><br\/><\/p>\r\n\r\n<h3 class=\"text-center\">PRESSEDIENST<\/h3>\r\n<p style=\"text-align: center;padding-bottom: 100px;\"><a  class='btn btn-white-black' href=mailto:communication@chateauhochberg.com><i class=\"fa fa-envelope\"><\/i> communication@chateauhochberg.com<\/a><br\/><br\/><\/p>","protected":false},"excerpt":{"rendered":"<p>CH\u00c2TEAU HOCHBERG 2, rue du Ch\u00e2teau Teutsch 67290 Wingen-sur-Moder PRESSEDIENST<\/p>\n","protected":false},"author":1,"featured_media":0,"parent":0,"menu_order":0,"comment_status":"closed","ping_status":"closed","template":"","meta":{"_acf_changed":false,"footnotes":""},"class_list":["post-2640","page","type-page","status-publish","hentry"],"acf":[],"yoast_head":"<!-- This site is optimized with the Yoast SEO plugin v25.1 - https:\/\/yoast.com\/wordpress\/plugins\/seo\/ -->\n<title>Kontakt - Ch\u00e2teau Hochberg<\/title>\n<meta name=\"robots\" content=\"index, follow, max-snippet:-1, max-image-preview:large, max-video-preview:-1\" \/>\n<link rel=\"canonical\" href=\"https:\/\/chateauhochberg.com\/de\/kontakt-2\/\" \/>\n<meta property=\"og:locale\" content=\"de_DE\" \/>\n<meta property=\"og:type\" content=\"article\" \/>\n<meta property=\"og:title\" content=\"Kontakt - Ch\u00e2teau Hochberg\" \/>\n<meta property=\"og:description\" content=\"CH\u00c2TEAU HOCHBERG 2, rue du Ch\u00e2teau Teutsch 67290 Wingen-sur-Moder PRESSEDIENST\" \/>\n<meta property=\"og:url\" content=\"https:\/\/chateauhochberg.com\/de\/kontakt-2\/\" \/>\n<meta property=\"og:site_name\" content=\"Ch\u00e2teau Hochberg\" \/>\n<meta property=\"article:modified_time\" content=\"2016-04-22T10:48:07+00:00\" \/>\n<meta name=\"twitter:card\" content=\"summary_large_image\" \/>\n<script type=\"application\/ld+json\" class=\"yoast-schema-graph\">{\"@context\":\"https:\/\/schema.org\",\"@graph\":[{\"@type\":\"WebPage\",\"@id\":\"https:\/\/chateauhochberg.com\/de\/kontakt-2\/\",\"url\":\"https:\/\/chateauhochberg.com\/de\/kontakt-2\/\",\"name\":\"Kontakt - Ch\u00e2teau Hochberg\",\"isPartOf\":{\"@id\":\"https:\/\/chateauhochberg.com\/en\/#website\"},\"datePublished\":\"2016-04-21T16:58:43+00:00\",\"dateModified\":\"2016-04-22T10:48:07+00:00\",\"breadcrumb\":{\"@id\":\"https:\/\/chateauhochberg.com\/de\/kontakt-2\/#breadcrumb\"},\"inLanguage\":\"de\",\"potentialAction\":[{\"@type\":\"ReadAction\",\"target\":[\"https:\/\/chateauhochberg.com\/de\/kontakt-2\/\"]}]},{\"@type\":\"BreadcrumbList\",\"@id\":\"https:\/\/chateauhochberg.com\/de\/kontakt-2\/#breadcrumb\",\"itemListElement\":[{\"@type\":\"ListItem\",\"position\":1,\"name\":\"Accueil\",\"item\":\"https:\/\/chateauhochberg.com\/de\/\"},{\"@type\":\"ListItem\",\"position\":2,\"name\":\"Kontakt\"}]},{\"@type\":\"WebSite\",\"@id\":\"https:\/\/chateauhochberg.com\/en\/#website\",\"url\":\"https:\/\/chateauhochberg.com\/en\/\",\"name\":\"Ch\u00e2teau Hochberg - By Lalique\",\"description\":\"H\u00f4tel &amp; Restaurant\",\"alternateName\":\"CHOCH\",\"potentialAction\":[{\"@type\":\"SearchAction\",\"target\":{\"@type\":\"EntryPoint\",\"urlTemplate\":\"https:\/\/chateauhochberg.com\/en\/?s={search_term_string}\"},\"query-input\":{\"@type\":\"PropertyValueSpecification\",\"valueRequired\":true,\"valueName\":\"search_term_string\"}}],\"inLanguage\":\"de\"}]}<\/script>\n<!-- \/ Yoast SEO plugin. -->","yoast_head_json":{"title":"Kontakt - Ch\u00e2teau Hochberg","robots":{"index":"index","follow":"follow","max-snippet":"max-snippet:-1","max-image-preview":"max-image-preview:large","max-video-preview":"max-video-preview:-1"},"canonical":"https:\/\/chateauhochberg.com\/de\/kontakt-2\/","og_locale":"de_DE","og_type":"article","og_title":"Kontakt - Ch\u00e2teau Hochberg","og_description":"CH\u00c2TEAU HOCHBERG 2, rue du Ch\u00e2teau Teutsch 67290 Wingen-sur-Moder PRESSEDIENST","og_url":"https:\/\/chateauhochberg.com\/de\/kontakt-2\/","og_site_name":"Ch\u00e2teau Hochberg","article_modified_time":"2016-04-22T10:48:07+00:00","twitter_card":"summary_large_image","schema":{"@context":"https:\/\/schema.org","@graph":[{"@type":"WebPage","@id":"https:\/\/chateauhochberg.com\/de\/kontakt-2\/","url":"https:\/\/chateauhochberg.com\/de\/kontakt-2\/","name":"Kontakt - Ch\u00e2teau Hochberg","isPartOf":{"@id":"https:\/\/chateauhochberg.com\/en\/#website"},"datePublished":"2016-04-21T16:58:43+00:00","dateModified":"2016-04-22T10:48:07+00:00","breadcrumb":{"@id":"https:\/\/chateauhochberg.com\/de\/kontakt-2\/#breadcrumb"},"inLanguage":"de","potentialAction":[{"@type":"ReadAction","target":["https:\/\/chateauhochberg.com\/de\/kontakt-2\/"]}]},{"@type":"BreadcrumbList","@id":"https:\/\/chateauhochberg.com\/de\/kontakt-2\/#breadcrumb","itemListElement":[{"@type":"ListItem","position":1,"name":"Accueil","item":"https:\/\/chateauhochberg.com\/de\/"},{"@type":"ListItem","position":2,"name":"Kontakt"}]},{"@type":"WebSite","@id":"https:\/\/chateauhochberg.com\/en\/#website","url":"https:\/\/chateauhochberg.com\/en\/","name":"Ch\u00e2teau Hochberg - By Lalique","description":"H\u00f4tel &amp; Restaurant","alternateName":"CHOCH","potentialAction":[{"@type":"SearchAction","target":{"@type":"EntryPoint","urlTemplate":"https:\/\/chateauhochberg.com\/en\/?s={search_term_string}"},"query-input":{"@type":"PropertyValueSpecification","valueRequired":true,"valueName":"search_term_string"}}],"inLanguage":"de"}]}},"_links":{"self":[{"href":"https:\/\/chateauhochberg.com\/de\/wp-json\/wp\/v2\/pages\/2640","targetHints":{"allow":["GET"]}}],"collection":[{"href":"https:\/\/chateauhochberg.com\/de\/wp-json\/wp\/v2\/pages"}],"about":[{"href":"https:\/\/chateauhochberg.com\/de\/wp-json\/wp\/v2\/types\/page"}],"author":[{"embeddable":true,"href":"https:\/\/chateauhochberg.com\/de\/wp-json\/wp\/v2\/users\/1"}],"replies":[{"embeddable":true,"href":"https:\/\/chateauhochberg.com\/de\/wp-json\/wp\/v2\/comments?post=2640"}],"version-history":[{"count":11,"href":"https:\/\/chateauhochberg.com\/de\/wp-json\/wp\/v2\/pages\/2640\/revisions"}],"predecessor-version":[{"id":2713,"href":"https:\/\/chateauhochberg.com\/de\/wp-json\/wp\/v2\/pages\/2640\/revisions\/2713"}],"wp:attachment":[{"href":"https:\/\/chateauhochberg.com\/de\/wp-json\/wp\/v2\/media?parent=2640"}],"curies":[{"name":"wp","href":"https:\/\/api.w.org\/{rel}","templated":true}]}}