{"id":3110,"date":"2016-08-22T11:40:38","date_gmt":"2016-08-22T10:40:38","guid":{"rendered":"http:\/\/www.chateauhochberg.com\/de\/?page_id=3110"},"modified":"2020-09-08T16:46:02","modified_gmt":"2020-09-08T15:46:02","slug":"angebote-news","status":"publish","type":"page","link":"https:\/\/chateauhochberg.com\/de\/angebote-news\/","title":{"rendered":"Angebote &#038; News"},"content":{"rendered":"","protected":false},"excerpt":{"rendered":"","protected":false},"author":1,"featured_media":0,"parent":0,"menu_order":0,"comment_status":"closed","ping_status":"closed","template":"archive.php","meta":{"_acf_changed":false,"footnotes":""},"class_list":["post-3110","page","type-page","status-publish","hentry"],"acf":[],"yoast_head":"<!-- This site is optimized with the Yoast SEO plugin v25.1 - https:\/\/yoast.com\/wordpress\/plugins\/seo\/ -->\n<title>Angebote &amp; News - Ch\u00e2teau Hochberg<\/title>\n<meta name=\"description\" content=\"Entdecken Sie die neuesten Nachrichten und Angebote vom Ch\u00e2teau Hochberg. Wir bieten das ganze Jahr \u00fcber Angebote sowie unsere neuesten Nachrichten.\" \/>\n<meta name=\"robots\" content=\"index, follow, max-snippet:-1, max-image-preview:large, max-video-preview:-1\" \/>\n<link rel=\"canonical\" href=\"https:\/\/chateauhochberg.com\/de\/angebote-news\/\" \/>\n<meta property=\"og:locale\" content=\"de_DE\" \/>\n<meta property=\"og:type\" content=\"article\" \/>\n<meta property=\"og:title\" content=\"Angebote &amp; News - Ch\u00e2teau Hochberg\" \/>\n<meta property=\"og:description\" content=\"Entdecken Sie die neuesten Nachrichten und Angebote vom Ch\u00e2teau Hochberg. Wir bieten das ganze Jahr \u00fcber Angebote sowie unsere neuesten Nachrichten.\" \/>\n<meta property=\"og:url\" content=\"https:\/\/chateauhochberg.com\/de\/angebote-news\/\" \/>\n<meta property=\"og:site_name\" content=\"Ch\u00e2teau Hochberg\" \/>\n<meta property=\"article:modified_time\" content=\"2020-09-08T15:46:02+00:00\" \/>\n<meta name=\"twitter:card\" content=\"summary_large_image\" \/>\n<script type=\"application\/ld+json\" class=\"yoast-schema-graph\">{\"@context\":\"https:\/\/schema.org\",\"@graph\":[{\"@type\":\"WebPage\",\"@id\":\"https:\/\/chateauhochberg.com\/de\/angebote-news\/\",\"url\":\"https:\/\/chateauhochberg.com\/de\/angebote-news\/\",\"name\":\"Angebote & News - Ch\u00e2teau Hochberg\",\"isPartOf\":{\"@id\":\"https:\/\/chateauhochberg.com\/en\/#website\"},\"datePublished\":\"2016-08-22T10:40:38+00:00\",\"dateModified\":\"2020-09-08T15:46:02+00:00\",\"description\":\"Entdecken Sie die neuesten Nachrichten und Angebote vom Ch\u00e2teau Hochberg. Wir bieten das ganze Jahr \u00fcber Angebote sowie unsere neuesten Nachrichten.\",\"breadcrumb\":{\"@id\":\"https:\/\/chateauhochberg.com\/de\/angebote-news\/#breadcrumb\"},\"inLanguage\":\"de\",\"potentialAction\":[{\"@type\":\"ReadAction\",\"target\":[\"https:\/\/chateauhochberg.com\/de\/angebote-news\/\"]}]},{\"@type\":\"BreadcrumbList\",\"@id\":\"https:\/\/chateauhochberg.com\/de\/angebote-news\/#breadcrumb\",\"itemListElement\":[{\"@type\":\"ListItem\",\"position\":1,\"name\":\"Accueil\",\"item\":\"https:\/\/chateauhochberg.com\/de\/\"},{\"@type\":\"ListItem\",\"position\":2,\"name\":\"Angebote &#038; News\"}]},{\"@type\":\"WebSite\",\"@id\":\"https:\/\/chateauhochberg.com\/en\/#website\",\"url\":\"https:\/\/chateauhochberg.com\/en\/\",\"name\":\"Ch\u00e2teau Hochberg - By Lalique\",\"description\":\"H\u00f4tel &amp; Restaurant\",\"alternateName\":\"CHOCH\",\"potentialAction\":[{\"@type\":\"SearchAction\",\"target\":{\"@type\":\"EntryPoint\",\"urlTemplate\":\"https:\/\/chateauhochberg.com\/en\/?s={search_term_string}\"},\"query-input\":{\"@type\":\"PropertyValueSpecification\",\"valueRequired\":true,\"valueName\":\"search_term_string\"}}],\"inLanguage\":\"de\"}]}<\/script>\n<!-- \/ Yoast SEO plugin. -->","yoast_head_json":{"title":"Angebote & News - Ch\u00e2teau Hochberg","description":"Entdecken Sie die neuesten Nachrichten und Angebote vom Ch\u00e2teau Hochberg. Wir bieten das ganze Jahr \u00fcber Angebote sowie unsere neuesten Nachrichten.","robots":{"index":"index","follow":"follow","max-snippet":"max-snippet:-1","max-image-preview":"max-image-preview:large","max-video-preview":"max-video-preview:-1"},"canonical":"https:\/\/chateauhochberg.com\/de\/angebote-news\/","og_locale":"de_DE","og_type":"article","og_title":"Angebote & News - Ch\u00e2teau Hochberg","og_description":"Entdecken Sie die neuesten Nachrichten und Angebote vom Ch\u00e2teau Hochberg. Wir bieten das ganze Jahr \u00fcber Angebote sowie unsere neuesten Nachrichten.","og_url":"https:\/\/chateauhochberg.com\/de\/angebote-news\/","og_site_name":"Ch\u00e2teau Hochberg","article_modified_time":"2020-09-08T15:46:02+00:00","twitter_card":"summary_large_image","schema":{"@context":"https:\/\/schema.org","@graph":[{"@type":"WebPage","@id":"https:\/\/chateauhochberg.com\/de\/angebote-news\/","url":"https:\/\/chateauhochberg.com\/de\/angebote-news\/","name":"Angebote & News - Ch\u00e2teau Hochberg","isPartOf":{"@id":"https:\/\/chateauhochberg.com\/en\/#website"},"datePublished":"2016-08-22T10:40:38+00:00","dateModified":"2020-09-08T15:46:02+00:00","description":"Entdecken Sie die neuesten Nachrichten und Angebote vom Ch\u00e2teau Hochberg. Wir bieten das ganze Jahr \u00fcber Angebote sowie unsere neuesten Nachrichten.","breadcrumb":{"@id":"https:\/\/chateauhochberg.com\/de\/angebote-news\/#breadcrumb"},"inLanguage":"de","potentialAction":[{"@type":"ReadAction","target":["https:\/\/chateauhochberg.com\/de\/angebote-news\/"]}]},{"@type":"BreadcrumbList","@id":"https:\/\/chateauhochberg.com\/de\/angebote-news\/#breadcrumb","itemListElement":[{"@type":"ListItem","position":1,"name":"Accueil","item":"https:\/\/chateauhochberg.com\/de\/"},{"@type":"ListItem","position":2,"name":"Angebote &#038; News"}]},{"@type":"WebSite","@id":"https:\/\/chateauhochberg.com\/en\/#website","url":"https:\/\/chateauhochberg.com\/en\/","name":"Ch\u00e2teau Hochberg - By Lalique","description":"H\u00f4tel &amp; Restaurant","alternateName":"CHOCH","potentialAction":[{"@type":"SearchAction","target":{"@type":"EntryPoint","urlTemplate":"https:\/\/chateauhochberg.com\/en\/?s={search_term_string}"},"query-input":{"@type":"PropertyValueSpecification","valueRequired":true,"valueName":"search_term_string"}}],"inLanguage":"de"}]}},"_links":{"self":[{"href":"https:\/\/chateauhochberg.com\/de\/wp-json\/wp\/v2\/pages\/3110","targetHints":{"allow":["GET"]}}],"collection":[{"href":"https:\/\/chateauhochberg.com\/de\/wp-json\/wp\/v2\/pages"}],"about":[{"href":"https:\/\/chateauhochberg.com\/de\/wp-json\/wp\/v2\/types\/page"}],"author":[{"embeddable":true,"href":"https:\/\/chateauhochberg.com\/de\/wp-json\/wp\/v2\/users\/1"}],"replies":[{"embeddable":true,"href":"https:\/\/chateauhochberg.com\/de\/wp-json\/wp\/v2\/comments?post=3110"}],"version-history":[{"count":1,"href":"https:\/\/chateauhochberg.com\/de\/wp-json\/wp\/v2\/pages\/3110\/revisions"}],"predecessor-version":[{"id":3111,"href":"https:\/\/chateauhochberg.com\/de\/wp-json\/wp\/v2\/pages\/3110\/revisions\/3111"}],"wp:attachment":[{"href":"https:\/\/chateauhochberg.com\/de\/wp-json\/wp\/v2\/media?parent=3110"}],"curies":[{"name":"wp","href":"https:\/\/api.w.org\/{rel}","templated":true}]}}