{"id":3245,"date":"2016-08-03T10:17:10","date_gmt":"2016-08-03T09:17:10","guid":{"rendered":"http:\/\/www.chateauhochberg.com\/de\/das-hotel\/les-chambres-des-verriers\/"},"modified":"2026-04-08T13:37:03","modified_gmt":"2026-04-08T12:37:03","slug":"chambres-des-verriers","status":"publish","type":"page","link":"https:\/\/chateauhochberg.com\/de\/zimmer-und-suiten\/chambres-des-verriers\/","title":{"rendered":"Chambres des Verriers"},"content":{"rendered":"<div class=\"wp-block-cover\"><img decoding=\"async\" width=\"4536\" height=\"3024\" class=\"wp-block-cover__image-background wp-image-21000\" alt=\"Chambre H\u00f4tel Alsace Romantique Nature Cosy 4 \u00e9toiles Vosges du Nord \" src=\"https:\/\/chateauhochberg.com\/wp-content\/uploads\/2025\/01\/Chateau-Hochberg-Chambres-2024-\u00a9-Hirmance-Production-BD-1.jpg\" data-object-fit=\"cover\" srcset=\"https:\/\/chateauhochberg.com\/wp-content\/uploads\/2025\/01\/Chateau-Hochberg-Chambres-2024-\u00a9-Hirmance-Production-BD-1.jpg 4536w, https:\/\/chateauhochberg.com\/wp-content\/uploads\/2025\/01\/Chateau-Hochberg-Chambres-2024-\u00a9-Hirmance-Production-BD-1-800x533.jpg 800w, https:\/\/chateauhochberg.com\/wp-content\/uploads\/2025\/01\/Chateau-Hochberg-Chambres-2024-\u00a9-Hirmance-Production-BD-1-300x200.jpg 300w, https:\/\/chateauhochberg.com\/wp-content\/uploads\/2025\/01\/Chateau-Hochberg-Chambres-2024-\u00a9-Hirmance-Production-BD-1-1024x683.jpg 1024w, https:\/\/chateauhochberg.com\/wp-content\/uploads\/2025\/01\/Chateau-Hochberg-Chambres-2024-\u00a9-Hirmance-Production-BD-1-768x512.jpg 768w, https:\/\/chateauhochberg.com\/wp-content\/uploads\/2025\/01\/Chateau-Hochberg-Chambres-2024-\u00a9-Hirmance-Production-BD-1-1536x1024.jpg 1536w, https:\/\/chateauhochberg.com\/wp-content\/uploads\/2025\/01\/Chateau-Hochberg-Chambres-2024-\u00a9-Hirmance-Production-BD-1-2048x1365.jpg 2048w\" sizes=\"(max-width: 4536px) 100vw, 4536px\" \/><span aria-hidden=\"true\" class=\"wp-block-cover__background has-very-light-gray-background-color has-background-dim-20 has-background-dim\"><\/span><div class=\"wp-block-cover__inner-container is-layout-flow wp-block-cover-is-layout-flow\"><p class=\"has-text-align-center has-large-font-size\"><\/p><\/div><\/div><div class=\"wp-block-media-text alignwide\"><figure class=\"wp-block-media-text__media\"><img decoding=\"async\" width=\"683\" height=\"1024\" src=\"https:\/\/chateauhochberg.com\/wp-content\/uploads\/2025\/01\/Chateau-Hochberg-Chambres-2024-\u00a9-Hirmance-Production-BD-7-683x1024.jpg\" alt=\"Chambre H\u00f4tel Alsace Romantique Nature Cosy 4 \u00e9toiles Vosges du Nord \" class=\"wp-image-21003 size-full\" srcset=\"https:\/\/chateauhochberg.com\/wp-content\/uploads\/2025\/01\/Chateau-Hochberg-Chambres-2024-\u00a9-Hirmance-Production-BD-7-683x1024.jpg 683w, https:\/\/chateauhochberg.com\/wp-content\/uploads\/2025\/01\/Chateau-Hochberg-Chambres-2024-\u00a9-Hirmance-Production-BD-7-800x1200.jpg 800w, https:\/\/chateauhochberg.com\/wp-content\/uploads\/2025\/01\/Chateau-Hochberg-Chambres-2024-\u00a9-Hirmance-Production-BD-7-200x300.jpg 200w, https:\/\/chateauhochberg.com\/wp-content\/uploads\/2025\/01\/Chateau-Hochberg-Chambres-2024-\u00a9-Hirmance-Production-BD-7-768x1152.jpg 768w, https:\/\/chateauhochberg.com\/wp-content\/uploads\/2025\/01\/Chateau-Hochberg-Chambres-2024-\u00a9-Hirmance-Production-BD-7-1024x1536.jpg 1024w, https:\/\/chateauhochberg.com\/wp-content\/uploads\/2025\/01\/Chateau-Hochberg-Chambres-2024-\u00a9-Hirmance-Production-BD-7-1365x2048.jpg 1365w\" sizes=\"(max-width: 683px) 100vw, 683px\" \/><\/figure><div class=\"wp-block-media-text__content\"><h2 class=\"wp-block-heading\">Beschreibung<\/h2>\n\n<p>Die&nbsp;<strong>Chambres des Verriers<\/strong>, diese vier gem\u00fctlich-komfortablen Zimmer in unserem hotel bieten ein Wohlf\u00fchl-Ambiente in angenehmen Dimensionen im Herzen des Elsass.<\/p>\n\n<p>Die f\u00fcnfzehn Zimmer und Suiten lassen sich je nach Gr\u00f6sse und Einrichtung in vier Kategorien einteilen.<br>Sie sind alle von Licht verw\u00f6hnt und nach drei thematischen Varianten dekoriert:&nbsp;<em>Ombelle<\/em>&nbsp;(Bl\u00fctenk\u00f6rbchen),&nbsp;<em>Venise<\/em>&nbsp;(Venedig) und&nbsp;<em>Dahlia<\/em>&nbsp;(Dahlie).<\/p>\n\n<p>Die Zimmer im Ombelle-Stil mit Gr\u00fcnt\u00f6ne inspirieren sich an Pflanzen- und Blumenmustern, wie Ren\u00e9 <a href=\"https:\/\/fr.lalique.com\/en\" target=\"_blank\" rel=\"noreferrer noopener\">Lalique<\/a> sie so gerne verwendete. Die Venedig-Zimmer sind grafischer gehalten, in Grau- und Silbert\u00f6nen. Die Dahlienzimmer spielen mit satinierten und transparenten Oberfl\u00e4chen, mit sanften Farben, Weiss und Sandt\u00f6nen.<\/p><\/div><\/div><div class=\"wp-block-media-text alignwide has-media-on-the-right\"><div class=\"wp-block-media-text__content\"><h2 class=\"wp-block-heading\">Eckdaten und ausstattung<\/h2>\n\n<ul class=\"wp-block-list\"><li>Zimmer von 18 bis 21 m<sup>2<\/sup><\/li>\n\n<li>Im ersten Stock<\/li>\n\n<li>Badezimmer mit Dusche<\/li>\n\n<li>Minibar<\/li>\n\n<li>Zimmersafe<\/li>\n\n<li>Flat-TV<\/li>\n\n<li>King-Size-Bett (zwei getrennte Betten sind auch m\u00f6glich)<\/li><\/ul><\/div><figure class=\"wp-block-media-text__media\"><img decoding=\"async\" width=\"683\" height=\"1024\" src=\"https:\/\/chateauhochberg.com\/wp-content\/uploads\/2025\/01\/Chateau-Hochberg-Chambres-2024-\u00a9-Hirmance-Production-BD-23-683x1024.jpg\" alt=\"Chambre H\u00f4tel Alsace Romantique Nature Cosy 4 \u00e9toiles Vosges du Nord Bureau\" class=\"wp-image-21006 size-full\" srcset=\"https:\/\/chateauhochberg.com\/wp-content\/uploads\/2025\/01\/Chateau-Hochberg-Chambres-2024-\u00a9-Hirmance-Production-BD-23-683x1024.jpg 683w, https:\/\/chateauhochberg.com\/wp-content\/uploads\/2025\/01\/Chateau-Hochberg-Chambres-2024-\u00a9-Hirmance-Production-BD-23-800x1200.jpg 800w, https:\/\/chateauhochberg.com\/wp-content\/uploads\/2025\/01\/Chateau-Hochberg-Chambres-2024-\u00a9-Hirmance-Production-BD-23-200x300.jpg 200w, https:\/\/chateauhochberg.com\/wp-content\/uploads\/2025\/01\/Chateau-Hochberg-Chambres-2024-\u00a9-Hirmance-Production-BD-23-768x1152.jpg 768w, https:\/\/chateauhochberg.com\/wp-content\/uploads\/2025\/01\/Chateau-Hochberg-Chambres-2024-\u00a9-Hirmance-Production-BD-23-1024x1536.jpg 1024w, https:\/\/chateauhochberg.com\/wp-content\/uploads\/2025\/01\/Chateau-Hochberg-Chambres-2024-\u00a9-Hirmance-Production-BD-23-1365x2048.jpg 1365w\" sizes=\"(max-width: 683px) 100vw, 683px\" \/><\/figure><\/div><p><\/p><p class=\"has-text-align-center mt-5 has-medium-font-size\"><strong>Ab 165 \u20ac pro Nacht\u2013 2 Pers.*<\/strong><\/p><p class=\"has-text-align-center\">*Fr\u00fchst\u00fcck (23 \u20ac\/ Nacht \/ Pers.) und Steuern nicht eingeschlossen.<\/p><p class=\"has-text-align-center\">Sonderangebote:<\/p><p class=\"has-text-align-center\">*<strong>Halb-Pension im Doppelzimmer<\/strong>&nbsp;ab 2 N\u00e4chten<\/p><p class=\"has-text-align-center\"><strong>Unser Hotel und unser <a href=\"https:\/\/chateauhochberg.com\/de\/das-restaurant\/die-karte\/\" target=\"_blank\" rel=\"noreferrer noopener\">Restaurant<\/a> sind f\u00fcr Personen mit eingeschr\u00e4nkter Mobilit\u00e4t zug\u00e4nglich.<\/strong><\/p><p class=\"has-text-align-center\"><strong>Rauchen ist im Hotel und im Restaurant verboten. Haustieren werden im Ch\u00e2teau Hochberg leider nicht akzeptiert.<\/strong><\/p><p class=\"has-text-align-center\">Auch Ihr Haustier hat ein Recht auf Urlaub. <br>Bei Ihrer Ankunft steht in Ihrem Zimmer ein K\u00f6rbchen und ein Wassernapf bereit. Haustiere sind im Restaurant willkommen.<\/p><p class=\"has-text-align-center\"><em>Genie\u00dfen Sie Ihren Aufenthalt im Ch\u00e2teau Hochberg im Elsass !<\/em><\/p><p style=\"text-align: center;\"><a  target='_blank' class='btn btn-white-black' href='http:\/\/hotel.reservit.com\/front\/front.do?m=booking&amp;custid=2&amp;langcode=DE&amp;hotelid=253468'>Buchen<\/a>\n<p style=\"text-align: center;\"><a  class='btn btn-white-black' href='\/de\/zimmer-und-suiten'>Zimmer &amp; Suiten<\/a>","protected":false},"excerpt":{"rendered":"<p>Beschreibung Die&nbsp;Chambres des Verriers, diese vier gem\u00fctlich-komfortablen Zimmer in unserem hotel bieten ein Wohlf\u00fchl-Ambiente in angenehmen Dimensionen im Herzen des Elsass. Die f\u00fcnfzehn Zimmer und Suiten lassen sich je nach Gr\u00f6sse und Einrichtung in vier Kategorien einteilen.Sie sind alle von Licht verw\u00f6hnt und nach drei thematischen Varianten dekoriert:&nbsp;Ombelle&nbsp;(Bl\u00fctenk\u00f6rbchen),&nbsp;Venise&nbsp;(Venedig) und&nbsp;Dahlia&nbsp;(Dahlie). Die Zimmer im Ombelle-Stil mit Gr\u00fcnt\u00f6ne [&hellip;]<\/p>\n","protected":false},"author":1,"featured_media":21000,"parent":3242,"menu_order":0,"comment_status":"closed","ping_status":"closed","template":"page-templates\/fullscreen-img-right-detail.php","meta":{"_acf_changed":false,"footnotes":""},"class_list":["post-3245","page","type-page","status-publish","has-post-thumbnail","hentry"],"acf":[],"yoast_head":"<!-- This site is optimized with the Yoast SEO plugin v25.1 - https:\/\/yoast.com\/wordpress\/plugins\/seo\/ -->\n<title>Chambres des Verriers - Ch\u00e2teau Hochberg Hotel im Elsass<\/title>\n<meta name=\"description\" content=\"Entdecken Sie die &quot;Chambre des Verriers&quot; des Ch\u00e2teau Hochberg Hotel in Wingen-sur-Moder: Zimmer die Komfort und Eleganz vereinen und sich ideal f\u00fcr einen unvergesslichen Aufenthalt im Elsass eignen.\" \/>\n<meta name=\"robots\" content=\"index, follow, max-snippet:-1, max-image-preview:large, max-video-preview:-1\" \/>\n<link rel=\"canonical\" href=\"https:\/\/chateauhochberg.com\/de\/zimmer-und-suiten\/chambres-des-verriers\/\" \/>\n<meta property=\"og:locale\" content=\"de_DE\" \/>\n<meta property=\"og:type\" content=\"article\" \/>\n<meta property=\"og:title\" content=\"Chambres des Verriers - Ch\u00e2teau Hochberg Hotel im Elsass\" \/>\n<meta property=\"og:description\" content=\"Entdecken Sie die &quot;Chambre des Verriers&quot; des Ch\u00e2teau Hochberg Hotel in Wingen-sur-Moder: Zimmer die Komfort und Eleganz vereinen und sich ideal f\u00fcr einen unvergesslichen Aufenthalt im Elsass eignen.\" \/>\n<meta property=\"og:url\" content=\"https:\/\/chateauhochberg.com\/de\/zimmer-und-suiten\/chambres-des-verriers\/\" \/>\n<meta property=\"og:site_name\" content=\"Ch\u00e2teau Hochberg\" \/>\n<meta property=\"article:modified_time\" content=\"2026-04-08T12:37:03+00:00\" \/>\n<meta property=\"og:image\" content=\"https:\/\/chateauhochberg.com\/wp-content\/uploads\/2025\/01\/Chateau-Hochberg-Chambres-2024-\u00a9-Hirmance-Production-BD-1.jpg\" \/>\n\t<meta property=\"og:image:width\" content=\"4536\" \/>\n\t<meta property=\"og:image:height\" content=\"3024\" \/>\n\t<meta property=\"og:image:type\" content=\"image\/jpeg\" \/>\n<meta name=\"twitter:card\" content=\"summary_large_image\" \/>\n<meta name=\"twitter:label1\" content=\"Gesch\u00e4tzte Lesezeit\" \/>\n\t<meta name=\"twitter:data1\" content=\"2\u00a0Minuten\" \/>\n<script type=\"application\/ld+json\" class=\"yoast-schema-graph\">{\"@context\":\"https:\/\/schema.org\",\"@graph\":[{\"@type\":\"WebPage\",\"@id\":\"https:\/\/chateauhochberg.com\/de\/zimmer-und-suiten\/chambres-des-verriers\/\",\"url\":\"https:\/\/chateauhochberg.com\/de\/zimmer-und-suiten\/chambres-des-verriers\/\",\"name\":\"Chambres des Verriers - Ch\u00e2teau Hochberg Hotel im Elsass\",\"isPartOf\":{\"@id\":\"https:\/\/chateauhochberg.com\/en\/#website\"},\"primaryImageOfPage\":{\"@id\":\"https:\/\/chateauhochberg.com\/de\/zimmer-und-suiten\/chambres-des-verriers\/#primaryimage\"},\"image\":{\"@id\":\"https:\/\/chateauhochberg.com\/de\/zimmer-und-suiten\/chambres-des-verriers\/#primaryimage\"},\"thumbnailUrl\":\"https:\/\/chateauhochberg.com\/wp-content\/uploads\/2025\/01\/Chateau-Hochberg-Chambres-2024-\u00a9-Hirmance-Production-BD-1.jpg\",\"datePublished\":\"2016-08-03T09:17:10+00:00\",\"dateModified\":\"2026-04-08T12:37:03+00:00\",\"description\":\"Entdecken Sie die \\\"Chambre des Verriers\\\" des Ch\u00e2teau Hochberg Hotel in Wingen-sur-Moder: Zimmer die Komfort und Eleganz vereinen und sich ideal f\u00fcr einen unvergesslichen Aufenthalt im Elsass eignen.\",\"breadcrumb\":{\"@id\":\"https:\/\/chateauhochberg.com\/de\/zimmer-und-suiten\/chambres-des-verriers\/#breadcrumb\"},\"inLanguage\":\"de\",\"potentialAction\":[{\"@type\":\"ReadAction\",\"target\":[\"https:\/\/chateauhochberg.com\/de\/zimmer-und-suiten\/chambres-des-verriers\/\"]}]},{\"@type\":\"ImageObject\",\"inLanguage\":\"de\",\"@id\":\"https:\/\/chateauhochberg.com\/de\/zimmer-und-suiten\/chambres-des-verriers\/#primaryimage\",\"url\":\"https:\/\/chateauhochberg.com\/wp-content\/uploads\/2025\/01\/Chateau-Hochberg-Chambres-2024-\u00a9-Hirmance-Production-BD-1.jpg\",\"contentUrl\":\"https:\/\/chateauhochberg.com\/wp-content\/uploads\/2025\/01\/Chateau-Hochberg-Chambres-2024-\u00a9-Hirmance-Production-BD-1.jpg\",\"width\":4536,\"height\":3024,\"caption\":\"Chambre H\u00f4tel Alsace Romantique Nature Cosy 4 \u00e9toiles Vosges du Nord\"},{\"@type\":\"BreadcrumbList\",\"@id\":\"https:\/\/chateauhochberg.com\/de\/zimmer-und-suiten\/chambres-des-verriers\/#breadcrumb\",\"itemListElement\":[{\"@type\":\"ListItem\",\"position\":1,\"name\":\"Accueil\",\"item\":\"https:\/\/chateauhochberg.com\/de\/\"},{\"@type\":\"ListItem\",\"position\":2,\"name\":\"Zimmer und Suiten\",\"item\":\"https:\/\/chateauhochberg.com\/de\/zimmer-und-suiten\/\"},{\"@type\":\"ListItem\",\"position\":3,\"name\":\"Chambres des Verriers\"}]},{\"@type\":\"WebSite\",\"@id\":\"https:\/\/chateauhochberg.com\/en\/#website\",\"url\":\"https:\/\/chateauhochberg.com\/en\/\",\"name\":\"Ch\u00e2teau Hochberg - By Lalique\",\"description\":\"H\u00f4tel &amp; Restaurant\",\"alternateName\":\"CHOCH\",\"potentialAction\":[{\"@type\":\"SearchAction\",\"target\":{\"@type\":\"EntryPoint\",\"urlTemplate\":\"https:\/\/chateauhochberg.com\/en\/?s={search_term_string}\"},\"query-input\":{\"@type\":\"PropertyValueSpecification\",\"valueRequired\":true,\"valueName\":\"search_term_string\"}}],\"inLanguage\":\"de\"}]}<\/script>\n<!-- \/ Yoast SEO plugin. -->","yoast_head_json":{"title":"Chambres des Verriers - Ch\u00e2teau Hochberg Hotel im Elsass","description":"Entdecken Sie die \"Chambre des Verriers\" des Ch\u00e2teau Hochberg Hotel in Wingen-sur-Moder: Zimmer die Komfort und Eleganz vereinen und sich ideal f\u00fcr einen unvergesslichen Aufenthalt im Elsass eignen.","robots":{"index":"index","follow":"follow","max-snippet":"max-snippet:-1","max-image-preview":"max-image-preview:large","max-video-preview":"max-video-preview:-1"},"canonical":"https:\/\/chateauhochberg.com\/de\/zimmer-und-suiten\/chambres-des-verriers\/","og_locale":"de_DE","og_type":"article","og_title":"Chambres des Verriers - Ch\u00e2teau Hochberg Hotel im Elsass","og_description":"Entdecken Sie die \"Chambre des Verriers\" des Ch\u00e2teau Hochberg Hotel in Wingen-sur-Moder: Zimmer die Komfort und Eleganz vereinen und sich ideal f\u00fcr einen unvergesslichen Aufenthalt im Elsass eignen.","og_url":"https:\/\/chateauhochberg.com\/de\/zimmer-und-suiten\/chambres-des-verriers\/","og_site_name":"Ch\u00e2teau Hochberg","article_modified_time":"2026-04-08T12:37:03+00:00","og_image":[{"width":4536,"height":3024,"url":"https:\/\/chateauhochberg.com\/wp-content\/uploads\/2025\/01\/Chateau-Hochberg-Chambres-2024-\u00a9-Hirmance-Production-BD-1.jpg","type":"image\/jpeg"}],"twitter_card":"summary_large_image","twitter_misc":{"Gesch\u00e4tzte Lesezeit":"2\u00a0Minuten"},"schema":{"@context":"https:\/\/schema.org","@graph":[{"@type":"WebPage","@id":"https:\/\/chateauhochberg.com\/de\/zimmer-und-suiten\/chambres-des-verriers\/","url":"https:\/\/chateauhochberg.com\/de\/zimmer-und-suiten\/chambres-des-verriers\/","name":"Chambres des Verriers - Ch\u00e2teau Hochberg Hotel im Elsass","isPartOf":{"@id":"https:\/\/chateauhochberg.com\/en\/#website"},"primaryImageOfPage":{"@id":"https:\/\/chateauhochberg.com\/de\/zimmer-und-suiten\/chambres-des-verriers\/#primaryimage"},"image":{"@id":"https:\/\/chateauhochberg.com\/de\/zimmer-und-suiten\/chambres-des-verriers\/#primaryimage"},"thumbnailUrl":"https:\/\/chateauhochberg.com\/wp-content\/uploads\/2025\/01\/Chateau-Hochberg-Chambres-2024-\u00a9-Hirmance-Production-BD-1.jpg","datePublished":"2016-08-03T09:17:10+00:00","dateModified":"2026-04-08T12:37:03+00:00","description":"Entdecken Sie die \"Chambre des Verriers\" des Ch\u00e2teau Hochberg Hotel in Wingen-sur-Moder: Zimmer die Komfort und Eleganz vereinen und sich ideal f\u00fcr einen unvergesslichen Aufenthalt im Elsass eignen.","breadcrumb":{"@id":"https:\/\/chateauhochberg.com\/de\/zimmer-und-suiten\/chambres-des-verriers\/#breadcrumb"},"inLanguage":"de","potentialAction":[{"@type":"ReadAction","target":["https:\/\/chateauhochberg.com\/de\/zimmer-und-suiten\/chambres-des-verriers\/"]}]},{"@type":"ImageObject","inLanguage":"de","@id":"https:\/\/chateauhochberg.com\/de\/zimmer-und-suiten\/chambres-des-verriers\/#primaryimage","url":"https:\/\/chateauhochberg.com\/wp-content\/uploads\/2025\/01\/Chateau-Hochberg-Chambres-2024-\u00a9-Hirmance-Production-BD-1.jpg","contentUrl":"https:\/\/chateauhochberg.com\/wp-content\/uploads\/2025\/01\/Chateau-Hochberg-Chambres-2024-\u00a9-Hirmance-Production-BD-1.jpg","width":4536,"height":3024,"caption":"Chambre H\u00f4tel Alsace Romantique Nature Cosy 4 \u00e9toiles Vosges du Nord"},{"@type":"BreadcrumbList","@id":"https:\/\/chateauhochberg.com\/de\/zimmer-und-suiten\/chambres-des-verriers\/#breadcrumb","itemListElement":[{"@type":"ListItem","position":1,"name":"Accueil","item":"https:\/\/chateauhochberg.com\/de\/"},{"@type":"ListItem","position":2,"name":"Zimmer und Suiten","item":"https:\/\/chateauhochberg.com\/de\/zimmer-und-suiten\/"},{"@type":"ListItem","position":3,"name":"Chambres des Verriers"}]},{"@type":"WebSite","@id":"https:\/\/chateauhochberg.com\/en\/#website","url":"https:\/\/chateauhochberg.com\/en\/","name":"Ch\u00e2teau Hochberg - By Lalique","description":"H\u00f4tel &amp; Restaurant","alternateName":"CHOCH","potentialAction":[{"@type":"SearchAction","target":{"@type":"EntryPoint","urlTemplate":"https:\/\/chateauhochberg.com\/en\/?s={search_term_string}"},"query-input":{"@type":"PropertyValueSpecification","valueRequired":true,"valueName":"search_term_string"}}],"inLanguage":"de"}]}},"_links":{"self":[{"href":"https:\/\/chateauhochberg.com\/de\/wp-json\/wp\/v2\/pages\/3245","targetHints":{"allow":["GET"]}}],"collection":[{"href":"https:\/\/chateauhochberg.com\/de\/wp-json\/wp\/v2\/pages"}],"about":[{"href":"https:\/\/chateauhochberg.com\/de\/wp-json\/wp\/v2\/types\/page"}],"author":[{"embeddable":true,"href":"https:\/\/chateauhochberg.com\/de\/wp-json\/wp\/v2\/users\/1"}],"replies":[{"embeddable":true,"href":"https:\/\/chateauhochberg.com\/de\/wp-json\/wp\/v2\/comments?post=3245"}],"version-history":[{"count":50,"href":"https:\/\/chateauhochberg.com\/de\/wp-json\/wp\/v2\/pages\/3245\/revisions"}],"predecessor-version":[{"id":24637,"href":"https:\/\/chateauhochberg.com\/de\/wp-json\/wp\/v2\/pages\/3245\/revisions\/24637"}],"up":[{"embeddable":true,"href":"https:\/\/chateauhochberg.com\/de\/wp-json\/wp\/v2\/pages\/3242"}],"wp:featuredmedia":[{"embeddable":true,"href":"https:\/\/chateauhochberg.com\/de\/wp-json\/wp\/v2\/media\/21000"}],"wp:attachment":[{"href":"https:\/\/chateauhochberg.com\/de\/wp-json\/wp\/v2\/media?parent=3245"}],"curies":[{"name":"wp","href":"https:\/\/api.w.org\/{rel}","templated":true}]}}