{"id":3249,"date":"2016-08-03T10:41:46","date_gmt":"2016-08-03T09:41:46","guid":{"rendered":"http:\/\/www.chateauhochberg.com\/de\/das-hotel\/les-terrasses-du-chateau\/"},"modified":"2026-04-08T13:36:51","modified_gmt":"2026-04-08T12:36:51","slug":"terrasses-du-chateau","status":"publish","type":"page","link":"https:\/\/chateauhochberg.com\/de\/zimmer-und-suiten\/terrasses-du-chateau\/","title":{"rendered":"Terrasses du Ch\u00e2teau"},"content":{"rendered":"<div class=\"wp-block-cover is-light\"><img decoding=\"async\" width=\"4064\" height=\"2709\" class=\"wp-block-cover__image-background wp-image-20961\" alt=\"Chambre Hotel alsace cosy gastronomie romantique vosges du nord bien etre\" src=\"https:\/\/chateauhochberg.com\/wp-content\/uploads\/2025\/01\/Chateau-Hochberg-Chambres-2024-\u00a9-Hirmance-Production-BD-25.jpg\" data-object-fit=\"cover\" srcset=\"https:\/\/chateauhochberg.com\/wp-content\/uploads\/2025\/01\/Chateau-Hochberg-Chambres-2024-\u00a9-Hirmance-Production-BD-25.jpg 4064w, https:\/\/chateauhochberg.com\/wp-content\/uploads\/2025\/01\/Chateau-Hochberg-Chambres-2024-\u00a9-Hirmance-Production-BD-25-800x533.jpg 800w, https:\/\/chateauhochberg.com\/wp-content\/uploads\/2025\/01\/Chateau-Hochberg-Chambres-2024-\u00a9-Hirmance-Production-BD-25-300x200.jpg 300w, https:\/\/chateauhochberg.com\/wp-content\/uploads\/2025\/01\/Chateau-Hochberg-Chambres-2024-\u00a9-Hirmance-Production-BD-25-1024x683.jpg 1024w, https:\/\/chateauhochberg.com\/wp-content\/uploads\/2025\/01\/Chateau-Hochberg-Chambres-2024-\u00a9-Hirmance-Production-BD-25-768x512.jpg 768w, https:\/\/chateauhochberg.com\/wp-content\/uploads\/2025\/01\/Chateau-Hochberg-Chambres-2024-\u00a9-Hirmance-Production-BD-25-1536x1024.jpg 1536w, https:\/\/chateauhochberg.com\/wp-content\/uploads\/2025\/01\/Chateau-Hochberg-Chambres-2024-\u00a9-Hirmance-Production-BD-25-2048x1365.jpg 2048w\" sizes=\"(max-width: 4064px) 100vw, 4064px\" \/><span aria-hidden=\"true\" class=\"wp-block-cover__background has-background-dim-0 has-background-dim\" style=\"background-color:#ccbab2\"><\/span><div class=\"wp-block-cover__inner-container is-layout-flow wp-block-cover-is-layout-flow\"><p class=\"has-text-align-center has-large-font-size\"><\/p><\/div><\/div><div class=\"wp-block-media-text alignwide\"><figure class=\"wp-block-media-text__media\"><img decoding=\"async\" width=\"683\" height=\"1024\" src=\"https:\/\/chateauhochberg.com\/wp-content\/uploads\/2025\/01\/Chateau-Hochberg-Chambres-2024-\u00a9-Hirmance-Production-HD-8-683x1024.jpg\" alt=\"Chambre Hotel alsace cosy gastronomie romantique vosges du nord bien etre\" class=\"wp-image-20967 size-full\" srcset=\"https:\/\/chateauhochberg.com\/wp-content\/uploads\/2025\/01\/Chateau-Hochberg-Chambres-2024-\u00a9-Hirmance-Production-HD-8-683x1024.jpg 683w, https:\/\/chateauhochberg.com\/wp-content\/uploads\/2025\/01\/Chateau-Hochberg-Chambres-2024-\u00a9-Hirmance-Production-HD-8-800x1200.jpg 800w, https:\/\/chateauhochberg.com\/wp-content\/uploads\/2025\/01\/Chateau-Hochberg-Chambres-2024-\u00a9-Hirmance-Production-HD-8-200x300.jpg 200w, https:\/\/chateauhochberg.com\/wp-content\/uploads\/2025\/01\/Chateau-Hochberg-Chambres-2024-\u00a9-Hirmance-Production-HD-8-768x1152.jpg 768w, https:\/\/chateauhochberg.com\/wp-content\/uploads\/2025\/01\/Chateau-Hochberg-Chambres-2024-\u00a9-Hirmance-Production-HD-8-1024x1536.jpg 1024w, https:\/\/chateauhochberg.com\/wp-content\/uploads\/2025\/01\/Chateau-Hochberg-Chambres-2024-\u00a9-Hirmance-Production-HD-8-1365x2048.jpg 1365w\" sizes=\"(max-width: 683px) 100vw, 683px\" \/><\/figure><div class=\"wp-block-media-text__content\"><h2 class=\"wp-block-heading\">Beschreibung<\/h2>\n\n<p>Die&nbsp;<strong>Terrasses du Ch\u00e2teau<\/strong>, haben alle einen kleinen Blakon. Diese vier Zimmer \u00fcberraschen mit einem privaten, wundersch\u00f6nen Ausblick auf den Park.<\/p>\n\n<p>Die f\u00fcnfzehn Zimmer und Suiten in unserem Hotel im Elsass lassen sich je nach Gr\u00f6sse und Einrichtung in vier Kategorien einteilen.<br>Sie sind alle von Licht verw\u00f6hnt und nach drei thematischen Varianten dekoriert:&nbsp;<em>Ombelle<\/em>&nbsp;(Bl\u00fctenk\u00f6rbchen),&nbsp;<em>Venise<\/em>&nbsp;(Venedig) und&nbsp;<em>Dahlia<\/em>&nbsp;(Dahlie).<\/p>\n\n<p>Die Zimmer im Ombelle-Stil mit Gr\u00fcnt\u00f6ne inspirieren sich an Pflanzen- und Blumenmustern, wie Ren\u00e9 <a href=\"https:\/\/fr.lalique.com\/en\" target=\"_blank\" rel=\"noreferrer noopener\">Lalique<\/a> sie so gerne verwendete. Die Venedig-Zimmer sind grafischer gehalten, in Grau- und Silbert\u00f6nen. Die Dahlienzimmer spielen mit satinierten und transparenten Oberfl\u00e4chen, mit sanften Farben, Weiss und Sandt\u00f6nen.<\/p><\/div><\/div><div class=\"wp-block-media-text alignwide has-media-on-the-right\"><div class=\"wp-block-media-text__content\"><h2 class=\"wp-block-heading\">Eckdaten und ausstattung<\/h2>\n\n<ul class=\"wp-block-list\"><li>Zimmer von 19 bis 23 m<sup>2<\/sup><\/li>\n\n<li>Im ersten Stock<\/li>\n\n<li>Badezimmer mit Dusche<\/li>\n\n<li>Minibar<\/li>\n\n<li>Zimmersafe<\/li>\n\n<li>Flat-TV<\/li>\n\n<li>King-Size-Bett (zwei getrennte Betten sind auch m\u00f6glich)<\/li><\/ul><\/div><figure class=\"wp-block-media-text__media\"><img decoding=\"async\" width=\"1024\" height=\"683\" src=\"https:\/\/chateauhochberg.com\/wp-content\/uploads\/2025\/01\/Chateau-Hochberg-Chambres-2024-\u00a9-Hirmance-Production-HD-24-1024x683.jpg\" alt=\"Chambre Hotel alsace cosy gastronomie romantique vosges du nord bien etre\" class=\"wp-image-20970 size-full\" srcset=\"https:\/\/chateauhochberg.com\/wp-content\/uploads\/2025\/01\/Chateau-Hochberg-Chambres-2024-\u00a9-Hirmance-Production-HD-24-1024x683.jpg 1024w, https:\/\/chateauhochberg.com\/wp-content\/uploads\/2025\/01\/Chateau-Hochberg-Chambres-2024-\u00a9-Hirmance-Production-HD-24-800x533.jpg 800w, https:\/\/chateauhochberg.com\/wp-content\/uploads\/2025\/01\/Chateau-Hochberg-Chambres-2024-\u00a9-Hirmance-Production-HD-24-300x200.jpg 300w, https:\/\/chateauhochberg.com\/wp-content\/uploads\/2025\/01\/Chateau-Hochberg-Chambres-2024-\u00a9-Hirmance-Production-HD-24-768x512.jpg 768w, https:\/\/chateauhochberg.com\/wp-content\/uploads\/2025\/01\/Chateau-Hochberg-Chambres-2024-\u00a9-Hirmance-Production-HD-24-1536x1024.jpg 1536w, https:\/\/chateauhochberg.com\/wp-content\/uploads\/2025\/01\/Chateau-Hochberg-Chambres-2024-\u00a9-Hirmance-Production-HD-24-2048x1365.jpg 2048w\" sizes=\"(max-width: 1024px) 100vw, 1024px\" \/><\/figure><\/div><p class=\"has-text-align-center mt-5 has-medium-font-size\"><strong>Ab 210 \u20ac pro Nacht\u2013 2 Pers.*<\/strong><\/p><p class=\"has-text-align-center\">*Fr\u00fchst\u00fcck (23 \u20ac\/ Nacht \/ Pers.) und Steuern nicht eingeschlossen.<\/p><p class=\"has-text-align-center\">Sonderangebote:<\/p><p class=\"has-text-align-center\">*&nbsp;<strong>Halb-Pension im Doppelzimmer<\/strong>&nbsp;ab 2 N\u00e4chten<\/p><p class=\"has-text-align-center\"><strong>Restaurant sind f\u00fcr Personen mit eingeschr\u00e4nkter Mobilit\u00e4t zug\u00e4nglich.<\/strong><\/p><p class=\"has-text-align-center\"><strong>Rauchen ist im Hotel und im <a href=\"https:\/\/chateauhochberg.com\/de\/das-restaurant\/die-karte\/\" target=\"_blank\" rel=\"noreferrer noopener\">Restaurant<\/a> verboten.<\/strong><\/p><p class=\"has-text-align-center\">Auch Ihr Haustier hat ein Recht auf Urlaub. <br>Bei Ihrer Ankunft steht in Ihrem Zimmer ein K\u00f6rbchen und ein Wassernapf bereit. Haustiere sind im Restaurant willkommen.<\/p><p style=\"text-align: center;\"><a  target='_blank' class='btn btn-white-black' href='http:\/\/hotel.reservit.com\/front\/front.do?m=booking&amp;custid=2&amp;langcode=DE&amp;hotelid=253468'>Buchen<\/a>\n<p style=\"text-align: center;\"><a  class='btn btn-white-black' href='\/de\/zimmer-und-suiten'>Zimmer &amp; Suiten<\/a>","protected":false},"excerpt":{"rendered":"<p>Beschreibung Die&nbsp;Terrasses du Ch\u00e2teau, haben alle einen kleinen Blakon. Diese vier Zimmer \u00fcberraschen mit einem privaten, wundersch\u00f6nen Ausblick auf den Park. Die f\u00fcnfzehn Zimmer und Suiten in unserem Hotel im Elsass lassen sich je nach Gr\u00f6sse und Einrichtung in vier Kategorien einteilen.Sie sind alle von Licht verw\u00f6hnt und nach drei thematischen Varianten dekoriert:&nbsp;Ombelle&nbsp;(Bl\u00fctenk\u00f6rbchen),&nbsp;Venise&nbsp;(Venedig) und&nbsp;Dahlia&nbsp;(Dahlie). Die [&hellip;]<\/p>\n","protected":false},"author":1,"featured_media":20961,"parent":3242,"menu_order":0,"comment_status":"closed","ping_status":"closed","template":"page-templates\/fullscreen-img-right-detail.php","meta":{"_acf_changed":false,"footnotes":""},"class_list":["post-3249","page","type-page","status-publish","has-post-thumbnail","hentry"],"acf":[],"yoast_head":"<!-- This site is optimized with the Yoast SEO plugin v25.1 - https:\/\/yoast.com\/wordpress\/plugins\/seo\/ -->\n<title>Terrasses du Ch\u00e2teau - Ch\u00e2teau Hochberg Hotel im Elsass<\/title>\n<meta name=\"description\" content=\"Entdecken Sie die Zimmer des Ch\u00e2teau Hochberg Hotel in Wingen-sur-Moder, die Komfort und Eleganz vereinen und sich ideal f\u00fcr einen unvergesslichen Aufenthalt im Elsass eignen.\" \/>\n<meta name=\"robots\" content=\"index, follow, max-snippet:-1, max-image-preview:large, max-video-preview:-1\" \/>\n<link rel=\"canonical\" href=\"https:\/\/chateauhochberg.com\/de\/zimmer-und-suiten\/terrasses-du-chateau\/\" \/>\n<meta property=\"og:locale\" content=\"de_DE\" \/>\n<meta property=\"og:type\" content=\"article\" \/>\n<meta property=\"og:title\" content=\"Terrasses du Ch\u00e2teau - Ch\u00e2teau Hochberg Hotel im Elsass\" \/>\n<meta property=\"og:description\" content=\"Entdecken Sie die Zimmer des Ch\u00e2teau Hochberg Hotel in Wingen-sur-Moder, die Komfort und Eleganz vereinen und sich ideal f\u00fcr einen unvergesslichen Aufenthalt im Elsass eignen.\" \/>\n<meta property=\"og:url\" content=\"https:\/\/chateauhochberg.com\/de\/zimmer-und-suiten\/terrasses-du-chateau\/\" \/>\n<meta property=\"og:site_name\" content=\"Ch\u00e2teau Hochberg\" \/>\n<meta property=\"article:modified_time\" content=\"2026-04-08T12:36:51+00:00\" \/>\n<meta property=\"og:image\" content=\"https:\/\/chateauhochberg.com\/wp-content\/uploads\/2025\/01\/Chateau-Hochberg-Chambres-2024-\u00a9-Hirmance-Production-BD-25.jpg\" \/>\n\t<meta property=\"og:image:width\" content=\"4064\" \/>\n\t<meta property=\"og:image:height\" content=\"2709\" \/>\n\t<meta property=\"og:image:type\" content=\"image\/jpeg\" \/>\n<meta name=\"twitter:card\" content=\"summary_large_image\" \/>\n<meta name=\"twitter:label1\" content=\"Gesch\u00e4tzte Lesezeit\" \/>\n\t<meta name=\"twitter:data1\" content=\"2\u00a0Minuten\" \/>\n<script type=\"application\/ld+json\" class=\"yoast-schema-graph\">{\"@context\":\"https:\/\/schema.org\",\"@graph\":[{\"@type\":\"WebPage\",\"@id\":\"https:\/\/chateauhochberg.com\/de\/zimmer-und-suiten\/terrasses-du-chateau\/\",\"url\":\"https:\/\/chateauhochberg.com\/de\/zimmer-und-suiten\/terrasses-du-chateau\/\",\"name\":\"Terrasses du Ch\u00e2teau - Ch\u00e2teau Hochberg Hotel im Elsass\",\"isPartOf\":{\"@id\":\"https:\/\/chateauhochberg.com\/en\/#website\"},\"primaryImageOfPage\":{\"@id\":\"https:\/\/chateauhochberg.com\/de\/zimmer-und-suiten\/terrasses-du-chateau\/#primaryimage\"},\"image\":{\"@id\":\"https:\/\/chateauhochberg.com\/de\/zimmer-und-suiten\/terrasses-du-chateau\/#primaryimage\"},\"thumbnailUrl\":\"https:\/\/chateauhochberg.com\/wp-content\/uploads\/2025\/01\/Chateau-Hochberg-Chambres-2024-\u00a9-Hirmance-Production-BD-25.jpg\",\"datePublished\":\"2016-08-03T09:41:46+00:00\",\"dateModified\":\"2026-04-08T12:36:51+00:00\",\"description\":\"Entdecken Sie die Zimmer des Ch\u00e2teau Hochberg Hotel in Wingen-sur-Moder, die Komfort und Eleganz vereinen und sich ideal f\u00fcr einen unvergesslichen Aufenthalt im Elsass eignen.\",\"breadcrumb\":{\"@id\":\"https:\/\/chateauhochberg.com\/de\/zimmer-und-suiten\/terrasses-du-chateau\/#breadcrumb\"},\"inLanguage\":\"de\",\"potentialAction\":[{\"@type\":\"ReadAction\",\"target\":[\"https:\/\/chateauhochberg.com\/de\/zimmer-und-suiten\/terrasses-du-chateau\/\"]}]},{\"@type\":\"ImageObject\",\"inLanguage\":\"de\",\"@id\":\"https:\/\/chateauhochberg.com\/de\/zimmer-und-suiten\/terrasses-du-chateau\/#primaryimage\",\"url\":\"https:\/\/chateauhochberg.com\/wp-content\/uploads\/2025\/01\/Chateau-Hochberg-Chambres-2024-\u00a9-Hirmance-Production-BD-25.jpg\",\"contentUrl\":\"https:\/\/chateauhochberg.com\/wp-content\/uploads\/2025\/01\/Chateau-Hochberg-Chambres-2024-\u00a9-Hirmance-Production-BD-25.jpg\",\"width\":4064,\"height\":2709,\"caption\":\"Chambre Hotel alsace cosy gastronomie romantique vosges du nord bien etre\"},{\"@type\":\"BreadcrumbList\",\"@id\":\"https:\/\/chateauhochberg.com\/de\/zimmer-und-suiten\/terrasses-du-chateau\/#breadcrumb\",\"itemListElement\":[{\"@type\":\"ListItem\",\"position\":1,\"name\":\"Accueil\",\"item\":\"https:\/\/chateauhochberg.com\/de\/\"},{\"@type\":\"ListItem\",\"position\":2,\"name\":\"Zimmer und Suiten\",\"item\":\"https:\/\/chateauhochberg.com\/de\/zimmer-und-suiten\/\"},{\"@type\":\"ListItem\",\"position\":3,\"name\":\"Terrasses du Ch\u00e2teau\"}]},{\"@type\":\"WebSite\",\"@id\":\"https:\/\/chateauhochberg.com\/en\/#website\",\"url\":\"https:\/\/chateauhochberg.com\/en\/\",\"name\":\"Ch\u00e2teau Hochberg - By Lalique\",\"description\":\"H\u00f4tel &amp; Restaurant\",\"alternateName\":\"CHOCH\",\"potentialAction\":[{\"@type\":\"SearchAction\",\"target\":{\"@type\":\"EntryPoint\",\"urlTemplate\":\"https:\/\/chateauhochberg.com\/en\/?s={search_term_string}\"},\"query-input\":{\"@type\":\"PropertyValueSpecification\",\"valueRequired\":true,\"valueName\":\"search_term_string\"}}],\"inLanguage\":\"de\"}]}<\/script>\n<!-- \/ Yoast SEO plugin. -->","yoast_head_json":{"title":"Terrasses du Ch\u00e2teau - Ch\u00e2teau Hochberg Hotel im Elsass","description":"Entdecken Sie die Zimmer des Ch\u00e2teau Hochberg Hotel in Wingen-sur-Moder, die Komfort und Eleganz vereinen und sich ideal f\u00fcr einen unvergesslichen Aufenthalt im Elsass eignen.","robots":{"index":"index","follow":"follow","max-snippet":"max-snippet:-1","max-image-preview":"max-image-preview:large","max-video-preview":"max-video-preview:-1"},"canonical":"https:\/\/chateauhochberg.com\/de\/zimmer-und-suiten\/terrasses-du-chateau\/","og_locale":"de_DE","og_type":"article","og_title":"Terrasses du Ch\u00e2teau - Ch\u00e2teau Hochberg Hotel im Elsass","og_description":"Entdecken Sie die Zimmer des Ch\u00e2teau Hochberg Hotel in Wingen-sur-Moder, die Komfort und Eleganz vereinen und sich ideal f\u00fcr einen unvergesslichen Aufenthalt im Elsass eignen.","og_url":"https:\/\/chateauhochberg.com\/de\/zimmer-und-suiten\/terrasses-du-chateau\/","og_site_name":"Ch\u00e2teau Hochberg","article_modified_time":"2026-04-08T12:36:51+00:00","og_image":[{"width":4064,"height":2709,"url":"https:\/\/chateauhochberg.com\/wp-content\/uploads\/2025\/01\/Chateau-Hochberg-Chambres-2024-\u00a9-Hirmance-Production-BD-25.jpg","type":"image\/jpeg"}],"twitter_card":"summary_large_image","twitter_misc":{"Gesch\u00e4tzte Lesezeit":"2\u00a0Minuten"},"schema":{"@context":"https:\/\/schema.org","@graph":[{"@type":"WebPage","@id":"https:\/\/chateauhochberg.com\/de\/zimmer-und-suiten\/terrasses-du-chateau\/","url":"https:\/\/chateauhochberg.com\/de\/zimmer-und-suiten\/terrasses-du-chateau\/","name":"Terrasses du Ch\u00e2teau - Ch\u00e2teau Hochberg Hotel im Elsass","isPartOf":{"@id":"https:\/\/chateauhochberg.com\/en\/#website"},"primaryImageOfPage":{"@id":"https:\/\/chateauhochberg.com\/de\/zimmer-und-suiten\/terrasses-du-chateau\/#primaryimage"},"image":{"@id":"https:\/\/chateauhochberg.com\/de\/zimmer-und-suiten\/terrasses-du-chateau\/#primaryimage"},"thumbnailUrl":"https:\/\/chateauhochberg.com\/wp-content\/uploads\/2025\/01\/Chateau-Hochberg-Chambres-2024-\u00a9-Hirmance-Production-BD-25.jpg","datePublished":"2016-08-03T09:41:46+00:00","dateModified":"2026-04-08T12:36:51+00:00","description":"Entdecken Sie die Zimmer des Ch\u00e2teau Hochberg Hotel in Wingen-sur-Moder, die Komfort und Eleganz vereinen und sich ideal f\u00fcr einen unvergesslichen Aufenthalt im Elsass eignen.","breadcrumb":{"@id":"https:\/\/chateauhochberg.com\/de\/zimmer-und-suiten\/terrasses-du-chateau\/#breadcrumb"},"inLanguage":"de","potentialAction":[{"@type":"ReadAction","target":["https:\/\/chateauhochberg.com\/de\/zimmer-und-suiten\/terrasses-du-chateau\/"]}]},{"@type":"ImageObject","inLanguage":"de","@id":"https:\/\/chateauhochberg.com\/de\/zimmer-und-suiten\/terrasses-du-chateau\/#primaryimage","url":"https:\/\/chateauhochberg.com\/wp-content\/uploads\/2025\/01\/Chateau-Hochberg-Chambres-2024-\u00a9-Hirmance-Production-BD-25.jpg","contentUrl":"https:\/\/chateauhochberg.com\/wp-content\/uploads\/2025\/01\/Chateau-Hochberg-Chambres-2024-\u00a9-Hirmance-Production-BD-25.jpg","width":4064,"height":2709,"caption":"Chambre Hotel alsace cosy gastronomie romantique vosges du nord bien etre"},{"@type":"BreadcrumbList","@id":"https:\/\/chateauhochberg.com\/de\/zimmer-und-suiten\/terrasses-du-chateau\/#breadcrumb","itemListElement":[{"@type":"ListItem","position":1,"name":"Accueil","item":"https:\/\/chateauhochberg.com\/de\/"},{"@type":"ListItem","position":2,"name":"Zimmer und Suiten","item":"https:\/\/chateauhochberg.com\/de\/zimmer-und-suiten\/"},{"@type":"ListItem","position":3,"name":"Terrasses du Ch\u00e2teau"}]},{"@type":"WebSite","@id":"https:\/\/chateauhochberg.com\/en\/#website","url":"https:\/\/chateauhochberg.com\/en\/","name":"Ch\u00e2teau Hochberg - By Lalique","description":"H\u00f4tel &amp; Restaurant","alternateName":"CHOCH","potentialAction":[{"@type":"SearchAction","target":{"@type":"EntryPoint","urlTemplate":"https:\/\/chateauhochberg.com\/en\/?s={search_term_string}"},"query-input":{"@type":"PropertyValueSpecification","valueRequired":true,"valueName":"search_term_string"}}],"inLanguage":"de"}]}},"_links":{"self":[{"href":"https:\/\/chateauhochberg.com\/de\/wp-json\/wp\/v2\/pages\/3249","targetHints":{"allow":["GET"]}}],"collection":[{"href":"https:\/\/chateauhochberg.com\/de\/wp-json\/wp\/v2\/pages"}],"about":[{"href":"https:\/\/chateauhochberg.com\/de\/wp-json\/wp\/v2\/types\/page"}],"author":[{"embeddable":true,"href":"https:\/\/chateauhochberg.com\/de\/wp-json\/wp\/v2\/users\/1"}],"replies":[{"embeddable":true,"href":"https:\/\/chateauhochberg.com\/de\/wp-json\/wp\/v2\/comments?post=3249"}],"version-history":[{"count":42,"href":"https:\/\/chateauhochberg.com\/de\/wp-json\/wp\/v2\/pages\/3249\/revisions"}],"predecessor-version":[{"id":24636,"href":"https:\/\/chateauhochberg.com\/de\/wp-json\/wp\/v2\/pages\/3249\/revisions\/24636"}],"up":[{"embeddable":true,"href":"https:\/\/chateauhochberg.com\/de\/wp-json\/wp\/v2\/pages\/3242"}],"wp:featuredmedia":[{"embeddable":true,"href":"https:\/\/chateauhochberg.com\/de\/wp-json\/wp\/v2\/media\/20961"}],"wp:attachment":[{"href":"https:\/\/chateauhochberg.com\/de\/wp-json\/wp\/v2\/media?parent=3249"}],"curies":[{"name":"wp","href":"https:\/\/api.w.org\/{rel}","templated":true}]}}