{"id":3277,"date":"2016-08-04T15:24:13","date_gmt":"2016-08-04T14:24:13","guid":{"rendered":"http:\/\/www.chateauhochberg.com\/de\/le-restaurant\/les-chefs\/"},"modified":"2025-01-29T14:35:10","modified_gmt":"2025-01-29T13:35:10","slug":"chef-arnaud-barberis-2","status":"publish","type":"page","link":"https:\/\/chateauhochberg.com\/de\/das-restaurant\/chef-arnaud-barberis-2\/","title":{"rendered":"Chef Arnaud Barberis"},"content":{"rendered":"<div class=\"row full-screen-height container-center\">\n<div class=\"col-md-6 full-screen-height pull-right\">\n<div class=\"content-center-center text-center \">\n<h3 style=\"font-size: 40px;\">CHEF ARNAUD BARBERIS<\/h3>\n<p>Seit Juni 2017 ist Arnaud Barberis der neue Chef des Ch\u00e2teau Hochberg.<\/p>\n<p>Arnaud Barberis wurde in S\u00fcdfrankreich geboren. Er hat ein grosses Faible f\u00fcr mediterrane Produkte und die K\u00fcche aus seiner Kindheit und Jugendzeit. Mit 23 Jahren zog es den gelernten Koch Barberis nach England, wo er in der N\u00e4he von London 1994 seine berufliche Laufbahn startete. Nach sechs Jahren in Grossbritannien, zun\u00e4chst als Chef P\u00e2tissier und dann als Second de Cuisine, kehrt er nach Frankreich zur\u00fcck, wo er bei J\u00e9r\u00f4me Daull im Relais de la Poste in La Wantzenau (1 Michelin-Stern) als Chef anheuert. 2007 zieht Arnaud Barberis nach Saulxures ins Restaurant-H\u00f4tel La Belle Vue und lernt dort Val\u00e9rie Boulanger kennen, die Gerantin des Hauses. 2010 entscheiden sich die beiden, ein gemeinsames Restaurant im Herzen von Strassburg zu er\u00f6ffnen: das Bistrot des Arts. Sieben Jahre lang hat Barberis dort seine G\u00e4ste mit seiner franz\u00f6sischen Saisonk\u00fcche bekocht.<\/p>\n<p>Auch in der K\u00fcche des Ch\u00e2teau Hochberg verw\u00f6hnen Chef Arnaud Barberis und sein Team die G\u00e4ste mit raffinierten, saisonalen und dennoch preislich attraktiven Gerichten, f\u00fcr die er gerne Produkte aus der Region verwendet. Die Inspiration f\u00fcr seine Speisekarte findet Arnaud Barberis auf seinen Reisen durch die ganze Welt. Und auch seine Erinnerungen an die Gegend seiner Kindheit integriert er gekonnt in die marktfrischen Gerichte. Im elegant-legeren Restaurant bereitet Val\u00e9rie Boulanger den G\u00e4sten einen herzlichen Empfang.<\/p>\n\n<\/div>\n<\/div>\n<div class=\"col-md-6 full-screen-height\" style=\"background: url('\/wp-content\/uploads\/2025\/01\/Chateau-Hochberg-Arnaud-Barberis-2024-\u00a9-Hirmance-Production-BD-8-1.jpg') center center; background-size: cover!important;\">\u00a0<\/div>\n<\/div>","protected":false},"excerpt":{"rendered":"<p>CHEF ARNAUD BARBERIS \u00a0<\/p>\n","protected":false},"author":1,"featured_media":0,"parent":3269,"menu_order":0,"comment_status":"closed","ping_status":"closed","template":"page-without-title-page.php","meta":{"_acf_changed":false,"footnotes":""},"class_list":["post-3277","page","type-page","status-publish","hentry"],"acf":[],"yoast_head":"<!-- This site is optimized with the Yoast SEO plugin v25.1 - https:\/\/yoast.com\/wordpress\/plugins\/seo\/ -->\n<title>Chef Arnaud Barberis - Ch\u00e2teau Hochberg<\/title>\n<meta name=\"description\" content=\"Chef Arnaud Barberis steht an der Spitze der K\u00fcchen im Ch\u00e2teau Hochberg. Der K\u00fcchenchef bietet Gerichte mit verschiedenen Inspirationen, die auf regionalen saisonalen Produkten basieren.\" \/>\n<meta name=\"robots\" content=\"index, follow, max-snippet:-1, max-image-preview:large, max-video-preview:-1\" \/>\n<link rel=\"canonical\" href=\"https:\/\/chateauhochberg.com\/de\/das-restaurant\/chef-arnaud-barberis-2\/\" \/>\n<meta property=\"og:locale\" content=\"de_DE\" \/>\n<meta property=\"og:type\" content=\"article\" \/>\n<meta property=\"og:title\" content=\"Chef Arnaud Barberis - Ch\u00e2teau Hochberg\" \/>\n<meta property=\"og:description\" content=\"Chef Arnaud Barberis steht an der Spitze der K\u00fcchen im Ch\u00e2teau Hochberg. Der K\u00fcchenchef bietet Gerichte mit verschiedenen Inspirationen, die auf regionalen saisonalen Produkten basieren.\" \/>\n<meta property=\"og:url\" content=\"https:\/\/chateauhochberg.com\/de\/das-restaurant\/chef-arnaud-barberis-2\/\" \/>\n<meta property=\"og:site_name\" content=\"Ch\u00e2teau Hochberg\" \/>\n<meta property=\"article:modified_time\" content=\"2025-01-29T13:35:10+00:00\" \/>\n<meta name=\"twitter:card\" content=\"summary_large_image\" \/>\n<meta name=\"twitter:label1\" content=\"Gesch\u00e4tzte Lesezeit\" \/>\n\t<meta name=\"twitter:data1\" content=\"2\u00a0Minuten\" \/>\n<script type=\"application\/ld+json\" class=\"yoast-schema-graph\">{\"@context\":\"https:\/\/schema.org\",\"@graph\":[{\"@type\":\"WebPage\",\"@id\":\"https:\/\/chateauhochberg.com\/de\/das-restaurant\/chef-arnaud-barberis-2\/\",\"url\":\"https:\/\/chateauhochberg.com\/de\/das-restaurant\/chef-arnaud-barberis-2\/\",\"name\":\"Chef Arnaud Barberis - Ch\u00e2teau Hochberg\",\"isPartOf\":{\"@id\":\"https:\/\/chateauhochberg.com\/en\/#website\"},\"datePublished\":\"2016-08-04T14:24:13+00:00\",\"dateModified\":\"2025-01-29T13:35:10+00:00\",\"description\":\"Chef Arnaud Barberis steht an der Spitze der K\u00fcchen im Ch\u00e2teau Hochberg. Der K\u00fcchenchef bietet Gerichte mit verschiedenen Inspirationen, die auf regionalen saisonalen Produkten basieren.\",\"breadcrumb\":{\"@id\":\"https:\/\/chateauhochberg.com\/de\/das-restaurant\/chef-arnaud-barberis-2\/#breadcrumb\"},\"inLanguage\":\"de\",\"potentialAction\":[{\"@type\":\"ReadAction\",\"target\":[\"https:\/\/chateauhochberg.com\/de\/das-restaurant\/chef-arnaud-barberis-2\/\"]}]},{\"@type\":\"BreadcrumbList\",\"@id\":\"https:\/\/chateauhochberg.com\/de\/das-restaurant\/chef-arnaud-barberis-2\/#breadcrumb\",\"itemListElement\":[{\"@type\":\"ListItem\",\"position\":1,\"name\":\"Accueil\",\"item\":\"https:\/\/chateauhochberg.com\/de\/\"},{\"@type\":\"ListItem\",\"position\":2,\"name\":\"Das Restaurant\",\"item\":\"https:\/\/chateauhochberg.com\/de\/das-restaurant\/\"},{\"@type\":\"ListItem\",\"position\":3,\"name\":\"Chef Arnaud Barberis\"}]},{\"@type\":\"WebSite\",\"@id\":\"https:\/\/chateauhochberg.com\/en\/#website\",\"url\":\"https:\/\/chateauhochberg.com\/en\/\",\"name\":\"Ch\u00e2teau Hochberg - By Lalique\",\"description\":\"H\u00f4tel &amp; Restaurant\",\"alternateName\":\"CHOCH\",\"potentialAction\":[{\"@type\":\"SearchAction\",\"target\":{\"@type\":\"EntryPoint\",\"urlTemplate\":\"https:\/\/chateauhochberg.com\/en\/?s={search_term_string}\"},\"query-input\":{\"@type\":\"PropertyValueSpecification\",\"valueRequired\":true,\"valueName\":\"search_term_string\"}}],\"inLanguage\":\"de\"}]}<\/script>\n<!-- \/ Yoast SEO plugin. -->","yoast_head_json":{"title":"Chef Arnaud Barberis - Ch\u00e2teau Hochberg","description":"Chef Arnaud Barberis steht an der Spitze der K\u00fcchen im Ch\u00e2teau Hochberg. Der K\u00fcchenchef bietet Gerichte mit verschiedenen Inspirationen, die auf regionalen saisonalen Produkten basieren.","robots":{"index":"index","follow":"follow","max-snippet":"max-snippet:-1","max-image-preview":"max-image-preview:large","max-video-preview":"max-video-preview:-1"},"canonical":"https:\/\/chateauhochberg.com\/de\/das-restaurant\/chef-arnaud-barberis-2\/","og_locale":"de_DE","og_type":"article","og_title":"Chef Arnaud Barberis - Ch\u00e2teau Hochberg","og_description":"Chef Arnaud Barberis steht an der Spitze der K\u00fcchen im Ch\u00e2teau Hochberg. Der K\u00fcchenchef bietet Gerichte mit verschiedenen Inspirationen, die auf regionalen saisonalen Produkten basieren.","og_url":"https:\/\/chateauhochberg.com\/de\/das-restaurant\/chef-arnaud-barberis-2\/","og_site_name":"Ch\u00e2teau Hochberg","article_modified_time":"2025-01-29T13:35:10+00:00","twitter_card":"summary_large_image","twitter_misc":{"Gesch\u00e4tzte Lesezeit":"2\u00a0Minuten"},"schema":{"@context":"https:\/\/schema.org","@graph":[{"@type":"WebPage","@id":"https:\/\/chateauhochberg.com\/de\/das-restaurant\/chef-arnaud-barberis-2\/","url":"https:\/\/chateauhochberg.com\/de\/das-restaurant\/chef-arnaud-barberis-2\/","name":"Chef Arnaud Barberis - Ch\u00e2teau Hochberg","isPartOf":{"@id":"https:\/\/chateauhochberg.com\/en\/#website"},"datePublished":"2016-08-04T14:24:13+00:00","dateModified":"2025-01-29T13:35:10+00:00","description":"Chef Arnaud Barberis steht an der Spitze der K\u00fcchen im Ch\u00e2teau Hochberg. Der K\u00fcchenchef bietet Gerichte mit verschiedenen Inspirationen, die auf regionalen saisonalen Produkten basieren.","breadcrumb":{"@id":"https:\/\/chateauhochberg.com\/de\/das-restaurant\/chef-arnaud-barberis-2\/#breadcrumb"},"inLanguage":"de","potentialAction":[{"@type":"ReadAction","target":["https:\/\/chateauhochberg.com\/de\/das-restaurant\/chef-arnaud-barberis-2\/"]}]},{"@type":"BreadcrumbList","@id":"https:\/\/chateauhochberg.com\/de\/das-restaurant\/chef-arnaud-barberis-2\/#breadcrumb","itemListElement":[{"@type":"ListItem","position":1,"name":"Accueil","item":"https:\/\/chateauhochberg.com\/de\/"},{"@type":"ListItem","position":2,"name":"Das Restaurant","item":"https:\/\/chateauhochberg.com\/de\/das-restaurant\/"},{"@type":"ListItem","position":3,"name":"Chef Arnaud Barberis"}]},{"@type":"WebSite","@id":"https:\/\/chateauhochberg.com\/en\/#website","url":"https:\/\/chateauhochberg.com\/en\/","name":"Ch\u00e2teau Hochberg - By Lalique","description":"H\u00f4tel &amp; Restaurant","alternateName":"CHOCH","potentialAction":[{"@type":"SearchAction","target":{"@type":"EntryPoint","urlTemplate":"https:\/\/chateauhochberg.com\/en\/?s={search_term_string}"},"query-input":{"@type":"PropertyValueSpecification","valueRequired":true,"valueName":"search_term_string"}}],"inLanguage":"de"}]}},"_links":{"self":[{"href":"https:\/\/chateauhochberg.com\/de\/wp-json\/wp\/v2\/pages\/3277","targetHints":{"allow":["GET"]}}],"collection":[{"href":"https:\/\/chateauhochberg.com\/de\/wp-json\/wp\/v2\/pages"}],"about":[{"href":"https:\/\/chateauhochberg.com\/de\/wp-json\/wp\/v2\/types\/page"}],"author":[{"embeddable":true,"href":"https:\/\/chateauhochberg.com\/de\/wp-json\/wp\/v2\/users\/1"}],"replies":[{"embeddable":true,"href":"https:\/\/chateauhochberg.com\/de\/wp-json\/wp\/v2\/comments?post=3277"}],"version-history":[{"count":20,"href":"https:\/\/chateauhochberg.com\/de\/wp-json\/wp\/v2\/pages\/3277\/revisions"}],"predecessor-version":[{"id":21090,"href":"https:\/\/chateauhochberg.com\/de\/wp-json\/wp\/v2\/pages\/3277\/revisions\/21090"}],"up":[{"embeddable":true,"href":"https:\/\/chateauhochberg.com\/de\/wp-json\/wp\/v2\/pages\/3269"}],"wp:attachment":[{"href":"https:\/\/chateauhochberg.com\/de\/wp-json\/wp\/v2\/media?parent=3277"}],"curies":[{"name":"wp","href":"https:\/\/api.w.org\/{rel}","templated":true}]}}