{"id":3286,"date":"2016-08-04T15:39:53","date_gmt":"2016-08-04T14:39:53","guid":{"rendered":"http:\/\/www.chateauhochberg.com\/de\/le-restaurant\/la-salle\/"},"modified":"2026-04-08T13:51:28","modified_gmt":"2026-04-08T12:51:28","slug":"das-restaurant-und-die-terrasse-lalique","status":"publish","type":"page","link":"https:\/\/chateauhochberg.com\/de\/das-restaurant\/das-restaurant-und-die-terrasse-lalique\/","title":{"rendered":"DAS RESTAURANT &#038; DIE TERRASSE"},"content":{"rendered":"<div class=\"wp-block-cover is-light\"><img decoding=\"async\" width=\"3024\" height=\"2016\" class=\"wp-block-cover__image-background wp-image-20922\" alt=\"restaurant hotel en alsace chef arnaud barberis, cuisine gourmande de saison vosges du nord\" src=\"https:\/\/chateauhochberg.com\/wp-content\/uploads\/2025\/01\/Chateau-Hochberg-Restaurant-2024-\u00a9-Hirmance-Production-BD-2.jpg\" data-object-fit=\"cover\" srcset=\"https:\/\/chateauhochberg.com\/wp-content\/uploads\/2025\/01\/Chateau-Hochberg-Restaurant-2024-\u00a9-Hirmance-Production-BD-2.jpg 3024w, https:\/\/chateauhochberg.com\/wp-content\/uploads\/2025\/01\/Chateau-Hochberg-Restaurant-2024-\u00a9-Hirmance-Production-BD-2-800x533.jpg 800w, https:\/\/chateauhochberg.com\/wp-content\/uploads\/2025\/01\/Chateau-Hochberg-Restaurant-2024-\u00a9-Hirmance-Production-BD-2-300x200.jpg 300w, https:\/\/chateauhochberg.com\/wp-content\/uploads\/2025\/01\/Chateau-Hochberg-Restaurant-2024-\u00a9-Hirmance-Production-BD-2-1024x683.jpg 1024w, https:\/\/chateauhochberg.com\/wp-content\/uploads\/2025\/01\/Chateau-Hochberg-Restaurant-2024-\u00a9-Hirmance-Production-BD-2-768x512.jpg 768w, https:\/\/chateauhochberg.com\/wp-content\/uploads\/2025\/01\/Chateau-Hochberg-Restaurant-2024-\u00a9-Hirmance-Production-BD-2-1536x1024.jpg 1536w, https:\/\/chateauhochberg.com\/wp-content\/uploads\/2025\/01\/Chateau-Hochberg-Restaurant-2024-\u00a9-Hirmance-Production-BD-2-2048x1365.jpg 2048w\" sizes=\"(max-width: 3024px) 100vw, 3024px\" \/><span aria-hidden=\"true\" class=\"wp-block-cover__background has-background-dim-0 has-background-dim\" style=\"background-color:#a9a197\"><\/span><div class=\"wp-block-cover__inner-container is-layout-flow wp-block-cover-is-layout-flow\"><p class=\"has-text-align-center has-large-font-size\"><\/p><\/div><\/div><div class=\"wp-block-media-text alignwide\"><figure class=\"wp-block-media-text__media\"><img decoding=\"async\" width=\"1024\" height=\"683\" src=\"https:\/\/chateauhochberg.com\/wp-content\/uploads\/2024\/12\/Chateau-Hochberg-Restaurant-2024-\u00a9-Hirmance-Production-BD-8-1024x683.jpg\" alt=\"restaurant chef arnaud barberis alsace vosges du nord gourmand bistronomique table avec serveuse\" class=\"wp-image-20625 size-full\" srcset=\"https:\/\/chateauhochberg.com\/wp-content\/uploads\/2024\/12\/Chateau-Hochberg-Restaurant-2024-\u00a9-Hirmance-Production-BD-8-1024x683.jpg 1024w, https:\/\/chateauhochberg.com\/wp-content\/uploads\/2024\/12\/Chateau-Hochberg-Restaurant-2024-\u00a9-Hirmance-Production-BD-8-800x533.jpg 800w, https:\/\/chateauhochberg.com\/wp-content\/uploads\/2024\/12\/Chateau-Hochberg-Restaurant-2024-\u00a9-Hirmance-Production-BD-8-300x200.jpg 300w, https:\/\/chateauhochberg.com\/wp-content\/uploads\/2024\/12\/Chateau-Hochberg-Restaurant-2024-\u00a9-Hirmance-Production-BD-8-768x512.jpg 768w, https:\/\/chateauhochberg.com\/wp-content\/uploads\/2024\/12\/Chateau-Hochberg-Restaurant-2024-\u00a9-Hirmance-Production-BD-8-1536x1024.jpg 1536w, https:\/\/chateauhochberg.com\/wp-content\/uploads\/2024\/12\/Chateau-Hochberg-Restaurant-2024-\u00a9-Hirmance-Production-BD-8-2048x1365.jpg 2048w\" sizes=\"(max-width: 1024px) 100vw, 1024px\" \/><\/figure><div class=\"wp-block-media-text__content\"><p class=\"has-normal-font-size\">Das <a href=\"https:\/\/chateauhochberg.com\/de\/das-restaurant\/die-karte\/\" target=\"_blank\" rel=\"noreferrer noopener\">Restaurant<\/a> des Ch\u00e2teau Hochberg by <a href=\"https:\/\/fr.lalique.com\/en\">Lalique<\/a> umfasst die drei Speises\u00e4le&nbsp;<em>Dahlia<\/em>,&nbsp;<em>Ombelle<\/em>&nbsp;und&nbsp;<em>Venise<\/em>, die ineinander \u00fcbergehen und ein angenehmes, einladendes Umfeld f\u00fcr die G\u00e4ste bieten.<\/p><\/div><\/div><div class=\"wp-block-media-text alignwide has-media-on-the-right\"><div class=\"wp-block-media-text__content\"><p>Der Saal&nbsp;<em>Dahlia&nbsp;<\/em>liegt im hinteren Teil des Schlosses und zeichnet sich durch einen pr\u00e4chtigen alten Kamin mit Spiegelaufbau aus. Im riesigen von Dahlien ges\u00e4umten Spiegel spielt das Licht mit dem vielf\u00e4ltigen Gr\u00fcn des Parks, so dass in diesem Raum eine ganz besonders reizvolle Stimmung entsteht. Auf die Parkanlagen vor dem Schloss hinaus liegt im Westen der Saal&nbsp;Ombelle, dessen Name eine Reminiszenz an die leichten, poetischen Motive auf seinen Paneelen ist. Orgue heisst der dreireihige Kronleuchter, der diesen Raum pr\u00e4gt und ihn in sanftes Licht h\u00fcllt.&nbsp;Venise&nbsp;schliesslich ist der Name des dritten Saals, in Anlehnung an das Motiv auf seiner Paneele und als Erinnerung an eine Leidenschaft des Gr\u00fcnders der Lalique Manufaktur: das Reisen.<\/p><\/div><figure class=\"wp-block-media-text__media\"><img decoding=\"async\" width=\"1024\" height=\"683\" src=\"https:\/\/chateauhochberg.com\/wp-content\/uploads\/2025\/01\/Chateau-Hochberg-Restaurant-2024-\u00a9-Hirmance-Production-BD-31-1024x683.jpg\" alt=\"restaurant gourmand alsace hotel sejour chef arnaud barberis\" class=\"wp-image-20928 size-full\" srcset=\"https:\/\/chateauhochberg.com\/wp-content\/uploads\/2025\/01\/Chateau-Hochberg-Restaurant-2024-\u00a9-Hirmance-Production-BD-31-1024x683.jpg 1024w, https:\/\/chateauhochberg.com\/wp-content\/uploads\/2025\/01\/Chateau-Hochberg-Restaurant-2024-\u00a9-Hirmance-Production-BD-31-800x533.jpg 800w, https:\/\/chateauhochberg.com\/wp-content\/uploads\/2025\/01\/Chateau-Hochberg-Restaurant-2024-\u00a9-Hirmance-Production-BD-31-300x200.jpg 300w, https:\/\/chateauhochberg.com\/wp-content\/uploads\/2025\/01\/Chateau-Hochberg-Restaurant-2024-\u00a9-Hirmance-Production-BD-31-768x512.jpg 768w, https:\/\/chateauhochberg.com\/wp-content\/uploads\/2025\/01\/Chateau-Hochberg-Restaurant-2024-\u00a9-Hirmance-Production-BD-31-1536x1024.jpg 1536w, https:\/\/chateauhochberg.com\/wp-content\/uploads\/2025\/01\/Chateau-Hochberg-Restaurant-2024-\u00a9-Hirmance-Production-BD-31-2048x1365.jpg 2048w\" sizes=\"(max-width: 1024px) 100vw, 1024px\" \/><\/figure><\/div><div class=\"wp-block-media-text alignwide\"><figure class=\"wp-block-media-text__media\"><img decoding=\"async\" width=\"1024\" height=\"683\" src=\"https:\/\/chateauhochberg.com\/wp-content\/uploads\/2025\/01\/Chateau-Hochberg-Terrasse-\u00a9-Douzal-6-1024x683.jpg\" alt=\"terrasse exterieur soleil restaurant strasbourg alsace vosges du nord chef arnaud barberis \" class=\"wp-image-20919 size-full\" srcset=\"https:\/\/chateauhochberg.com\/wp-content\/uploads\/2025\/01\/Chateau-Hochberg-Terrasse-\u00a9-Douzal-6-1024x683.jpg 1024w, https:\/\/chateauhochberg.com\/wp-content\/uploads\/2025\/01\/Chateau-Hochberg-Terrasse-\u00a9-Douzal-6-800x533.jpg 800w, https:\/\/chateauhochberg.com\/wp-content\/uploads\/2025\/01\/Chateau-Hochberg-Terrasse-\u00a9-Douzal-6-300x200.jpg 300w, https:\/\/chateauhochberg.com\/wp-content\/uploads\/2025\/01\/Chateau-Hochberg-Terrasse-\u00a9-Douzal-6-768x512.jpg 768w, https:\/\/chateauhochberg.com\/wp-content\/uploads\/2025\/01\/Chateau-Hochberg-Terrasse-\u00a9-Douzal-6-1536x1024.jpg 1536w, https:\/\/chateauhochberg.com\/wp-content\/uploads\/2025\/01\/Chateau-Hochberg-Terrasse-\u00a9-Douzal-6-2048x1365.jpg 2048w\" sizes=\"(max-width: 1024px) 100vw, 1024px\" \/><\/figure><div class=\"wp-block-media-text__content\"><p>Alle drei R\u00e4ume sind elegant m\u00f6bliert, und ganz der Tradition des Hauses Lalique entsprechend spielen die Materialien mit dem Licht, was ebenfalls zur angenehmen Stimmung beitr\u00e4gt.<\/p>\n\n<p>Tische, St\u00fchle und Anrichten aus dunklem Holz sowie die grafischen Linien wurden in edlen Materialien, wie amerikanischem Nussbaum, speziell f\u00fcr das Ch\u00e2teau umgesetzt.<\/p>\n\n<p>Das Gesamtbild wird mit Objekten von Lalique geschmackvoll abgerundet. Besonders erw\u00e4hnenswert: die Kristallplatten&nbsp;<em>Eternal<\/em>, die in Zusammenarbeit mit dem weltweit bekannten zeitgen\u00f6ssischen britischen K\u00fcnstler Damien Hirst entstanden sind und den Schmetterling zelebrieren. Die Schmetterlinge von Damien Hirst verleihen diesen R\u00e4umen Farbe, Leben und eine k\u00fcnstlerische Note.<\/p>\n\n<p>Im Sommer genie\u00dfen Sie auch unsere schattige Terrasse auf der R\u00fcckseite des Schlosses, im Park.<\/p><\/div><\/div><p class=\"has-text-align-center mb-5 mt-5\"><strong>Unser <a href=\"https:\/\/chateauhochberg.com\/de\/zimmer-und-suiten\/\" target=\"_blank\" rel=\"noreferrer noopener\">Hotel<\/a> und unser Restaurant sind f\u00fcr Personen mit eingeschr\u00e4nkter Mobilit\u00e4t zug\u00e4nglich. Rauchen ist im Hotel und im Restaurant verboten. <\/strong><br><strong>Haustiere sind im Ch\u00e2teau Hochberg willkommen.<\/strong><\/p><figure class=\"wp-block-gallery has-nested-images columns-4 is-cropped wp-block-gallery-1 is-layout-flex wp-block-gallery-is-layout-flex\"><figure class=\"wp-block-image size-large\"><img decoding=\"async\" width=\"1024\" height=\"683\" data-id=\"7052\" src=\"https:\/\/chateauhochberg.com\/wp-content\/uploads\/2020\/09\/Chateau-Hochberg-terrasse-Karine-Faby-4-1024x683.jpg\" alt=\"\" class=\"wp-image-7052\" srcset=\"https:\/\/chateauhochberg.com\/wp-content\/uploads\/2020\/09\/Chateau-Hochberg-terrasse-Karine-Faby-4-1024x683.jpg 1024w, https:\/\/chateauhochberg.com\/wp-content\/uploads\/2020\/09\/Chateau-Hochberg-terrasse-Karine-Faby-4-800x534.jpg 800w, https:\/\/chateauhochberg.com\/wp-content\/uploads\/2020\/09\/Chateau-Hochberg-terrasse-Karine-Faby-4-300x200.jpg 300w, https:\/\/chateauhochberg.com\/wp-content\/uploads\/2020\/09\/Chateau-Hochberg-terrasse-Karine-Faby-4-768x512.jpg 768w, https:\/\/chateauhochberg.com\/wp-content\/uploads\/2020\/09\/Chateau-Hochberg-terrasse-Karine-Faby-4-1536x1025.jpg 1536w, https:\/\/chateauhochberg.com\/wp-content\/uploads\/2020\/09\/Chateau-Hochberg-terrasse-Karine-Faby-4.jpg 1703w\" sizes=\"(max-width: 1024px) 100vw, 1024px\" \/><\/figure>\n\n<figure class=\"wp-block-image size-large\"><img decoding=\"async\" width=\"1024\" height=\"683\" data-id=\"7058\" src=\"https:\/\/chateauhochberg.com\/wp-content\/uploads\/2020\/09\/Chateau-Hochberg-terrasse-Karine-Faby-58-1024x683.jpg\" alt=\"\" class=\"wp-image-7058\" srcset=\"https:\/\/chateauhochberg.com\/wp-content\/uploads\/2020\/09\/Chateau-Hochberg-terrasse-Karine-Faby-58-1024x683.jpg 1024w, https:\/\/chateauhochberg.com\/wp-content\/uploads\/2020\/09\/Chateau-Hochberg-terrasse-Karine-Faby-58-800x533.jpg 800w, https:\/\/chateauhochberg.com\/wp-content\/uploads\/2020\/09\/Chateau-Hochberg-terrasse-Karine-Faby-58-300x200.jpg 300w, https:\/\/chateauhochberg.com\/wp-content\/uploads\/2020\/09\/Chateau-Hochberg-terrasse-Karine-Faby-58-768x512.jpg 768w, https:\/\/chateauhochberg.com\/wp-content\/uploads\/2020\/09\/Chateau-Hochberg-terrasse-Karine-Faby-58-1536x1024.jpg 1536w, https:\/\/chateauhochberg.com\/wp-content\/uploads\/2020\/09\/Chateau-Hochberg-terrasse-Karine-Faby-58.jpg 1728w\" sizes=\"(max-width: 1024px) 100vw, 1024px\" \/><\/figure>\n\n<figure class=\"wp-block-image size-large\"><img decoding=\"async\" width=\"1024\" height=\"683\" data-id=\"11313\" src=\"https:\/\/chateauhochberg.com\/wp-content\/uploads\/2020\/09\/Chateau-Hochberg-terrasse-Karine-Faby-1024x683.jpg\" alt=\"\" class=\"wp-image-11313\" srcset=\"https:\/\/chateauhochberg.com\/wp-content\/uploads\/2020\/09\/Chateau-Hochberg-terrasse-Karine-Faby-1024x683.jpg 1024w, https:\/\/chateauhochberg.com\/wp-content\/uploads\/2020\/09\/Chateau-Hochberg-terrasse-Karine-Faby-800x533.jpg 800w, https:\/\/chateauhochberg.com\/wp-content\/uploads\/2020\/09\/Chateau-Hochberg-terrasse-Karine-Faby-300x200.jpg 300w, https:\/\/chateauhochberg.com\/wp-content\/uploads\/2020\/09\/Chateau-Hochberg-terrasse-Karine-Faby-768x512.jpg 768w, https:\/\/chateauhochberg.com\/wp-content\/uploads\/2020\/09\/Chateau-Hochberg-terrasse-Karine-Faby-1536x1024.jpg 1536w, https:\/\/chateauhochberg.com\/wp-content\/uploads\/2020\/09\/Chateau-Hochberg-terrasse-Karine-Faby.jpg 1728w\" sizes=\"(max-width: 1024px) 100vw, 1024px\" \/><\/figure>\n\n<figure class=\"wp-block-image size-large\"><img decoding=\"async\" width=\"1024\" height=\"683\" data-id=\"7040\" src=\"https:\/\/chateauhochberg.com\/wp-content\/uploads\/2020\/09\/Terrasse-Chateau-Hochberg-Frantisek-Zvardon-BD-1024x683.jpg\" alt=\"\" class=\"wp-image-7040\" srcset=\"https:\/\/chateauhochberg.com\/wp-content\/uploads\/2020\/09\/Terrasse-Chateau-Hochberg-Frantisek-Zvardon-BD-1024x683.jpg 1024w, https:\/\/chateauhochberg.com\/wp-content\/uploads\/2020\/09\/Terrasse-Chateau-Hochberg-Frantisek-Zvardon-BD-800x533.jpg 800w, https:\/\/chateauhochberg.com\/wp-content\/uploads\/2020\/09\/Terrasse-Chateau-Hochberg-Frantisek-Zvardon-BD-300x200.jpg 300w, https:\/\/chateauhochberg.com\/wp-content\/uploads\/2020\/09\/Terrasse-Chateau-Hochberg-Frantisek-Zvardon-BD-768x512.jpg 768w, https:\/\/chateauhochberg.com\/wp-content\/uploads\/2020\/09\/Terrasse-Chateau-Hochberg-Frantisek-Zvardon-BD-1536x1024.jpg 1536w, https:\/\/chateauhochberg.com\/wp-content\/uploads\/2020\/09\/Terrasse-Chateau-Hochberg-Frantisek-Zvardon-BD.jpg 1920w\" sizes=\"(max-width: 1024px) 100vw, 1024px\" \/><\/figure><\/figure><div style=\"height:15px\" aria-hidden=\"true\" class=\"wp-block-spacer\"><\/div><p style=\"text-align: center;\"><a  class='btn btn-black-white' href='\/de\/reservieren\/tischreservierung\/'>Reservieren<\/a>","protected":false},"excerpt":{"rendered":"<p>Das Restaurant des Ch\u00e2teau Hochberg by Lalique umfasst die drei Speises\u00e4le&nbsp;Dahlia,&nbsp;Ombelle&nbsp;und&nbsp;Venise, die ineinander \u00fcbergehen und ein angenehmes, einladendes Umfeld f\u00fcr die G\u00e4ste bieten.Der Saal&nbsp;Dahlia&nbsp;liegt im hinteren Teil des Schlosses und zeichnet sich durch einen pr\u00e4chtigen alten Kamin mit Spiegelaufbau aus. Im riesigen von Dahlien ges\u00e4umten Spiegel spielt das Licht mit dem vielf\u00e4ltigen Gr\u00fcn des Parks, [&hellip;]<\/p>\n","protected":false},"author":1,"featured_media":0,"parent":3269,"menu_order":0,"comment_status":"closed","ping_status":"closed","template":"page-templates\/fullscreen-img-right-detail.php","meta":{"_acf_changed":false,"footnotes":""},"class_list":["post-3286","page","type-page","status-publish","hentry"],"acf":[],"yoast_head":"<!-- This site is optimized with the Yoast SEO plugin v25.1 - https:\/\/yoast.com\/wordpress\/plugins\/seo\/ -->\n<title>DAS RESTAURANT &amp; DIE TERRASSE - Ch\u00e2teau Hochberg by Lalique<\/title>\n<meta name=\"description\" content=\"Das Restaurant des Ch\u00e2teau Hochberg by Lalique umfasst die drei Speises\u00e4le Dahlia, Ombelle und Venise, die ineinander \u00fcbergehen und ein angenehmes, einladendes Umfeld f\u00fcr die G\u00e4ste bieten. Im Sommer genie\u00dfen Sie auch unsere schattige Terrasse.\" \/>\n<meta name=\"robots\" content=\"index, follow, max-snippet:-1, max-image-preview:large, max-video-preview:-1\" \/>\n<link rel=\"canonical\" href=\"https:\/\/chateauhochberg.com\/de\/das-restaurant\/das-restaurant-und-die-terrasse-lalique\/\" \/>\n<meta property=\"og:locale\" content=\"de_DE\" \/>\n<meta property=\"og:type\" content=\"article\" \/>\n<meta property=\"og:title\" content=\"DAS RESTAURANT &amp; DIE TERRASSE - Ch\u00e2teau Hochberg by Lalique\" \/>\n<meta property=\"og:description\" content=\"Das Restaurant des Ch\u00e2teau Hochberg by Lalique umfasst die drei Speises\u00e4le Dahlia, Ombelle und Venise, die ineinander \u00fcbergehen und ein angenehmes, einladendes Umfeld f\u00fcr die G\u00e4ste bieten. Im Sommer genie\u00dfen Sie auch unsere schattige Terrasse.\" \/>\n<meta property=\"og:url\" content=\"https:\/\/chateauhochberg.com\/de\/das-restaurant\/das-restaurant-und-die-terrasse-lalique\/\" \/>\n<meta property=\"og:site_name\" content=\"Ch\u00e2teau Hochberg\" \/>\n<meta property=\"article:modified_time\" content=\"2026-04-08T12:51:28+00:00\" \/>\n<meta property=\"og:image\" content=\"https:\/\/chateauhochberg.com\/wp-content\/uploads\/2020\/09\/Chateau-Hochberg-terrasse-Karine-Faby-4-1024x683.jpg\" \/>\n<meta name=\"twitter:card\" content=\"summary_large_image\" \/>\n<meta name=\"twitter:label1\" content=\"Gesch\u00e4tzte Lesezeit\" \/>\n\t<meta name=\"twitter:data1\" content=\"4\u00a0Minuten\" \/>\n<script type=\"application\/ld+json\" class=\"yoast-schema-graph\">{\"@context\":\"https:\/\/schema.org\",\"@graph\":[{\"@type\":\"WebPage\",\"@id\":\"https:\/\/chateauhochberg.com\/de\/das-restaurant\/das-restaurant-und-die-terrasse-lalique\/\",\"url\":\"https:\/\/chateauhochberg.com\/de\/das-restaurant\/das-restaurant-und-die-terrasse-lalique\/\",\"name\":\"DAS RESTAURANT & DIE TERRASSE - Ch\u00e2teau Hochberg by Lalique\",\"isPartOf\":{\"@id\":\"https:\/\/chateauhochberg.com\/en\/#website\"},\"primaryImageOfPage\":{\"@id\":\"https:\/\/chateauhochberg.com\/de\/das-restaurant\/das-restaurant-und-die-terrasse-lalique\/#primaryimage\"},\"image\":{\"@id\":\"https:\/\/chateauhochberg.com\/de\/das-restaurant\/das-restaurant-und-die-terrasse-lalique\/#primaryimage\"},\"thumbnailUrl\":\"https:\/\/chateauhochberg.com\/wp-content\/uploads\/2020\/09\/Chateau-Hochberg-terrasse-Karine-Faby-4-1024x683.jpg\",\"datePublished\":\"2016-08-04T14:39:53+00:00\",\"dateModified\":\"2026-04-08T12:51:28+00:00\",\"description\":\"Das Restaurant des Ch\u00e2teau Hochberg by Lalique umfasst die drei Speises\u00e4le Dahlia, Ombelle und Venise, die ineinander \u00fcbergehen und ein angenehmes, einladendes Umfeld f\u00fcr die G\u00e4ste bieten. Im Sommer genie\u00dfen Sie auch unsere schattige Terrasse.\",\"breadcrumb\":{\"@id\":\"https:\/\/chateauhochberg.com\/de\/das-restaurant\/das-restaurant-und-die-terrasse-lalique\/#breadcrumb\"},\"inLanguage\":\"de\",\"potentialAction\":[{\"@type\":\"ReadAction\",\"target\":[\"https:\/\/chateauhochberg.com\/de\/das-restaurant\/das-restaurant-und-die-terrasse-lalique\/\"]}]},{\"@type\":\"ImageObject\",\"inLanguage\":\"de\",\"@id\":\"https:\/\/chateauhochberg.com\/de\/das-restaurant\/das-restaurant-und-die-terrasse-lalique\/#primaryimage\",\"url\":\"https:\/\/chateauhochberg.com\/wp-content\/uploads\/2020\/09\/Chateau-Hochberg-terrasse-Karine-Faby-4-1024x683.jpg\",\"contentUrl\":\"https:\/\/chateauhochberg.com\/wp-content\/uploads\/2020\/09\/Chateau-Hochberg-terrasse-Karine-Faby-4-1024x683.jpg\"},{\"@type\":\"BreadcrumbList\",\"@id\":\"https:\/\/chateauhochberg.com\/de\/das-restaurant\/das-restaurant-und-die-terrasse-lalique\/#breadcrumb\",\"itemListElement\":[{\"@type\":\"ListItem\",\"position\":1,\"name\":\"Accueil\",\"item\":\"https:\/\/chateauhochberg.com\/de\/\"},{\"@type\":\"ListItem\",\"position\":2,\"name\":\"Das Restaurant\",\"item\":\"https:\/\/chateauhochberg.com\/de\/das-restaurant\/\"},{\"@type\":\"ListItem\",\"position\":3,\"name\":\"DAS RESTAURANT &#038; DIE TERRASSE\"}]},{\"@type\":\"WebSite\",\"@id\":\"https:\/\/chateauhochberg.com\/en\/#website\",\"url\":\"https:\/\/chateauhochberg.com\/en\/\",\"name\":\"Ch\u00e2teau Hochberg - By Lalique\",\"description\":\"H\u00f4tel &amp; Restaurant\",\"alternateName\":\"CHOCH\",\"potentialAction\":[{\"@type\":\"SearchAction\",\"target\":{\"@type\":\"EntryPoint\",\"urlTemplate\":\"https:\/\/chateauhochberg.com\/en\/?s={search_term_string}\"},\"query-input\":{\"@type\":\"PropertyValueSpecification\",\"valueRequired\":true,\"valueName\":\"search_term_string\"}}],\"inLanguage\":\"de\"}]}<\/script>\n<!-- \/ Yoast SEO plugin. -->","yoast_head_json":{"title":"DAS RESTAURANT & DIE TERRASSE - Ch\u00e2teau Hochberg by Lalique","description":"Das Restaurant des Ch\u00e2teau Hochberg by Lalique umfasst die drei Speises\u00e4le Dahlia, Ombelle und Venise, die ineinander \u00fcbergehen und ein angenehmes, einladendes Umfeld f\u00fcr die G\u00e4ste bieten. Im Sommer genie\u00dfen Sie auch unsere schattige Terrasse.","robots":{"index":"index","follow":"follow","max-snippet":"max-snippet:-1","max-image-preview":"max-image-preview:large","max-video-preview":"max-video-preview:-1"},"canonical":"https:\/\/chateauhochberg.com\/de\/das-restaurant\/das-restaurant-und-die-terrasse-lalique\/","og_locale":"de_DE","og_type":"article","og_title":"DAS RESTAURANT & DIE TERRASSE - Ch\u00e2teau Hochberg by Lalique","og_description":"Das Restaurant des Ch\u00e2teau Hochberg by Lalique umfasst die drei Speises\u00e4le Dahlia, Ombelle und Venise, die ineinander \u00fcbergehen und ein angenehmes, einladendes Umfeld f\u00fcr die G\u00e4ste bieten. Im Sommer genie\u00dfen Sie auch unsere schattige Terrasse.","og_url":"https:\/\/chateauhochberg.com\/de\/das-restaurant\/das-restaurant-und-die-terrasse-lalique\/","og_site_name":"Ch\u00e2teau Hochberg","article_modified_time":"2026-04-08T12:51:28+00:00","og_image":[{"url":"https:\/\/chateauhochberg.com\/wp-content\/uploads\/2020\/09\/Chateau-Hochberg-terrasse-Karine-Faby-4-1024x683.jpg","type":"","width":"","height":""}],"twitter_card":"summary_large_image","twitter_misc":{"Gesch\u00e4tzte Lesezeit":"4\u00a0Minuten"},"schema":{"@context":"https:\/\/schema.org","@graph":[{"@type":"WebPage","@id":"https:\/\/chateauhochberg.com\/de\/das-restaurant\/das-restaurant-und-die-terrasse-lalique\/","url":"https:\/\/chateauhochberg.com\/de\/das-restaurant\/das-restaurant-und-die-terrasse-lalique\/","name":"DAS RESTAURANT & DIE TERRASSE - Ch\u00e2teau Hochberg by Lalique","isPartOf":{"@id":"https:\/\/chateauhochberg.com\/en\/#website"},"primaryImageOfPage":{"@id":"https:\/\/chateauhochberg.com\/de\/das-restaurant\/das-restaurant-und-die-terrasse-lalique\/#primaryimage"},"image":{"@id":"https:\/\/chateauhochberg.com\/de\/das-restaurant\/das-restaurant-und-die-terrasse-lalique\/#primaryimage"},"thumbnailUrl":"https:\/\/chateauhochberg.com\/wp-content\/uploads\/2020\/09\/Chateau-Hochberg-terrasse-Karine-Faby-4-1024x683.jpg","datePublished":"2016-08-04T14:39:53+00:00","dateModified":"2026-04-08T12:51:28+00:00","description":"Das Restaurant des Ch\u00e2teau Hochberg by Lalique umfasst die drei Speises\u00e4le Dahlia, Ombelle und Venise, die ineinander \u00fcbergehen und ein angenehmes, einladendes Umfeld f\u00fcr die G\u00e4ste bieten. Im Sommer genie\u00dfen Sie auch unsere schattige Terrasse.","breadcrumb":{"@id":"https:\/\/chateauhochberg.com\/de\/das-restaurant\/das-restaurant-und-die-terrasse-lalique\/#breadcrumb"},"inLanguage":"de","potentialAction":[{"@type":"ReadAction","target":["https:\/\/chateauhochberg.com\/de\/das-restaurant\/das-restaurant-und-die-terrasse-lalique\/"]}]},{"@type":"ImageObject","inLanguage":"de","@id":"https:\/\/chateauhochberg.com\/de\/das-restaurant\/das-restaurant-und-die-terrasse-lalique\/#primaryimage","url":"https:\/\/chateauhochberg.com\/wp-content\/uploads\/2020\/09\/Chateau-Hochberg-terrasse-Karine-Faby-4-1024x683.jpg","contentUrl":"https:\/\/chateauhochberg.com\/wp-content\/uploads\/2020\/09\/Chateau-Hochberg-terrasse-Karine-Faby-4-1024x683.jpg"},{"@type":"BreadcrumbList","@id":"https:\/\/chateauhochberg.com\/de\/das-restaurant\/das-restaurant-und-die-terrasse-lalique\/#breadcrumb","itemListElement":[{"@type":"ListItem","position":1,"name":"Accueil","item":"https:\/\/chateauhochberg.com\/de\/"},{"@type":"ListItem","position":2,"name":"Das Restaurant","item":"https:\/\/chateauhochberg.com\/de\/das-restaurant\/"},{"@type":"ListItem","position":3,"name":"DAS RESTAURANT &#038; DIE TERRASSE"}]},{"@type":"WebSite","@id":"https:\/\/chateauhochberg.com\/en\/#website","url":"https:\/\/chateauhochberg.com\/en\/","name":"Ch\u00e2teau Hochberg - By Lalique","description":"H\u00f4tel &amp; Restaurant","alternateName":"CHOCH","potentialAction":[{"@type":"SearchAction","target":{"@type":"EntryPoint","urlTemplate":"https:\/\/chateauhochberg.com\/en\/?s={search_term_string}"},"query-input":{"@type":"PropertyValueSpecification","valueRequired":true,"valueName":"search_term_string"}}],"inLanguage":"de"}]}},"_links":{"self":[{"href":"https:\/\/chateauhochberg.com\/de\/wp-json\/wp\/v2\/pages\/3286","targetHints":{"allow":["GET"]}}],"collection":[{"href":"https:\/\/chateauhochberg.com\/de\/wp-json\/wp\/v2\/pages"}],"about":[{"href":"https:\/\/chateauhochberg.com\/de\/wp-json\/wp\/v2\/types\/page"}],"author":[{"embeddable":true,"href":"https:\/\/chateauhochberg.com\/de\/wp-json\/wp\/v2\/users\/1"}],"replies":[{"embeddable":true,"href":"https:\/\/chateauhochberg.com\/de\/wp-json\/wp\/v2\/comments?post=3286"}],"version-history":[{"count":23,"href":"https:\/\/chateauhochberg.com\/de\/wp-json\/wp\/v2\/pages\/3286\/revisions"}],"predecessor-version":[{"id":24650,"href":"https:\/\/chateauhochberg.com\/de\/wp-json\/wp\/v2\/pages\/3286\/revisions\/24650"}],"up":[{"embeddable":true,"href":"https:\/\/chateauhochberg.com\/de\/wp-json\/wp\/v2\/pages\/3269"}],"wp:attachment":[{"href":"https:\/\/chateauhochberg.com\/de\/wp-json\/wp\/v2\/media?parent=3286"}],"curies":[{"name":"wp","href":"https:\/\/api.w.org\/{rel}","templated":true}]}}