{"id":3298,"date":"2016-08-22T11:20:11","date_gmt":"2016-08-22T10:20:11","guid":{"rendered":"http:\/\/www.chateauhochberg.com\/de\/le-bar\/le-bar-a-vins\/"},"modified":"2026-04-08T13:50:01","modified_gmt":"2026-04-08T12:50:01","slug":"der-weinbar-und-stammtsich-2","status":"publish","type":"page","link":"https:\/\/chateauhochberg.com\/de\/die-bar\/der-weinbar-und-stammtsich-2\/","title":{"rendered":"Der Weinbar und der Stammtisch"},"content":{"rendered":"<div class=\"wp-block-cover is-light\"><img decoding=\"async\" width=\"2560\" height=\"1707\" class=\"wp-block-cover__image-background wp-image-6906\" alt=\"\" src=\"https:\/\/chateauhochberg.com\/wp-content\/uploads\/2020\/09\/Chateau_Hochberg_Gregoire_Gardette_38_BD-scaled.jpg\" data-object-fit=\"cover\" srcset=\"https:\/\/chateauhochberg.com\/wp-content\/uploads\/2020\/09\/Chateau_Hochberg_Gregoire_Gardette_38_BD-scaled.jpg 2560w, https:\/\/chateauhochberg.com\/wp-content\/uploads\/2020\/09\/Chateau_Hochberg_Gregoire_Gardette_38_BD-800x533.jpg 800w, https:\/\/chateauhochberg.com\/wp-content\/uploads\/2020\/09\/Chateau_Hochberg_Gregoire_Gardette_38_BD-300x200.jpg 300w, https:\/\/chateauhochberg.com\/wp-content\/uploads\/2020\/09\/Chateau_Hochberg_Gregoire_Gardette_38_BD-1024x683.jpg 1024w, https:\/\/chateauhochberg.com\/wp-content\/uploads\/2020\/09\/Chateau_Hochberg_Gregoire_Gardette_38_BD-768x512.jpg 768w, https:\/\/chateauhochberg.com\/wp-content\/uploads\/2020\/09\/Chateau_Hochberg_Gregoire_Gardette_38_BD-1536x1024.jpg 1536w, https:\/\/chateauhochberg.com\/wp-content\/uploads\/2020\/09\/Chateau_Hochberg_Gregoire_Gardette_38_BD-2048x1365.jpg 2048w\" sizes=\"(max-width: 2560px) 100vw, 2560px\" \/><span aria-hidden=\"true\" class=\"wp-block-cover__background has-background-dim-0 has-background-dim\"><\/span><div class=\"wp-block-cover__inner-container is-layout-flow wp-block-cover-is-layout-flow\"><p class=\"has-text-align-center has-large-font-size\"><\/p><\/div><\/div><div class=\"wp-block-media-text alignwide has-media-on-the-right\"><div class=\"wp-block-media-text__content\"><p>Beim Betreten des Schlosses wird der Blick von der imposanten Bar in der Lobby wie magisch angezogen.<\/p>\n\n<p>Sie ist im gleichen weissen Quarz gehalten wie das Empfangsdesk. Diese Massanfertigung verbindet sich optisch mit einer Glaswand mit sieben verschiedenen&nbsp;<em>Dahlien<\/em>-Motiven.<\/p>\n\n<p><em>Dahlien<\/em>, wie \u00fcberhaupt Blumen, sind ein immer wiederkehrendes Thema im Werk von Ren\u00e9 Lalique.<br>Die Transparenz der Bl\u00fctenbl\u00e4tter wird mit Spitzen aus schwarzem Email hervorgehoben, eine Hommage an die hohe Kunst der Glasmeister, die hier einen einzigartigen Kontrast zwischen lichtundurchl\u00e4ssigem und klarem Kristall schufen. Ein prachtvoller Kristallleuchter von&nbsp;<em>Windfall<\/em>, einer innovativen Lampenfirma aus M\u00fcnchen, erstrahlt \u00fcber dem Ganzen und verleiht mit seinen tausend Lichtpunkten den&nbsp;<em>Dahlie<\/em>n zus\u00e4tzlichen Glanz. Die Bar ist umgeben von Vitrinen aus Glas, welche die zeitgen\u00f6ssische Note unterstreichen und dem Gast freien Blick auf Karaffen und Weinflaschen gew\u00e4hren.<\/p><\/div><figure class=\"wp-block-media-text__media\"><img decoding=\"async\" width=\"1024\" height=\"683\" src=\"https:\/\/chateauhochberg.com\/wp-content\/uploads\/2020\/09\/3-Chateau-Hochberg_Gregoire-Gardette-7_BD-1024x683-1.jpg\" alt=\"\" class=\"wp-image-11028 size-full\" srcset=\"https:\/\/chateauhochberg.com\/wp-content\/uploads\/2020\/09\/3-Chateau-Hochberg_Gregoire-Gardette-7_BD-1024x683-1.jpg 1024w, https:\/\/chateauhochberg.com\/wp-content\/uploads\/2020\/09\/3-Chateau-Hochberg_Gregoire-Gardette-7_BD-1024x683-1-800x534.jpg 800w, https:\/\/chateauhochberg.com\/wp-content\/uploads\/2020\/09\/3-Chateau-Hochberg_Gregoire-Gardette-7_BD-1024x683-1-300x200.jpg 300w, https:\/\/chateauhochberg.com\/wp-content\/uploads\/2020\/09\/3-Chateau-Hochberg_Gregoire-Gardette-7_BD-1024x683-1-768x512.jpg 768w\" sizes=\"(max-width: 1024px) 100vw, 1024px\" \/><\/figure><\/div><div class=\"wp-block-media-text alignwide mh-75\"><figure class=\"wp-block-media-text__media\"><img decoding=\"async\" width=\"819\" height=\"1024\" src=\"https:\/\/chateauhochberg.com\/wp-content\/uploads\/2020\/10\/chateau-hochberg-le-stammtisch-819x1024.jpg\" alt=\"\" class=\"wp-image-11399 size-full\" srcset=\"https:\/\/chateauhochberg.com\/wp-content\/uploads\/2020\/10\/chateau-hochberg-le-stammtisch-819x1024.jpg 819w, https:\/\/chateauhochberg.com\/wp-content\/uploads\/2020\/10\/chateau-hochberg-le-stammtisch-800x1000.jpg 800w, https:\/\/chateauhochberg.com\/wp-content\/uploads\/2020\/10\/chateau-hochberg-le-stammtisch-240x300.jpg 240w, https:\/\/chateauhochberg.com\/wp-content\/uploads\/2020\/10\/chateau-hochberg-le-stammtisch-768x960.jpg 768w, https:\/\/chateauhochberg.com\/wp-content\/uploads\/2020\/10\/chateau-hochberg-le-stammtisch-1229x1536.jpg 1229w, https:\/\/chateauhochberg.com\/wp-content\/uploads\/2020\/10\/chateau-hochberg-le-stammtisch.jpg 1500w\" sizes=\"(max-width: 819px) 100vw, 819px\" \/><\/figure><div class=\"wp-block-media-text__content\"><p>Unseres Stammtisch ist verf\u00fcgbar f\u00fcr Ihre Privatisierungen. Dies traditionnelle Holztisch kann 14<br>Personen empfangen.<\/p><\/div><\/div><p class=\"mt-5 mb-5\" style=\"text-align: center;\"><a  target='_blank' class='btn btn-black-white' href='https:\/\/chateauhochberg.com\/de\/das-restaurant\/die-karte\/'> Das Menu und die Weinkarte entdecken<\/a><p class=\"has-text-align-center mt-5\"><strong><strong>Unser Hotel und unser Restaurant sind f\u00fcr Personen mit eingeschr\u00e4nkter Mobilit\u00e4t zug\u00e4nglich.<\/strong><\/strong><\/p><p class=\"has-text-align-center\"><strong><strong>Rauchen ist im Hotel und im Restaurant verboten. Haustiere sind im Ch\u00e2teau Hochberg willkommen.<\/strong><\/strong><\/p>","protected":false},"excerpt":{"rendered":"<p>Beim Betreten des Schlosses wird der Blick von der imposanten Bar in der Lobby wie magisch angezogen. Sie ist im gleichen weissen Quarz gehalten wie das Empfangsdesk. Diese Massanfertigung verbindet sich optisch mit einer Glaswand mit sieben verschiedenen&nbsp;Dahlien-Motiven. Dahlien, wie \u00fcberhaupt Blumen, sind ein immer wiederkehrendes Thema im Werk von Ren\u00e9 Lalique.Die Transparenz der Bl\u00fctenbl\u00e4tter [&hellip;]<\/p>\n","protected":false},"author":1,"featured_media":6431,"parent":3290,"menu_order":0,"comment_status":"closed","ping_status":"closed","template":"page-templates\/fullscreen-img-right-detail.php","meta":{"_acf_changed":false,"footnotes":""},"class_list":["post-3298","page","type-page","status-publish","has-post-thumbnail","hentry"],"acf":[],"yoast_head":"<!-- This site is optimized with the Yoast SEO plugin v25.1 - https:\/\/yoast.com\/wordpress\/plugins\/seo\/ -->\n<title>Der Weinbar und der Stammtisch - Ch\u00e2teau Hochberg<\/title>\n<meta name=\"description\" content=\"Beim Betreten des Schlosses wird der Blick von der imposanten Bar in der Lobby wie magisch angezogen. Entdecken Sie unsere Auswahl an 80 erlesenen Weinen aus aller Welt, die Sie im Glas probieren k\u00f6nnen.\" \/>\n<meta name=\"robots\" content=\"index, follow, max-snippet:-1, max-image-preview:large, max-video-preview:-1\" \/>\n<link rel=\"canonical\" href=\"https:\/\/chateauhochberg.com\/de\/die-bar\/der-weinbar-und-stammtsich-2\/\" \/>\n<meta property=\"og:locale\" content=\"de_DE\" \/>\n<meta property=\"og:type\" content=\"article\" \/>\n<meta property=\"og:title\" content=\"Der Weinbar und der Stammtisch - Ch\u00e2teau Hochberg\" \/>\n<meta property=\"og:description\" content=\"Beim Betreten des Schlosses wird der Blick von der imposanten Bar in der Lobby wie magisch angezogen. Entdecken Sie unsere Auswahl an 80 erlesenen Weinen aus aller Welt, die Sie im Glas probieren k\u00f6nnen.\" \/>\n<meta property=\"og:url\" content=\"https:\/\/chateauhochberg.com\/de\/die-bar\/der-weinbar-und-stammtsich-2\/\" \/>\n<meta property=\"og:site_name\" content=\"Ch\u00e2teau Hochberg\" \/>\n<meta property=\"article:modified_time\" content=\"2026-04-08T12:50:01+00:00\" \/>\n<meta property=\"og:image\" content=\"https:\/\/chateauhochberg.com\/wp-content\/uploads\/2016\/08\/4-Chateau-Hochberg_Bar-vins_Gregoire-Gardette_BD-scaled.jpg\" \/>\n\t<meta property=\"og:image:width\" content=\"2560\" \/>\n\t<meta property=\"og:image:height\" content=\"1707\" \/>\n\t<meta property=\"og:image:type\" content=\"image\/jpeg\" \/>\n<meta name=\"twitter:card\" content=\"summary_large_image\" \/>\n<meta name=\"twitter:label1\" content=\"Gesch\u00e4tzte Lesezeit\" \/>\n\t<meta name=\"twitter:data1\" content=\"2\u00a0Minuten\" \/>\n<script type=\"application\/ld+json\" class=\"yoast-schema-graph\">{\"@context\":\"https:\/\/schema.org\",\"@graph\":[{\"@type\":\"WebPage\",\"@id\":\"https:\/\/chateauhochberg.com\/de\/die-bar\/der-weinbar-und-stammtsich-2\/\",\"url\":\"https:\/\/chateauhochberg.com\/de\/die-bar\/der-weinbar-und-stammtsich-2\/\",\"name\":\"Der Weinbar und der Stammtisch - Ch\u00e2teau Hochberg\",\"isPartOf\":{\"@id\":\"https:\/\/chateauhochberg.com\/en\/#website\"},\"primaryImageOfPage\":{\"@id\":\"https:\/\/chateauhochberg.com\/de\/die-bar\/der-weinbar-und-stammtsich-2\/#primaryimage\"},\"image\":{\"@id\":\"https:\/\/chateauhochberg.com\/de\/die-bar\/der-weinbar-und-stammtsich-2\/#primaryimage\"},\"thumbnailUrl\":\"https:\/\/chateauhochberg.com\/wp-content\/uploads\/2016\/08\/4-Chateau-Hochberg_Bar-vins_Gregoire-Gardette_BD-scaled.jpg\",\"datePublished\":\"2016-08-22T10:20:11+00:00\",\"dateModified\":\"2026-04-08T12:50:01+00:00\",\"description\":\"Beim Betreten des Schlosses wird der Blick von der imposanten Bar in der Lobby wie magisch angezogen. Entdecken Sie unsere Auswahl an 80 erlesenen Weinen aus aller Welt, die Sie im Glas probieren k\u00f6nnen.\",\"breadcrumb\":{\"@id\":\"https:\/\/chateauhochberg.com\/de\/die-bar\/der-weinbar-und-stammtsich-2\/#breadcrumb\"},\"inLanguage\":\"de\",\"potentialAction\":[{\"@type\":\"ReadAction\",\"target\":[\"https:\/\/chateauhochberg.com\/de\/die-bar\/der-weinbar-und-stammtsich-2\/\"]}]},{\"@type\":\"ImageObject\",\"inLanguage\":\"de\",\"@id\":\"https:\/\/chateauhochberg.com\/de\/die-bar\/der-weinbar-und-stammtsich-2\/#primaryimage\",\"url\":\"https:\/\/chateauhochberg.com\/wp-content\/uploads\/2016\/08\/4-Chateau-Hochberg_Bar-vins_Gregoire-Gardette_BD-scaled.jpg\",\"contentUrl\":\"https:\/\/chateauhochberg.com\/wp-content\/uploads\/2016\/08\/4-Chateau-Hochberg_Bar-vins_Gregoire-Gardette_BD-scaled.jpg\",\"width\":2560,\"height\":1707},{\"@type\":\"BreadcrumbList\",\"@id\":\"https:\/\/chateauhochberg.com\/de\/die-bar\/der-weinbar-und-stammtsich-2\/#breadcrumb\",\"itemListElement\":[{\"@type\":\"ListItem\",\"position\":1,\"name\":\"Accueil\",\"item\":\"https:\/\/chateauhochberg.com\/de\/\"},{\"@type\":\"ListItem\",\"position\":2,\"name\":\"Die Bar\",\"item\":\"https:\/\/chateauhochberg.com\/de\/die-bar\/\"},{\"@type\":\"ListItem\",\"position\":3,\"name\":\"Der Weinbar und der Stammtisch\"}]},{\"@type\":\"WebSite\",\"@id\":\"https:\/\/chateauhochberg.com\/en\/#website\",\"url\":\"https:\/\/chateauhochberg.com\/en\/\",\"name\":\"Ch\u00e2teau Hochberg - By Lalique\",\"description\":\"H\u00f4tel &amp; Restaurant\",\"alternateName\":\"CHOCH\",\"potentialAction\":[{\"@type\":\"SearchAction\",\"target\":{\"@type\":\"EntryPoint\",\"urlTemplate\":\"https:\/\/chateauhochberg.com\/en\/?s={search_term_string}\"},\"query-input\":{\"@type\":\"PropertyValueSpecification\",\"valueRequired\":true,\"valueName\":\"search_term_string\"}}],\"inLanguage\":\"de\"}]}<\/script>\n<!-- \/ Yoast SEO plugin. -->","yoast_head_json":{"title":"Der Weinbar und der Stammtisch - Ch\u00e2teau Hochberg","description":"Beim Betreten des Schlosses wird der Blick von der imposanten Bar in der Lobby wie magisch angezogen. Entdecken Sie unsere Auswahl an 80 erlesenen Weinen aus aller Welt, die Sie im Glas probieren k\u00f6nnen.","robots":{"index":"index","follow":"follow","max-snippet":"max-snippet:-1","max-image-preview":"max-image-preview:large","max-video-preview":"max-video-preview:-1"},"canonical":"https:\/\/chateauhochberg.com\/de\/die-bar\/der-weinbar-und-stammtsich-2\/","og_locale":"de_DE","og_type":"article","og_title":"Der Weinbar und der Stammtisch - Ch\u00e2teau Hochberg","og_description":"Beim Betreten des Schlosses wird der Blick von der imposanten Bar in der Lobby wie magisch angezogen. Entdecken Sie unsere Auswahl an 80 erlesenen Weinen aus aller Welt, die Sie im Glas probieren k\u00f6nnen.","og_url":"https:\/\/chateauhochberg.com\/de\/die-bar\/der-weinbar-und-stammtsich-2\/","og_site_name":"Ch\u00e2teau Hochberg","article_modified_time":"2026-04-08T12:50:01+00:00","og_image":[{"width":2560,"height":1707,"url":"https:\/\/chateauhochberg.com\/wp-content\/uploads\/2016\/08\/4-Chateau-Hochberg_Bar-vins_Gregoire-Gardette_BD-scaled.jpg","type":"image\/jpeg"}],"twitter_card":"summary_large_image","twitter_misc":{"Gesch\u00e4tzte Lesezeit":"2\u00a0Minuten"},"schema":{"@context":"https:\/\/schema.org","@graph":[{"@type":"WebPage","@id":"https:\/\/chateauhochberg.com\/de\/die-bar\/der-weinbar-und-stammtsich-2\/","url":"https:\/\/chateauhochberg.com\/de\/die-bar\/der-weinbar-und-stammtsich-2\/","name":"Der Weinbar und der Stammtisch - Ch\u00e2teau Hochberg","isPartOf":{"@id":"https:\/\/chateauhochberg.com\/en\/#website"},"primaryImageOfPage":{"@id":"https:\/\/chateauhochberg.com\/de\/die-bar\/der-weinbar-und-stammtsich-2\/#primaryimage"},"image":{"@id":"https:\/\/chateauhochberg.com\/de\/die-bar\/der-weinbar-und-stammtsich-2\/#primaryimage"},"thumbnailUrl":"https:\/\/chateauhochberg.com\/wp-content\/uploads\/2016\/08\/4-Chateau-Hochberg_Bar-vins_Gregoire-Gardette_BD-scaled.jpg","datePublished":"2016-08-22T10:20:11+00:00","dateModified":"2026-04-08T12:50:01+00:00","description":"Beim Betreten des Schlosses wird der Blick von der imposanten Bar in der Lobby wie magisch angezogen. Entdecken Sie unsere Auswahl an 80 erlesenen Weinen aus aller Welt, die Sie im Glas probieren k\u00f6nnen.","breadcrumb":{"@id":"https:\/\/chateauhochberg.com\/de\/die-bar\/der-weinbar-und-stammtsich-2\/#breadcrumb"},"inLanguage":"de","potentialAction":[{"@type":"ReadAction","target":["https:\/\/chateauhochberg.com\/de\/die-bar\/der-weinbar-und-stammtsich-2\/"]}]},{"@type":"ImageObject","inLanguage":"de","@id":"https:\/\/chateauhochberg.com\/de\/die-bar\/der-weinbar-und-stammtsich-2\/#primaryimage","url":"https:\/\/chateauhochberg.com\/wp-content\/uploads\/2016\/08\/4-Chateau-Hochberg_Bar-vins_Gregoire-Gardette_BD-scaled.jpg","contentUrl":"https:\/\/chateauhochberg.com\/wp-content\/uploads\/2016\/08\/4-Chateau-Hochberg_Bar-vins_Gregoire-Gardette_BD-scaled.jpg","width":2560,"height":1707},{"@type":"BreadcrumbList","@id":"https:\/\/chateauhochberg.com\/de\/die-bar\/der-weinbar-und-stammtsich-2\/#breadcrumb","itemListElement":[{"@type":"ListItem","position":1,"name":"Accueil","item":"https:\/\/chateauhochberg.com\/de\/"},{"@type":"ListItem","position":2,"name":"Die Bar","item":"https:\/\/chateauhochberg.com\/de\/die-bar\/"},{"@type":"ListItem","position":3,"name":"Der Weinbar und der Stammtisch"}]},{"@type":"WebSite","@id":"https:\/\/chateauhochberg.com\/en\/#website","url":"https:\/\/chateauhochberg.com\/en\/","name":"Ch\u00e2teau Hochberg - By Lalique","description":"H\u00f4tel &amp; Restaurant","alternateName":"CHOCH","potentialAction":[{"@type":"SearchAction","target":{"@type":"EntryPoint","urlTemplate":"https:\/\/chateauhochberg.com\/en\/?s={search_term_string}"},"query-input":{"@type":"PropertyValueSpecification","valueRequired":true,"valueName":"search_term_string"}}],"inLanguage":"de"}]}},"_links":{"self":[{"href":"https:\/\/chateauhochberg.com\/de\/wp-json\/wp\/v2\/pages\/3298","targetHints":{"allow":["GET"]}}],"collection":[{"href":"https:\/\/chateauhochberg.com\/de\/wp-json\/wp\/v2\/pages"}],"about":[{"href":"https:\/\/chateauhochberg.com\/de\/wp-json\/wp\/v2\/types\/page"}],"author":[{"embeddable":true,"href":"https:\/\/chateauhochberg.com\/de\/wp-json\/wp\/v2\/users\/1"}],"replies":[{"embeddable":true,"href":"https:\/\/chateauhochberg.com\/de\/wp-json\/wp\/v2\/comments?post=3298"}],"version-history":[{"count":19,"href":"https:\/\/chateauhochberg.com\/de\/wp-json\/wp\/v2\/pages\/3298\/revisions"}],"predecessor-version":[{"id":24646,"href":"https:\/\/chateauhochberg.com\/de\/wp-json\/wp\/v2\/pages\/3298\/revisions\/24646"}],"up":[{"embeddable":true,"href":"https:\/\/chateauhochberg.com\/de\/wp-json\/wp\/v2\/pages\/3290"}],"wp:featuredmedia":[{"embeddable":true,"href":"https:\/\/chateauhochberg.com\/de\/wp-json\/wp\/v2\/media\/6431"}],"wp:attachment":[{"href":"https:\/\/chateauhochberg.com\/de\/wp-json\/wp\/v2\/media?parent=3298"}],"curies":[{"name":"wp","href":"https:\/\/api.w.org\/{rel}","templated":true}]}}