{"id":3819,"date":"2017-03-16T08:56:12","date_gmt":"2017-03-16T07:56:12","guid":{"rendered":"http:\/\/www.chateauhochberg.com\/?page_id=3819\/"},"modified":"2026-04-08T13:44:28","modified_gmt":"2026-04-08T12:44:28","slug":"tischreservierung","status":"publish","type":"page","link":"https:\/\/chateauhochberg.com\/de\/reservieren\/tischreservierung\/","title":{"rendered":"TISCHBUCHUNG"},"content":{"rendered":"<p class=\"has-text-align-center\">Wir bleiben zu Ihrer Verf\u00fcgung f\u00fcr alle Restaurant-Buchungsanfragen, f\u00fcr Geschenkideen und Gutscheine, oder f\u00fcr Eventsveranstaltungen und Sie k\u00f6nnen uns per Email oder Telefon erreichen:<\/p><div style=\"height:20px\" aria-hidden=\"true\" class=\"wp-block-spacer\"><\/div><p class=\"has-text-align-center\"><a  class='btn btn-white-black' href=mailto:reservation@chateauhochberg.com><i class=\"fa fa-envelope\"><\/i> reservation@chateauhochberg.com<\/a> <a  class='btn btn-white-black' href=tel:0033388006767\u200e><i class=\"fa fa-phone\"><\/i> +33 (0)3.88.00.67.67\u200e<\/a><div style=\"height:20px\" aria-hidden=\"true\" class=\"wp-block-spacer\"><\/div><p class=\"has-text-align-center\"><a  target='_blank' class='btn btn-black-white' href='https:\/\/chateauhochberg.com\/de\/das-restaurant\/die-karte\/'>zum Men\u00fc in Franz\u00f6sisch<\/a> <a  target='_blank' class='btn btn-black-white' href='https:\/\/chateauhochberg.com\/wp-content\/uploads\/2026\/03\/Tarifs-Hotel-2026-Chateau-Hochberg-DE.pdf'> zu den Preisen <\/a> <a  target='_blank' class='btn btn-black-white' href='https:\/\/chateauhochberg.com\/wp-content\/uploads\/2025\/04\/SEMINAIRES-Chateau-Hochberg.pdf'>Seminaren<\/a> <a  target='_blank' class='btn btn-black-white' href='https:\/\/chateauhochberg.com\/wp-content\/uploads\/2025\/09\/Chateau-Hochberg_brochure-FR-AN_2025_web.pdf'>UNSERE BROSCH\u00dcRE<\/a><div style=\"height:20px\" aria-hidden=\"true\" class=\"wp-block-spacer\"><\/div><p class=\"has-text-align-center\"><strong>Unser Betrieb ist am Sonntagabend und Montag geschlossen. Unser Restaurant ist auch am Dienstag geschlossen.<\/strong><\/p><p class=\"has-text-align-center\"><\/p><p class=\"has-text-align-center\">&#8211;<\/p><p class=\"has-text-align-center\"><strong>\u00d6FFNUNGSZEITEN DES RESTAURANTS*:<\/strong><\/p><p class=\"has-text-align-center\">Von Mittwoch bis Sonntag, von 12:00 bis 14:00 Uhr und von 19:00 bis 21:00 Uhr.<\/p><p class=\"has-text-align-center\">\u2013<\/p><p class=\"has-text-align-center\">Unser Hotel und unser Restaurant sind f\u00fcr Personen mit eingeschr\u00e4nkter Mobilit\u00e4t zug\u00e4nglich. Rauchen ist im Ch\u00e2teau Hochberg verboten.<\/p><p class=\"has-text-align-center\">Auch Ihr Haustier hat ein Recht auf Urlaub.<br>Bei Ihrer Ankunft steht in Ihrem Zimmer ein K\u00f6rbchen und ein Wassernapf bereit. Haustiere sind im Restaurant willkommen.<\/p><p class=\"has-text-align-center\">Wenn Sie ein Zimmer reservieren m\u00f6chten, bitte klicken Sie&nbsp;<a href=\"http:\/\/hotel.reservit.com\/front\/front.do?m=booking&amp;custid=2&amp;langcode=DE&amp;hotelid=253468\" target=\"_blank\" rel=\"noreferrer noopener\">hier.<\/a><\/p><p class=\"has-text-align-center\">Wir w\u00fcrden uns freuen, Kontakt mit Ihnen aufzunehmen.<\/p><div style=\"height:100px\" aria-hidden=\"true\" class=\"wp-block-spacer\"><\/div>","protected":false},"excerpt":{"rendered":"<p>Wir bleiben zu Ihrer Verf\u00fcgung f\u00fcr alle Restaurant-Buchungsanfragen, f\u00fcr Geschenkideen und Gutscheine, oder f\u00fcr Eventsveranstaltungen und Sie k\u00f6nnen uns per Email oder Telefon erreichen: Unser Betrieb ist am Sonntagabend und Montag geschlossen. Unser Restaurant ist auch am Dienstag geschlossen.&#8211;\u00d6FFNUNGSZEITEN DES RESTAURANTS*:Von Mittwoch bis Sonntag, von 12:00 bis 14:00 Uhr und von 19:00 bis 21:00 Uhr.\u2013Unser [&hellip;]<\/p>\n","protected":false},"author":1,"featured_media":0,"parent":1556,"menu_order":0,"comment_status":"closed","ping_status":"closed","template":"","meta":{"_acf_changed":false,"footnotes":""},"class_list":["post-3819","page","type-page","status-publish","hentry"],"acf":[],"yoast_head":"<!-- This site is optimized with the Yoast SEO plugin v25.1 - https:\/\/yoast.com\/wordpress\/plugins\/seo\/ -->\n<title>TISCHBUCHUNG - Ch\u00e2teau Hochberg<\/title>\n<meta name=\"description\" content=\"Ch\u00e2teau Hochberg, reservieren Sie Ihren Tisch im Ch\u00e2teau-Suites et Chambres in Wingen-sur-Moder. Raffinierte, saisonale K\u00fcche ... Elsass Hotel und Restaurant ..\" \/>\n<meta name=\"robots\" content=\"index, follow, max-snippet:-1, max-image-preview:large, max-video-preview:-1\" \/>\n<link rel=\"canonical\" href=\"https:\/\/chateauhochberg.com\/de\/reservieren\/tischreservierung\/\" \/>\n<meta property=\"og:locale\" content=\"de_DE\" \/>\n<meta property=\"og:type\" content=\"article\" \/>\n<meta property=\"og:title\" content=\"TISCHBUCHUNG - Ch\u00e2teau Hochberg\" \/>\n<meta property=\"og:description\" content=\"Ch\u00e2teau Hochberg, reservieren Sie Ihren Tisch im Ch\u00e2teau-Suites et Chambres in Wingen-sur-Moder. Raffinierte, saisonale K\u00fcche ... Elsass Hotel und Restaurant ..\" \/>\n<meta property=\"og:url\" content=\"https:\/\/chateauhochberg.com\/de\/reservieren\/tischreservierung\/\" \/>\n<meta property=\"og:site_name\" content=\"Ch\u00e2teau Hochberg\" \/>\n<meta property=\"article:modified_time\" content=\"2026-04-08T12:44:28+00:00\" \/>\n<meta name=\"twitter:card\" content=\"summary_large_image\" \/>\n<meta name=\"twitter:label1\" content=\"Gesch\u00e4tzte Lesezeit\" \/>\n\t<meta name=\"twitter:data1\" content=\"1\u00a0Minute\" \/>\n<script type=\"application\/ld+json\" class=\"yoast-schema-graph\">{\"@context\":\"https:\/\/schema.org\",\"@graph\":[{\"@type\":\"WebPage\",\"@id\":\"https:\/\/chateauhochberg.com\/de\/reservieren\/tischreservierung\/\",\"url\":\"https:\/\/chateauhochberg.com\/de\/reservieren\/tischreservierung\/\",\"name\":\"TISCHBUCHUNG - Ch\u00e2teau Hochberg\",\"isPartOf\":{\"@id\":\"https:\/\/chateauhochberg.com\/en\/#website\"},\"datePublished\":\"2017-03-16T07:56:12+00:00\",\"dateModified\":\"2026-04-08T12:44:28+00:00\",\"description\":\"Ch\u00e2teau Hochberg, reservieren Sie Ihren Tisch im Ch\u00e2teau-Suites et Chambres in Wingen-sur-Moder. Raffinierte, saisonale K\u00fcche ... Elsass Hotel und Restaurant ..\",\"breadcrumb\":{\"@id\":\"https:\/\/chateauhochberg.com\/de\/reservieren\/tischreservierung\/#breadcrumb\"},\"inLanguage\":\"de\",\"potentialAction\":[{\"@type\":\"ReadAction\",\"target\":[\"https:\/\/chateauhochberg.com\/de\/reservieren\/tischreservierung\/\"]}]},{\"@type\":\"BreadcrumbList\",\"@id\":\"https:\/\/chateauhochberg.com\/de\/reservieren\/tischreservierung\/#breadcrumb\",\"itemListElement\":[{\"@type\":\"ListItem\",\"position\":1,\"name\":\"Accueil\",\"item\":\"https:\/\/chateauhochberg.com\/de\/\"},{\"@type\":\"ListItem\",\"position\":2,\"name\":\"Reservieren\",\"item\":\"https:\/\/chateauhochberg.com\/de\/reservieren\/\"},{\"@type\":\"ListItem\",\"position\":3,\"name\":\"TISCHBUCHUNG\"}]},{\"@type\":\"WebSite\",\"@id\":\"https:\/\/chateauhochberg.com\/en\/#website\",\"url\":\"https:\/\/chateauhochberg.com\/en\/\",\"name\":\"Ch\u00e2teau Hochberg - By Lalique\",\"description\":\"H\u00f4tel &amp; Restaurant\",\"alternateName\":\"CHOCH\",\"potentialAction\":[{\"@type\":\"SearchAction\",\"target\":{\"@type\":\"EntryPoint\",\"urlTemplate\":\"https:\/\/chateauhochberg.com\/en\/?s={search_term_string}\"},\"query-input\":{\"@type\":\"PropertyValueSpecification\",\"valueRequired\":true,\"valueName\":\"search_term_string\"}}],\"inLanguage\":\"de\"}]}<\/script>\n<!-- \/ Yoast SEO plugin. -->","yoast_head_json":{"title":"TISCHBUCHUNG - Ch\u00e2teau Hochberg","description":"Ch\u00e2teau Hochberg, reservieren Sie Ihren Tisch im Ch\u00e2teau-Suites et Chambres in Wingen-sur-Moder. Raffinierte, saisonale K\u00fcche ... Elsass Hotel und Restaurant ..","robots":{"index":"index","follow":"follow","max-snippet":"max-snippet:-1","max-image-preview":"max-image-preview:large","max-video-preview":"max-video-preview:-1"},"canonical":"https:\/\/chateauhochberg.com\/de\/reservieren\/tischreservierung\/","og_locale":"de_DE","og_type":"article","og_title":"TISCHBUCHUNG - Ch\u00e2teau Hochberg","og_description":"Ch\u00e2teau Hochberg, reservieren Sie Ihren Tisch im Ch\u00e2teau-Suites et Chambres in Wingen-sur-Moder. Raffinierte, saisonale K\u00fcche ... Elsass Hotel und Restaurant ..","og_url":"https:\/\/chateauhochberg.com\/de\/reservieren\/tischreservierung\/","og_site_name":"Ch\u00e2teau Hochberg","article_modified_time":"2026-04-08T12:44:28+00:00","twitter_card":"summary_large_image","twitter_misc":{"Gesch\u00e4tzte Lesezeit":"1\u00a0Minute"},"schema":{"@context":"https:\/\/schema.org","@graph":[{"@type":"WebPage","@id":"https:\/\/chateauhochberg.com\/de\/reservieren\/tischreservierung\/","url":"https:\/\/chateauhochberg.com\/de\/reservieren\/tischreservierung\/","name":"TISCHBUCHUNG - Ch\u00e2teau Hochberg","isPartOf":{"@id":"https:\/\/chateauhochberg.com\/en\/#website"},"datePublished":"2017-03-16T07:56:12+00:00","dateModified":"2026-04-08T12:44:28+00:00","description":"Ch\u00e2teau Hochberg, reservieren Sie Ihren Tisch im Ch\u00e2teau-Suites et Chambres in Wingen-sur-Moder. Raffinierte, saisonale K\u00fcche ... Elsass Hotel und Restaurant ..","breadcrumb":{"@id":"https:\/\/chateauhochberg.com\/de\/reservieren\/tischreservierung\/#breadcrumb"},"inLanguage":"de","potentialAction":[{"@type":"ReadAction","target":["https:\/\/chateauhochberg.com\/de\/reservieren\/tischreservierung\/"]}]},{"@type":"BreadcrumbList","@id":"https:\/\/chateauhochberg.com\/de\/reservieren\/tischreservierung\/#breadcrumb","itemListElement":[{"@type":"ListItem","position":1,"name":"Accueil","item":"https:\/\/chateauhochberg.com\/de\/"},{"@type":"ListItem","position":2,"name":"Reservieren","item":"https:\/\/chateauhochberg.com\/de\/reservieren\/"},{"@type":"ListItem","position":3,"name":"TISCHBUCHUNG"}]},{"@type":"WebSite","@id":"https:\/\/chateauhochberg.com\/en\/#website","url":"https:\/\/chateauhochberg.com\/en\/","name":"Ch\u00e2teau Hochberg - By Lalique","description":"H\u00f4tel &amp; Restaurant","alternateName":"CHOCH","potentialAction":[{"@type":"SearchAction","target":{"@type":"EntryPoint","urlTemplate":"https:\/\/chateauhochberg.com\/en\/?s={search_term_string}"},"query-input":{"@type":"PropertyValueSpecification","valueRequired":true,"valueName":"search_term_string"}}],"inLanguage":"de"}]}},"_links":{"self":[{"href":"https:\/\/chateauhochberg.com\/de\/wp-json\/wp\/v2\/pages\/3819","targetHints":{"allow":["GET"]}}],"collection":[{"href":"https:\/\/chateauhochberg.com\/de\/wp-json\/wp\/v2\/pages"}],"about":[{"href":"https:\/\/chateauhochberg.com\/de\/wp-json\/wp\/v2\/types\/page"}],"author":[{"embeddable":true,"href":"https:\/\/chateauhochberg.com\/de\/wp-json\/wp\/v2\/users\/1"}],"replies":[{"embeddable":true,"href":"https:\/\/chateauhochberg.com\/de\/wp-json\/wp\/v2\/comments?post=3819"}],"version-history":[{"count":207,"href":"https:\/\/chateauhochberg.com\/de\/wp-json\/wp\/v2\/pages\/3819\/revisions"}],"predecessor-version":[{"id":24640,"href":"https:\/\/chateauhochberg.com\/de\/wp-json\/wp\/v2\/pages\/3819\/revisions\/24640"}],"up":[{"embeddable":true,"href":"https:\/\/chateauhochberg.com\/de\/wp-json\/wp\/v2\/pages\/1556"}],"wp:attachment":[{"href":"https:\/\/chateauhochberg.com\/de\/wp-json\/wp\/v2\/media?parent=3819"}],"curies":[{"name":"wp","href":"https:\/\/api.w.org\/{rel}","templated":true}]}}