{"id":4292,"date":"2017-07-05T15:20:14","date_gmt":"2017-07-05T14:20:14","guid":{"rendered":"http:\/\/www.chateauhochberg.com\/?page_id=4292\/"},"modified":"2025-12-12T15:07:26","modified_gmt":"2025-12-12T14:07:26","slug":"seminare-und-events","status":"publish","type":"page","link":"https:\/\/chateauhochberg.com\/de\/seminare-und-events\/","title":{"rendered":"Seminare &#038; Events"},"content":{"rendered":"<div id=\"entete-block_9a395a1c922c8d0ad7480719281c3008\" class=\"row\">\n        <img decoding=\"async\" src=\"https:\/\/chateauhochberg.com\/wp-content\/uploads\/2020\/09\/Chateau-Hochberg_Pavillon-Studio-Adeline-Wagner-HD-6.jpg\"\n    sizes=\"100vw\"\n    srcset=\"https:\/\/chateauhochberg.com\/wp-content\/uploads\/2020\/09\/Chateau-Hochberg_Pavillon-Studio-Adeline-Wagner-HD-6.jpg 1920w,\n            https:\/\/chateauhochberg.com\/wp-content\/uploads\/2020\/09\/Chateau-Hochberg_Pavillon-Studio-Adeline-Wagner-HD-6-1024x683.jpg 1024w,\n            https:\/\/chateauhochberg.com\/wp-content\/uploads\/2020\/09\/Chateau-Hochberg_Pavillon-Studio-Adeline-Wagner-HD-6-768x512.jpg 768w\"\n            alt=\"\">\n      <\/div>\n\n<style>\n\ndiv[id^=\"entete\"]{\n  margin-bottom: 2rem;\n}\ndiv[id^=\"entete\"] img{\n  width: 100%;\n  height: 85vh;\n  object-fit: cover;\n  object-position: center;\n}\n\n.links{\n  background: #fafafa;\n}\n\n.links > div{\n  display: flex;\n  flex-direction: row;\n  flex-wrap: wrap;\n  justify-content: flex-end;\n}\n.links > div > a{\n  cursor: pointer;\n  display: flex;\n  text-transform: uppercase;\n  padding: 1.5rem 2.5rem;\n  border-left: 1px solid rgba(0,0,0,0.1);\n}\n.links > div > a:hover{\n  background: rgba(0,0,0,0.1);\n  color: #333333;\n}\n\n<\/style><div class=\"wp-block-media-text alignwide is-stacked-on-mobile mh-75\"><figure class=\"wp-block-media-text__media\"><img decoding=\"async\" width=\"1024\" height=\"683\" src=\"https:\/\/chateauhochberg.com\/wp-content\/uploads\/2020\/04\/Ch\u00e2teau-Hochberg_Pavillon\u00a9Studio-Adeline-Wagner-HD-11-1024x683.jpg\" alt=\"\" class=\"wp-image-6304 size-full\" srcset=\"https:\/\/chateauhochberg.com\/wp-content\/uploads\/2020\/04\/Ch\u00e2teau-Hochberg_Pavillon\u00a9Studio-Adeline-Wagner-HD-11-1024x683.jpg 1024w, https:\/\/chateauhochberg.com\/wp-content\/uploads\/2020\/04\/Ch\u00e2teau-Hochberg_Pavillon\u00a9Studio-Adeline-Wagner-HD-11-800x533.jpg 800w, https:\/\/chateauhochberg.com\/wp-content\/uploads\/2020\/04\/Ch\u00e2teau-Hochberg_Pavillon\u00a9Studio-Adeline-Wagner-HD-11-300x200.jpg 300w, https:\/\/chateauhochberg.com\/wp-content\/uploads\/2020\/04\/Ch\u00e2teau-Hochberg_Pavillon\u00a9Studio-Adeline-Wagner-HD-11-768x512.jpg 768w, https:\/\/chateauhochberg.com\/wp-content\/uploads\/2020\/04\/Ch\u00e2teau-Hochberg_Pavillon\u00a9Studio-Adeline-Wagner-HD-11.jpg 1920w\" sizes=\"(max-width: 1024px) 100vw, 1024px\" \/><\/figure><div class=\"wp-block-media-text__content\"><p>Reservieren Sie ein aussergew\u00f6hnlicher Ort f\u00fcr Privatempf\u00e4nge oder gesch\u00e4ftliche Anl\u00e4sse : der neue, 250 m2 grosse Pavillon Hochberg.<\/p>\n\n<p>Der Pavillon liegt auf dem Schlossgel\u00e4nde, direkt neben dem Haupthaus, ist aber ein Neubau mit eleganter, moderner Einrichtung. Er kann f\u00fcr Gruppen reserviert werden und eignet sich hervorragend f\u00fcr private und gesch\u00e4ftliche Anl\u00e4sse wie Hochzeiten, Geburtstage, Seminare, Bankette oder Cocktails.<\/p>\n\n<p>Ob Workshop, Tagung oder runder Hochzeitstag \u2013 geniessen Sie auch im Pavillon die Qualit\u00e4t der Dienstleistungen des Ch\u00e2teaus sowie die vorz\u00fcgliche K\u00fcche des Chefs. Zus\u00e4tzlich lockt der moderne Komfort der Zimmer und Suiten des Hotels.<\/p><\/div><\/div><div class=\"wp-block-media-text alignwide has-media-on-the-right is-stacked-on-mobile mh-75\"><div class=\"wp-block-media-text__content\"><p>Wie schon beim Restaurant und beim Keller der Villa Ren\u00e9 Lalique wurden das Konzept und die Ausf\u00fchrung des Pavillon-Baus dem international renommierten Schweizer Stararchitekten Mario Botta anvertraut.<\/p>\n\n<p>Lassen Sie sich von diesem zeitlosen Ort inspirieren und reservieren Sie jetzt den Pavillon Hochberg f\u00fcr Ihr spezielles Event.<\/p>\n\n<p class=\"has-text-align-center\">Information &amp; Reservierung:<\/p>\n\n<p class=\"has-text-align-center\"><a  class='btn btn-black-white' href='mailto:events@chateauhochberg.com'>events@chateauhochberg.com<\/a> <a  class='btn btn-black-white' href='tel:0033388006767'>03.88.00.67.67<\/a><\/div><figure class=\"wp-block-media-text__media\"><img decoding=\"async\" width=\"1024\" height=\"684\" src=\"https:\/\/chateauhochberg.com\/wp-content\/uploads\/2023\/02\/Terrasse-Chateau-Hochberg-Frantisek-Zvardon-HD-1024x684.jpg\" alt=\"\" class=\"wp-image-16133 size-full\" srcset=\"https:\/\/chateauhochberg.com\/wp-content\/uploads\/2023\/02\/Terrasse-Chateau-Hochberg-Frantisek-Zvardon-HD-1024x684.jpg 1024w, https:\/\/chateauhochberg.com\/wp-content\/uploads\/2023\/02\/Terrasse-Chateau-Hochberg-Frantisek-Zvardon-HD-800x534.jpg 800w, https:\/\/chateauhochberg.com\/wp-content\/uploads\/2023\/02\/Terrasse-Chateau-Hochberg-Frantisek-Zvardon-HD-300x200.jpg 300w, https:\/\/chateauhochberg.com\/wp-content\/uploads\/2023\/02\/Terrasse-Chateau-Hochberg-Frantisek-Zvardon-HD-768x513.jpg 768w, https:\/\/chateauhochberg.com\/wp-content\/uploads\/2023\/02\/Terrasse-Chateau-Hochberg-Frantisek-Zvardon-HD-1536x1025.jpg 1536w, https:\/\/chateauhochberg.com\/wp-content\/uploads\/2023\/02\/Terrasse-Chateau-Hochberg-Frantisek-Zvardon-HD.jpg 2000w\" sizes=\"(max-width: 1024px) 100vw, 1024px\" \/><\/figure><\/div>","protected":false},"excerpt":{"rendered":"<p>Reservieren Sie ein aussergew\u00f6hnlicher Ort f\u00fcr Privatempf\u00e4nge oder gesch\u00e4ftliche Anl\u00e4sse : der neue, 250 m2 grosse Pavillon Hochberg. Der Pavillon liegt auf dem Schlossgel\u00e4nde, direkt neben dem Haupthaus, ist aber ein Neubau mit eleganter, moderner Einrichtung. Er kann f\u00fcr Gruppen reserviert werden und eignet sich hervorragend f\u00fcr private und gesch\u00e4ftliche Anl\u00e4sse wie Hochzeiten, Geburtstage, Seminare, [&hellip;]<\/p>\n","protected":false},"author":6,"featured_media":0,"parent":0,"menu_order":0,"comment_status":"closed","ping_status":"closed","template":"page-templates\/fullscreen-img-right-detail.php","meta":{"_acf_changed":false,"footnotes":""},"class_list":["post-4292","page","type-page","status-publish","hentry"],"acf":[],"yoast_head":"<!-- This site is optimized with the Yoast SEO plugin v25.1 - https:\/\/yoast.com\/wordpress\/plugins\/seo\/ -->\n<title>Seminare &amp; Events - Ch\u00e2teau Hochberg<\/title>\n<meta name=\"description\" content=\"Der Pavillon Hochberg bietet Ihnen einen au\u00dfergew\u00f6hnlichen Ort f\u00fcr Ihre Seminare und privaten oder beruflichen Events.\" \/>\n<meta name=\"robots\" content=\"index, follow, max-snippet:-1, max-image-preview:large, max-video-preview:-1\" \/>\n<link rel=\"canonical\" href=\"https:\/\/chateauhochberg.com\/de\/seminare-und-events\/\" \/>\n<meta property=\"og:locale\" content=\"de_DE\" \/>\n<meta property=\"og:type\" content=\"article\" \/>\n<meta property=\"og:title\" content=\"Seminare &amp; Events - Ch\u00e2teau Hochberg\" \/>\n<meta property=\"og:description\" content=\"Der Pavillon Hochberg bietet Ihnen einen au\u00dfergew\u00f6hnlichen Ort f\u00fcr Ihre Seminare und privaten oder beruflichen Events.\" \/>\n<meta property=\"og:url\" content=\"https:\/\/chateauhochberg.com\/de\/seminare-und-events\/\" \/>\n<meta property=\"og:site_name\" content=\"Ch\u00e2teau Hochberg\" \/>\n<meta property=\"article:modified_time\" content=\"2025-12-12T14:07:26+00:00\" \/>\n<meta property=\"og:image\" content=\"https:\/\/chateauhochberg.com\/wp-content\/uploads\/2023\/02\/Terrasse-Chateau-Hochberg-Frantisek-Zvardon-HD-1024x684.jpg\" \/>\n<meta name=\"twitter:card\" content=\"summary_large_image\" \/>\n<meta name=\"twitter:label1\" content=\"Gesch\u00e4tzte Lesezeit\" \/>\n\t<meta name=\"twitter:data1\" content=\"2\u00a0Minuten\" \/>\n<script type=\"application\/ld+json\" class=\"yoast-schema-graph\">{\"@context\":\"https:\/\/schema.org\",\"@graph\":[{\"@type\":\"WebPage\",\"@id\":\"https:\/\/chateauhochberg.com\/de\/seminare-und-events\/\",\"url\":\"https:\/\/chateauhochberg.com\/de\/seminare-und-events\/\",\"name\":\"Seminare & Events - Ch\u00e2teau Hochberg\",\"isPartOf\":{\"@id\":\"https:\/\/chateauhochberg.com\/en\/#website\"},\"primaryImageOfPage\":{\"@id\":\"https:\/\/chateauhochberg.com\/de\/seminare-und-events\/#primaryimage\"},\"image\":{\"@id\":\"https:\/\/chateauhochberg.com\/de\/seminare-und-events\/#primaryimage\"},\"thumbnailUrl\":\"https:\/\/chateauhochberg.com\/wp-content\/uploads\/2023\/02\/Terrasse-Chateau-Hochberg-Frantisek-Zvardon-HD-1024x684.jpg\",\"datePublished\":\"2017-07-05T14:20:14+00:00\",\"dateModified\":\"2025-12-12T14:07:26+00:00\",\"description\":\"Der Pavillon Hochberg bietet Ihnen einen au\u00dfergew\u00f6hnlichen Ort f\u00fcr Ihre Seminare und privaten oder beruflichen Events.\",\"breadcrumb\":{\"@id\":\"https:\/\/chateauhochberg.com\/de\/seminare-und-events\/#breadcrumb\"},\"inLanguage\":\"de\",\"potentialAction\":[{\"@type\":\"ReadAction\",\"target\":[\"https:\/\/chateauhochberg.com\/de\/seminare-und-events\/\"]}]},{\"@type\":\"ImageObject\",\"inLanguage\":\"de\",\"@id\":\"https:\/\/chateauhochberg.com\/de\/seminare-und-events\/#primaryimage\",\"url\":\"https:\/\/chateauhochberg.com\/wp-content\/uploads\/2023\/02\/Terrasse-Chateau-Hochberg-Frantisek-Zvardon-HD-1024x684.jpg\",\"contentUrl\":\"https:\/\/chateauhochberg.com\/wp-content\/uploads\/2023\/02\/Terrasse-Chateau-Hochberg-Frantisek-Zvardon-HD-1024x684.jpg\"},{\"@type\":\"BreadcrumbList\",\"@id\":\"https:\/\/chateauhochberg.com\/de\/seminare-und-events\/#breadcrumb\",\"itemListElement\":[{\"@type\":\"ListItem\",\"position\":1,\"name\":\"Accueil\",\"item\":\"https:\/\/chateauhochberg.com\/de\/\"},{\"@type\":\"ListItem\",\"position\":2,\"name\":\"Seminare &#038; Events\"}]},{\"@type\":\"WebSite\",\"@id\":\"https:\/\/chateauhochberg.com\/en\/#website\",\"url\":\"https:\/\/chateauhochberg.com\/en\/\",\"name\":\"Ch\u00e2teau Hochberg - By Lalique\",\"description\":\"H\u00f4tel &amp; Restaurant\",\"alternateName\":\"CHOCH\",\"potentialAction\":[{\"@type\":\"SearchAction\",\"target\":{\"@type\":\"EntryPoint\",\"urlTemplate\":\"https:\/\/chateauhochberg.com\/en\/?s={search_term_string}\"},\"query-input\":{\"@type\":\"PropertyValueSpecification\",\"valueRequired\":true,\"valueName\":\"search_term_string\"}}],\"inLanguage\":\"de\"}]}<\/script>\n<!-- \/ Yoast SEO plugin. -->","yoast_head_json":{"title":"Seminare & Events - Ch\u00e2teau Hochberg","description":"Der Pavillon Hochberg bietet Ihnen einen au\u00dfergew\u00f6hnlichen Ort f\u00fcr Ihre Seminare und privaten oder beruflichen Events.","robots":{"index":"index","follow":"follow","max-snippet":"max-snippet:-1","max-image-preview":"max-image-preview:large","max-video-preview":"max-video-preview:-1"},"canonical":"https:\/\/chateauhochberg.com\/de\/seminare-und-events\/","og_locale":"de_DE","og_type":"article","og_title":"Seminare & Events - Ch\u00e2teau Hochberg","og_description":"Der Pavillon Hochberg bietet Ihnen einen au\u00dfergew\u00f6hnlichen Ort f\u00fcr Ihre Seminare und privaten oder beruflichen Events.","og_url":"https:\/\/chateauhochberg.com\/de\/seminare-und-events\/","og_site_name":"Ch\u00e2teau Hochberg","article_modified_time":"2025-12-12T14:07:26+00:00","og_image":[{"url":"https:\/\/chateauhochberg.com\/wp-content\/uploads\/2023\/02\/Terrasse-Chateau-Hochberg-Frantisek-Zvardon-HD-1024x684.jpg","type":"","width":"","height":""}],"twitter_card":"summary_large_image","twitter_misc":{"Gesch\u00e4tzte Lesezeit":"2\u00a0Minuten"},"schema":{"@context":"https:\/\/schema.org","@graph":[{"@type":"WebPage","@id":"https:\/\/chateauhochberg.com\/de\/seminare-und-events\/","url":"https:\/\/chateauhochberg.com\/de\/seminare-und-events\/","name":"Seminare & Events - Ch\u00e2teau Hochberg","isPartOf":{"@id":"https:\/\/chateauhochberg.com\/en\/#website"},"primaryImageOfPage":{"@id":"https:\/\/chateauhochberg.com\/de\/seminare-und-events\/#primaryimage"},"image":{"@id":"https:\/\/chateauhochberg.com\/de\/seminare-und-events\/#primaryimage"},"thumbnailUrl":"https:\/\/chateauhochberg.com\/wp-content\/uploads\/2023\/02\/Terrasse-Chateau-Hochberg-Frantisek-Zvardon-HD-1024x684.jpg","datePublished":"2017-07-05T14:20:14+00:00","dateModified":"2025-12-12T14:07:26+00:00","description":"Der Pavillon Hochberg bietet Ihnen einen au\u00dfergew\u00f6hnlichen Ort f\u00fcr Ihre Seminare und privaten oder beruflichen Events.","breadcrumb":{"@id":"https:\/\/chateauhochberg.com\/de\/seminare-und-events\/#breadcrumb"},"inLanguage":"de","potentialAction":[{"@type":"ReadAction","target":["https:\/\/chateauhochberg.com\/de\/seminare-und-events\/"]}]},{"@type":"ImageObject","inLanguage":"de","@id":"https:\/\/chateauhochberg.com\/de\/seminare-und-events\/#primaryimage","url":"https:\/\/chateauhochberg.com\/wp-content\/uploads\/2023\/02\/Terrasse-Chateau-Hochberg-Frantisek-Zvardon-HD-1024x684.jpg","contentUrl":"https:\/\/chateauhochberg.com\/wp-content\/uploads\/2023\/02\/Terrasse-Chateau-Hochberg-Frantisek-Zvardon-HD-1024x684.jpg"},{"@type":"BreadcrumbList","@id":"https:\/\/chateauhochberg.com\/de\/seminare-und-events\/#breadcrumb","itemListElement":[{"@type":"ListItem","position":1,"name":"Accueil","item":"https:\/\/chateauhochberg.com\/de\/"},{"@type":"ListItem","position":2,"name":"Seminare &#038; Events"}]},{"@type":"WebSite","@id":"https:\/\/chateauhochberg.com\/en\/#website","url":"https:\/\/chateauhochberg.com\/en\/","name":"Ch\u00e2teau Hochberg - By Lalique","description":"H\u00f4tel &amp; Restaurant","alternateName":"CHOCH","potentialAction":[{"@type":"SearchAction","target":{"@type":"EntryPoint","urlTemplate":"https:\/\/chateauhochberg.com\/en\/?s={search_term_string}"},"query-input":{"@type":"PropertyValueSpecification","valueRequired":true,"valueName":"search_term_string"}}],"inLanguage":"de"}]}},"_links":{"self":[{"href":"https:\/\/chateauhochberg.com\/de\/wp-json\/wp\/v2\/pages\/4292","targetHints":{"allow":["GET"]}}],"collection":[{"href":"https:\/\/chateauhochberg.com\/de\/wp-json\/wp\/v2\/pages"}],"about":[{"href":"https:\/\/chateauhochberg.com\/de\/wp-json\/wp\/v2\/types\/page"}],"author":[{"embeddable":true,"href":"https:\/\/chateauhochberg.com\/de\/wp-json\/wp\/v2\/users\/6"}],"replies":[{"embeddable":true,"href":"https:\/\/chateauhochberg.com\/de\/wp-json\/wp\/v2\/comments?post=4292"}],"version-history":[{"count":13,"href":"https:\/\/chateauhochberg.com\/de\/wp-json\/wp\/v2\/pages\/4292\/revisions"}],"predecessor-version":[{"id":23986,"href":"https:\/\/chateauhochberg.com\/de\/wp-json\/wp\/v2\/pages\/4292\/revisions\/23986"}],"wp:attachment":[{"href":"https:\/\/chateauhochberg.com\/de\/wp-json\/wp\/v2\/media?parent=4292"}],"curies":[{"name":"wp","href":"https:\/\/api.w.org\/{rel}","templated":true}]}}