{"id":480,"date":"2015-10-09T08:55:11","date_gmt":"2015-10-09T07:55:11","guid":{"rendered":"http:\/\/www.chateauhochberg.com\/de\/?page_id=480"},"modified":"2020-09-08T17:05:43","modified_gmt":"2020-09-08T16:05:43","slug":"stellen","status":"publish","type":"page","link":"https:\/\/chateauhochberg.com\/de\/stellen\/","title":{"rendered":"Karriere"},"content":{"rendered":"<div class=\"container-fluid\">\n<div class=\"row\">\n<div class=\"col-md-2\">\n<\/div>\n<div class=\"col-md-8\">\n<p style=\"text-align: center; color: #666; padding: 75px 30px 10px 30px;\">Kommen Sie zu uns und bereichern Sie Ihre Berufserfahrung durch Ihren Einsatz in diesem Luxushaus, das f\u00fcr gehobene franz\u00f6sische Lebensart steht.\nDie bei uns offenen Stellen ersehen Sie bitte unten.<\/p>\n<p style=\"text-align: center; color: #666; padding: 10px 0px 30px 0px;\">Wenn Sie sich spontan bewerben m\u00f6chten, senden Sie uns bitte Ihren Motivationsbrief mit Lebenslauf an untenstehende Adresse:<\/p>\n<p style=\"text-align: center; padding-bottom: 30px;\"><a class=\"btn btn-white-black\" href=\"mailto:direction@chateauhochberg.com?subject=&#091;SITE CHATEAU HOCHBERG&#093; Recrutement\"><i class=\"fa fa-envelope\"><\/i> direction@chateauhochberg.com<\/a><\/p>\n\n\n<hr style=\"width: 50px;\">\n\n<\/div>\n<div class=\"col-md-2\">\n<\/div>\n<\/div>\n<\/div>\n\n<section style=\"padding: 30px 30px 30px 30px;\"><div class=\"container-fluid\">\n<div class=\"row\">\n<div class=\"col-md-8 col-md-offset-2\">\n<p style=\"text-align: center; text-transform: uppercase; font-family: 'Open Sans Condensed', sans-serif; font-weight: 100; color: #999999; font-size: 30px; margin-top: 20px; margin-bottom: 10px;\">&nbsp;CHEF DE PARTIE CUISINE | Commis de cuisine<\/p>\n<p style=\"padding: 0px 50px 0px 50px; text-align: center;\">Wir suchen aufmerksame und qualit\u00e4tsbewusste Fachpersonen. Gepflegte Erscheinung, kontaktfreudig, mit ausgezeichneten Umgangsformen.\nWir w\u00fcnschen uns Mitarbeitende, die Wert auf ein Arbeistumfeld in einem sch\u00f6nen Haus legen, zu deren Image und Ruf sie durch hochstehende Dienstleistungen beitragen m\u00f6chten.\nFreundlich, einsatzfreudig und engagiert, ehrgeizig, kundenfreundlich und an einer langfristigen Mitwirkung bei uns interessiert. Gute Englisch- und Deutschkenntnisse sowie ausgezeichnte Referenzen werden besonders gesch\u00e4tzt.<\/p>\n<p style=\"text-align: center; padding: 30px 0 30px 0;\">Senden Sie bitte Ihren Motivationsbrief mit Lebenslauf und Bild an:<\/p>\n<p style=\"text-align: center;\"><a class=\"btn btn-white-black\" href=\"mailto:direction@chateauhochberg.com?subject=&#091;SITE CHATEAU HOCHBERG&#093; Recrutement\"><i class=\"fa fa-envelope\"><\/i> direction@chateauhochberg.com<\/a><\/p>\n<\/div>\n<\/div>\n<\/div>\n\n<\/section>","protected":false},"excerpt":{"rendered":"","protected":false},"author":1,"featured_media":0,"parent":0,"menu_order":0,"comment_status":"open","ping_status":"open","template":"","meta":{"_acf_changed":false,"footnotes":""},"class_list":["post-480","page","type-page","status-publish","hentry"],"acf":[],"yoast_head":"<!-- This site is optimized with the Yoast SEO plugin v25.1 - https:\/\/yoast.com\/wordpress\/plugins\/seo\/ -->\n<title>Karriere - Ch\u00e2teau Hochberg<\/title>\n<meta name=\"description\" content=\"Kommen Sie zu uns und bereichern Sie Ihre Berufserfahrung durch Ihren Einsatz in diesem Luxushaus, das f\u00fcr gehobene franz\u00f6sische Lebensart steht. Die bei uns offenen Stellen ersehen Sie bitte unten.\" \/>\n<meta name=\"robots\" content=\"index, follow, max-snippet:-1, max-image-preview:large, max-video-preview:-1\" \/>\n<link rel=\"canonical\" href=\"https:\/\/chateauhochberg.com\/de\/stellen\/\" \/>\n<meta property=\"og:locale\" content=\"de_DE\" \/>\n<meta property=\"og:type\" content=\"article\" \/>\n<meta property=\"og:title\" content=\"Karriere - Ch\u00e2teau Hochberg\" \/>\n<meta property=\"og:description\" content=\"Kommen Sie zu uns und bereichern Sie Ihre Berufserfahrung durch Ihren Einsatz in diesem Luxushaus, das f\u00fcr gehobene franz\u00f6sische Lebensart steht. Die bei uns offenen Stellen ersehen Sie bitte unten.\" \/>\n<meta property=\"og:url\" content=\"https:\/\/chateauhochberg.com\/de\/stellen\/\" \/>\n<meta property=\"og:site_name\" content=\"Ch\u00e2teau Hochberg\" \/>\n<meta property=\"article:modified_time\" content=\"2020-09-08T16:05:43+00:00\" \/>\n<meta name=\"twitter:card\" content=\"summary_large_image\" \/>\n<meta name=\"twitter:label1\" content=\"Gesch\u00e4tzte Lesezeit\" \/>\n\t<meta name=\"twitter:data1\" content=\"1\u00a0Minute\" \/>\n<script type=\"application\/ld+json\" class=\"yoast-schema-graph\">{\"@context\":\"https:\/\/schema.org\",\"@graph\":[{\"@type\":\"WebPage\",\"@id\":\"https:\/\/chateauhochberg.com\/de\/stellen\/\",\"url\":\"https:\/\/chateauhochberg.com\/de\/stellen\/\",\"name\":\"Karriere - Ch\u00e2teau Hochberg\",\"isPartOf\":{\"@id\":\"https:\/\/chateauhochberg.com\/en\/#website\"},\"datePublished\":\"2015-10-09T07:55:11+00:00\",\"dateModified\":\"2020-09-08T16:05:43+00:00\",\"description\":\"Kommen Sie zu uns und bereichern Sie Ihre Berufserfahrung durch Ihren Einsatz in diesem Luxushaus, das f\u00fcr gehobene franz\u00f6sische Lebensart steht. Die bei uns offenen Stellen ersehen Sie bitte unten.\",\"breadcrumb\":{\"@id\":\"https:\/\/chateauhochberg.com\/de\/stellen\/#breadcrumb\"},\"inLanguage\":\"de\",\"potentialAction\":[{\"@type\":\"ReadAction\",\"target\":[\"https:\/\/chateauhochberg.com\/de\/stellen\/\"]}]},{\"@type\":\"BreadcrumbList\",\"@id\":\"https:\/\/chateauhochberg.com\/de\/stellen\/#breadcrumb\",\"itemListElement\":[{\"@type\":\"ListItem\",\"position\":1,\"name\":\"Accueil\",\"item\":\"https:\/\/chateauhochberg.com\/de\/\"},{\"@type\":\"ListItem\",\"position\":2,\"name\":\"Karriere\"}]},{\"@type\":\"WebSite\",\"@id\":\"https:\/\/chateauhochberg.com\/en\/#website\",\"url\":\"https:\/\/chateauhochberg.com\/en\/\",\"name\":\"Ch\u00e2teau Hochberg - By Lalique\",\"description\":\"H\u00f4tel &amp; Restaurant\",\"alternateName\":\"CHOCH\",\"potentialAction\":[{\"@type\":\"SearchAction\",\"target\":{\"@type\":\"EntryPoint\",\"urlTemplate\":\"https:\/\/chateauhochberg.com\/en\/?s={search_term_string}\"},\"query-input\":{\"@type\":\"PropertyValueSpecification\",\"valueRequired\":true,\"valueName\":\"search_term_string\"}}],\"inLanguage\":\"de\"}]}<\/script>\n<!-- \/ Yoast SEO plugin. -->","yoast_head_json":{"title":"Karriere - Ch\u00e2teau Hochberg","description":"Kommen Sie zu uns und bereichern Sie Ihre Berufserfahrung durch Ihren Einsatz in diesem Luxushaus, das f\u00fcr gehobene franz\u00f6sische Lebensart steht. Die bei uns offenen Stellen ersehen Sie bitte unten.","robots":{"index":"index","follow":"follow","max-snippet":"max-snippet:-1","max-image-preview":"max-image-preview:large","max-video-preview":"max-video-preview:-1"},"canonical":"https:\/\/chateauhochberg.com\/de\/stellen\/","og_locale":"de_DE","og_type":"article","og_title":"Karriere - Ch\u00e2teau Hochberg","og_description":"Kommen Sie zu uns und bereichern Sie Ihre Berufserfahrung durch Ihren Einsatz in diesem Luxushaus, das f\u00fcr gehobene franz\u00f6sische Lebensart steht. Die bei uns offenen Stellen ersehen Sie bitte unten.","og_url":"https:\/\/chateauhochberg.com\/de\/stellen\/","og_site_name":"Ch\u00e2teau Hochberg","article_modified_time":"2020-09-08T16:05:43+00:00","twitter_card":"summary_large_image","twitter_misc":{"Gesch\u00e4tzte Lesezeit":"1\u00a0Minute"},"schema":{"@context":"https:\/\/schema.org","@graph":[{"@type":"WebPage","@id":"https:\/\/chateauhochberg.com\/de\/stellen\/","url":"https:\/\/chateauhochberg.com\/de\/stellen\/","name":"Karriere - Ch\u00e2teau Hochberg","isPartOf":{"@id":"https:\/\/chateauhochberg.com\/en\/#website"},"datePublished":"2015-10-09T07:55:11+00:00","dateModified":"2020-09-08T16:05:43+00:00","description":"Kommen Sie zu uns und bereichern Sie Ihre Berufserfahrung durch Ihren Einsatz in diesem Luxushaus, das f\u00fcr gehobene franz\u00f6sische Lebensart steht. Die bei uns offenen Stellen ersehen Sie bitte unten.","breadcrumb":{"@id":"https:\/\/chateauhochberg.com\/de\/stellen\/#breadcrumb"},"inLanguage":"de","potentialAction":[{"@type":"ReadAction","target":["https:\/\/chateauhochberg.com\/de\/stellen\/"]}]},{"@type":"BreadcrumbList","@id":"https:\/\/chateauhochberg.com\/de\/stellen\/#breadcrumb","itemListElement":[{"@type":"ListItem","position":1,"name":"Accueil","item":"https:\/\/chateauhochberg.com\/de\/"},{"@type":"ListItem","position":2,"name":"Karriere"}]},{"@type":"WebSite","@id":"https:\/\/chateauhochberg.com\/en\/#website","url":"https:\/\/chateauhochberg.com\/en\/","name":"Ch\u00e2teau Hochberg - By Lalique","description":"H\u00f4tel &amp; Restaurant","alternateName":"CHOCH","potentialAction":[{"@type":"SearchAction","target":{"@type":"EntryPoint","urlTemplate":"https:\/\/chateauhochberg.com\/en\/?s={search_term_string}"},"query-input":{"@type":"PropertyValueSpecification","valueRequired":true,"valueName":"search_term_string"}}],"inLanguage":"de"}]}},"_links":{"self":[{"href":"https:\/\/chateauhochberg.com\/de\/wp-json\/wp\/v2\/pages\/480","targetHints":{"allow":["GET"]}}],"collection":[{"href":"https:\/\/chateauhochberg.com\/de\/wp-json\/wp\/v2\/pages"}],"about":[{"href":"https:\/\/chateauhochberg.com\/de\/wp-json\/wp\/v2\/types\/page"}],"author":[{"embeddable":true,"href":"https:\/\/chateauhochberg.com\/de\/wp-json\/wp\/v2\/users\/1"}],"replies":[{"embeddable":true,"href":"https:\/\/chateauhochberg.com\/de\/wp-json\/wp\/v2\/comments?post=480"}],"version-history":[{"count":14,"href":"https:\/\/chateauhochberg.com\/de\/wp-json\/wp\/v2\/pages\/480\/revisions"}],"predecessor-version":[{"id":11129,"href":"https:\/\/chateauhochberg.com\/de\/wp-json\/wp\/v2\/pages\/480\/revisions\/11129"}],"wp:attachment":[{"href":"https:\/\/chateauhochberg.com\/de\/wp-json\/wp\/v2\/media?parent=480"}],"curies":[{"name":"wp","href":"https:\/\/api.w.org\/{rel}","templated":true}]}}