{"id":5031,"date":"2018-05-28T16:22:27","date_gmt":"2018-05-28T15:22:27","guid":{"rendered":"http:\/\/www.chateauhochberg.com\/?page_id=5031"},"modified":"2018-06-05T16:33:57","modified_gmt":"2018-06-05T15:33:57","slug":"cookies","status":"publish","type":"page","link":"https:\/\/chateauhochberg.com\/de\/cookies\/","title":{"rendered":"Cookies"},"content":{"rendered":"<div class=\"container\">\r\n<div class=\"row\">\r\n<div class=\"col-md-12\">\r\n<h3 class=\"padding-top-bottom\">1. Was ist ein Cookie?<\/h3>\r\n<p>Ein Cookie (oder Cookie) wird vom HTTP-Kommunikationsprotokoll als eine von einem HTTP-Server an einen HTTP-Client gesendete Informationsfolge definiert, die der HTTP-Client bei jeder Abfrage desselben HTTP-Servers unter bestimmten Bedingungen zur\u00fcckgibt.<\/p>\n<p>Der Cookie entspricht einer kleinen Textdatei, die auf dem Terminal des Benutzers gespeichert ist.<\/p>\n<p>Er wird vom Web-Server als HTTP-Header an den Web-Browser gesendet, der ihn bei jedem Zugriff auf den Server unver\u00e4ndert zur\u00fcckgibt.<\/p>\n<p>Ein Cookie kann f\u00fcr die Authentifizierung, eine Sitzung (Statuspflege) und zum Speichern spezifischer Benutzerinformationen, wie zum Beispiel Website-Einstellungen oder den Inhalt eines elektronischen Einkaufswagens, verwendet werden.<\/p>\n<p>Da Cookies normalerweise als einfache Textdateien gespeichert werden, sind sie nicht ausf\u00fchrbar. Sie sind weder Spyware noch Viren.<\/p>\n<p>In den neuesten Browsern k\u00f6nnen Benutzer entscheiden, ob sie Cookies akzeptieren oder ablehnen. Benutzer k\u00f6nnen auch ausw\u00e4hlen, wie lange Cookies gespeichert werden. Die vollst\u00e4ndige Ablehnung von Cookies macht jedoch einige Websites unbrauchbar.<br \/>\nSpeichern Sie beispielsweise Einkaufswagen oder Websites, f\u00fcr die beispielsweise eine Verbindung zu einem Kundenbereich erforderlich ist. Quelle: <a href=\"http:\/\/www.wikipedia.org\">www.wikipedia.org<\/a><\/p>\n\r\n<h3 class=\"padding-top-bottom\">2. Verwendung von &#8222;Cookies&#8220; auf unserer Website<\/h3>\r\n<p>Bei jeder Verbindung zu unserer Site k\u00f6nnen, abh\u00e4ngig von Ihrer Auswahl, verschiedene Cookies in Ihrem Terminal installiert werden, um beispielsweise den verwendeten Internetbrowser zu erkennen.<\/p>\n<p>Diese Cookies beziehen sich auf den tats\u00e4chlichen Betrieb der Website.<\/p>\n<p>Diese Cookies erm\u00f6glichen:<\/p>\n<p>die Erstellung von Statistiken \u00fcber die Nutzung der Elemente auf unserer Website (\u00dcberschriften, Unter\u00fcberschriften, Produkte, Dienstleistungen usw.), um die t\u00e4gliche Erfahrung Ihres Besuchs zu verbessern.<br \/>\ndie Anpassung der Ergonomie und des UX-Designs unserer Website an die Pr\u00e4ferenzen der Anzeige Ihres Terminals (Sprache der Verwendung, Aufl\u00f6sung der Anzeige usw.) w\u00e4hrend Ihrer Navigation.<br \/>\ndie Kombination Ihrer Kontaktdaten oder pers\u00f6nlichen Daten und Navigationsinformationen w\u00e4hrend Ihrer Registrierung oder Zugang zu unseren Produkten und Dienstleistungen, um Ihnen E-Mails zu senden, die Sie interessieren k\u00f6nnten.<br \/>\nDie Registrierung von Informationen in Bezug auf ein Formular, das Sie auf unserer Website ausgef\u00fcllt haben (Registrierung oder Zugang zu einem Kundenbereich zum Beispiel) oder zu unseren Produkten und Dienstleistungen (abonnierter Service oder Details einer Reservierung mit Beispiel) durch Ihren Internetbrowser.<br \/>\nZugriff auf reservierte Bereiche der Navigation auf unserer Website, z. B. einen Kundenbereich, z. B. \u00fcber Kennungen und Daten, die Sie uns sp\u00e4ter anvertraut haben.<br \/>\nDie Implementierung von Sicherheitsma\u00dfnahmen, zum Beispiel w\u00e4hrend einer Einladung, Sie nach einer gewissen Zeit mit der gesamten oder einem Teil der Website oder einem unserer Produkte und Dienstleistungen zu verbinden.<br \/>\nAchtung, die Verweigerung der Verwendung dieser Cookies kann sich auf die Qualit\u00e4t Ihres Besuchs und die Benutzererfahrung auswirken.<\/p>\n<p>Um mehr \u00fcber Cookies und ihre Funktionsweise zu erfahren, besuchen Sie: <a href=\"http:\/\/www.allaboutcookies.org\" target=\"_blank\" rel=\"noopener\">www.allaboutcookies.org<\/a><\/p>\n\r\n<h3 class=\"padding-top-bottom\">3.Nutzung von &#8222;Cookies&#8220; von Drittanbietern<\/h3>\r\n<p>Bilder und andere Objekte, die in einer Webseite enthalten sind, k\u00f6nnen sich auf Servern befinden, die sich von denen unterscheiden, auf denen die Seite gehostet wird. Um die Seite anzuzeigen, l\u00e4dt der Browser alle diese Objekte herunter. Die meisten Websites enthalten Informationen aus verschiedenen Quellen.<\/p>\n<p>Wenn Sie beispielsweise www.example.com in Ihrem Browser eingeben, werden auf einem Teil der Seite h\u00e4ufig Elemente oder Ank\u00fcndigungen angezeigt, die aus verschiedenen Quellen stammen, dh aus einer anderen Dom\u00e4ne als www. .beispiel.com.<\/p>\n<p>Der &#8222;erste&#8220; Teil der Cookies sind Cookies, die von der in der Adressleiste des Browsers registrierten Domain eingerichtet werden. Cookies von Drittanbietern werden von einem der Objekte auf der Seite eingerichtet, die aus einer anderen Dom\u00e4ne stammen.<\/p>\n<p>Standardm\u00e4\u00dfig akzeptieren Browser wie Mozilla Firefox, Microsoft Internet Explorer und Opera Cookies von Drittanbietern, aber Benutzer k\u00f6nnen Einstellungen in Browseroptionen \u00e4ndern, um sie zu blockieren.<\/p>\n<p>Es besteht kein Sicherheitsrisiko in Cookies von Drittanbietern, die Funktionalit\u00e4t f\u00fcr das Web erm\u00f6glichen.<\/p>\n<p>Diese Cookies von Drittanbietern erm\u00f6glichen uns beispielsweise die Durchf\u00fchrung von Statistiken (z. B. \u00fcber Google Analytics oder Xiti), um zielgerichtete Inhalte auf der Grundlage Ihrer Interessen, Ihrer Pr\u00e4ferenzen oder der Website Dritter bereitzustellen. Herkunft, die Sie zum Beispiel auf unsere Website weitergeleitet hat.<\/p>\n<p>Diese Cookies von Drittanbietern k\u00f6nnen Ihnen auch erm\u00f6glichen, den Inhalt unserer Website in sozialen Netzwerken \u00fcber die Funktionen &#8222;Teilen&#8220; oder &#8222;Gef\u00e4llt mir&#8220; ganz oder teilweise zu identifizieren und zu teilen.<\/p>\n<p>Um mehr \u00fcber die Verwendung von Cookies durch verschiedene soziale Netzwerke zu erfahren (nicht ersch\u00f6pfende Liste), besuchen Sie:<\/p>\n<p>Facebook : <a href=\"https:\/\/www.facebook.com\/about\/ads\" target=\"_blank\" rel=\"noopener\">https:\/\/www.facebook.com\/about\/ads<\/a><\/p>\n<p>Instagram : <a href=\"https:\/\/help.instagram.com\/1896641480634370?ref=ig\" target=\"_blank\" rel=\"noopener\">https:\/\/help.instagram.com\/1896641480634370?ref=ig<\/a><\/p>\n<p>Twitter : <a href=\"https:\/\/support.twitter.com\/articles\/20170518\" target=\"_blank\" rel=\"noopener\">https:\/\/support.twitter.com\/articles\/20170518<\/a><\/p>\n<p>Snapchat : <a href=\"https:\/\/www.snap.com\/fr-FR\/cookie-policy\/\" target=\"_blank\" rel=\"noopener\">https:\/\/www.snap.com\/fr-FR\/cookie-policy\/<\/a><\/p>\n<p>Google+ : <a href=\"http:\/\/www.google.com\/policies\/technologies\/cookies\/\" target=\"_blank\" rel=\"noopener\">http:\/\/www.google.com\/policies\/technologies\/cookies\/<\/a><\/p>\n<p>Pinterest : <a href=\"https:\/\/help.pinterest.com\/fr\/articles\/personalization-and-data\" target=\"_blank\" rel=\"noopener\">https:\/\/help.pinterest.com\/fr\/articles\/personalization-and-data<\/a><\/p>\n\r\n<h3 class=\"padding-top-bottom\">4.Konfigurieren von &#8222;Cookies&#8220; in einem Internetbrowser<\/h3>\r\n<p>Weitere Informationen zum Festlegen und Konfigurieren von Cookies in Ihrem Browser finden Sie unter den folgenden Links:<\/p>\n<p>Chrome&#x2122;: <a href=\"http:\/\/support.google.com\/chrome\/bin\/answer.py?hl=fr&amp;hlrm=en&amp;answer=95647\" target=\"_blank\" rel=\"noopener\">http:\/\/support.google.com\/chrome\/bin\/answer.py?hl=fr&amp;hlrm=en&amp;answer=95647<\/a> ;<br \/>\nSafari&#x2122; : <a href=\"http:\/\/www.apple.com\/fr\/privacy\/use-of-cookies\" target=\"_blank\" rel=\"noopener\">http:\/\/www.apple.com\/fr\/privacy\/use-of-cookies<\/a> ;<br \/>\nMicrosoft Edge&#x2122; : <a href=\"https:\/\/privacy.microsoft.com\/fr-fr\/windows-10-microsoft-edge-and-privacy\" target=\"_blank\" rel=\"noopener\">https:\/\/privacy.microsoft.com\/fr-fr\/windows-10-microsoft-edge-and-privacy<\/a> ;<br \/>\nFirefox&#x2122; : <a href=\"http:\/\/support.mozilla.org\/fr\/kb\/Activer%20et%20d%C3%A9sactiver%20les%20cookies\" target=\"_blank\" rel=\"noopener\">http:\/\/support.mozilla.org\/fr\/kb\/Activer%20et%20d%C3%A9sactiver%20les%20cookies<\/a> ;<br \/>\nOpera&#x2122; : <a href=\"http:\/\/help.opera.com\/Windows\/10.20\/fr\/cookies.html\" target=\"_blank\" rel=\"noopener\">http:\/\/help.opera.com\/Windows\/10.20\/fr\/cookies.html<\/a>.<br \/>\nF\u00fcr jeden anderen Browser laden wir Sie ein, die Internet-Suchmaschine Ihrer Wahl zu recherchieren oder sich an Ihren IT-Manager oder IT-L\u00f6sungsanbieter zu wenden.<\/p>\n\r\n\r\n<\/div>\r\n<\/div>\r\n<\/div>","protected":false},"excerpt":{"rendered":"","protected":false},"author":8,"featured_media":0,"parent":0,"menu_order":0,"comment_status":"closed","ping_status":"closed","template":"","meta":{"_acf_changed":false,"footnotes":""},"class_list":["post-5031","page","type-page","status-publish","hentry"],"acf":[],"yoast_head":"<!-- This site is optimized with the Yoast SEO plugin v25.1 - https:\/\/yoast.com\/wordpress\/plugins\/seo\/ -->\n<title>Cookies - Ch\u00e2teau Hochberg<\/title>\n<meta name=\"robots\" content=\"index, follow, max-snippet:-1, max-image-preview:large, max-video-preview:-1\" \/>\n<link rel=\"canonical\" href=\"https:\/\/chateauhochberg.com\/de\/cookies\/\" \/>\n<meta property=\"og:locale\" content=\"de_DE\" \/>\n<meta property=\"og:type\" content=\"article\" \/>\n<meta property=\"og:title\" content=\"Cookies - Ch\u00e2teau Hochberg\" \/>\n<meta property=\"og:url\" content=\"https:\/\/chateauhochberg.com\/de\/cookies\/\" \/>\n<meta property=\"og:site_name\" content=\"Ch\u00e2teau Hochberg\" \/>\n<meta property=\"article:modified_time\" content=\"2018-06-05T15:33:57+00:00\" \/>\n<meta name=\"twitter:card\" content=\"summary_large_image\" \/>\n<meta name=\"twitter:label1\" content=\"Gesch\u00e4tzte Lesezeit\" \/>\n\t<meta name=\"twitter:data1\" content=\"4\u00a0Minuten\" \/>\n<script type=\"application\/ld+json\" class=\"yoast-schema-graph\">{\"@context\":\"https:\/\/schema.org\",\"@graph\":[{\"@type\":\"WebPage\",\"@id\":\"https:\/\/chateauhochberg.com\/de\/cookies\/\",\"url\":\"https:\/\/chateauhochberg.com\/de\/cookies\/\",\"name\":\"Cookies - Ch\u00e2teau Hochberg\",\"isPartOf\":{\"@id\":\"https:\/\/chateauhochberg.com\/en\/#website\"},\"datePublished\":\"2018-05-28T15:22:27+00:00\",\"dateModified\":\"2018-06-05T15:33:57+00:00\",\"breadcrumb\":{\"@id\":\"https:\/\/chateauhochberg.com\/de\/cookies\/#breadcrumb\"},\"inLanguage\":\"de\",\"potentialAction\":[{\"@type\":\"ReadAction\",\"target\":[\"https:\/\/chateauhochberg.com\/de\/cookies\/\"]}]},{\"@type\":\"BreadcrumbList\",\"@id\":\"https:\/\/chateauhochberg.com\/de\/cookies\/#breadcrumb\",\"itemListElement\":[{\"@type\":\"ListItem\",\"position\":1,\"name\":\"Accueil\",\"item\":\"https:\/\/chateauhochberg.com\/de\/\"},{\"@type\":\"ListItem\",\"position\":2,\"name\":\"Cookies\"}]},{\"@type\":\"WebSite\",\"@id\":\"https:\/\/chateauhochberg.com\/en\/#website\",\"url\":\"https:\/\/chateauhochberg.com\/en\/\",\"name\":\"Ch\u00e2teau Hochberg - By Lalique\",\"description\":\"H\u00f4tel &amp; Restaurant\",\"alternateName\":\"CHOCH\",\"potentialAction\":[{\"@type\":\"SearchAction\",\"target\":{\"@type\":\"EntryPoint\",\"urlTemplate\":\"https:\/\/chateauhochberg.com\/en\/?s={search_term_string}\"},\"query-input\":{\"@type\":\"PropertyValueSpecification\",\"valueRequired\":true,\"valueName\":\"search_term_string\"}}],\"inLanguage\":\"de\"}]}<\/script>\n<!-- \/ Yoast SEO plugin. -->","yoast_head_json":{"title":"Cookies - Ch\u00e2teau Hochberg","robots":{"index":"index","follow":"follow","max-snippet":"max-snippet:-1","max-image-preview":"max-image-preview:large","max-video-preview":"max-video-preview:-1"},"canonical":"https:\/\/chateauhochberg.com\/de\/cookies\/","og_locale":"de_DE","og_type":"article","og_title":"Cookies - Ch\u00e2teau Hochberg","og_url":"https:\/\/chateauhochberg.com\/de\/cookies\/","og_site_name":"Ch\u00e2teau Hochberg","article_modified_time":"2018-06-05T15:33:57+00:00","twitter_card":"summary_large_image","twitter_misc":{"Gesch\u00e4tzte Lesezeit":"4\u00a0Minuten"},"schema":{"@context":"https:\/\/schema.org","@graph":[{"@type":"WebPage","@id":"https:\/\/chateauhochberg.com\/de\/cookies\/","url":"https:\/\/chateauhochberg.com\/de\/cookies\/","name":"Cookies - Ch\u00e2teau Hochberg","isPartOf":{"@id":"https:\/\/chateauhochberg.com\/en\/#website"},"datePublished":"2018-05-28T15:22:27+00:00","dateModified":"2018-06-05T15:33:57+00:00","breadcrumb":{"@id":"https:\/\/chateauhochberg.com\/de\/cookies\/#breadcrumb"},"inLanguage":"de","potentialAction":[{"@type":"ReadAction","target":["https:\/\/chateauhochberg.com\/de\/cookies\/"]}]},{"@type":"BreadcrumbList","@id":"https:\/\/chateauhochberg.com\/de\/cookies\/#breadcrumb","itemListElement":[{"@type":"ListItem","position":1,"name":"Accueil","item":"https:\/\/chateauhochberg.com\/de\/"},{"@type":"ListItem","position":2,"name":"Cookies"}]},{"@type":"WebSite","@id":"https:\/\/chateauhochberg.com\/en\/#website","url":"https:\/\/chateauhochberg.com\/en\/","name":"Ch\u00e2teau Hochberg - By Lalique","description":"H\u00f4tel &amp; Restaurant","alternateName":"CHOCH","potentialAction":[{"@type":"SearchAction","target":{"@type":"EntryPoint","urlTemplate":"https:\/\/chateauhochberg.com\/en\/?s={search_term_string}"},"query-input":{"@type":"PropertyValueSpecification","valueRequired":true,"valueName":"search_term_string"}}],"inLanguage":"de"}]}},"_links":{"self":[{"href":"https:\/\/chateauhochberg.com\/de\/wp-json\/wp\/v2\/pages\/5031","targetHints":{"allow":["GET"]}}],"collection":[{"href":"https:\/\/chateauhochberg.com\/de\/wp-json\/wp\/v2\/pages"}],"about":[{"href":"https:\/\/chateauhochberg.com\/de\/wp-json\/wp\/v2\/types\/page"}],"author":[{"embeddable":true,"href":"https:\/\/chateauhochberg.com\/de\/wp-json\/wp\/v2\/users\/8"}],"replies":[{"embeddable":true,"href":"https:\/\/chateauhochberg.com\/de\/wp-json\/wp\/v2\/comments?post=5031"}],"version-history":[{"count":2,"href":"https:\/\/chateauhochberg.com\/de\/wp-json\/wp\/v2\/pages\/5031\/revisions"}],"predecessor-version":[{"id":5065,"href":"https:\/\/chateauhochberg.com\/de\/wp-json\/wp\/v2\/pages\/5031\/revisions\/5065"}],"wp:attachment":[{"href":"https:\/\/chateauhochberg.com\/de\/wp-json\/wp\/v2\/media?parent=5031"}],"curies":[{"name":"wp","href":"https:\/\/api.w.org\/{rel}","templated":true}]}}