{"id":5044,"date":"2018-06-05T14:45:14","date_gmt":"2018-06-05T13:45:14","guid":{"rendered":"http:\/\/www.chateauhochberg.com\/?page_id=5044"},"modified":"2019-01-10T10:09:52","modified_gmt":"2019-01-10T09:09:52","slug":"newsletter","status":"publish","type":"page","link":"https:\/\/chateauhochberg.com\/de\/newsletter\/","title":{"rendered":"NEWSLETTER ANMELDUNG"},"content":{"rendered":"<h3 class=\"p1\" style=\"text-align: center;\">DER AKTUELLE NEWSLETTER IN IHREM POSTEINGANG<\/h3>\r\n                    <script type=\"text\/javascript\">\n                        var onloadSibCallback = function () {\n                            jQuery('.g-recaptcha').each(function (index, el) {\n                                grecaptcha.render(el, {\n                                    'sitekey': jQuery(el).attr('data-sitekey')\n                                });\n                            });\n                        };\n                    <\/script>\n\t\t\t\t\t                <script src=\"https:\/\/www.google.com\/recaptcha\/api.js?onload=onloadSibCallback&render=explicit\" async defer><\/script>\n\t\t\t\t\n\t\t\t<form id=\"sib_signup_form_2\" method=\"post\" class=\"sib_signup_form\">\n\t\t\t\t<div class=\"sib_loader\" style=\"display:none;\"><img\n\t\t\t\t\t\t\tsrc=\"https:\/\/chateauhochberg.com\/wp-includes\/images\/spinner.gif\" alt=\"loader\"><\/div>\n\t\t\t\t<input type=\"hidden\" name=\"sib_form_action\" value=\"subscribe_form_submit\">\n\t\t\t\t<input type=\"hidden\" name=\"sib_form_id\" value=\"2\">\n                <input type=\"hidden\" name=\"sib_form_alert_notice\" value=\"Pflichtfeld\">\n                <input type=\"hidden\" name=\"sib_form_invalid_email_notice\" value=\"Diese E-Mail-Adresse ist nicht g\u00fcltig.\">\n                <input type=\"hidden\" name=\"sib_security\" value=\"a08d15695d\">\n\t\t\t\t<div class=\"sib_signup_box_inside_2\">\n\t\t\t\t\t<div style=\"\/*display:none*\/\" class=\"sib_msg_disp\">\n\t\t\t\t\t<\/div>\n                    \t\t\t\t\t<div class=\"row text-center\">\r\n<p>Empfangen Sie aktuelle Informationen und Angebote ganz bequem via Email. \r\n\r\nVerpassen Sie keine Neuigkeiten und bleiben Sie immer auf dem Laufenden!<\/p>\r\n<em><span style=\"color:red\">*<\/span>Pflichtfeld<\/em>\r\n<\/div>\r\n<div class=\"container\">\r\n<div class=\"row\">\r\n<div class=\"col-md-4\">\r\n<p class=\"sib-PRENOM-area\"> \r\n    <label class=\"sib-PRENOM-area\">VORNAME<span style=\"color:red\">*<\/span><\/label> \r\n    <input type=\"text\" class=\"sib-PRENOM-area\" name=\"PRENOM\" required=\"required\"> \r\n<\/p>\r\n<\/div>\r\n<div class=\"col-md-4\">\r\n<p class=\"sib-NOM-area\"> \r\n    <label class=\"sib-NOM-area\">NACHNAME<span style=\"color:red\">*<\/span><\/label> \r\n    <input type=\"text\" class=\"sib-NOM-area\" name=\"NOM\" required=\"required\"> \r\n<\/p>\r\n<\/div>\r\n<div class=\"col-md-4\">\r\n<p class=\"sib-email-area\">\r\n    <label class=\"sib-email-area\">E-MAIL<span style=\"color:red\">*<\/span><\/label>\r\n    <input type=\"email\" class=\"sib-email-area\" name=\"email\" required=\"required\">\r\n<\/p>\r\n<\/div>\r\n<\/div>\r\n<div class=\"row\">\r\n<div class=\"col-md-6\">\r\n<p class=\"sib-COUNTRY-area\"> \r\n    <label class=\"sib-COUNTRY-area\">LAND<\/label> \r\n    <select class=\"sib-COUNTRY-area\" name=\"COUNTRY\">\r\n      <option value=\"\"><\/option> \r\n      <option value=\"1\">Afghanistan<\/option> \r\n      <option value=\"2\">Albania<\/option> \r\n      <option value=\"3\">Algeria<\/option> \r\n      <option value=\"4\">Angola<\/option> \r\n      <option value=\"5\">Argentina<\/option> \r\n      <option value=\"6\">Armenia<\/option> \r\n      <option value=\"7\">Australia<\/option> \r\n      <option value=\"8\">Austria<\/option> \r\n      <option value=\"9\">Azerbaijan<\/option> \r\n      <option value=\"10\">Bahamas (The)<\/option> \r\n      <option value=\"11\">Bahrain<\/option> \r\n      <option value=\"12\">Bangladesh<\/option> \r\n      <option value=\"13\">Belarus<\/option> \r\n      <option value=\"14\">Belgium<\/option> \r\n      <option value=\"15\">Belize<\/option> \r\n      <option value=\"16\">Benin<\/option> \r\n      <option value=\"17\">Bhutan<\/option> \r\n      <option value=\"18\">Bolivia<\/option> \r\n      <option value=\"19\">Bosnia and Herzegovina<\/option> \r\n      <option value=\"20\">Botswana<\/option> \r\n      <option value=\"21\">Brazil<\/option> \r\n      <option value=\"22\">Brunei<\/option> \r\n      <option value=\"23\">Bulgaria<\/option> \r\n      <option value=\"24\">Burkina<\/option> \r\n      <option value=\"25\">Burma\/Myanmar<\/option> \r\n      <option value=\"26\">Burundi<\/option> \r\n      <option value=\"27\">Cambodia<\/option> \r\n      <option value=\"28\">Cameroon<\/option> \r\n      <option value=\"29\">Canada<\/option> \r\n      <option value=\"30\">Cape Verde<\/option> \r\n      <option value=\"31\">Chad<\/option> \r\n      <option value=\"32\">Chile<\/option> \r\n      <option value=\"33\">China<\/option> \r\n      <option value=\"34\">Colombia<\/option> \r\n      <option value=\"35\">Comoros (The)<\/option> \r\n      <option value=\"36\">Congo (The)<\/option> \r\n      <option value=\"37\">Cook Islands<\/option> \r\n      <option value=\"38\">Costa Rica<\/option> \r\n      <option value=\"39\">Croatia<\/option> \r\n      <option value=\"40\">Cuba<\/option> \r\n      <option value=\"41\">Cyprus<\/option> \r\n      <option value=\"42\">Czech Republic (The)<\/option> \r\n      <option value=\"43\">Denmark<\/option> \r\n      <option value=\"44\">Dominican Republic (The)<\/option> \r\n      <option value=\"45\">Ecuador<\/option> \r\n      <option value=\"46\">Egypt<\/option> \r\n      <option value=\"47\">El Salvador<\/option> \r\n      <option value=\"48\">Equatorial Guinea<\/option> \r\n      <option value=\"49\">Eritrea<\/option> \r\n      <option value=\"50\">Estonia<\/option> \r\n      <option value=\"51\">Ethiopia<\/option> \r\n      <option value=\"52\">Fiji<\/option> \r\n      <option value=\"53\">Finland<\/option> \r\n      <option value=\"54\">France<\/option> \r\n      <option value=\"55\">Gabon<\/option> \r\n      <option value=\"56\">Gambia (The)<\/option> \r\n      <option value=\"57\">Georgia<\/option> \r\n      <option value=\"58\">Germany<\/option> \r\n      <option value=\"59\">Ghana<\/option> \r\n      <option value=\"60\">Greece<\/option> \r\n      <option value=\"61\">Grenada<\/option> \r\n      <option value=\"62\">Guatemala<\/option> \r\n      <option value=\"63\">Guinea<\/option> \r\n      <option value=\"64\">Guyana<\/option> \r\n      <option value=\"65\">Haiti<\/option> \r\n      <option value=\"66\">Honduras<\/option> \r\n      <option value=\"67\">Hungary<\/option> \r\n      <option value=\"68\">Iceland<\/option> \r\n      <option value=\"69\">India<\/option> \r\n      <option value=\"70\">Indonesia<\/option> \r\n      <option value=\"71\">Iran<\/option> \r\n      <option value=\"72\">Iraq<\/option> \r\n      <option value=\"73\">Ireland<\/option> \r\n      <option value=\"74\">Israel<\/option> \r\n      <option value=\"75\">Italy<\/option> \r\n      <option value=\"76\">Ivory Coast<\/option> \r\n      <option value=\"77\">Jamaica<\/option> \r\n      <option value=\"78\">Japan<\/option> \r\n      <option value=\"79\">Jordan<\/option> \r\n      <option value=\"80\">Kazakhstan<\/option> \r\n      <option value=\"81\">Kenya<\/option> \r\n      <option value=\"82\">Kuwait<\/option> \r\n      <option value=\"83\">Kyrgyzstan<\/option> \r\n      <option value=\"84\">Laos<\/option> \r\n      <option value=\"85\">Latvia<\/option> \r\n      <option value=\"86\">Lebanon<\/option> \r\n      <option value=\"87\">Lesotho<\/option> \r\n      <option value=\"88\">Liberia<\/option> \r\n      <option value=\"89\">Libya<\/option> \r\n      <option value=\"90\">Lithuania<\/option> \r\n      <option value=\"91\">Luxembourg<\/option> \r\n      <option value=\"92\">Macedonia<\/option> \r\n      <option value=\"93\">Madagascar<\/option> \r\n      <option value=\"94\">Malawi<\/option> \r\n      <option value=\"95\">Malaysia<\/option> \r\n      <option value=\"96\">Maldives<\/option> \r\n      <option value=\"97\">Mali<\/option> \r\n      <option value=\"98\">Malta<\/option> \r\n      <option value=\"99\">Marshall Islands (The)<\/option> \r\n      <option value=\"100\">Mauritania<\/option> \r\n      <option value=\"101\">Mauritius<\/option> \r\n      <option value=\"102\">Mexico<\/option> \r\n      <option value=\"103\">Micronesia (The Federated States of)<\/option> \r\n      <option value=\"104\">Moldova<\/option> \r\n      <option value=\"105\">Monaco<\/option> \r\n      <option value=\"106\">Mongolia<\/option> \r\n      <option value=\"107\">Morocco<\/option> \r\n      <option value=\"108\">Mozambique<\/option> \r\n      <option value=\"109\">Namibia<\/option> \r\n      <option value=\"110\">Nepal<\/option> \r\n      <option value=\"111\">Netherlands (The)<\/option> \r\n      <option value=\"112\">New Zealand<\/option> \r\n      <option value=\"113\">Nicaragua<\/option> \r\n      <option value=\"114\">Niger (The)<\/option> \r\n      <option value=\"115\">Nigeria<\/option> \r\n      <option value=\"116\">North Korea<\/option> \r\n      <option value=\"117\">Norway<\/option> \r\n      <option value=\"118\">Oman<\/option> \r\n      <option value=\"119\">Pakistan<\/option> \r\n      <option value=\"120\">Palau<\/option> \r\n      <option value=\"121\">Panama<\/option> \r\n      <option value=\"122\">Papua New Guinea<\/option> \r\n      <option value=\"123\">Paraguay<\/option> \r\n      <option value=\"124\">Peru<\/option> \r\n      <option value=\"125\">Philippines (The)<\/option> \r\n      <option value=\"126\">Poland<\/option> \r\n      <option value=\"127\">Portugal<\/option> \r\n      <option value=\"128\">Qatar<\/option> \r\n      <option value=\"129\">Romania<\/option> \r\n      <option value=\"130\">Russia<\/option> \r\n      <option value=\"131\">Rwanda<\/option> \r\n      <option value=\"132\">Saudi Arabia<\/option> \r\n      <option value=\"133\">Senegal<\/option> \r\n      <option value=\"134\">Seychelles<\/option> \r\n      <option value=\"135\">Sierra Leone<\/option> \r\n      <option value=\"136\">Singapore<\/option> \r\n      <option value=\"137\">Slovakia<\/option> \r\n      <option value=\"138\">Slovenia<\/option> \r\n      <option value=\"139\">Solomon Islands<\/option> \r\n      <option value=\"140\">Somalia<\/option> \r\n      <option value=\"141\">South Africa<\/option> \r\n      <option value=\"142\">South Korea<\/option> \r\n      <option value=\"143\">Spain<\/option> \r\n      <option value=\"144\">Sri Lanka<\/option> \r\n      <option value=\"145\">Sudan<\/option> \r\n      <option value=\"146\">Suriname<\/option> \r\n      <option value=\"147\">Swaziland<\/option> \r\n      <option value=\"148\">Sweden<\/option> \r\n      <option value=\"149\">Switzerland<\/option> \r\n      <option value=\"150\">Syria<\/option> \r\n      <option value=\"151\">Tajikistan<\/option> \r\n      <option value=\"152\">Tanzania<\/option> \r\n      <option value=\"153\">Thailand<\/option> \r\n      <option value=\"154\">Togo<\/option> \r\n      <option value=\"155\">Tonga<\/option> \r\n      <option value=\"156\">Tunisia<\/option> \r\n      <option value=\"157\">Turkey<\/option> \r\n      <option value=\"158\">Uganda<\/option> \r\n      <option value=\"159\">Ukraine<\/option> \r\n      <option value=\"160\">United Arab Emirates (The)<\/option> \r\n      <option value=\"161\">United Kingdom (The)<\/option> \r\n      <option value=\"162\">United States (The)<\/option> \r\n      <option value=\"163\">Uruguay<\/option> \r\n      <option value=\"164\">Uzbekistan<\/option> \r\n      <option value=\"165\">Vanuatu<\/option> \r\n      <option value=\"166\">Venezuela<\/option> \r\n      <option value=\"167\">Vietnam<\/option> \r\n      <option value=\"168\">Samoa<\/option> \r\n      <option value=\"169\">Yemen<\/option> \r\n      <option value=\"170\">Yougoslavia<\/option> \r\n      <option value=\"171\">Zambia<\/option> \r\n      <option value=\"172\">Zimbabwe<\/option> \r\n    <\/select> \r\n<\/p>\r\n<\/div>\r\n<div class=\"col-md-12\">\r\n<p class=\"sib-LANGUE-area\"> \r\nDer Newsletter von Ch\u00e2teau Hochberg ist momentan nur auf Franz\u00f6sisch verf\u00fcgbar.\r\n<\/p>\r\n<p class=\"sib-PARTNER-area\"> \r\n    <div style=\"display:block\"><label class=\"sib-PARTNER-area\">Ich m\u00f6chte auch gern Nachrichten von Partnern bekommen (Kristallfabrik Lalique, Villa Ren\u00e9 Lalique Hotel &amp; Restaurant, Ch\u00e2teau Lafaurie-Peyraguey Hotel &amp; Restaurant, Villa Florhof Hotel &amp; Restaurant*, The Glenturret Lalique Restaurant*)<span style=\"color:red\">*<\/span><\/label><\/div> \r\n    <div style=\"display:inline-block;margin-right:20px\"><input type=\"radio\" class=\"sib-PARTNER-area\" name=\"PARTNER\" value=\"1\" required=\"required\">JA<\/div> \r\n    <div style=\"display:inline-block;margin-right:20px\"><input type=\"radio\" class=\"sib-PARTNER-area\" name=\"PARTNER\" value=\"2\" required=\"required\">NEIN<\/div> \r\n<\/p>\r\n<\/div>\r\n<\/div>\r\n<div id=\"sib_captcha\" class=\"g-recaptcha\" data-sitekey=\"6LcgRTcaAAAAAOhLwQD3I9iD__DLAfo5-b-uAad8\"><\/div>\r\n<div class=\"row\">\r\n<p class=\"text-center\">\r\n    <input type=\"submit\" class=\"sib-default-btn\" value=\"Abschicken\">\r\n<\/p>\r\n<p>*Abh\u00e4ngig von der verf\u00fcgbaren Sprache.<\/p>\r\n<\/div>\r\n<\/div>\r\n<br \/>\t\t\t\t<\/div>\n\t\t\t<\/form>\n\t\t\t<style>\n\t\t\t\tform#sib_signup_form_2 p.sib-alert-message {\n    padding: 6px 12px;\n    margin-bottom: 20px;\n    border: 1px solid transparent;\n    border-radius: 4px;\n    -webkit-box-sizing: border-box;\n    -moz-box-sizing: border-box;\n    box-sizing: border-box;\n}\nform#sib_signup_form_2 p.sib-alert-message-error {\n    background-color: #f2dede;\n    border-color: #ebccd1;\n    color: #a94442;\n}\nform#sib_signup_form_2 p.sib-alert-message-success {\n    background-color: #dff0d8;\n    border-color: #d6e9c6;\n    color: #3c763d;\n}\nform#sib_signup_form_2 p.sib-alert-message-warning {\n    background-color: #fcf8e3;\n    border-color: #faebcc;\n    color: #8a6d3b;\n}\n\t\t\t<\/style>\n\t\t\t","protected":false},"excerpt":{"rendered":"<p>DER AKTUELLE NEWSLETTER IN IHREM POSTEINGANG<\/p>\n","protected":false},"author":1,"featured_media":0,"parent":0,"menu_order":0,"comment_status":"closed","ping_status":"closed","template":"","meta":{"_acf_changed":false,"footnotes":""},"class_list":["post-5044","page","type-page","status-publish","hentry"],"acf":[],"yoast_head":"<!-- This site is optimized with the Yoast SEO plugin v25.1 - https:\/\/yoast.com\/wordpress\/plugins\/seo\/ -->\n<title>NEWSLETTER ANMELDUNG - Ch\u00e2teau Hochberg<\/title>\n<meta name=\"robots\" content=\"index, follow, max-snippet:-1, max-image-preview:large, max-video-preview:-1\" \/>\n<link rel=\"canonical\" href=\"https:\/\/chateauhochberg.com\/de\/newsletter\/\" \/>\n<meta property=\"og:locale\" content=\"de_DE\" \/>\n<meta property=\"og:type\" content=\"article\" \/>\n<meta property=\"og:title\" content=\"NEWSLETTER ANMELDUNG - Ch\u00e2teau Hochberg\" \/>\n<meta property=\"og:description\" content=\"DER AKTUELLE NEWSLETTER IN IHREM POSTEINGANG\" \/>\n<meta property=\"og:url\" content=\"https:\/\/chateauhochberg.com\/de\/newsletter\/\" \/>\n<meta property=\"og:site_name\" content=\"Ch\u00e2teau Hochberg\" \/>\n<meta property=\"article:modified_time\" content=\"2019-01-10T09:09:52+00:00\" \/>\n<meta name=\"twitter:card\" content=\"summary_large_image\" \/>\n<script type=\"application\/ld+json\" class=\"yoast-schema-graph\">{\"@context\":\"https:\/\/schema.org\",\"@graph\":[{\"@type\":\"WebPage\",\"@id\":\"https:\/\/chateauhochberg.com\/de\/newsletter\/\",\"url\":\"https:\/\/chateauhochberg.com\/de\/newsletter\/\",\"name\":\"NEWSLETTER ANMELDUNG - Ch\u00e2teau Hochberg\",\"isPartOf\":{\"@id\":\"https:\/\/chateauhochberg.com\/en\/#website\"},\"datePublished\":\"2018-06-05T13:45:14+00:00\",\"dateModified\":\"2019-01-10T09:09:52+00:00\",\"breadcrumb\":{\"@id\":\"https:\/\/chateauhochberg.com\/de\/newsletter\/#breadcrumb\"},\"inLanguage\":\"de\",\"potentialAction\":[{\"@type\":\"ReadAction\",\"target\":[\"https:\/\/chateauhochberg.com\/de\/newsletter\/\"]}]},{\"@type\":\"BreadcrumbList\",\"@id\":\"https:\/\/chateauhochberg.com\/de\/newsletter\/#breadcrumb\",\"itemListElement\":[{\"@type\":\"ListItem\",\"position\":1,\"name\":\"Accueil\",\"item\":\"https:\/\/chateauhochberg.com\/de\/\"},{\"@type\":\"ListItem\",\"position\":2,\"name\":\"NEWSLETTER ANMELDUNG\"}]},{\"@type\":\"WebSite\",\"@id\":\"https:\/\/chateauhochberg.com\/en\/#website\",\"url\":\"https:\/\/chateauhochberg.com\/en\/\",\"name\":\"Ch\u00e2teau Hochberg - By Lalique\",\"description\":\"H\u00f4tel &amp; Restaurant\",\"alternateName\":\"CHOCH\",\"potentialAction\":[{\"@type\":\"SearchAction\",\"target\":{\"@type\":\"EntryPoint\",\"urlTemplate\":\"https:\/\/chateauhochberg.com\/en\/?s={search_term_string}\"},\"query-input\":{\"@type\":\"PropertyValueSpecification\",\"valueRequired\":true,\"valueName\":\"search_term_string\"}}],\"inLanguage\":\"de\"}]}<\/script>\n<!-- \/ Yoast SEO plugin. -->","yoast_head_json":{"title":"NEWSLETTER ANMELDUNG - Ch\u00e2teau Hochberg","robots":{"index":"index","follow":"follow","max-snippet":"max-snippet:-1","max-image-preview":"max-image-preview:large","max-video-preview":"max-video-preview:-1"},"canonical":"https:\/\/chateauhochberg.com\/de\/newsletter\/","og_locale":"de_DE","og_type":"article","og_title":"NEWSLETTER ANMELDUNG - Ch\u00e2teau Hochberg","og_description":"DER AKTUELLE NEWSLETTER IN IHREM POSTEINGANG","og_url":"https:\/\/chateauhochberg.com\/de\/newsletter\/","og_site_name":"Ch\u00e2teau Hochberg","article_modified_time":"2019-01-10T09:09:52+00:00","twitter_card":"summary_large_image","schema":{"@context":"https:\/\/schema.org","@graph":[{"@type":"WebPage","@id":"https:\/\/chateauhochberg.com\/de\/newsletter\/","url":"https:\/\/chateauhochberg.com\/de\/newsletter\/","name":"NEWSLETTER ANMELDUNG - Ch\u00e2teau Hochberg","isPartOf":{"@id":"https:\/\/chateauhochberg.com\/en\/#website"},"datePublished":"2018-06-05T13:45:14+00:00","dateModified":"2019-01-10T09:09:52+00:00","breadcrumb":{"@id":"https:\/\/chateauhochberg.com\/de\/newsletter\/#breadcrumb"},"inLanguage":"de","potentialAction":[{"@type":"ReadAction","target":["https:\/\/chateauhochberg.com\/de\/newsletter\/"]}]},{"@type":"BreadcrumbList","@id":"https:\/\/chateauhochberg.com\/de\/newsletter\/#breadcrumb","itemListElement":[{"@type":"ListItem","position":1,"name":"Accueil","item":"https:\/\/chateauhochberg.com\/de\/"},{"@type":"ListItem","position":2,"name":"NEWSLETTER ANMELDUNG"}]},{"@type":"WebSite","@id":"https:\/\/chateauhochberg.com\/en\/#website","url":"https:\/\/chateauhochberg.com\/en\/","name":"Ch\u00e2teau Hochberg - By Lalique","description":"H\u00f4tel &amp; Restaurant","alternateName":"CHOCH","potentialAction":[{"@type":"SearchAction","target":{"@type":"EntryPoint","urlTemplate":"https:\/\/chateauhochberg.com\/en\/?s={search_term_string}"},"query-input":{"@type":"PropertyValueSpecification","valueRequired":true,"valueName":"search_term_string"}}],"inLanguage":"de"}]}},"_links":{"self":[{"href":"https:\/\/chateauhochberg.com\/de\/wp-json\/wp\/v2\/pages\/5044","targetHints":{"allow":["GET"]}}],"collection":[{"href":"https:\/\/chateauhochberg.com\/de\/wp-json\/wp\/v2\/pages"}],"about":[{"href":"https:\/\/chateauhochberg.com\/de\/wp-json\/wp\/v2\/types\/page"}],"author":[{"embeddable":true,"href":"https:\/\/chateauhochberg.com\/de\/wp-json\/wp\/v2\/users\/1"}],"replies":[{"embeddable":true,"href":"https:\/\/chateauhochberg.com\/de\/wp-json\/wp\/v2\/comments?post=5044"}],"version-history":[{"count":5,"href":"https:\/\/chateauhochberg.com\/de\/wp-json\/wp\/v2\/pages\/5044\/revisions"}],"predecessor-version":[{"id":5736,"href":"https:\/\/chateauhochberg.com\/de\/wp-json\/wp\/v2\/pages\/5044\/revisions\/5736"}],"wp:attachment":[{"href":"https:\/\/chateauhochberg.com\/de\/wp-json\/wp\/v2\/media?parent=5044"}],"curies":[{"name":"wp","href":"https:\/\/api.w.org\/{rel}","templated":true}]}}