{"id":5061,"date":"2018-06-05T16:27:20","date_gmt":"2018-06-05T15:27:20","guid":{"rendered":"http:\/\/www.chateauhochberg.com\/?page_id=5061"},"modified":"2018-06-28T15:56:40","modified_gmt":"2018-06-28T14:56:40","slug":"datenschutzrichtlinie","status":"publish","type":"page","link":"https:\/\/chateauhochberg.com\/de\/datenschutzrichtlinie\/","title":{"rendered":"Datenschutzrichtlinie"},"content":{"rendered":"<div class=\"container\">\r\n<div class=\"row\">\r\n<div class=\"col-md-12\">\r\n<h2 style=\"text-align: center;\">I. EINLEITUNG UND ALLGEMEINE INFORMATIONEN<\/h2>\r\n<p><span style=\"text-decoration: underline;\">\u00dcber uns und unsere Website<\/span><\/p>\n<p>Diese Website wird von folgendem Anbieter betrieben:\u00a0<strong>Ch\u00e2teau Hochberg, 2 rue du Ch\u00e2teau Teutsch 67290 Wingen-sur-Moder<\/strong>. Bitte benutzen Sie die Kontaktinformationen auf der Seite \u201eKontakt\u201c, um uns zu kontaktieren.<\/p>\n<p>Wenn Sie uns kontaktieren, werden wir die von Ihnen zur Verf\u00fcgung gestellten Informationen speichern und verarbeiten, um Ihre Anfrage und alle weiteren Fragen zu bearbeiten. Wir sind berechtigt, die Daten im Rahmen der gesetzlichen Bestimmungen zu verarbeiten (Artikel 6 Absatz 1b der EU-Verordnung 2016\/679). Wir werden Ihre Daten l\u00f6schen, sobald Ihre Anfrage bearbeitet wurde.<\/p>\n<p><span style=\"text-decoration: underline;\">Unsere Grunds\u00e4tze<\/span><\/p>\n<p>Wir nehmen den Schutz Ihrer Informationen sehr ernst. Ihre Daten werden daher mit gr\u00f6\u00dfter Sorgfalt und unter strikter Einhaltung der geltenden Datenschutzgesetze behandelt. Wir haben technische und organisatorische Sicherheitsma\u00dfnahmen getroffen, um alle unsere Websites vor den mit der Verarbeitung personenbezogener Daten verbundenen Risiken zu sch\u00fctzen. Unsere Partner, die uns bei der Bereitstellung dieser Website unterst\u00fctzen, verpflichten sich, diese Bedingungen zu respektieren.<\/p>\n<p><span style=\"text-decoration: underline;\">Welche Informationen erfassen wir systematisch?<\/span><\/p>\n<p>Sie k\u00f6nnen alle Bereiche unserer Website einsehen, die nicht durch den Zugriff gesch\u00fctzt sind, ohne Ihre Identit\u00e4t preiszugeben. Wir protokollieren systematisch jede Nutzung unserer Website, um St\u00f6rungen zu beheben und Sicherheitsvorf\u00e4lle zu kl\u00e4ren. Weitere Einzelheiten zum Protokoll der Daten sind in folgendem Abschnitt zu finden: \u201eWie verarbeiten wir Ihre Daten?\u201c<\/p>\n<p><span style=\"text-decoration: underline;\">Welche Rechte haben wir, um Ihre Daten zu verarbeiten?<\/span><\/p>\n<p>Wir respektieren Ihre Privatsph\u00e4re. Daher verarbeiten wir Ihre Daten nur dann, wenn wir dazu berechtigt sind. Selbstverst\u00e4ndlich k\u00f6nnen Sie uns auch die Verarbeitung Ihrer Daten gestatten, indem Sie der Verarbeitung von Daten auf unserer Website zustimmen. In anderen F\u00e4llen verarbeiten wir Ihre Daten, da uns das Gesetz dies erlaubt. Wenn Sie beispielsweise \u00fcber unsere Website eine Bestellung aufgeben, sind wir berechtigt, Ihre Daten zur Abwicklung dieses Vertrages zu verarbeiten. Gleiches gilt, wenn Sie andere Dienste auf unserer Website nutzen, die die Verarbeitung Ihrer Daten erfordern. Wir sind auch berechtigt, Ihre Daten zu verarbeiten, wenn wir ein berechtigtes Interesse daran haben. Zum Beispiel k\u00f6nnen wir die von uns erfassten Login-Daten angeben, um das reibungslose Funktionieren unserer Website sicherzustellen. In jedem Fall werden wir Sie informieren, wenn eine Verarbeitung Ihrer Daten notwendig ist und jedes Mal, wenn Daten verarbeitet werden, Ihre Interessen systematisch ber\u00fccksichtigt werden. F\u00fcr den Fall, dass Sie einen Beschwerdegrund haben, finden Sie im letzten Abschnitt dieser Informationsseite zum Datenschutz die Rechte, die Sie bez\u00fcglich der Behandlung Ihrer Daten geltend machen k\u00f6nnen.<\/p>\n<p>Der n\u00e4chste Abschnitt beschreibt die Berechtigungen, die wir verwenden und wann wir es tun. Mehr Informationen dar\u00fcber, wie Ihre Daten auf unserer Website erhoben, verarbeitet und genutzt werden (Art, Umfang und Zweck der Datenverarbeitung), finden Sie in diesem Abschnitt.<\/p>\n\r\n<h2 style=\"text-align: center;\">II. DATENVERARBEITUNG AUF UNSERER WEBSITE<\/h2>\r\n<p>Behandlung Ihrer Daten (Login-Daten, Cookies, Tracking usw.)<\/p>\n<p><span style=\"text-decoration: underline;\">Verbindungsdaten<\/span><\/p>\n<p>Aus technischen Gr\u00fcnden sendet Ihr Webbrowser jedes Mal, wenn auf unsere Website zugegriffen wird, automatisch Informationen an unseren Webserver (d. h. Anmeldedaten). Wir speichern einige dieser Anmeldeinformationen in Protokolldateien, einschlie\u00dflich:<\/p>\n<ul>\n<li>Das Datum des Zugriffs<\/li>\n<li>Zugriffszeit<\/li>\n<li>Die URL der urspr\u00fcnglichen Website des Links<\/li>\n<li>Die konsultierten Dateien<\/li>\n<li>Die Menge der \u00fcbertragenen Daten<\/li>\n<li>Der Typ und die Version des Browsers<\/li>\n<li>Das Betriebssystem<\/li>\n<li>Die IP-Adresse (anonymisiert)<\/li>\n<\/ul>\n<p>Verbindungsdaten enthalten keine pers\u00f6nlichen Daten. In der Regel analysieren wir nur Login-Daten, um Website-St\u00f6rungen zu beheben oder Sicherheitsvorf\u00e4lle zu kl\u00e4ren. Wir speichern diese Verbindungsdaten f\u00fcr unbestimmte Zeit.<\/p>\n<p>Eventuell m\u00fcssen wir andere pers\u00f6nliche Daten sowie Login-Daten sammeln, um Fehlfunktionen zu beheben oder Sicherheitsvorf\u00e4lle zu dokumentieren. In diesen F\u00e4llen sind wir laut Gesetz berechtigt, Zugangsdaten zu verarbeiten (Artikel 6 (1f) der EU-Verordnung 2016\/679). Wir l\u00f6schen diese Daten, sobald der Fehler behoben oder der Sicherheitsvorfall vollst\u00e4ndig gekl\u00e4rt ist oder wenn der urspr\u00fcngliche Behandlungszweck aufgrund anderer Faktoren nicht mehr besteht. Im Falle eines Sicherheitsvorfalls werden wir die Verbindungsdaten von Fall zu Fall innerhalb der zul\u00e4ssigen Grenzen an die Ermittlungsbeh\u00f6rden \u00fcbermitteln.<\/p>\n<p>Wir behalten Verbindungsdaten stets getrennt von anderen Daten, die im Zusammenhang mit der Nutzung unserer Website erhoben werden.<\/p>\n<p><span style=\"text-decoration: underline;\">Buchung \u00fcber unsere Website<\/span><\/p>\n<p>\u00dcber unsere Website k\u00f6nnen Sie einen Tisch, eine Suite oder einen Seminarraum reservieren. Die Sammlung von so genannten \u201ePflichtdaten\u201c ist notwendig, um Ihre Reservierungsanfrage zu bearbeiten.<br \/>\nFolgende Daten erfassen wir im Rahmen einer Buchungsanfrage \u00fcber unsere Online-Formulare:<\/p>\n<p>\u201eBuchen einer Suite\u201c<\/p>\n<p>Ben\u00f6tigte Informationen:<\/p>\n<ul>\n<li>Anrede<\/li>\n<li>Name und Vorname<\/li>\n<li>Telefonnummer<\/li>\n<li>E-Mail-Adresse<\/li>\n<li>Ankunftsdatum<\/li>\n<li>Ausgew\u00e4hlte Suite<\/li>\n<li>Anzahl der Personen<\/li>\n<li>Anzahl der N\u00e4chte<\/li>\n<li>Erg\u00e4nzende Informationen:<\/li>\n<\/ul>\n<p>Damit wir Ihre Reservierungsanfrage besser bearbeiten und Ihren Aufenthalt vorbereiten k\u00f6nnen, werden zur Erg\u00e4nzung freiwillige Informationen angefordert, ob Sie auch einen Tisch im Restaurant buchen m\u00f6chten, an welchem Datum, f\u00fcr welchen Service, zu welcher Uhrzeit, das Men\u00fc, die Sie probieren m\u00f6chten und eventuelle Anmerkungen (Allergien und Intoleranzen).<\/p>\n<p>\u201eReservieren Sie einen Tisch\u201c<\/p>\n<p>Ben\u00f6tigte Informationen:<\/p>\n<ul>\n<li>Anrede<\/li>\n<li>Name und Vorname<\/li>\n<li>Telefonnummer<\/li>\n<li>E-Mail-Adresse<\/li>\n<li>Ankunftsdatum<\/li>\n<li>Gew\u00e4hlter Service<\/li>\n<li>Anzahl der Personen<\/li>\n<li>Erg\u00e4nzende Informationen:<\/li>\n<\/ul>\n<p>Damit wir Ihre Reservierungsanfrage besser bearbeiten und Ihren Aufenthalt vorbereiten k\u00f6nnen, werden zur Erg\u00e4nzung freiwillige Informationen angefordert, ob Sie auch eine Suite im Hotel buchen m\u00f6chten, welche Suite, an welchem \u200b\u200bTag, f\u00fcr wie viele Personen und eventuelle Anmerkungen (Allergien und Intoleranzen).<\/p>\n<p>\u201eAngebotsanfrage f\u00fcr Ihre Veranstaltung\u201c<\/p>\n<p>Um Ihre Anfrage zu beantworten und eine genaue Sch\u00e4tzung im Rahmen der Reservierung unseres Kellers f\u00fcr Ihre Veranstaltung zu erstellen, sammeln wir notwendige und erg\u00e4nzende freiwillige Informationen \u00fcber Ihr Unternehmen, die Veranstaltung und Sie selbst, der den Kostenvoranschlag angefragt hat.<\/p>\n<p>Ben\u00f6tigte Informationen:<\/p>\n<ul>\n<li>Unternehmen<\/li>\n<li>Art der Veranstaltung<\/li>\n<li>Datum der Veranstaltung<\/li>\n<li>Flexibilit\u00e4t des Datums<\/li>\n<li>Anzahl der Teilnehmer<\/li>\n<li>Gew\u00fcnschte Dienstleistungen<\/li>\n<li>Bed\u00fcrfnisse (Hotel und Restaurant)<\/li>\n<li>Vorname<\/li>\n<li>Name<\/li>\n<li>Funktion<\/li>\n<li>Telefon<\/li>\n<li>E-Mail-Adresse<\/li>\n<\/ul>\n<p><span style=\"text-decoration: underline;\">Anlegen eines Kontos auf unserer Website<\/span><\/p>\n<p>Sie k\u00f6nnen ein Konto auf unserer Website anlegen, wenn Sie eine Bestellung in unserem Online-Shop aufgeben. Das Anlegen eines Kontos ist nicht notwendig f\u00fcr den Abschluss der Bestellung, sondern erm\u00f6glicht die Nachverfolgung der Bestellung und die Erstellung einer Bestell\u00fcbersicht. Wir sammeln und verarbeiten folgende Informationen im Rahmen des Anmeldevorgangs:<\/p>\n<p>Ben\u00f6tigte Informationen:<\/p>\n<ul>\n<li>Name und Vorname<\/li>\n<li>Lieferadresse<\/li>\n<li>Rechnungsadresse<\/li>\n<li>E-Mail-Adresse<\/li>\n<li>Passwort<\/li>\n<\/ul>\n<p>Wir sind berechtigt, Ihre pers\u00f6nlichen Daten zu verarbeiten, um personalisierte Dienstleistungen nach dem Gesetz zu erbringen (Artikel 6 (1b) der EU-Verordnung 2016\/679). Wir speichern die Daten von registrierten Benutzern, bis Kundenkonten gel\u00f6scht werden. Wenn Sie Ihr Benutzerkonto l\u00f6schen lassen m\u00f6chten, kontaktieren Sie uns bitte per E-Mail oder Telefon. Alle \u00fcber unsere Website gesammelten Daten werden aus unseren Datenbanken entfernt.<\/p>\n<p>Selbstverst\u00e4ndlich stellen wir Ihnen auf Ihren Wunsch Informationen \u00fcber die zu Ihrer Person geh\u00f6renden Daten zur Verf\u00fcgung. Wir werden auch gerne die fehlerhaften Informationen korrigieren oder die in unserem Besitz befindlichen Informationen auf Ihren Wunsch hin l\u00f6schen, sofern die L\u00f6schung nicht im Rahmen unserer gesetzlichen Aufbewahrungspflichten f\u00fcr bestimmte Informationen untersagt ist. Wenn Sie sich bewerben m\u00f6chten, verwenden Sie bitte die Kontaktinformationen am Ende dieser Seite.<\/p>\n<p><span style=\"text-decoration: underline;\">Bestellen auf unserer Website<\/span><\/p>\n<p>Sie k\u00f6nnen unsere Website auch nutzen, um auf kostenpflichtige Dienste zuzugreifen (z. B. Bestellungen im Online-Shop). Wir sammeln und verarbeiten die folgenden Informationen, wenn Dienste bestellt werden:<\/p>\n<p>Erforderliche Informationen (nicht registrierte Benutzer):<\/p>\n<ul>\n<li>Name und Name des Auftraggebers<\/li>\n<li>Vor- und Nachname des Empf\u00e4ngers<\/li>\n<li>Postanschrift des Auftraggebers<\/li>\n<li>Postanschrift des Empf\u00e4ngers (bei Postversand)<\/li>\n<li>Telefonnummer des Auftraggebers<\/li>\n<li>E-Mail-Adresse des Auftraggebers<\/li>\n<li>E-Mail-Adresse des Empf\u00e4ngers (bei Versand per E-Mail)<\/li>\n<li>Rechnungsdaten (Daten basieren auf der Art der Zahlung, die wir akzeptieren und vom Benutzer ausw\u00e4hlen)<\/li>\n<\/ul>\n<p>Wenn Bestellungen von Benutzern mit einem Kundenkonto aufgegeben werden, werden die folgenden Informationen ebenfalls erfasst:<\/p>\n<p>Pflichtangaben (Nutzer mit einem Kundenkonto)<\/p>\n<ul>\n<li>Rechnungsdaten (abh\u00e4ngig von der Zahlungsart, die wir akzeptieren und vom Benutzer ausw\u00e4hlen)<\/li>\n<li>Datum und Menge aller Eink\u00e4ufe (Anzeige der Historie fr\u00fcherer Eink\u00e4ufe im Benutzerkonto)<\/li>\n<\/ul>\n<p>Die Zahlung erfolgt auf dem sicheren Server unserer Bank \u00fcber HTTPS, um die Sicherheit Ihrer Daten bei der \u00dcbertragung zu gew\u00e4hrleisten.<\/p>\n<p>Wenn Sie eine Bestellung aufgeben, verwenden wir nur Informationen \u00fcber Sie, um diese Bestellung zu bearbeiten. Wir sind gesetzlich zugelassen (Artikel 6 Absatz 1b der EU-Verordnung 2016\/679). Wir speichern Bestellinformationen mindestens bis zum Ablauf der gesetzlichen Aufbewahrungsfrist. Wir speichern die Daten, die bei der Erstellung des Kontos angegeben wurden, bis der Benutzer sein Konto l\u00f6scht.<\/p>\n<p><span style=\"text-decoration: underline;\">Newsletter<\/span><\/p>\n<p>Unsere Website bietet die M\u00f6glichkeit, unseren Newsletter zu abonnieren. Wir nutzen einen \u201eDouble-Opt-In\u201c -Prozess. Das Abonnement des Newsletters ist nur wirksam, wenn der Inhaber der E-Mail-Adresse die Aktivierung des Newsletters durch Klicken auf den Link in der Best\u00e4tigungs-E-Mail ausdr\u00fccklich best\u00e4tigt hat.<\/p>\n<p>Zum Registrieren und Empfangen personalisierter Mitteilungen ben\u00f6tigen Sie folgende Informationen:<\/p>\n<ul>\n<li>Anrede<\/li>\n<li>Vorname<\/li>\n<li>Nachname<\/li>\n<li>Land<\/li>\n<li>E-Mail-Adresse<\/li>\n<li>Bevorzugte Sprache der Kommunikation<\/li>\n<\/ul>\n<p>Sie k\u00f6nnen auch den Newsletter unserer Partner abonnieren (Lalique, Villa Ren\u00e9 Lalique Hotel-Restaurant, Ch\u00e2teau Lafaurie-Peyraguey Hotel-Restaurant). Wenn Sie zustimmen, Angebote und Neuigkeiten von unseren Partnern zu erhalten, senden wir ihnen die Informationen f\u00fcr Ihre Registrierung. Ohne Ihre Zustimmung wird keine Kommunikation von unseren Partnern gesendet und Ihnen werden keine Informationen an Sie \u00fcbermittelt.<\/p>\n<p>Wenn Sie sich f\u00fcr den Erhalt unseres Newsletters angemeldet haben und damit einverstanden sind, dass er Ihnen zugesandt wird, werden Ihre Daten ausschlie\u00dflich dazu verwendet, Ihnen den Newsletter zuzusenden. Wir sind berechtigt, Ihre Daten in diesem Zusammenhang mit Ihrer Zustimmung zu verarbeiten (Artikel 6 Absatz 1a der EU-Verordnung 2016\/679). Sie k\u00f6nnen diese Einwilligung jederzeit widerrufen, indem Sie auf den entsprechenden Link in jeder Kopie unseres Newsletters klicken. Wir best\u00e4tigen hiermit, dass Sie den Newsletter in unserer Datenbank abbestellen m\u00f6chten.<\/p>\n<p>In diesem Fall \u00fcbermitteln wir Ihre Daten<\/p>\n<p>Wir arbeiten mit einer Reihe von Dienstleistern zusammen, um unsere Website zu implementieren und zu betreiben. Wir haben diese Dienstleister sorgf\u00e4ltig ausgew\u00e4hlt und mit jedem von ihnen eine Datenschutzvereinbarung getroffen, um die Sicherheit Ihrer Informationen zu gew\u00e4hrleisten.<\/p>\n<p>Folgende Dienstleister haben wir f\u00fcr die Implementierung und den Betrieb unserer Website beauftragt:<\/p>\n<ul>\n<li>Hosting-Dienstanbieter<\/li>\n<li>Anbieter von Programmierdienstleistungen<\/li>\n<li>Vertriebs- und Marketingdienstleister<\/li>\n<\/ul>\n<p>Wir geben Ihre Daten nur dann an andere Empf\u00e4nger weiter, wenn dies f\u00fcr die Ausf\u00fchrung eines Vertrags mit Ihnen erforderlich ist, in F\u00e4llen, in denen wir oder die Empf\u00e4nger ein berechtigtes Interesse an der Weitergabe Ihrer Daten haben, oder Sie Ihre Zustimmung zu dieser \u00dcbertragung erteilt haben. Zu diesen Empf\u00e4ngern geh\u00f6ren Dienstleister und andere Unternehmen unserer Gruppe. Dar\u00fcber hinaus k\u00f6nnen Ihre Daten an andere Empf\u00e4nger weitergegeben werden, wenn wir dazu aufgrund gesetzlicher Bestimmungen oder aufgrund bindender gerichtlicher oder beh\u00f6rdlicher Entscheidungen verpflichtet sind.<\/p>\n<p>Sonstige Empf\u00e4nger Ihrer Daten:<\/p>\n<ul>\n<li>Anbieter von Geschenkgutscheinen<\/li>\n<li>Zahlungsdienstleister<\/li>\n<\/ul>\n\r\n<h2 style=\"text-align: center;\">III. BENUTZERRECHTE<\/h2>\r\n<p><span style=\"text-decoration: underline;\">Ihre Rechte<\/span><\/p>\n<p>Falls Sie einen Grund zur Beanstandung haben, finden Sie nachstehend eine \u00dcbersicht Ihrer Rechte. Um Ihre Rechte geltend zu machen, wenden Sie bitte an die Adressen am Ende dieser Datenschutz-Informationsseite.<\/p>\n<p>Recht auf Information: Wir werden Ihnen auf Ihren Wunsch Informationen \u00fcber die Daten, die Sie betreffen, zur Verf\u00fcgung stellen.<\/p>\n<p>Widerrufsrecht: Wir werden die Informationen, die Sie betreffen, auf Ihren Wunsch hin l\u00f6schen. Einige Daten werden jedoch nur unter Einhaltung einer definierten Aufbewahrungsfrist gel\u00f6scht, beispielsweise weil wir in bestimmten F\u00e4llen gesetzlich dazu verpflichtet sind, die Daten zu speichern (z. B. Rechnungen) oder weil wir die Daten zur Erf\u00fcllung unserer vertraglichen Verpflichtungen mit Ihnen ben\u00f6tigen.<\/p>\n<p>Recht zum Datenblockieren: In einigen von der Verordnung vorgesehenen F\u00e4llen werden wir Ihre Daten blockieren, wenn Sie dies w\u00fcnschen. Gesperrte Daten werden nur sehr eingeschr\u00e4nkt weiterverarbeitet.<\/p>\n<p>Recht auf Widerruf der Einwilligung: Sie k\u00f6nnen Ihre Einwilligung zur Datenverarbeitung jederzeit r\u00fcckwirkend widerrufen. Die Rechtm\u00e4\u00dfigkeit der Verarbeitung Ihrer Daten wird nicht ber\u00fchrt, bis Sie Ihre Einwilligung widerrufen.<\/p>\n<p>Widerspruchsrecht in Bezug auf die Datenverarbeitung: Sie k\u00f6nnen jederzeit ohne R\u00fcckwirkung der Verarbeitung Ihrer Daten widersprechen, wenn wir Ihre Daten auf Grundlage einer der rechtlichen Begr\u00fcndungen gem\u00e4\u00df Artikel 6 (1e oder 1f) der EU-Verordnung 2016\/679 verarbeitet haben. Wenn Sie widersprechen, werden wir Ihre Daten nicht mehr verarbeiten, sofern keine zwingenden und legitimen Gr\u00fcnde f\u00fcr die weitere Verarbeitung vorliegen. Die Verarbeitung Ihrer Daten f\u00fcr Zwecke des Direktmarketings ist f\u00fcr uns niemals ein zwingender und legitimer Grund.<\/p>\n<p>Recht auf Daten\u00fcbertragbarkeit: Auf Ihren Wunsch k\u00f6nnen wir Ihnen einige Informationen in einem strukturierten, h\u00e4ufig verwendeten und lesbaren Format zur Verf\u00fcgung stellen.<\/p>\n<p>Datenschutzantragsrecht bei der Regulierungsbeh\u00f6rde: Sie k\u00f6nnen einen Datenschutzantrag bei einer Datenschutzbeh\u00f6rde einreichen. Wenden Sie sich dazu bitte an die f\u00fcr Ihren Wohnort zust\u00e4ndige Datenschutzbeh\u00f6rde oder an die von uns gemeldete Datenschutzbeh\u00f6rde (im Folgenden \u201eDatenschutzbeh\u00f6rde\u201c genannt).<\/p>\n<p>Nationale Kommission f\u00fcr Informatik und Freiheiten (CNIL), www.cnil.fr.<\/p>\n<p><span style=\"text-decoration: underline;\">Ihr Ansprechpartner f\u00fcr den Datenschutz\u00a0<\/span><\/p>\n<p>Wenn Sie Fragen zum Datenschutz oder zur Aus\u00fcbung Ihrer Rechte haben, k\u00f6nnen Sie sich mit den folgenden Kontaktinformationen direkt an unseren Datenschutzbeauftragten wenden:<\/p>\n<p>Ch\u00e2teau Hochberg SAS<br \/>\nZu H\u00e4nden des Datenschutzbeauftragten<br \/>\n2, rue du Ch\u00e2teau Teutsch<br \/>\nF-67290 Wingen-sur-Moder<br \/>\ncommunication@chateauhochberg.com<\/p>\n<p><span style=\"text-decoration: underline;\">\u00c4nderungen an diesen Datenschutzinformationen<\/span><\/p>\n<p>Diese Datenschutzerkl\u00e4rung gibt den aktuellen Stand der Datenverarbeitung auf unserer Website wieder. Bei \u00c4nderungen der Datenverarbeitung wird diese Datenschutzerkl\u00e4rung entsprechend aktualisiert. Wir stellen die neueste Version dieser Datenschutzinformation immer auf unserer Website zur Verf\u00fcgung, damit Sie die notwendigen Informationen zum Umfang der Datenverarbeitung auf unserer Website finden k\u00f6nnen.<\/p>\n\r\n<\/div>\r\n<\/div>\r\n<\/div>","protected":false},"excerpt":{"rendered":"","protected":false},"author":1,"featured_media":0,"parent":0,"menu_order":0,"comment_status":"closed","ping_status":"closed","template":"","meta":{"_acf_changed":false,"footnotes":""},"class_list":["post-5061","page","type-page","status-publish","hentry"],"acf":[],"yoast_head":"<!-- This site is optimized with the Yoast SEO plugin v25.1 - https:\/\/yoast.com\/wordpress\/plugins\/seo\/ -->\n<title>Datenschutzrichtlinie - Ch\u00e2teau Hochberg<\/title>\n<meta name=\"robots\" content=\"index, follow, max-snippet:-1, max-image-preview:large, max-video-preview:-1\" \/>\n<link rel=\"canonical\" href=\"https:\/\/chateauhochberg.com\/de\/datenschutzrichtlinie\/\" \/>\n<meta property=\"og:locale\" content=\"de_DE\" \/>\n<meta property=\"og:type\" content=\"article\" \/>\n<meta property=\"og:title\" content=\"Datenschutzrichtlinie - Ch\u00e2teau Hochberg\" \/>\n<meta property=\"og:url\" content=\"https:\/\/chateauhochberg.com\/de\/datenschutzrichtlinie\/\" \/>\n<meta property=\"og:site_name\" content=\"Ch\u00e2teau Hochberg\" \/>\n<meta property=\"article:modified_time\" content=\"2018-06-28T14:56:40+00:00\" \/>\n<meta name=\"twitter:card\" content=\"summary_large_image\" \/>\n<meta name=\"twitter:label1\" content=\"Gesch\u00e4tzte Lesezeit\" \/>\n\t<meta name=\"twitter:data1\" content=\"11\u00a0Minuten\" \/>\n<script type=\"application\/ld+json\" class=\"yoast-schema-graph\">{\"@context\":\"https:\/\/schema.org\",\"@graph\":[{\"@type\":\"WebPage\",\"@id\":\"https:\/\/chateauhochberg.com\/de\/datenschutzrichtlinie\/\",\"url\":\"https:\/\/chateauhochberg.com\/de\/datenschutzrichtlinie\/\",\"name\":\"Datenschutzrichtlinie - Ch\u00e2teau Hochberg\",\"isPartOf\":{\"@id\":\"https:\/\/chateauhochberg.com\/en\/#website\"},\"datePublished\":\"2018-06-05T15:27:20+00:00\",\"dateModified\":\"2018-06-28T14:56:40+00:00\",\"breadcrumb\":{\"@id\":\"https:\/\/chateauhochberg.com\/de\/datenschutzrichtlinie\/#breadcrumb\"},\"inLanguage\":\"de\",\"potentialAction\":[{\"@type\":\"ReadAction\",\"target\":[\"https:\/\/chateauhochberg.com\/de\/datenschutzrichtlinie\/\"]}]},{\"@type\":\"BreadcrumbList\",\"@id\":\"https:\/\/chateauhochberg.com\/de\/datenschutzrichtlinie\/#breadcrumb\",\"itemListElement\":[{\"@type\":\"ListItem\",\"position\":1,\"name\":\"Accueil\",\"item\":\"https:\/\/chateauhochberg.com\/de\/\"},{\"@type\":\"ListItem\",\"position\":2,\"name\":\"Datenschutzrichtlinie\"}]},{\"@type\":\"WebSite\",\"@id\":\"https:\/\/chateauhochberg.com\/en\/#website\",\"url\":\"https:\/\/chateauhochberg.com\/en\/\",\"name\":\"Ch\u00e2teau Hochberg - By Lalique\",\"description\":\"H\u00f4tel &amp; Restaurant\",\"alternateName\":\"CHOCH\",\"potentialAction\":[{\"@type\":\"SearchAction\",\"target\":{\"@type\":\"EntryPoint\",\"urlTemplate\":\"https:\/\/chateauhochberg.com\/en\/?s={search_term_string}\"},\"query-input\":{\"@type\":\"PropertyValueSpecification\",\"valueRequired\":true,\"valueName\":\"search_term_string\"}}],\"inLanguage\":\"de\"}]}<\/script>\n<!-- \/ Yoast SEO plugin. -->","yoast_head_json":{"title":"Datenschutzrichtlinie - Ch\u00e2teau Hochberg","robots":{"index":"index","follow":"follow","max-snippet":"max-snippet:-1","max-image-preview":"max-image-preview:large","max-video-preview":"max-video-preview:-1"},"canonical":"https:\/\/chateauhochberg.com\/de\/datenschutzrichtlinie\/","og_locale":"de_DE","og_type":"article","og_title":"Datenschutzrichtlinie - Ch\u00e2teau Hochberg","og_url":"https:\/\/chateauhochberg.com\/de\/datenschutzrichtlinie\/","og_site_name":"Ch\u00e2teau Hochberg","article_modified_time":"2018-06-28T14:56:40+00:00","twitter_card":"summary_large_image","twitter_misc":{"Gesch\u00e4tzte Lesezeit":"11\u00a0Minuten"},"schema":{"@context":"https:\/\/schema.org","@graph":[{"@type":"WebPage","@id":"https:\/\/chateauhochberg.com\/de\/datenschutzrichtlinie\/","url":"https:\/\/chateauhochberg.com\/de\/datenschutzrichtlinie\/","name":"Datenschutzrichtlinie - Ch\u00e2teau Hochberg","isPartOf":{"@id":"https:\/\/chateauhochberg.com\/en\/#website"},"datePublished":"2018-06-05T15:27:20+00:00","dateModified":"2018-06-28T14:56:40+00:00","breadcrumb":{"@id":"https:\/\/chateauhochberg.com\/de\/datenschutzrichtlinie\/#breadcrumb"},"inLanguage":"de","potentialAction":[{"@type":"ReadAction","target":["https:\/\/chateauhochberg.com\/de\/datenschutzrichtlinie\/"]}]},{"@type":"BreadcrumbList","@id":"https:\/\/chateauhochberg.com\/de\/datenschutzrichtlinie\/#breadcrumb","itemListElement":[{"@type":"ListItem","position":1,"name":"Accueil","item":"https:\/\/chateauhochberg.com\/de\/"},{"@type":"ListItem","position":2,"name":"Datenschutzrichtlinie"}]},{"@type":"WebSite","@id":"https:\/\/chateauhochberg.com\/en\/#website","url":"https:\/\/chateauhochberg.com\/en\/","name":"Ch\u00e2teau Hochberg - By Lalique","description":"H\u00f4tel &amp; Restaurant","alternateName":"CHOCH","potentialAction":[{"@type":"SearchAction","target":{"@type":"EntryPoint","urlTemplate":"https:\/\/chateauhochberg.com\/en\/?s={search_term_string}"},"query-input":{"@type":"PropertyValueSpecification","valueRequired":true,"valueName":"search_term_string"}}],"inLanguage":"de"}]}},"_links":{"self":[{"href":"https:\/\/chateauhochberg.com\/de\/wp-json\/wp\/v2\/pages\/5061","targetHints":{"allow":["GET"]}}],"collection":[{"href":"https:\/\/chateauhochberg.com\/de\/wp-json\/wp\/v2\/pages"}],"about":[{"href":"https:\/\/chateauhochberg.com\/de\/wp-json\/wp\/v2\/types\/page"}],"author":[{"embeddable":true,"href":"https:\/\/chateauhochberg.com\/de\/wp-json\/wp\/v2\/users\/1"}],"replies":[{"embeddable":true,"href":"https:\/\/chateauhochberg.com\/de\/wp-json\/wp\/v2\/comments?post=5061"}],"version-history":[{"count":5,"href":"https:\/\/chateauhochberg.com\/de\/wp-json\/wp\/v2\/pages\/5061\/revisions"}],"predecessor-version":[{"id":5164,"href":"https:\/\/chateauhochberg.com\/de\/wp-json\/wp\/v2\/pages\/5061\/revisions\/5164"}],"wp:attachment":[{"href":"https:\/\/chateauhochberg.com\/de\/wp-json\/wp\/v2\/media?parent=5061"}],"curies":[{"name":"wp","href":"https:\/\/api.w.org\/{rel}","templated":true}]}}