{"id":6479,"date":"2020-09-04T14:36:16","date_gmt":"2020-09-04T13:36:16","guid":{"rendered":"http:\/\/chateauhochberg.com\/wedding\/"},"modified":"2026-02-18T15:11:46","modified_gmt":"2026-02-18T14:11:46","slug":"hochzeit-2","status":"publish","type":"page","link":"https:\/\/chateauhochberg.com\/de\/hochzeit-2\/","title":{"rendered":"Hochzeit"},"content":{"rendered":"<div id=\"entete-block_5bf493d71a5a558c7a0bfbbf80dfb99b\" class=\"row\">\n        <img decoding=\"async\" src=\"https:\/\/chateauhochberg.com\/wp-content\/uploads\/2020\/04\/Hochberg-Terrasse-7131_HD.jpg\"\n    sizes=\"100vw\"\n    srcset=\"https:\/\/chateauhochberg.com\/wp-content\/uploads\/2020\/04\/Hochberg-Terrasse-7131_HD.jpg 1920w,\n            https:\/\/chateauhochberg.com\/wp-content\/uploads\/2020\/04\/Hochberg-Terrasse-7131_HD-1024x683.jpg 1024w,\n            https:\/\/chateauhochberg.com\/wp-content\/uploads\/2020\/04\/Hochberg-Terrasse-7131_HD-768x512.jpg 768w\"\n            alt=\"\">\n      <\/div>\n\n<style>\n\ndiv[id^=\"entete\"]{\n  margin-bottom: 2rem;\n}\ndiv[id^=\"entete\"] img{\n  width: 100%;\n  height: 85vh;\n  object-fit: cover;\n  object-position: center;\n}\n\n.links{\n  background: #fafafa;\n}\n\n.links > div{\n  display: flex;\n  flex-direction: row;\n  flex-wrap: wrap;\n  justify-content: flex-end;\n}\n.links > div > a{\n  cursor: pointer;\n  display: flex;\n  text-transform: uppercase;\n  padding: 1.5rem 2.5rem;\n  border-left: 1px solid rgba(0,0,0,0.1);\n}\n.links > div > a:hover{\n  background: rgba(0,0,0,0.1);\n  color: #333333;\n}\n\n<\/style><div class=\"wp-block-media-text alignwide\"><figure class=\"wp-block-media-text__media\"><img decoding=\"async\" width=\"1024\" height=\"678\" src=\"http:\/\/chateauhochberg.com\/wp-content\/uploads\/2020\/04\/Mariage-au-Ch\u00e2teau-Hochberg\u00a9Olivier-Tisserand-13-1024x678.jpg\" alt=\"\" class=\"wp-image-6292 size-full\" srcset=\"https:\/\/chateauhochberg.com\/wp-content\/uploads\/2020\/04\/Mariage-au-Ch\u00e2teau-Hochberg\u00a9Olivier-Tisserand-13-1024x678.jpg 1024w, https:\/\/chateauhochberg.com\/wp-content\/uploads\/2020\/04\/Mariage-au-Ch\u00e2teau-Hochberg\u00a9Olivier-Tisserand-13-800x530.jpg 800w, https:\/\/chateauhochberg.com\/wp-content\/uploads\/2020\/04\/Mariage-au-Ch\u00e2teau-Hochberg\u00a9Olivier-Tisserand-13-300x199.jpg 300w, https:\/\/chateauhochberg.com\/wp-content\/uploads\/2020\/04\/Mariage-au-Ch\u00e2teau-Hochberg\u00a9Olivier-Tisserand-13-768x509.jpg 768w, https:\/\/chateauhochberg.com\/wp-content\/uploads\/2020\/04\/Mariage-au-Ch\u00e2teau-Hochberg\u00a9Olivier-Tisserand-13.jpg 1200w\" sizes=\"(max-width: 1024px) 100vw, 1024px\" \/><\/figure><div class=\"wp-block-media-text__content\"><p class=\"has-text-align-center has-normal-font-size\"><strong>Es gibt Orte, an denen Tr\u00e4ume wahr werden<\/strong><\/p>\n\n<p class=\"has-text-align-center\">Im Herzen der n\u00f6rdlichen Vogesen, umgeben von der Welt des Maison Lalique, ist das Ch\u00e2teau Hochberg ein einzigartiger Ort, an dem Kristall und die S\u00fc\u00dfe des Lebens in perfekter Harmonie zusammenkommen. Dieses imposante Herrenhaus mit authentischem Charme befindet sich in einem gro\u00dfen bewaldeten Park am Rande des Waldes.<\/p>\n\n<div style=\"height:33px\" aria-hidden=\"true\" class=\"wp-block-spacer\"><\/div>\n\n<p class=\"has-text-align-center has-medium-font-size\"><strong>Kontakt<\/strong><\/p>\n\n<p class=\"has-text-align-center\">Nadine Multon : <a href=\"mailto:events@chateauhochberg.com\" target=\"_blank\" rel=\"noreferrer noopener\">events@chateauhochberg.com<\/a><\/p><\/div><\/div><div class=\"wp-block-media-text alignwide has-media-on-the-right\"><div class=\"wp-block-media-text__content\"><p class=\"has-text-align-center\">Im Herzen dieser idyllischen Umgebung befindet sich der Hochberg-Pavillon, der speziell f\u00fcr den gl\u00fccklichsten Tag Ihres Lebens entworfen wurde.<\/p>\n\n<p class=\"has-text-align-center\">Dieser elegante und raffinierte Ort von 250 m2 ist voll klimatisiert und verf\u00fcgt \u00fcber eine hervorragende Akustik.<\/p>\n\n<p class=\"has-text-align-center\">Der zeitgen\u00f6ssische und n\u00fcchtern dekorierte Pavillon l\u00e4sst Ihrer Fantasie freien Lauf und erf\u00fcllt Ihre Vision einer Ehe mit Leichtigkeit. Das Schlossgel\u00e4nde ist ideal f\u00fcr einen Cocktail oder Aperitif.<\/p>\n\n<p class=\"has-text-align-center\">Nutzen Sie auch diese gr\u00fcne Umgebung, um diesen Tag zu verewigen und Ihre sch\u00f6nsten Hochzeitsfotos zu machen!<\/p><\/div><figure class=\"wp-block-media-text__media\"><img decoding=\"async\" width=\"1024\" height=\"682\" src=\"http:\/\/chateauhochberg.com\/wp-content\/uploads\/2020\/04\/Chateau-Hochberg-\u00a9-Patrick-Boehler-9-1024x682.jpg\" alt=\"\" class=\"wp-image-6289 size-full\" srcset=\"https:\/\/chateauhochberg.com\/wp-content\/uploads\/2020\/04\/Chateau-Hochberg-\u00a9-Patrick-Boehler-9-1024x682.jpg 1024w, https:\/\/chateauhochberg.com\/wp-content\/uploads\/2020\/04\/Chateau-Hochberg-\u00a9-Patrick-Boehler-9-800x533.jpg 800w, https:\/\/chateauhochberg.com\/wp-content\/uploads\/2020\/04\/Chateau-Hochberg-\u00a9-Patrick-Boehler-9-300x200.jpg 300w, https:\/\/chateauhochberg.com\/wp-content\/uploads\/2020\/04\/Chateau-Hochberg-\u00a9-Patrick-Boehler-9-768x511.jpg 768w, https:\/\/chateauhochberg.com\/wp-content\/uploads\/2020\/04\/Chateau-Hochberg-\u00a9-Patrick-Boehler-9.jpg 1920w\" sizes=\"(max-width: 1024px) 100vw, 1024px\" \/><\/figure><\/div><div class=\"wp-block-media-text alignwide\"><figure class=\"wp-block-media-text__media\"><img decoding=\"async\" width=\"1024\" height=\"683\" src=\"http:\/\/chateauhochberg.com\/wp-content\/uploads\/2020\/04\/Ch\u00e2teau-Hochberg_Pavillon\u00a9Studio-Adeline-Wagner-HD-11-1024x683.jpg\" alt=\"\" class=\"wp-image-6304 size-full\" srcset=\"https:\/\/chateauhochberg.com\/wp-content\/uploads\/2020\/04\/Ch\u00e2teau-Hochberg_Pavillon\u00a9Studio-Adeline-Wagner-HD-11-1024x683.jpg 1024w, https:\/\/chateauhochberg.com\/wp-content\/uploads\/2020\/04\/Ch\u00e2teau-Hochberg_Pavillon\u00a9Studio-Adeline-Wagner-HD-11-800x533.jpg 800w, https:\/\/chateauhochberg.com\/wp-content\/uploads\/2020\/04\/Ch\u00e2teau-Hochberg_Pavillon\u00a9Studio-Adeline-Wagner-HD-11-300x200.jpg 300w, https:\/\/chateauhochberg.com\/wp-content\/uploads\/2020\/04\/Ch\u00e2teau-Hochberg_Pavillon\u00a9Studio-Adeline-Wagner-HD-11-768x512.jpg 768w, https:\/\/chateauhochberg.com\/wp-content\/uploads\/2020\/04\/Ch\u00e2teau-Hochberg_Pavillon\u00a9Studio-Adeline-Wagner-HD-11.jpg 1920w\" sizes=\"(max-width: 1024px) 100vw, 1024px\" \/><\/figure><div class=\"wp-block-media-text__content\"><p class=\"has-text-align-center\">Machen Sie das Beste aus Ihren G\u00e4sten: 15 Vier-Sterne-Luxuszimmer mit Lalique-Dekoration, Komfort und Klimaanlage, private und kostenlose Parkpl\u00e4tze sowie Gourmet- und raffinierte K\u00fcche.<\/p>\n\n<p class=\"has-text-align-center\">Sowohl f\u00fcr sie als auch f\u00fcr Sie sind alle Elemente da, um Ihnen einen unvergesslichen Moment zu bieten: eine \u00fcppige Umgebung, pers\u00f6nlicher Service dank des Know-hows und der Erfahrung unserer Teams und eine leckere K\u00fcche, die Ihre G\u00e4ste \u00fcberraschen wird.<\/p>\n\n<p class=\"has-text-align-center\"><strong>F\u00fcr jedes Paar<\/strong><\/p>\n\n<p class=\"has-text-align-center\"><strong>Die Auswahl an ma\u00dfgeschneiderten Dienstleistungen, die auf Ihre W\u00fcnsche zugeschnitten sind. W\u00e4hrend der Vorbereitung der Hochzeit begleitet Sie unser Team mit Ruhe und Gelassenheit. Befreie deinen Geist, um den D-Day der sch\u00f6nsten M\u00e4rchen w\u00fcrdig zu machen!<\/strong><\/p><\/div><\/div><figure class=\"wp-block-gallery has-nested-images columns-default is-cropped wp-block-gallery-1 is-layout-flex wp-block-gallery-is-layout-flex\"><figure class=\"wp-block-image size-large\"><img decoding=\"async\" width=\"1024\" height=\"684\" data-id=\"6310\" src=\"http:\/\/chateauhochberg.com\/wp-content\/uploads\/2020\/04\/Mariage-au-Ch\u00e2teau-Hochberg\u00a9Olivier-Tisserand-9-1024x684.jpg\" alt=\"\" class=\"wp-image-6310\" srcset=\"https:\/\/chateauhochberg.com\/wp-content\/uploads\/2020\/04\/Mariage-au-Ch\u00e2teau-Hochberg\u00a9Olivier-Tisserand-9-1024x684.jpg 1024w, https:\/\/chateauhochberg.com\/wp-content\/uploads\/2020\/04\/Mariage-au-Ch\u00e2teau-Hochberg\u00a9Olivier-Tisserand-9-800x534.jpg 800w, https:\/\/chateauhochberg.com\/wp-content\/uploads\/2020\/04\/Mariage-au-Ch\u00e2teau-Hochberg\u00a9Olivier-Tisserand-9-300x200.jpg 300w, https:\/\/chateauhochberg.com\/wp-content\/uploads\/2020\/04\/Mariage-au-Ch\u00e2teau-Hochberg\u00a9Olivier-Tisserand-9-768x513.jpg 768w, https:\/\/chateauhochberg.com\/wp-content\/uploads\/2020\/04\/Mariage-au-Ch\u00e2teau-Hochberg\u00a9Olivier-Tisserand-9.jpg 1200w\" sizes=\"(max-width: 1024px) 100vw, 1024px\" \/><\/figure>\n\n<figure class=\"wp-block-image size-large\"><img decoding=\"async\" width=\"1024\" height=\"684\" data-id=\"6307\" src=\"http:\/\/chateauhochberg.com\/wp-content\/uploads\/2020\/04\/Mariage-au-Ch\u00e2teau-Hochberg\u00a9Olivier-Tisserand-4-1024x684.jpg\" alt=\"\" class=\"wp-image-6307\" srcset=\"https:\/\/chateauhochberg.com\/wp-content\/uploads\/2020\/04\/Mariage-au-Ch\u00e2teau-Hochberg\u00a9Olivier-Tisserand-4-1024x684.jpg 1024w, https:\/\/chateauhochberg.com\/wp-content\/uploads\/2020\/04\/Mariage-au-Ch\u00e2teau-Hochberg\u00a9Olivier-Tisserand-4-800x534.jpg 800w, https:\/\/chateauhochberg.com\/wp-content\/uploads\/2020\/04\/Mariage-au-Ch\u00e2teau-Hochberg\u00a9Olivier-Tisserand-4-300x200.jpg 300w, https:\/\/chateauhochberg.com\/wp-content\/uploads\/2020\/04\/Mariage-au-Ch\u00e2teau-Hochberg\u00a9Olivier-Tisserand-4-768x513.jpg 768w, https:\/\/chateauhochberg.com\/wp-content\/uploads\/2020\/04\/Mariage-au-Ch\u00e2teau-Hochberg\u00a9Olivier-Tisserand-4.jpg 1200w\" sizes=\"(max-width: 1024px) 100vw, 1024px\" \/><\/figure>\n\n<figure class=\"wp-block-image size-large\"><img decoding=\"async\" width=\"1024\" height=\"683\" data-id=\"6301\" src=\"http:\/\/chateauhochberg.com\/wp-content\/uploads\/2020\/04\/Terrasse-Chateau-Hochberg-\u00a9Frantisek-Zvardon-BD-1024x683.jpg\" alt=\"\" class=\"wp-image-6301\" srcset=\"https:\/\/chateauhochberg.com\/wp-content\/uploads\/2020\/04\/Terrasse-Chateau-Hochberg-\u00a9Frantisek-Zvardon-BD-1024x683.jpg 1024w, https:\/\/chateauhochberg.com\/wp-content\/uploads\/2020\/04\/Terrasse-Chateau-Hochberg-\u00a9Frantisek-Zvardon-BD-800x533.jpg 800w, https:\/\/chateauhochberg.com\/wp-content\/uploads\/2020\/04\/Terrasse-Chateau-Hochberg-\u00a9Frantisek-Zvardon-BD-300x200.jpg 300w, https:\/\/chateauhochberg.com\/wp-content\/uploads\/2020\/04\/Terrasse-Chateau-Hochberg-\u00a9Frantisek-Zvardon-BD-768x512.jpg 768w, https:\/\/chateauhochberg.com\/wp-content\/uploads\/2020\/04\/Terrasse-Chateau-Hochberg-\u00a9Frantisek-Zvardon-BD.jpg 1920w\" sizes=\"(max-width: 1024px) 100vw, 1024px\" \/><\/figure><\/figure>","protected":false},"excerpt":{"rendered":"<p>Im Herzen dieser idyllischen Umgebung befindet sich der Hochberg-Pavillon, der speziell f\u00fcr den gl\u00fccklichsten Tag Ihres Lebens entworfen wurde. Dieser elegante und raffinierte Ort von 250 m2 ist voll klimatisiert und verf\u00fcgt \u00fcber eine hervorragende Akustik. Der zeitgen\u00f6ssische und n\u00fcchtern dekorierte Pavillon l\u00e4sst Ihrer Fantasie freien Lauf und erf\u00fcllt Ihre Vision einer Ehe mit Leichtigkeit. [&hellip;]<\/p>\n","protected":false},"author":1,"featured_media":0,"parent":0,"menu_order":0,"comment_status":"closed","ping_status":"closed","template":"page-templates\/fullscreen-img-right-detail.php","meta":{"_acf_changed":false,"footnotes":""},"class_list":["post-6479","page","type-page","status-publish","hentry"],"acf":[],"yoast_head":"<!-- This site is optimized with the Yoast SEO plugin v25.1 - https:\/\/yoast.com\/wordpress\/plugins\/seo\/ -->\n<title>Hochzeit - Ch\u00e2teau Hochberg<\/title>\n<meta name=\"description\" content=\"Im Herzen der n\u00f6rdlichen Vogesen, umgeben von der Welt des Maison Lalique, befindet sich der Hochberg-Pavillon, der speziell f\u00fcr den gl\u00fccklichsten Tag Ihres Lebens entworfen wurde.\" \/>\n<meta name=\"robots\" content=\"index, follow, max-snippet:-1, max-image-preview:large, max-video-preview:-1\" \/>\n<link rel=\"canonical\" href=\"https:\/\/chateauhochberg.com\/de\/hochzeit-2\/\" \/>\n<meta property=\"og:locale\" content=\"de_DE\" \/>\n<meta property=\"og:type\" content=\"article\" \/>\n<meta property=\"og:title\" content=\"Hochzeit - Ch\u00e2teau Hochberg\" \/>\n<meta property=\"og:description\" content=\"Im Herzen der n\u00f6rdlichen Vogesen, umgeben von der Welt des Maison Lalique, befindet sich der Hochberg-Pavillon, der speziell f\u00fcr den gl\u00fccklichsten Tag Ihres Lebens entworfen wurde.\" \/>\n<meta property=\"og:url\" content=\"https:\/\/chateauhochberg.com\/de\/hochzeit-2\/\" \/>\n<meta property=\"og:site_name\" content=\"Ch\u00e2teau Hochberg\" \/>\n<meta property=\"article:modified_time\" content=\"2026-02-18T14:11:46+00:00\" \/>\n<meta name=\"twitter:card\" content=\"summary_large_image\" \/>\n<meta name=\"twitter:label1\" content=\"Gesch\u00e4tzte Lesezeit\" \/>\n\t<meta name=\"twitter:data1\" content=\"3\u00a0Minuten\" \/>\n<script type=\"application\/ld+json\" class=\"yoast-schema-graph\">{\"@context\":\"https:\/\/schema.org\",\"@graph\":[{\"@type\":\"WebPage\",\"@id\":\"https:\/\/chateauhochberg.com\/de\/hochzeit-2\/\",\"url\":\"https:\/\/chateauhochberg.com\/de\/hochzeit-2\/\",\"name\":\"Hochzeit - Ch\u00e2teau Hochberg\",\"isPartOf\":{\"@id\":\"https:\/\/chateauhochberg.com\/en\/#website\"},\"datePublished\":\"2020-09-04T13:36:16+00:00\",\"dateModified\":\"2026-02-18T14:11:46+00:00\",\"description\":\"Im Herzen der n\u00f6rdlichen Vogesen, umgeben von der Welt des Maison Lalique, befindet sich der Hochberg-Pavillon, der speziell f\u00fcr den gl\u00fccklichsten Tag Ihres Lebens entworfen wurde.\",\"breadcrumb\":{\"@id\":\"https:\/\/chateauhochberg.com\/de\/hochzeit-2\/#breadcrumb\"},\"inLanguage\":\"de\",\"potentialAction\":[{\"@type\":\"ReadAction\",\"target\":[\"https:\/\/chateauhochberg.com\/de\/hochzeit-2\/\"]}]},{\"@type\":\"BreadcrumbList\",\"@id\":\"https:\/\/chateauhochberg.com\/de\/hochzeit-2\/#breadcrumb\",\"itemListElement\":[{\"@type\":\"ListItem\",\"position\":1,\"name\":\"Accueil\",\"item\":\"https:\/\/chateauhochberg.com\/de\/\"},{\"@type\":\"ListItem\",\"position\":2,\"name\":\"Hochzeit\"}]},{\"@type\":\"WebSite\",\"@id\":\"https:\/\/chateauhochberg.com\/en\/#website\",\"url\":\"https:\/\/chateauhochberg.com\/en\/\",\"name\":\"Ch\u00e2teau Hochberg - By Lalique\",\"description\":\"H\u00f4tel &amp; Restaurant\",\"alternateName\":\"CHOCH\",\"potentialAction\":[{\"@type\":\"SearchAction\",\"target\":{\"@type\":\"EntryPoint\",\"urlTemplate\":\"https:\/\/chateauhochberg.com\/en\/?s={search_term_string}\"},\"query-input\":{\"@type\":\"PropertyValueSpecification\",\"valueRequired\":true,\"valueName\":\"search_term_string\"}}],\"inLanguage\":\"de\"}]}<\/script>\n<!-- \/ Yoast SEO plugin. -->","yoast_head_json":{"title":"Hochzeit - Ch\u00e2teau Hochberg","description":"Im Herzen der n\u00f6rdlichen Vogesen, umgeben von der Welt des Maison Lalique, befindet sich der Hochberg-Pavillon, der speziell f\u00fcr den gl\u00fccklichsten Tag Ihres Lebens entworfen wurde.","robots":{"index":"index","follow":"follow","max-snippet":"max-snippet:-1","max-image-preview":"max-image-preview:large","max-video-preview":"max-video-preview:-1"},"canonical":"https:\/\/chateauhochberg.com\/de\/hochzeit-2\/","og_locale":"de_DE","og_type":"article","og_title":"Hochzeit - Ch\u00e2teau Hochberg","og_description":"Im Herzen der n\u00f6rdlichen Vogesen, umgeben von der Welt des Maison Lalique, befindet sich der Hochberg-Pavillon, der speziell f\u00fcr den gl\u00fccklichsten Tag Ihres Lebens entworfen wurde.","og_url":"https:\/\/chateauhochberg.com\/de\/hochzeit-2\/","og_site_name":"Ch\u00e2teau Hochberg","article_modified_time":"2026-02-18T14:11:46+00:00","twitter_card":"summary_large_image","twitter_misc":{"Gesch\u00e4tzte Lesezeit":"3\u00a0Minuten"},"schema":{"@context":"https:\/\/schema.org","@graph":[{"@type":"WebPage","@id":"https:\/\/chateauhochberg.com\/de\/hochzeit-2\/","url":"https:\/\/chateauhochberg.com\/de\/hochzeit-2\/","name":"Hochzeit - Ch\u00e2teau Hochberg","isPartOf":{"@id":"https:\/\/chateauhochberg.com\/en\/#website"},"datePublished":"2020-09-04T13:36:16+00:00","dateModified":"2026-02-18T14:11:46+00:00","description":"Im Herzen der n\u00f6rdlichen Vogesen, umgeben von der Welt des Maison Lalique, befindet sich der Hochberg-Pavillon, der speziell f\u00fcr den gl\u00fccklichsten Tag Ihres Lebens entworfen wurde.","breadcrumb":{"@id":"https:\/\/chateauhochberg.com\/de\/hochzeit-2\/#breadcrumb"},"inLanguage":"de","potentialAction":[{"@type":"ReadAction","target":["https:\/\/chateauhochberg.com\/de\/hochzeit-2\/"]}]},{"@type":"BreadcrumbList","@id":"https:\/\/chateauhochberg.com\/de\/hochzeit-2\/#breadcrumb","itemListElement":[{"@type":"ListItem","position":1,"name":"Accueil","item":"https:\/\/chateauhochberg.com\/de\/"},{"@type":"ListItem","position":2,"name":"Hochzeit"}]},{"@type":"WebSite","@id":"https:\/\/chateauhochberg.com\/en\/#website","url":"https:\/\/chateauhochberg.com\/en\/","name":"Ch\u00e2teau Hochberg - By Lalique","description":"H\u00f4tel &amp; Restaurant","alternateName":"CHOCH","potentialAction":[{"@type":"SearchAction","target":{"@type":"EntryPoint","urlTemplate":"https:\/\/chateauhochberg.com\/en\/?s={search_term_string}"},"query-input":{"@type":"PropertyValueSpecification","valueRequired":true,"valueName":"search_term_string"}}],"inLanguage":"de"}]}},"_links":{"self":[{"href":"https:\/\/chateauhochberg.com\/de\/wp-json\/wp\/v2\/pages\/6479","targetHints":{"allow":["GET"]}}],"collection":[{"href":"https:\/\/chateauhochberg.com\/de\/wp-json\/wp\/v2\/pages"}],"about":[{"href":"https:\/\/chateauhochberg.com\/de\/wp-json\/wp\/v2\/types\/page"}],"author":[{"embeddable":true,"href":"https:\/\/chateauhochberg.com\/de\/wp-json\/wp\/v2\/users\/1"}],"replies":[{"embeddable":true,"href":"https:\/\/chateauhochberg.com\/de\/wp-json\/wp\/v2\/comments?post=6479"}],"version-history":[{"count":10,"href":"https:\/\/chateauhochberg.com\/de\/wp-json\/wp\/v2\/pages\/6479\/revisions"}],"predecessor-version":[{"id":24391,"href":"https:\/\/chateauhochberg.com\/de\/wp-json\/wp\/v2\/pages\/6479\/revisions\/24391"}],"wp:attachment":[{"href":"https:\/\/chateauhochberg.com\/de\/wp-json\/wp\/v2\/media?parent=6479"}],"curies":[{"name":"wp","href":"https:\/\/api.w.org\/{rel}","templated":true}]}}