{"id":22621,"date":"2019-11-21T12:15:57","date_gmt":"2019-11-21T11:15:57","guid":{"rendered":"https:\/\/chateauhochberg.com\/boutique\/unkategorisiert\/offrir-un-cheque-cadeau\/"},"modified":"2025-05-27T11:22:49","modified_gmt":"2025-05-27T10:22:49","slug":"geschenkkarte","status":"publish","type":"product","link":"https:\/\/chateauhochberg.com\/de\/boutique\/cheque-cadeau\/geschenkkarte\/","title":{"rendered":"Geschenkkarte anbieten"},"content":{"rendered":"<strong>Machen Sie Ihren Liebsten eine Freude mit einem Erlebnis im Ch\u00e2teau Hochberg!<\/strong>\r\n\r\nReservierung erforderlich per E-Mail oder Telefon. Die Geschenkkarte muss am Tag der Reservierung beim Check-in vorgelegt werden.\r\n\r\n<em>Bitte beachten Sie: Dieser Gutschein ist an folgenden Tagen nicht g\u00fcltig: 1. Januar, 14. Februar, Muttertag, Ostersonntag und -montag, 25. und 26. Dezember sowie 31. Dezember.<\/em>\r\n<em>Nicht erstattbar und nicht umtauschbar. Nur einmalig einl\u00f6sbar.<\/em>\r\n\r\n&nbsp;\r\n\r\n&nbsp;","protected":false},"excerpt":{"rendered":"<p>Machen Sie Ihren Liebsten eine Freude mit einem Erlebnis im Ch\u00e2teau Hochberg!<\/p>\n<p>&nbsp;<\/p>\n","protected":false},"featured_media":17501,"comment_status":"closed","ping_status":"closed","template":"","meta":{"_acf_changed":false},"product_brand":[],"product_cat":[182],"product_tag":[67],"class_list":{"0":"post-22621","1":"product","2":"type-product","3":"status-publish","4":"has-post-thumbnail","6":"product_cat-cheque-cadeau","7":"product_tag-cheque-cadeau","9":"first","10":"instock","11":"shipping-taxable","12":"purchasable","13":"product-type-variable"},"acf":[],"yoast_head":"<!-- This site is optimized with the Yoast SEO plugin v25.1 - https:\/\/yoast.com\/wordpress\/plugins\/seo\/ -->\n<title>Geschenkkarte anbieten - Ch\u00e2teau Hochberg<\/title>\n<meta name=\"description\" content=\"Faites plaisir \u00e0 ceux que vous aimez en leur offrant un s\u00e9jour \u00e0 l&#039;h\u00f4tel 4 \u00e9toiles ou une exp\u00e9rience au restaurant bistronomique du Ch\u00e2teau Hochberg !\" \/>\n<meta name=\"robots\" content=\"index, follow, max-snippet:-1, max-image-preview:large, max-video-preview:-1\" \/>\n<link rel=\"canonical\" href=\"https:\/\/chateauhochberg.com\/de\/boutique\/cheque-cadeau\/geschenkkarte\/\" \/>\n<meta property=\"og:locale\" content=\"de_DE\" \/>\n<meta property=\"og:type\" content=\"article\" \/>\n<meta property=\"og:title\" content=\"Geschenkkarte anbieten - Ch\u00e2teau Hochberg\" \/>\n<meta property=\"og:description\" content=\"Faites plaisir \u00e0 ceux que vous aimez en leur offrant un s\u00e9jour \u00e0 l&#039;h\u00f4tel 4 \u00e9toiles ou une exp\u00e9rience au restaurant bistronomique du Ch\u00e2teau Hochberg !\" \/>\n<meta property=\"og:url\" content=\"https:\/\/chateauhochberg.com\/de\/boutique\/cheque-cadeau\/geschenkkarte\/\" \/>\n<meta property=\"og:site_name\" content=\"Ch\u00e2teau Hochberg\" \/>\n<meta property=\"article:modified_time\" content=\"2025-05-27T10:22:49+00:00\" \/>\n<meta property=\"og:image\" content=\"https:\/\/chateauhochberg.com\/wp-content\/uploads\/2019\/11\/Photo-1-2.jpg\" \/>\n\t<meta property=\"og:image:width\" content=\"1984\" \/>\n\t<meta property=\"og:image:height\" content=\"2685\" \/>\n\t<meta property=\"og:image:type\" content=\"image\/jpeg\" \/>\n<meta name=\"twitter:card\" content=\"summary_large_image\" \/>\n<meta name=\"twitter:label1\" content=\"Gesch\u00e4tzte Lesezeit\" \/>\n\t<meta name=\"twitter:data1\" content=\"1\u00a0Minute\" \/>\n<script type=\"application\/ld+json\" class=\"yoast-schema-graph\">{\"@context\":\"https:\/\/schema.org\",\"@graph\":[{\"@type\":\"WebPage\",\"@id\":\"https:\/\/chateauhochberg.com\/de\/boutique\/cheque-cadeau\/geschenkkarte\/\",\"url\":\"https:\/\/chateauhochberg.com\/de\/boutique\/cheque-cadeau\/geschenkkarte\/\",\"name\":\"Geschenkkarte anbieten - Ch\u00e2teau Hochberg\",\"isPartOf\":{\"@id\":\"https:\/\/chateauhochberg.com\/en\/#website\"},\"primaryImageOfPage\":{\"@id\":\"https:\/\/chateauhochberg.com\/de\/boutique\/cheque-cadeau\/geschenkkarte\/#primaryimage\"},\"image\":{\"@id\":\"https:\/\/chateauhochberg.com\/de\/boutique\/cheque-cadeau\/geschenkkarte\/#primaryimage\"},\"thumbnailUrl\":\"https:\/\/chateauhochberg.com\/wp-content\/uploads\/2023\/11\/Chateau-Hochberg-\u00a9Gregoire-Gardette-HD-22.jpg\",\"datePublished\":\"2019-11-21T11:15:57+00:00\",\"dateModified\":\"2025-05-27T10:22:49+00:00\",\"description\":\"Faites plaisir \u00e0 ceux que vous aimez en leur offrant un s\u00e9jour \u00e0 l'h\u00f4tel 4 \u00e9toiles ou une exp\u00e9rience au restaurant bistronomique du Ch\u00e2teau Hochberg !\",\"breadcrumb\":{\"@id\":\"https:\/\/chateauhochberg.com\/de\/boutique\/cheque-cadeau\/geschenkkarte\/#breadcrumb\"},\"inLanguage\":\"de\",\"potentialAction\":[{\"@type\":\"ReadAction\",\"target\":[\"https:\/\/chateauhochberg.com\/de\/boutique\/cheque-cadeau\/geschenkkarte\/\"]}]},{\"@type\":\"ImageObject\",\"inLanguage\":\"de\",\"@id\":\"https:\/\/chateauhochberg.com\/de\/boutique\/cheque-cadeau\/geschenkkarte\/#primaryimage\",\"url\":\"https:\/\/chateauhochberg.com\/wp-content\/uploads\/2023\/11\/Chateau-Hochberg-\u00a9Gregoire-Gardette-HD-22.jpg\",\"contentUrl\":\"https:\/\/chateauhochberg.com\/wp-content\/uploads\/2023\/11\/Chateau-Hochberg-\u00a9Gregoire-Gardette-HD-22.jpg\",\"width\":5760,\"height\":3840},{\"@type\":\"BreadcrumbList\",\"@id\":\"https:\/\/chateauhochberg.com\/de\/boutique\/cheque-cadeau\/geschenkkarte\/#breadcrumb\",\"itemListElement\":[{\"@type\":\"ListItem\",\"position\":1,\"name\":\"Accueil\",\"item\":\"https:\/\/chateauhochberg.com\/de\/\"},{\"@type\":\"ListItem\",\"position\":2,\"name\":\"Shop\",\"item\":\"https:\/\/chateauhochberg.com\/de\/shop\/\"},{\"@type\":\"ListItem\",\"position\":3,\"name\":\"Geschenkkarte anbieten\"}]},{\"@type\":\"WebSite\",\"@id\":\"https:\/\/chateauhochberg.com\/en\/#website\",\"url\":\"https:\/\/chateauhochberg.com\/en\/\",\"name\":\"Ch\u00e2teau Hochberg - By Lalique\",\"description\":\"H\u00f4tel &amp; Restaurant\",\"alternateName\":\"CHOCH\",\"potentialAction\":[{\"@type\":\"SearchAction\",\"target\":{\"@type\":\"EntryPoint\",\"urlTemplate\":\"https:\/\/chateauhochberg.com\/en\/?s={search_term_string}\"},\"query-input\":{\"@type\":\"PropertyValueSpecification\",\"valueRequired\":true,\"valueName\":\"search_term_string\"}}],\"inLanguage\":\"de\"}]}<\/script>\n<!-- \/ Yoast SEO plugin. -->","yoast_head_json":{"title":"Geschenkkarte anbieten - Ch\u00e2teau Hochberg","description":"Faites plaisir \u00e0 ceux que vous aimez en leur offrant un s\u00e9jour \u00e0 l'h\u00f4tel 4 \u00e9toiles ou une exp\u00e9rience au restaurant bistronomique du Ch\u00e2teau Hochberg !","robots":{"index":"index","follow":"follow","max-snippet":"max-snippet:-1","max-image-preview":"max-image-preview:large","max-video-preview":"max-video-preview:-1"},"canonical":"https:\/\/chateauhochberg.com\/de\/boutique\/cheque-cadeau\/geschenkkarte\/","og_locale":"de_DE","og_type":"article","og_title":"Geschenkkarte anbieten - Ch\u00e2teau Hochberg","og_description":"Faites plaisir \u00e0 ceux que vous aimez en leur offrant un s\u00e9jour \u00e0 l'h\u00f4tel 4 \u00e9toiles ou une exp\u00e9rience au restaurant bistronomique du Ch\u00e2teau Hochberg !","og_url":"https:\/\/chateauhochberg.com\/de\/boutique\/cheque-cadeau\/geschenkkarte\/","og_site_name":"Ch\u00e2teau Hochberg","article_modified_time":"2025-05-27T10:22:49+00:00","og_image":[{"width":1984,"height":2685,"url":"https:\/\/chateauhochberg.com\/wp-content\/uploads\/2019\/11\/Photo-1-2.jpg","type":"image\/jpeg"}],"twitter_card":"summary_large_image","twitter_misc":{"Gesch\u00e4tzte Lesezeit":"1\u00a0Minute"},"schema":{"@context":"https:\/\/schema.org","@graph":[{"@type":"WebPage","@id":"https:\/\/chateauhochberg.com\/de\/boutique\/cheque-cadeau\/geschenkkarte\/","url":"https:\/\/chateauhochberg.com\/de\/boutique\/cheque-cadeau\/geschenkkarte\/","name":"Geschenkkarte anbieten - Ch\u00e2teau Hochberg","isPartOf":{"@id":"https:\/\/chateauhochberg.com\/en\/#website"},"primaryImageOfPage":{"@id":"https:\/\/chateauhochberg.com\/de\/boutique\/cheque-cadeau\/geschenkkarte\/#primaryimage"},"image":{"@id":"https:\/\/chateauhochberg.com\/de\/boutique\/cheque-cadeau\/geschenkkarte\/#primaryimage"},"thumbnailUrl":"https:\/\/chateauhochberg.com\/wp-content\/uploads\/2023\/11\/Chateau-Hochberg-\u00a9Gregoire-Gardette-HD-22.jpg","datePublished":"2019-11-21T11:15:57+00:00","dateModified":"2025-05-27T10:22:49+00:00","description":"Faites plaisir \u00e0 ceux que vous aimez en leur offrant un s\u00e9jour \u00e0 l'h\u00f4tel 4 \u00e9toiles ou une exp\u00e9rience au restaurant bistronomique du Ch\u00e2teau Hochberg !","breadcrumb":{"@id":"https:\/\/chateauhochberg.com\/de\/boutique\/cheque-cadeau\/geschenkkarte\/#breadcrumb"},"inLanguage":"de","potentialAction":[{"@type":"ReadAction","target":["https:\/\/chateauhochberg.com\/de\/boutique\/cheque-cadeau\/geschenkkarte\/"]}]},{"@type":"ImageObject","inLanguage":"de","@id":"https:\/\/chateauhochberg.com\/de\/boutique\/cheque-cadeau\/geschenkkarte\/#primaryimage","url":"https:\/\/chateauhochberg.com\/wp-content\/uploads\/2023\/11\/Chateau-Hochberg-\u00a9Gregoire-Gardette-HD-22.jpg","contentUrl":"https:\/\/chateauhochberg.com\/wp-content\/uploads\/2023\/11\/Chateau-Hochberg-\u00a9Gregoire-Gardette-HD-22.jpg","width":5760,"height":3840},{"@type":"BreadcrumbList","@id":"https:\/\/chateauhochberg.com\/de\/boutique\/cheque-cadeau\/geschenkkarte\/#breadcrumb","itemListElement":[{"@type":"ListItem","position":1,"name":"Accueil","item":"https:\/\/chateauhochberg.com\/de\/"},{"@type":"ListItem","position":2,"name":"Shop","item":"https:\/\/chateauhochberg.com\/de\/shop\/"},{"@type":"ListItem","position":3,"name":"Geschenkkarte anbieten"}]},{"@type":"WebSite","@id":"https:\/\/chateauhochberg.com\/en\/#website","url":"https:\/\/chateauhochberg.com\/en\/","name":"Ch\u00e2teau Hochberg - By Lalique","description":"H\u00f4tel &amp; Restaurant","alternateName":"CHOCH","potentialAction":[{"@type":"SearchAction","target":{"@type":"EntryPoint","urlTemplate":"https:\/\/chateauhochberg.com\/en\/?s={search_term_string}"},"query-input":{"@type":"PropertyValueSpecification","valueRequired":true,"valueName":"search_term_string"}}],"inLanguage":"de"}]}},"_links":{"self":[{"href":"https:\/\/chateauhochberg.com\/de\/wp-json\/wp\/v2\/product\/22621","targetHints":{"allow":["GET"]}}],"collection":[{"href":"https:\/\/chateauhochberg.com\/de\/wp-json\/wp\/v2\/product"}],"about":[{"href":"https:\/\/chateauhochberg.com\/de\/wp-json\/wp\/v2\/types\/product"}],"replies":[{"embeddable":true,"href":"https:\/\/chateauhochberg.com\/de\/wp-json\/wp\/v2\/comments?post=22621"}],"wp:featuredmedia":[{"embeddable":true,"href":"https:\/\/chateauhochberg.com\/de\/wp-json\/wp\/v2\/media\/17501"}],"wp:attachment":[{"href":"https:\/\/chateauhochberg.com\/de\/wp-json\/wp\/v2\/media?parent=22621"}],"wp:term":[{"taxonomy":"product_brand","embeddable":true,"href":"https:\/\/chateauhochberg.com\/de\/wp-json\/wp\/v2\/product_brand?post=22621"},{"taxonomy":"product_cat","embeddable":true,"href":"https:\/\/chateauhochberg.com\/de\/wp-json\/wp\/v2\/product_cat?post=22621"},{"taxonomy":"product_tag","embeddable":true,"href":"https:\/\/chateauhochberg.com\/de\/wp-json\/wp\/v2\/product_tag?post=22621"}],"curies":[{"name":"wp","href":"https:\/\/api.w.org\/{rel}","templated":true}]}}