{"id":24667,"date":"2026-04-09T14:50:40","date_gmt":"2026-04-09T13:50:40","guid":{"rendered":"https:\/\/chateauhochberg.com\/boutique\/unkategorisiert\/menu-edouard-teutsch\/"},"modified":"2026-04-09T15:41:23","modified_gmt":"2026-04-09T14:41:23","slug":"menu-edouard-teutsch","status":"publish","type":"product","link":"https:\/\/chateauhochberg.com\/de\/boutique\/coffrets-cadeaux\/menu-edouard-teutsch\/","title":{"rendered":"\u00c9douard-Teutsch-Men\u00fc"},"content":{"rendered":"Ein Moment des gemeinsamen Genusses, gepr\u00e4gt von einer ehrlichen und gro\u00dfz\u00fcgigen K\u00fcche, getragen von der Sensibilit\u00e4t von Chef Michel Scheidler. Inspiriert von den Jahreszeiten und regionalen Produkten stellt seine K\u00fcche das Wesentliche in den Mittelpunkt: ausgewogene Aromen und stets sp\u00fcrbare Genussfreude.\r\n\r\n<em>Das \u00c9douard-Teutsch-Men\u00fc wird t\u00e4glich angeboten, auch an Feiertagen.<\/em>","protected":false},"excerpt":{"rendered":"<p>Ein Moment des gemeinsamen Genusses, gepr\u00e4gt von einer ehrlichen und gro\u00dfz\u00fcgigen K\u00fcche, getragen von der Sensibilit\u00e4t von Chef Michel Scheidler. Inspiriert von den Jahreszeiten und regionalen Produkten stellt seine K\u00fcche das Wesentliche in den Mittelpunkt: ausgewogene Aromen und stets sp\u00fcrbare Genussfreude. Das \u00c9douard-Teutsch-Men\u00fc wird t\u00e4glich angeboten, auch an Feiertagen.<\/p>\n","protected":false},"featured_media":22146,"comment_status":"closed","ping_status":"closed","template":"","meta":{"_acf_changed":false},"product_brand":[],"product_cat":[185],"product_tag":[],"class_list":{"0":"post-24667","1":"product","2":"type-product","3":"status-publish","4":"has-post-thumbnail","6":"product_cat-coffrets-cadeaux","8":"first","9":"instock","10":"shipping-taxable","11":"purchasable","12":"product-type-variable"},"acf":[],"yoast_head":"<!-- This site is optimized with the Yoast SEO plugin v25.1 - https:\/\/yoast.com\/wordpress\/plugins\/seo\/ -->\n<title>\u00c9douard-Teutsch-Men\u00fc - Ch\u00e2teau Hochberg<\/title>\n<meta name=\"robots\" content=\"index, follow, max-snippet:-1, max-image-preview:large, max-video-preview:-1\" \/>\n<link rel=\"canonical\" href=\"https:\/\/chateauhochberg.com\/de\/boutique\/coffrets-cadeaux\/menu-edouard-teutsch\/\" \/>\n<meta property=\"og:locale\" content=\"de_DE\" \/>\n<meta property=\"og:type\" content=\"article\" \/>\n<meta property=\"og:title\" content=\"\u00c9douard-Teutsch-Men\u00fc - Ch\u00e2teau Hochberg\" \/>\n<meta property=\"og:description\" content=\"Ein Moment des gemeinsamen Genusses, gepr\u00e4gt von einer ehrlichen und gro\u00dfz\u00fcgigen K\u00fcche, getragen von der Sensibilit\u00e4t von Chef Michel Scheidler. Inspiriert von den Jahreszeiten und regionalen Produkten stellt seine K\u00fcche das Wesentliche in den Mittelpunkt: ausgewogene Aromen und stets sp\u00fcrbare Genussfreude. Das \u00c9douard-Teutsch-Men\u00fc wird t\u00e4glich angeboten, auch an Feiertagen.\" \/>\n<meta property=\"og:url\" content=\"https:\/\/chateauhochberg.com\/de\/boutique\/coffrets-cadeaux\/menu-edouard-teutsch\/\" \/>\n<meta property=\"og:site_name\" content=\"Ch\u00e2teau Hochberg\" \/>\n<meta property=\"article:modified_time\" content=\"2026-04-09T14:41:23+00:00\" \/>\n<meta property=\"og:image\" content=\"https:\/\/chateauhochberg.com\/wp-content\/uploads\/2025\/04\/Chateau-Hochberg-Restaurant-2024-\u00a9-Hirmance-Production-BD-25-e1743769861397.jpg\" \/>\n\t<meta property=\"og:image:width\" content=\"2016\" \/>\n\t<meta property=\"og:image:height\" content=\"3024\" \/>\n\t<meta property=\"og:image:type\" content=\"image\/jpeg\" \/>\n<meta name=\"twitter:card\" content=\"summary_large_image\" \/>\n<meta name=\"twitter:label1\" content=\"Gesch\u00e4tzte Lesezeit\" \/>\n\t<meta name=\"twitter:data1\" content=\"1\u00a0Minute\" \/>\n<script type=\"application\/ld+json\" class=\"yoast-schema-graph\">{\"@context\":\"https:\/\/schema.org\",\"@graph\":[{\"@type\":\"WebPage\",\"@id\":\"https:\/\/chateauhochberg.com\/de\/boutique\/coffrets-cadeaux\/menu-edouard-teutsch\/\",\"url\":\"https:\/\/chateauhochberg.com\/de\/boutique\/coffrets-cadeaux\/menu-edouard-teutsch\/\",\"name\":\"\u00c9douard-Teutsch-Men\u00fc - Ch\u00e2teau Hochberg\",\"isPartOf\":{\"@id\":\"https:\/\/chateauhochberg.com\/en\/#website\"},\"primaryImageOfPage\":{\"@id\":\"https:\/\/chateauhochberg.com\/de\/boutique\/coffrets-cadeaux\/menu-edouard-teutsch\/#primaryimage\"},\"image\":{\"@id\":\"https:\/\/chateauhochberg.com\/de\/boutique\/coffrets-cadeaux\/menu-edouard-teutsch\/#primaryimage\"},\"thumbnailUrl\":\"https:\/\/chateauhochberg.com\/wp-content\/uploads\/2025\/04\/Chateau-Hochberg-Restaurant-2024-\u00a9-Hirmance-Production-BD-25-e1743769861397.jpg\",\"datePublished\":\"2026-04-09T13:50:40+00:00\",\"dateModified\":\"2026-04-09T14:41:23+00:00\",\"breadcrumb\":{\"@id\":\"https:\/\/chateauhochberg.com\/de\/boutique\/coffrets-cadeaux\/menu-edouard-teutsch\/#breadcrumb\"},\"inLanguage\":\"de\",\"potentialAction\":[{\"@type\":\"ReadAction\",\"target\":[\"https:\/\/chateauhochberg.com\/de\/boutique\/coffrets-cadeaux\/menu-edouard-teutsch\/\"]}]},{\"@type\":\"ImageObject\",\"inLanguage\":\"de\",\"@id\":\"https:\/\/chateauhochberg.com\/de\/boutique\/coffrets-cadeaux\/menu-edouard-teutsch\/#primaryimage\",\"url\":\"https:\/\/chateauhochberg.com\/wp-content\/uploads\/2025\/04\/Chateau-Hochberg-Restaurant-2024-\u00a9-Hirmance-Production-BD-25-e1743769861397.jpg\",\"contentUrl\":\"https:\/\/chateauhochberg.com\/wp-content\/uploads\/2025\/04\/Chateau-Hochberg-Restaurant-2024-\u00a9-Hirmance-Production-BD-25-e1743769861397.jpg\",\"width\":2016,\"height\":3024,\"caption\":\"Chateau Hochberg menus sp\u00e9ciaux\"},{\"@type\":\"BreadcrumbList\",\"@id\":\"https:\/\/chateauhochberg.com\/de\/boutique\/coffrets-cadeaux\/menu-edouard-teutsch\/#breadcrumb\",\"itemListElement\":[{\"@type\":\"ListItem\",\"position\":1,\"name\":\"Accueil\",\"item\":\"https:\/\/chateauhochberg.com\/de\/\"},{\"@type\":\"ListItem\",\"position\":2,\"name\":\"Shop\",\"item\":\"https:\/\/chateauhochberg.com\/de\/shop\/\"},{\"@type\":\"ListItem\",\"position\":3,\"name\":\"\u00c9douard-Teutsch-Men\u00fc\"}]},{\"@type\":\"WebSite\",\"@id\":\"https:\/\/chateauhochberg.com\/en\/#website\",\"url\":\"https:\/\/chateauhochberg.com\/en\/\",\"name\":\"Ch\u00e2teau Hochberg - By Lalique\",\"description\":\"H\u00f4tel &amp; Restaurant\",\"alternateName\":\"CHOCH\",\"potentialAction\":[{\"@type\":\"SearchAction\",\"target\":{\"@type\":\"EntryPoint\",\"urlTemplate\":\"https:\/\/chateauhochberg.com\/en\/?s={search_term_string}\"},\"query-input\":{\"@type\":\"PropertyValueSpecification\",\"valueRequired\":true,\"valueName\":\"search_term_string\"}}],\"inLanguage\":\"de\"}]}<\/script>\n<!-- \/ Yoast SEO plugin. -->","yoast_head_json":{"title":"\u00c9douard-Teutsch-Men\u00fc - Ch\u00e2teau Hochberg","robots":{"index":"index","follow":"follow","max-snippet":"max-snippet:-1","max-image-preview":"max-image-preview:large","max-video-preview":"max-video-preview:-1"},"canonical":"https:\/\/chateauhochberg.com\/de\/boutique\/coffrets-cadeaux\/menu-edouard-teutsch\/","og_locale":"de_DE","og_type":"article","og_title":"\u00c9douard-Teutsch-Men\u00fc - Ch\u00e2teau Hochberg","og_description":"Ein Moment des gemeinsamen Genusses, gepr\u00e4gt von einer ehrlichen und gro\u00dfz\u00fcgigen K\u00fcche, getragen von der Sensibilit\u00e4t von Chef Michel Scheidler. Inspiriert von den Jahreszeiten und regionalen Produkten stellt seine K\u00fcche das Wesentliche in den Mittelpunkt: ausgewogene Aromen und stets sp\u00fcrbare Genussfreude. Das \u00c9douard-Teutsch-Men\u00fc wird t\u00e4glich angeboten, auch an Feiertagen.","og_url":"https:\/\/chateauhochberg.com\/de\/boutique\/coffrets-cadeaux\/menu-edouard-teutsch\/","og_site_name":"Ch\u00e2teau Hochberg","article_modified_time":"2026-04-09T14:41:23+00:00","og_image":[{"width":2016,"height":3024,"url":"https:\/\/chateauhochberg.com\/wp-content\/uploads\/2025\/04\/Chateau-Hochberg-Restaurant-2024-\u00a9-Hirmance-Production-BD-25-e1743769861397.jpg","type":"image\/jpeg"}],"twitter_card":"summary_large_image","twitter_misc":{"Gesch\u00e4tzte Lesezeit":"1\u00a0Minute"},"schema":{"@context":"https:\/\/schema.org","@graph":[{"@type":"WebPage","@id":"https:\/\/chateauhochberg.com\/de\/boutique\/coffrets-cadeaux\/menu-edouard-teutsch\/","url":"https:\/\/chateauhochberg.com\/de\/boutique\/coffrets-cadeaux\/menu-edouard-teutsch\/","name":"\u00c9douard-Teutsch-Men\u00fc - Ch\u00e2teau Hochberg","isPartOf":{"@id":"https:\/\/chateauhochberg.com\/en\/#website"},"primaryImageOfPage":{"@id":"https:\/\/chateauhochberg.com\/de\/boutique\/coffrets-cadeaux\/menu-edouard-teutsch\/#primaryimage"},"image":{"@id":"https:\/\/chateauhochberg.com\/de\/boutique\/coffrets-cadeaux\/menu-edouard-teutsch\/#primaryimage"},"thumbnailUrl":"https:\/\/chateauhochberg.com\/wp-content\/uploads\/2025\/04\/Chateau-Hochberg-Restaurant-2024-\u00a9-Hirmance-Production-BD-25-e1743769861397.jpg","datePublished":"2026-04-09T13:50:40+00:00","dateModified":"2026-04-09T14:41:23+00:00","breadcrumb":{"@id":"https:\/\/chateauhochberg.com\/de\/boutique\/coffrets-cadeaux\/menu-edouard-teutsch\/#breadcrumb"},"inLanguage":"de","potentialAction":[{"@type":"ReadAction","target":["https:\/\/chateauhochberg.com\/de\/boutique\/coffrets-cadeaux\/menu-edouard-teutsch\/"]}]},{"@type":"ImageObject","inLanguage":"de","@id":"https:\/\/chateauhochberg.com\/de\/boutique\/coffrets-cadeaux\/menu-edouard-teutsch\/#primaryimage","url":"https:\/\/chateauhochberg.com\/wp-content\/uploads\/2025\/04\/Chateau-Hochberg-Restaurant-2024-\u00a9-Hirmance-Production-BD-25-e1743769861397.jpg","contentUrl":"https:\/\/chateauhochberg.com\/wp-content\/uploads\/2025\/04\/Chateau-Hochberg-Restaurant-2024-\u00a9-Hirmance-Production-BD-25-e1743769861397.jpg","width":2016,"height":3024,"caption":"Chateau Hochberg menus sp\u00e9ciaux"},{"@type":"BreadcrumbList","@id":"https:\/\/chateauhochberg.com\/de\/boutique\/coffrets-cadeaux\/menu-edouard-teutsch\/#breadcrumb","itemListElement":[{"@type":"ListItem","position":1,"name":"Accueil","item":"https:\/\/chateauhochberg.com\/de\/"},{"@type":"ListItem","position":2,"name":"Shop","item":"https:\/\/chateauhochberg.com\/de\/shop\/"},{"@type":"ListItem","position":3,"name":"\u00c9douard-Teutsch-Men\u00fc"}]},{"@type":"WebSite","@id":"https:\/\/chateauhochberg.com\/en\/#website","url":"https:\/\/chateauhochberg.com\/en\/","name":"Ch\u00e2teau Hochberg - By Lalique","description":"H\u00f4tel &amp; Restaurant","alternateName":"CHOCH","potentialAction":[{"@type":"SearchAction","target":{"@type":"EntryPoint","urlTemplate":"https:\/\/chateauhochberg.com\/en\/?s={search_term_string}"},"query-input":{"@type":"PropertyValueSpecification","valueRequired":true,"valueName":"search_term_string"}}],"inLanguage":"de"}]}},"_links":{"self":[{"href":"https:\/\/chateauhochberg.com\/de\/wp-json\/wp\/v2\/product\/24667","targetHints":{"allow":["GET"]}}],"collection":[{"href":"https:\/\/chateauhochberg.com\/de\/wp-json\/wp\/v2\/product"}],"about":[{"href":"https:\/\/chateauhochberg.com\/de\/wp-json\/wp\/v2\/types\/product"}],"replies":[{"embeddable":true,"href":"https:\/\/chateauhochberg.com\/de\/wp-json\/wp\/v2\/comments?post=24667"}],"wp:featuredmedia":[{"embeddable":true,"href":"https:\/\/chateauhochberg.com\/de\/wp-json\/wp\/v2\/media\/22146"}],"wp:attachment":[{"href":"https:\/\/chateauhochberg.com\/de\/wp-json\/wp\/v2\/media?parent=24667"}],"wp:term":[{"taxonomy":"product_brand","embeddable":true,"href":"https:\/\/chateauhochberg.com\/de\/wp-json\/wp\/v2\/product_brand?post=24667"},{"taxonomy":"product_cat","embeddable":true,"href":"https:\/\/chateauhochberg.com\/de\/wp-json\/wp\/v2\/product_cat?post=24667"},{"taxonomy":"product_tag","embeddable":true,"href":"https:\/\/chateauhochberg.com\/de\/wp-json\/wp\/v2\/product_tag?post=24667"}],"curies":[{"name":"wp","href":"https:\/\/api.w.org\/{rel}","templated":true}]}}