{"id":24670,"date":"2026-04-09T14:46:14","date_gmt":"2026-04-09T13:46:14","guid":{"rendered":"https:\/\/chateauhochberg.com\/boutique\/unkategorisiert\/escape-in-the-heart-of-the-vosges-du-nord\/"},"modified":"2026-04-09T15:43:49","modified_gmt":"2026-04-09T14:43:49","slug":"auszeit-im-herzen-der-nordvogesen","status":"publish","type":"product","link":"https:\/\/chateauhochberg.com\/de\/boutique\/coffrets-cadeaux\/auszeit-im-herzen-der-nordvogesen\/","title":{"rendered":"Auszeit im Herzen der Nordvogesen"},"content":{"rendered":"Genie\u00dfen Sie eine erholsame Auszeit zwischen unber\u00fchrter Natur und stilvoller Lebensart im Herzen des Naturparks Nordvogesen. Eine Einladung, zur Ruhe zu kommen, neue Energie zu tanken und die Welt von Lalique in einem eleganten und harmonischen Umfeld zu entdecken.\r\n\r\n<em>Dieses Angebot beinhaltet:<\/em>\r\n<ul>\r\n \t<li>1 \u00dcbernachtung in einem Zimmer der Kategorie \u201eLes Terrasses\u201c inklusive Fr\u00fchst\u00fcck<\/li>\r\n \t<li>Zimmer mit 19 bis 23 m\u00b2, gelegen im ersten Stock\r\n<ul>\r\n \t<li>Badezimmer mit Dusche<\/li>\r\n \t<li>Safe<\/li>\r\n \t<li>Flachbildfernseher<\/li>\r\n \t<li>Kingsize-Bett oder getrennte Betten m\u00f6glich<\/li>\r\n<\/ul>\r\n<\/li>\r\n \t<li>Shuttle-Service zur Villa Ren\u00e9 Lalique<\/li>\r\n \t<li>Eintritt ins Lalique Museum<\/li>\r\n<\/ul>\r\n<strong>Preis<\/strong>: 270 \u20ac f\u00fcr 2 Personen","protected":false},"excerpt":{"rendered":"<p>Genie\u00dfen Sie eine erholsame Auszeit zwischen unber\u00fchrter Natur und stilvoller Lebensart im Herzen des Naturparks Nordvogesen. Eine Einladung, zur Ruhe zu kommen, neue Energie zu tanken und die Welt von Lalique in einem eleganten und harmonischen Umfeld zu entdecken.<\/p>\n","protected":false},"featured_media":21829,"comment_status":"closed","ping_status":"closed","template":"","meta":{"_acf_changed":false},"product_brand":[],"product_cat":[185],"product_tag":[],"class_list":{"0":"post-24670","1":"product","2":"type-product","3":"status-publish","4":"has-post-thumbnail","6":"product_cat-coffrets-cadeaux","8":"first","9":"instock","10":"downloadable","11":"virtual","12":"purchasable","13":"product-type-simple"},"acf":[],"yoast_head":"<!-- This site is optimized with the Yoast SEO plugin v25.1 - https:\/\/yoast.com\/wordpress\/plugins\/seo\/ -->\n<title>Auszeit im Herzen der Nordvogesen - Ch\u00e2teau Hochberg<\/title>\n<meta name=\"robots\" content=\"index, follow, max-snippet:-1, max-image-preview:large, max-video-preview:-1\" \/>\n<link rel=\"canonical\" href=\"https:\/\/chateauhochberg.com\/de\/boutique\/coffrets-cadeaux\/auszeit-im-herzen-der-nordvogesen\/\" \/>\n<meta property=\"og:locale\" content=\"de_DE\" \/>\n<meta property=\"og:type\" content=\"article\" \/>\n<meta property=\"og:title\" content=\"Auszeit im Herzen der Nordvogesen - Ch\u00e2teau Hochberg\" \/>\n<meta property=\"og:description\" content=\"Genie\u00dfen Sie eine erholsame Auszeit zwischen unber\u00fchrter Natur und stilvoller Lebensart im Herzen des Naturparks Nordvogesen. Eine Einladung, zur Ruhe zu kommen, neue Energie zu tanken und die Welt von Lalique in einem eleganten und harmonischen Umfeld zu entdecken.\" \/>\n<meta property=\"og:url\" content=\"https:\/\/chateauhochberg.com\/de\/boutique\/coffrets-cadeaux\/auszeit-im-herzen-der-nordvogesen\/\" \/>\n<meta property=\"og:site_name\" content=\"Ch\u00e2teau Hochberg\" \/>\n<meta property=\"article:modified_time\" content=\"2026-04-09T14:43:49+00:00\" \/>\n<meta property=\"og:image\" content=\"https:\/\/chateauhochberg.com\/wp-content\/uploads\/2025\/03\/Chateau-Hochberg_Reception_-\u00a9-Hirmance-Production_BD-4-e1750067357301.jpg\" \/>\n\t<meta property=\"og:image:width\" content=\"2480\" \/>\n\t<meta property=\"og:image:height\" content=\"1653\" \/>\n\t<meta property=\"og:image:type\" content=\"image\/jpeg\" \/>\n<meta name=\"twitter:card\" content=\"summary_large_image\" \/>\n<meta name=\"twitter:label1\" content=\"Gesch\u00e4tzte Lesezeit\" \/>\n\t<meta name=\"twitter:data1\" content=\"1\u00a0Minute\" \/>\n<script type=\"application\/ld+json\" class=\"yoast-schema-graph\">{\"@context\":\"https:\/\/schema.org\",\"@graph\":[{\"@type\":\"WebPage\",\"@id\":\"https:\/\/chateauhochberg.com\/de\/boutique\/coffrets-cadeaux\/auszeit-im-herzen-der-nordvogesen\/\",\"url\":\"https:\/\/chateauhochberg.com\/de\/boutique\/coffrets-cadeaux\/auszeit-im-herzen-der-nordvogesen\/\",\"name\":\"Auszeit im Herzen der Nordvogesen - Ch\u00e2teau Hochberg\",\"isPartOf\":{\"@id\":\"https:\/\/chateauhochberg.com\/en\/#website\"},\"primaryImageOfPage\":{\"@id\":\"https:\/\/chateauhochberg.com\/de\/boutique\/coffrets-cadeaux\/auszeit-im-herzen-der-nordvogesen\/#primaryimage\"},\"image\":{\"@id\":\"https:\/\/chateauhochberg.com\/de\/boutique\/coffrets-cadeaux\/auszeit-im-herzen-der-nordvogesen\/#primaryimage\"},\"thumbnailUrl\":\"https:\/\/chateauhochberg.com\/wp-content\/uploads\/2025\/03\/Chateau-Hochberg_Reception_-\u00a9-Hirmance-Production_BD-4-e1750067357301.jpg\",\"datePublished\":\"2026-04-09T13:46:14+00:00\",\"dateModified\":\"2026-04-09T14:43:49+00:00\",\"breadcrumb\":{\"@id\":\"https:\/\/chateauhochberg.com\/de\/boutique\/coffrets-cadeaux\/auszeit-im-herzen-der-nordvogesen\/#breadcrumb\"},\"inLanguage\":\"de\",\"potentialAction\":[{\"@type\":\"ReadAction\",\"target\":[\"https:\/\/chateauhochberg.com\/de\/boutique\/coffrets-cadeaux\/auszeit-im-herzen-der-nordvogesen\/\"]}]},{\"@type\":\"ImageObject\",\"inLanguage\":\"de\",\"@id\":\"https:\/\/chateauhochberg.com\/de\/boutique\/coffrets-cadeaux\/auszeit-im-herzen-der-nordvogesen\/#primaryimage\",\"url\":\"https:\/\/chateauhochberg.com\/wp-content\/uploads\/2025\/03\/Chateau-Hochberg_Reception_-\u00a9-Hirmance-Production_BD-4-e1750067357301.jpg\",\"contentUrl\":\"https:\/\/chateauhochberg.com\/wp-content\/uploads\/2025\/03\/Chateau-Hochberg_Reception_-\u00a9-Hirmance-Production_BD-4-e1750067357301.jpg\",\"width\":2480,\"height\":1653},{\"@type\":\"BreadcrumbList\",\"@id\":\"https:\/\/chateauhochberg.com\/de\/boutique\/coffrets-cadeaux\/auszeit-im-herzen-der-nordvogesen\/#breadcrumb\",\"itemListElement\":[{\"@type\":\"ListItem\",\"position\":1,\"name\":\"Accueil\",\"item\":\"https:\/\/chateauhochberg.com\/de\/\"},{\"@type\":\"ListItem\",\"position\":2,\"name\":\"Shop\",\"item\":\"https:\/\/chateauhochberg.com\/de\/shop\/\"},{\"@type\":\"ListItem\",\"position\":3,\"name\":\"Auszeit im Herzen der Nordvogesen\"}]},{\"@type\":\"WebSite\",\"@id\":\"https:\/\/chateauhochberg.com\/en\/#website\",\"url\":\"https:\/\/chateauhochberg.com\/en\/\",\"name\":\"Ch\u00e2teau Hochberg - By Lalique\",\"description\":\"H\u00f4tel &amp; Restaurant\",\"alternateName\":\"CHOCH\",\"potentialAction\":[{\"@type\":\"SearchAction\",\"target\":{\"@type\":\"EntryPoint\",\"urlTemplate\":\"https:\/\/chateauhochberg.com\/en\/?s={search_term_string}\"},\"query-input\":{\"@type\":\"PropertyValueSpecification\",\"valueRequired\":true,\"valueName\":\"search_term_string\"}}],\"inLanguage\":\"de\"}]}<\/script>\n<!-- \/ Yoast SEO plugin. -->","yoast_head_json":{"title":"Auszeit im Herzen der Nordvogesen - Ch\u00e2teau Hochberg","robots":{"index":"index","follow":"follow","max-snippet":"max-snippet:-1","max-image-preview":"max-image-preview:large","max-video-preview":"max-video-preview:-1"},"canonical":"https:\/\/chateauhochberg.com\/de\/boutique\/coffrets-cadeaux\/auszeit-im-herzen-der-nordvogesen\/","og_locale":"de_DE","og_type":"article","og_title":"Auszeit im Herzen der Nordvogesen - Ch\u00e2teau Hochberg","og_description":"Genie\u00dfen Sie eine erholsame Auszeit zwischen unber\u00fchrter Natur und stilvoller Lebensart im Herzen des Naturparks Nordvogesen. Eine Einladung, zur Ruhe zu kommen, neue Energie zu tanken und die Welt von Lalique in einem eleganten und harmonischen Umfeld zu entdecken.","og_url":"https:\/\/chateauhochberg.com\/de\/boutique\/coffrets-cadeaux\/auszeit-im-herzen-der-nordvogesen\/","og_site_name":"Ch\u00e2teau Hochberg","article_modified_time":"2026-04-09T14:43:49+00:00","og_image":[{"width":2480,"height":1653,"url":"https:\/\/chateauhochberg.com\/wp-content\/uploads\/2025\/03\/Chateau-Hochberg_Reception_-\u00a9-Hirmance-Production_BD-4-e1750067357301.jpg","type":"image\/jpeg"}],"twitter_card":"summary_large_image","twitter_misc":{"Gesch\u00e4tzte Lesezeit":"1\u00a0Minute"},"schema":{"@context":"https:\/\/schema.org","@graph":[{"@type":"WebPage","@id":"https:\/\/chateauhochberg.com\/de\/boutique\/coffrets-cadeaux\/auszeit-im-herzen-der-nordvogesen\/","url":"https:\/\/chateauhochberg.com\/de\/boutique\/coffrets-cadeaux\/auszeit-im-herzen-der-nordvogesen\/","name":"Auszeit im Herzen der Nordvogesen - Ch\u00e2teau Hochberg","isPartOf":{"@id":"https:\/\/chateauhochberg.com\/en\/#website"},"primaryImageOfPage":{"@id":"https:\/\/chateauhochberg.com\/de\/boutique\/coffrets-cadeaux\/auszeit-im-herzen-der-nordvogesen\/#primaryimage"},"image":{"@id":"https:\/\/chateauhochberg.com\/de\/boutique\/coffrets-cadeaux\/auszeit-im-herzen-der-nordvogesen\/#primaryimage"},"thumbnailUrl":"https:\/\/chateauhochberg.com\/wp-content\/uploads\/2025\/03\/Chateau-Hochberg_Reception_-\u00a9-Hirmance-Production_BD-4-e1750067357301.jpg","datePublished":"2026-04-09T13:46:14+00:00","dateModified":"2026-04-09T14:43:49+00:00","breadcrumb":{"@id":"https:\/\/chateauhochberg.com\/de\/boutique\/coffrets-cadeaux\/auszeit-im-herzen-der-nordvogesen\/#breadcrumb"},"inLanguage":"de","potentialAction":[{"@type":"ReadAction","target":["https:\/\/chateauhochberg.com\/de\/boutique\/coffrets-cadeaux\/auszeit-im-herzen-der-nordvogesen\/"]}]},{"@type":"ImageObject","inLanguage":"de","@id":"https:\/\/chateauhochberg.com\/de\/boutique\/coffrets-cadeaux\/auszeit-im-herzen-der-nordvogesen\/#primaryimage","url":"https:\/\/chateauhochberg.com\/wp-content\/uploads\/2025\/03\/Chateau-Hochberg_Reception_-\u00a9-Hirmance-Production_BD-4-e1750067357301.jpg","contentUrl":"https:\/\/chateauhochberg.com\/wp-content\/uploads\/2025\/03\/Chateau-Hochberg_Reception_-\u00a9-Hirmance-Production_BD-4-e1750067357301.jpg","width":2480,"height":1653},{"@type":"BreadcrumbList","@id":"https:\/\/chateauhochberg.com\/de\/boutique\/coffrets-cadeaux\/auszeit-im-herzen-der-nordvogesen\/#breadcrumb","itemListElement":[{"@type":"ListItem","position":1,"name":"Accueil","item":"https:\/\/chateauhochberg.com\/de\/"},{"@type":"ListItem","position":2,"name":"Shop","item":"https:\/\/chateauhochberg.com\/de\/shop\/"},{"@type":"ListItem","position":3,"name":"Auszeit im Herzen der Nordvogesen"}]},{"@type":"WebSite","@id":"https:\/\/chateauhochberg.com\/en\/#website","url":"https:\/\/chateauhochberg.com\/en\/","name":"Ch\u00e2teau Hochberg - By Lalique","description":"H\u00f4tel &amp; Restaurant","alternateName":"CHOCH","potentialAction":[{"@type":"SearchAction","target":{"@type":"EntryPoint","urlTemplate":"https:\/\/chateauhochberg.com\/en\/?s={search_term_string}"},"query-input":{"@type":"PropertyValueSpecification","valueRequired":true,"valueName":"search_term_string"}}],"inLanguage":"de"}]}},"_links":{"self":[{"href":"https:\/\/chateauhochberg.com\/de\/wp-json\/wp\/v2\/product\/24670","targetHints":{"allow":["GET"]}}],"collection":[{"href":"https:\/\/chateauhochberg.com\/de\/wp-json\/wp\/v2\/product"}],"about":[{"href":"https:\/\/chateauhochberg.com\/de\/wp-json\/wp\/v2\/types\/product"}],"replies":[{"embeddable":true,"href":"https:\/\/chateauhochberg.com\/de\/wp-json\/wp\/v2\/comments?post=24670"}],"wp:featuredmedia":[{"embeddable":true,"href":"https:\/\/chateauhochberg.com\/de\/wp-json\/wp\/v2\/media\/21829"}],"wp:attachment":[{"href":"https:\/\/chateauhochberg.com\/de\/wp-json\/wp\/v2\/media?parent=24670"}],"wp:term":[{"taxonomy":"product_brand","embeddable":true,"href":"https:\/\/chateauhochberg.com\/de\/wp-json\/wp\/v2\/product_brand?post=24670"},{"taxonomy":"product_cat","embeddable":true,"href":"https:\/\/chateauhochberg.com\/de\/wp-json\/wp\/v2\/product_cat?post=24670"},{"taxonomy":"product_tag","embeddable":true,"href":"https:\/\/chateauhochberg.com\/de\/wp-json\/wp\/v2\/product_tag?post=24670"}],"curies":[{"name":"wp","href":"https:\/\/api.w.org\/{rel}","templated":true}]}}