{"id":24672,"date":"2026-04-09T14:38:46","date_gmt":"2026-04-09T13:38:46","guid":{"rendered":"https:\/\/chateauhochberg.com\/boutique\/unkategorisiert\/gourmet-escape\/"},"modified":"2026-04-09T15:46:46","modified_gmt":"2026-04-09T14:46:46","slug":"genussvolle-auszeit","status":"publish","type":"product","link":"https:\/\/chateauhochberg.com\/de\/boutique\/coffrets-cadeaux\/genussvolle-auszeit\/","title":{"rendered":"Genussvolle Auszeit"},"content":{"rendered":"Eine zeitlose Auszeit zwischen Natur, Gastronomie und Lebenskunst. Dieses Erlebnis vereint den Aufenthalt im Ch\u00e2teau Hochberg, die Entdeckung einer ehrlichen und gro\u00dfz\u00fcgigen K\u00fcche sowie das Eintauchen in die Welt von Lalique.\r\n\r\n<em>Dieses Angebot beinhaltet:<\/em>\r\n<ul>\r\n \t<li>1 \u00dcbernachtung in einem Zimmer der Kategorie \u201eLes Joyaux\u201c inklusive Fr\u00fchst\u00fcck\r\n<ul>\r\n \t<li>Zimmer mit 25 bis 30 m\u00b2, gelegen im zweiten Stock<\/li>\r\n \t<li>Badezimmer mit Dusche (einige Zimmer verf\u00fcgen zus\u00e4tzlich \u00fcber eine Badewanne)<\/li>\r\n \t<li>Safe<\/li>\r\n \t<li>Flachbildfernseher<\/li>\r\n \t<li>Kingsize-Bett oder getrennte Betten m\u00f6glich<\/li>\r\n \t<li>Willkommensgetr\u00e4nk<\/li>\r\n<\/ul>\r\n<\/li>\r\n \t<li>\u00c9douard-Teutsch-Men\u00fc in 3 G\u00e4ngen (Vorspeise, Hauptgang, Dessert), exklusive Getr\u00e4nke<\/li>\r\n \t<li>Eintritt ins Lalique Museum (direkt gegen\u00fcber dem Ch\u00e2teau gelegen)<\/li>\r\n<\/ul>","protected":false},"excerpt":{"rendered":"<p>Eine zeitlose Auszeit zwischen Natur, Gastronomie und Lebenskunst. Dieses Erlebnis vereint den Aufenthalt im Ch\u00e2teau Hochberg, die Entdeckung einer ehrlichen und gro\u00dfz\u00fcgigen K\u00fcche sowie das Eintauchen in die Welt von Lalique.<\/p>\n","protected":false},"featured_media":23330,"comment_status":"closed","ping_status":"closed","template":"","meta":{"_acf_changed":false},"product_brand":[],"product_cat":[185],"product_tag":[],"class_list":{"0":"post-24672","1":"product","2":"type-product","3":"status-publish","4":"has-post-thumbnail","6":"product_cat-coffrets-cadeaux","8":"first","9":"instock","10":"shipping-taxable","11":"purchasable","12":"product-type-variable"},"acf":[],"yoast_head":"<!-- This site is optimized with the Yoast SEO plugin v25.1 - https:\/\/yoast.com\/wordpress\/plugins\/seo\/ -->\n<title>Genussvolle Auszeit - Ch\u00e2teau Hochberg<\/title>\n<meta name=\"robots\" content=\"index, follow, max-snippet:-1, max-image-preview:large, max-video-preview:-1\" \/>\n<link rel=\"canonical\" href=\"https:\/\/chateauhochberg.com\/de\/boutique\/coffrets-cadeaux\/genussvolle-auszeit\/\" \/>\n<meta property=\"og:locale\" content=\"de_DE\" \/>\n<meta property=\"og:type\" content=\"article\" \/>\n<meta property=\"og:title\" content=\"Genussvolle Auszeit - Ch\u00e2teau Hochberg\" \/>\n<meta property=\"og:description\" content=\"Eine zeitlose Auszeit zwischen Natur, Gastronomie und Lebenskunst. Dieses Erlebnis vereint den Aufenthalt im Ch\u00e2teau Hochberg, die Entdeckung einer ehrlichen und gro\u00dfz\u00fcgigen K\u00fcche sowie das Eintauchen in die Welt von Lalique.\" \/>\n<meta property=\"og:url\" content=\"https:\/\/chateauhochberg.com\/de\/boutique\/coffrets-cadeaux\/genussvolle-auszeit\/\" \/>\n<meta property=\"og:site_name\" content=\"Ch\u00e2teau Hochberg\" \/>\n<meta property=\"article:modified_time\" content=\"2026-04-09T14:46:46+00:00\" \/>\n<meta property=\"og:image\" content=\"https:\/\/chateauhochberg.com\/wp-content\/uploads\/2025\/09\/Chateau-Hochberg-Plats-2025-\u00a9-Hirmance-Production-HD-5-683x1024.jpg\" \/>\n\t<meta property=\"og:image:width\" content=\"683\" \/>\n\t<meta property=\"og:image:height\" content=\"1024\" \/>\n\t<meta property=\"og:image:type\" content=\"image\/jpeg\" \/>\n<meta name=\"twitter:card\" content=\"summary_large_image\" \/>\n<meta name=\"twitter:label1\" content=\"Gesch\u00e4tzte Lesezeit\" \/>\n\t<meta name=\"twitter:data1\" content=\"1\u00a0Minute\" \/>\n<script type=\"application\/ld+json\" class=\"yoast-schema-graph\">{\"@context\":\"https:\/\/schema.org\",\"@graph\":[{\"@type\":\"WebPage\",\"@id\":\"https:\/\/chateauhochberg.com\/de\/boutique\/coffrets-cadeaux\/genussvolle-auszeit\/\",\"url\":\"https:\/\/chateauhochberg.com\/de\/boutique\/coffrets-cadeaux\/genussvolle-auszeit\/\",\"name\":\"Genussvolle Auszeit - Ch\u00e2teau Hochberg\",\"isPartOf\":{\"@id\":\"https:\/\/chateauhochberg.com\/en\/#website\"},\"primaryImageOfPage\":{\"@id\":\"https:\/\/chateauhochberg.com\/de\/boutique\/coffrets-cadeaux\/genussvolle-auszeit\/#primaryimage\"},\"image\":{\"@id\":\"https:\/\/chateauhochberg.com\/de\/boutique\/coffrets-cadeaux\/genussvolle-auszeit\/#primaryimage\"},\"thumbnailUrl\":\"https:\/\/chateauhochberg.com\/wp-content\/uploads\/2025\/09\/Chateau-Hochberg-Plats-2025-\u00a9-Hirmance-Production-HD-5.jpg\",\"datePublished\":\"2026-04-09T13:38:46+00:00\",\"dateModified\":\"2026-04-09T14:46:46+00:00\",\"breadcrumb\":{\"@id\":\"https:\/\/chateauhochberg.com\/de\/boutique\/coffrets-cadeaux\/genussvolle-auszeit\/#breadcrumb\"},\"inLanguage\":\"de\",\"potentialAction\":[{\"@type\":\"ReadAction\",\"target\":[\"https:\/\/chateauhochberg.com\/de\/boutique\/coffrets-cadeaux\/genussvolle-auszeit\/\"]}]},{\"@type\":\"ImageObject\",\"inLanguage\":\"de\",\"@id\":\"https:\/\/chateauhochberg.com\/de\/boutique\/coffrets-cadeaux\/genussvolle-auszeit\/#primaryimage\",\"url\":\"https:\/\/chateauhochberg.com\/wp-content\/uploads\/2025\/09\/Chateau-Hochberg-Plats-2025-\u00a9-Hirmance-Production-HD-5.jpg\",\"contentUrl\":\"https:\/\/chateauhochberg.com\/wp-content\/uploads\/2025\/09\/Chateau-Hochberg-Plats-2025-\u00a9-Hirmance-Production-HD-5.jpg\",\"width\":5504,\"height\":8256},{\"@type\":\"BreadcrumbList\",\"@id\":\"https:\/\/chateauhochberg.com\/de\/boutique\/coffrets-cadeaux\/genussvolle-auszeit\/#breadcrumb\",\"itemListElement\":[{\"@type\":\"ListItem\",\"position\":1,\"name\":\"Accueil\",\"item\":\"https:\/\/chateauhochberg.com\/de\/\"},{\"@type\":\"ListItem\",\"position\":2,\"name\":\"Shop\",\"item\":\"https:\/\/chateauhochberg.com\/de\/shop\/\"},{\"@type\":\"ListItem\",\"position\":3,\"name\":\"Genussvolle Auszeit\"}]},{\"@type\":\"WebSite\",\"@id\":\"https:\/\/chateauhochberg.com\/en\/#website\",\"url\":\"https:\/\/chateauhochberg.com\/en\/\",\"name\":\"Ch\u00e2teau Hochberg - By Lalique\",\"description\":\"H\u00f4tel &amp; Restaurant\",\"alternateName\":\"CHOCH\",\"potentialAction\":[{\"@type\":\"SearchAction\",\"target\":{\"@type\":\"EntryPoint\",\"urlTemplate\":\"https:\/\/chateauhochberg.com\/en\/?s={search_term_string}\"},\"query-input\":{\"@type\":\"PropertyValueSpecification\",\"valueRequired\":true,\"valueName\":\"search_term_string\"}}],\"inLanguage\":\"de\"}]}<\/script>\n<!-- \/ Yoast SEO plugin. -->","yoast_head_json":{"title":"Genussvolle Auszeit - Ch\u00e2teau Hochberg","robots":{"index":"index","follow":"follow","max-snippet":"max-snippet:-1","max-image-preview":"max-image-preview:large","max-video-preview":"max-video-preview:-1"},"canonical":"https:\/\/chateauhochberg.com\/de\/boutique\/coffrets-cadeaux\/genussvolle-auszeit\/","og_locale":"de_DE","og_type":"article","og_title":"Genussvolle Auszeit - Ch\u00e2teau Hochberg","og_description":"Eine zeitlose Auszeit zwischen Natur, Gastronomie und Lebenskunst. Dieses Erlebnis vereint den Aufenthalt im Ch\u00e2teau Hochberg, die Entdeckung einer ehrlichen und gro\u00dfz\u00fcgigen K\u00fcche sowie das Eintauchen in die Welt von Lalique.","og_url":"https:\/\/chateauhochberg.com\/de\/boutique\/coffrets-cadeaux\/genussvolle-auszeit\/","og_site_name":"Ch\u00e2teau Hochberg","article_modified_time":"2026-04-09T14:46:46+00:00","og_image":[{"width":683,"height":1024,"url":"https:\/\/chateauhochberg.com\/wp-content\/uploads\/2025\/09\/Chateau-Hochberg-Plats-2025-\u00a9-Hirmance-Production-HD-5-683x1024.jpg","type":"image\/jpeg"}],"twitter_card":"summary_large_image","twitter_misc":{"Gesch\u00e4tzte Lesezeit":"1\u00a0Minute"},"schema":{"@context":"https:\/\/schema.org","@graph":[{"@type":"WebPage","@id":"https:\/\/chateauhochberg.com\/de\/boutique\/coffrets-cadeaux\/genussvolle-auszeit\/","url":"https:\/\/chateauhochberg.com\/de\/boutique\/coffrets-cadeaux\/genussvolle-auszeit\/","name":"Genussvolle Auszeit - Ch\u00e2teau Hochberg","isPartOf":{"@id":"https:\/\/chateauhochberg.com\/en\/#website"},"primaryImageOfPage":{"@id":"https:\/\/chateauhochberg.com\/de\/boutique\/coffrets-cadeaux\/genussvolle-auszeit\/#primaryimage"},"image":{"@id":"https:\/\/chateauhochberg.com\/de\/boutique\/coffrets-cadeaux\/genussvolle-auszeit\/#primaryimage"},"thumbnailUrl":"https:\/\/chateauhochberg.com\/wp-content\/uploads\/2025\/09\/Chateau-Hochberg-Plats-2025-\u00a9-Hirmance-Production-HD-5.jpg","datePublished":"2026-04-09T13:38:46+00:00","dateModified":"2026-04-09T14:46:46+00:00","breadcrumb":{"@id":"https:\/\/chateauhochberg.com\/de\/boutique\/coffrets-cadeaux\/genussvolle-auszeit\/#breadcrumb"},"inLanguage":"de","potentialAction":[{"@type":"ReadAction","target":["https:\/\/chateauhochberg.com\/de\/boutique\/coffrets-cadeaux\/genussvolle-auszeit\/"]}]},{"@type":"ImageObject","inLanguage":"de","@id":"https:\/\/chateauhochberg.com\/de\/boutique\/coffrets-cadeaux\/genussvolle-auszeit\/#primaryimage","url":"https:\/\/chateauhochberg.com\/wp-content\/uploads\/2025\/09\/Chateau-Hochberg-Plats-2025-\u00a9-Hirmance-Production-HD-5.jpg","contentUrl":"https:\/\/chateauhochberg.com\/wp-content\/uploads\/2025\/09\/Chateau-Hochberg-Plats-2025-\u00a9-Hirmance-Production-HD-5.jpg","width":5504,"height":8256},{"@type":"BreadcrumbList","@id":"https:\/\/chateauhochberg.com\/de\/boutique\/coffrets-cadeaux\/genussvolle-auszeit\/#breadcrumb","itemListElement":[{"@type":"ListItem","position":1,"name":"Accueil","item":"https:\/\/chateauhochberg.com\/de\/"},{"@type":"ListItem","position":2,"name":"Shop","item":"https:\/\/chateauhochberg.com\/de\/shop\/"},{"@type":"ListItem","position":3,"name":"Genussvolle Auszeit"}]},{"@type":"WebSite","@id":"https:\/\/chateauhochberg.com\/en\/#website","url":"https:\/\/chateauhochberg.com\/en\/","name":"Ch\u00e2teau Hochberg - By Lalique","description":"H\u00f4tel &amp; Restaurant","alternateName":"CHOCH","potentialAction":[{"@type":"SearchAction","target":{"@type":"EntryPoint","urlTemplate":"https:\/\/chateauhochberg.com\/en\/?s={search_term_string}"},"query-input":{"@type":"PropertyValueSpecification","valueRequired":true,"valueName":"search_term_string"}}],"inLanguage":"de"}]}},"_links":{"self":[{"href":"https:\/\/chateauhochberg.com\/de\/wp-json\/wp\/v2\/product\/24672","targetHints":{"allow":["GET"]}}],"collection":[{"href":"https:\/\/chateauhochberg.com\/de\/wp-json\/wp\/v2\/product"}],"about":[{"href":"https:\/\/chateauhochberg.com\/de\/wp-json\/wp\/v2\/types\/product"}],"replies":[{"embeddable":true,"href":"https:\/\/chateauhochberg.com\/de\/wp-json\/wp\/v2\/comments?post=24672"}],"wp:featuredmedia":[{"embeddable":true,"href":"https:\/\/chateauhochberg.com\/de\/wp-json\/wp\/v2\/media\/23330"}],"wp:attachment":[{"href":"https:\/\/chateauhochberg.com\/de\/wp-json\/wp\/v2\/media?parent=24672"}],"wp:term":[{"taxonomy":"product_brand","embeddable":true,"href":"https:\/\/chateauhochberg.com\/de\/wp-json\/wp\/v2\/product_brand?post=24672"},{"taxonomy":"product_cat","embeddable":true,"href":"https:\/\/chateauhochberg.com\/de\/wp-json\/wp\/v2\/product_cat?post=24672"},{"taxonomy":"product_tag","embeddable":true,"href":"https:\/\/chateauhochberg.com\/de\/wp-json\/wp\/v2\/product_tag?post=24672"}],"curies":[{"name":"wp","href":"https:\/\/api.w.org\/{rel}","templated":true}]}}