{"id":1359,"date":"2015-08-07T16:29:32","date_gmt":"2015-08-07T15:29:32","guid":{"rendered":"http:\/\/www.chateauhochberg.com\/en\/accueil\/"},"modified":"2026-01-05T12:07:04","modified_gmt":"2026-01-05T11:07:04","slug":"home-2","status":"publish","type":"page","link":"https:\/\/chateauhochberg.com\/en\/","title":{"rendered":"Home"},"content":{"rendered":"\n\t\t\t<!-- START Accueil Chateau 2024 REVOLUTION SLIDER 6.4.6 --><p class=\"rs-p-wp-fix\"><\/p>\n\t\t\t<rs-module-wrap id=\"rev_slider_33_1_wrapper\" data-source=\"gallery\" style=\"background:#000000;padding:0;\">\n\t\t\t\t<rs-module id=\"rev_slider_33_1\" style=\"\" data-version=\"6.4.6\">\n\t\t\t\t\t<rs-slides>\n\t\t\t\t\t\t<rs-slide data-key=\"rs-394\" data-title=\"histoire\" data-thumb=\"\/\/chateauhochberg.com\/wp-content\/uploads\/revslider\/video-media\/Chateau-Hochberg-2025-Horizontal_394-100x50.jpeg\" data-duration=\"90000ms\" data-in=\"o:0;\" data-out=\"a:false;\">\n\t\t\t\t\t\t\t<img decoding=\"async\" src=\"\/\/chateauhochberg.com\/wp-content\/uploads\/revslider\/video-media\/Chateau-Hochberg-2025-Horizontal_394.jpeg\" title=\"Chateau-Hochberg-2025-Horizontal_394.jpeg\" width=\"2048\" height=\"858\" class=\"rev-slidebg tp-rs-img\" data-no-retina>\n\t\t\t\t\t\t\t<rs-bgvideo \n\t\t\t\t\t\t\t\tdata-video=\"w:100%;h:100%;nse:false;l:true;ptimer:false;vfc:true;\"\n\t\t\t\t\t\t\t\tdata-mp4=\"\/\/chateauhochberg.com\/wp-content\/uploads\/2025\/06\/Chateau-Hochberg-2025-Horizontal.mp4\"\n\t\t\t\t\t\t\t><\/rs-bgvideo>\n<!---->\t\t\t\t\t\t<\/rs-slide>\n\t\t\t\t\t\t<rs-slide data-key=\"rs-383\" data-title=\"histoire\" data-thumb=\"\/\/chateauhochberg.com\/wp-content\/uploads\/2020\/09\/Chateau-Hochberg4-Studio-Adeline-Wagner_HD-100x50.jpg\" data-link=\"\/notre-histoire\/\" data-target=\"_self\" data-seoz=\"front\" data-in=\"o:0;\" data-out=\"a:false;\">\n\t\t\t\t\t\t\t<img decoding=\"async\" src=\"\/\/chateauhochberg.com\/wp-content\/uploads\/2020\/09\/Chateau-Hochberg4-Studio-Adeline-Wagner_HD.jpg\" title=\"Home\" class=\"rev-slidebg tp-rs-img\" data-panzoom=\"d:10000;ss:101;se:100;\" data-no-retina>\n<!--\n\t\t\t\t\t\t\t--><a\n\t\t\t\t\t\t\t\tid=\"slider-33-slide-383-layer-1\" \n\t\t\t\t\t\t\t\tclass=\"rs-layer tp-shape tp-shapewrapper\"\n\t\t\t\t\t\t\t\thref=\"\/notre-histoire\/\" target=\"_self\"\n\t\t\t\t\t\t\t\tdata-type=\"shape\"\n\t\t\t\t\t\t\t\tdata-rsp_ch=\"on\"\n\t\t\t\t\t\t\t\tdata-xy=\"x:c;y:m;\"\n\t\t\t\t\t\t\t\tdata-text=\"fw:300;a:center;\"\n\t\t\t\t\t\t\t\tdata-dim=\"w:838px;h:164px;\"\n\t\t\t\t\t\t\t\tdata-frame_1=\"e:power2.inOut;st:550;sp:3520;sR:550;\"\n\t\t\t\t\t\t\t\tdata-frame_999=\"o:0;e:nothing;st:8680;sp:310;sR:4610;\"\n\t\t\t\t\t\t\t\tstyle=\"z-index:5;background-color:rgba(255,255,255,0.77);\"\n\t\t\t\t\t\t\t> \n\t\t\t\t\t\t\t<\/a><!--\n\n\t\t\t\t\t\t\t--><a\n\t\t\t\t\t\t\t\tid=\"slider-33-slide-383-layer-2\" \n\t\t\t\t\t\t\t\tclass=\"rs-layer thinheadline_dark\"\n\t\t\t\t\t\t\t\thref=\"\/notre-histoire\/\" target=\"_self\"\n\t\t\t\t\t\t\t\tdata-type=\"text\"\n\t\t\t\t\t\t\t\tdata-color=\"rgba(0, 0, 0, 1)\"\n\t\t\t\t\t\t\t\tdata-rsp_ch=\"on\"\n\t\t\t\t\t\t\t\tdata-xy=\"x:c;y:m;yo:-27px;\"\n\t\t\t\t\t\t\t\tdata-text=\"s:30;l:30;fw:300;a:center;\"\n\t\t\t\t\t\t\t\tdata-frame_1=\"e:power2.inOut;st:550;sp:3520;sR:550;\"\n\t\t\t\t\t\t\t\tdata-frame_999=\"o:0;e:nothing;st:8690;sp:290;sR:4620;\"\n\t\t\t\t\t\t\t\tstyle=\"z-index:6;font-family:Open Sans;position:absolute;font-size:45px;\"\n\t\t\t\t\t\t\t>LE CH\u00c2TEAU HOCHBERG \n\t\t\t\t\t\t\t<\/a><!--\n\n\t\t\t\t\t\t\t--><a\n\t\t\t\t\t\t\t\tid=\"slider-33-slide-383-layer-3\" \n\t\t\t\t\t\t\t\tclass=\"rs-layer thinheadline_dark\"\n\t\t\t\t\t\t\t\thref=\"\/notre-histoire\/\" target=\"_self\"\n\t\t\t\t\t\t\t\tdata-type=\"text\"\n\t\t\t\t\t\t\t\tdata-color=\"rgba(0, 0, 0, 1)\"\n\t\t\t\t\t\t\t\tdata-rsp_ch=\"on\"\n\t\t\t\t\t\t\t\tdata-xy=\"x:c;y:m;yo:28px;\"\n\t\t\t\t\t\t\t\tdata-text=\"s:25,25,25,20;l:30;fw:300;a:center;\"\n\t\t\t\t\t\t\t\tdata-border=\"bow:1px,1px,1px,1px;\"\n\t\t\t\t\t\t\t\tdata-frame_1=\"e:power2.inOut;st:550;sp:3520;sR:550;\"\n\t\t\t\t\t\t\t\tdata-frame_999=\"o:0;e:nothing;st:8690;sp:290;sR:4620;\"\n\t\t\t\t\t\t\t\tstyle=\"z-index:7;font-family:Open Sans;position:absolute;font-size:45px;\"\n\t\t\t\t\t\t\t>Id\u00e9alement situ\u00e9 en face du mus\u00e9e Lalique,<br\/>\nau c\u0153ur d\u2019un parc arbor\u00e9 de 1,7 hectare. \n\t\t\t\t\t\t\t<\/a><!--\n-->\t\t\t\t\t\t<\/rs-slide>\n\t\t\t\t\t\t<rs-slide data-key=\"rs-389\" data-title=\"Chambres et suites\" data-thumb=\"\/\/chateauhochberg.com\/wp-content\/uploads\/2020\/09\/chambre-carousel-100x50.jpg\" data-link=\"\/chambres-et-suites\/\" data-target=\"_self\" data-seoz=\"front\" data-anim=\"ms:600;\" data-in=\"o:0;\" data-out=\"a:false;\">\n\t\t\t\t\t\t\t<img decoding=\"async\" src=\"\/\/chateauhochberg.com\/wp-content\/uploads\/2020\/09\/chambre-carousel.jpg\" title=\"Home\" class=\"rev-slidebg tp-rs-img\" data-panzoom=\"d:10000;ss:101;se:100;\" data-no-retina>\n<!--\n\t\t\t\t\t\t\t--><a\n\t\t\t\t\t\t\t\tid=\"slider-33-slide-389-layer-1\" \n\t\t\t\t\t\t\t\tclass=\"rs-layer tp-shape tp-shapewrapper\"\n\t\t\t\t\t\t\t\thref=\"\/notre-histoire\/\" target=\"_self\"\n\t\t\t\t\t\t\t\tdata-type=\"shape\"\n\t\t\t\t\t\t\t\tdata-rsp_ch=\"on\"\n\t\t\t\t\t\t\t\tdata-xy=\"x:c;y:m;\"\n\t\t\t\t\t\t\t\tdata-text=\"fw:300;a:center;\"\n\t\t\t\t\t\t\t\tdata-dim=\"w:838px;h:164px;\"\n\t\t\t\t\t\t\t\tdata-frame_0=\"tp:600;\"\n\t\t\t\t\t\t\t\tdata-frame_1=\"tp:600;e:power2.inOut;st:550;sp:3520;sR:550;\"\n\t\t\t\t\t\t\t\tdata-frame_999=\"o:0;tp:600;e:nothing;st:8680;sp:310;sR:4610;\"\n\t\t\t\t\t\t\t\tstyle=\"z-index:5;background-color:rgba(255,255,255,0.77);\"\n\t\t\t\t\t\t\t> \n\t\t\t\t\t\t\t<\/a><!--\n\n\t\t\t\t\t\t\t--><a\n\t\t\t\t\t\t\t\tid=\"slider-33-slide-389-layer-2\" \n\t\t\t\t\t\t\t\tclass=\"rs-layer thinheadline_dark\"\n\t\t\t\t\t\t\t\thref=\"\/notre-histoire\/\" target=\"_self\"\n\t\t\t\t\t\t\t\tdata-type=\"text\"\n\t\t\t\t\t\t\t\tdata-color=\"rgba(0, 0, 0, 1)\"\n\t\t\t\t\t\t\t\tdata-rsp_ch=\"on\"\n\t\t\t\t\t\t\t\tdata-xy=\"x:c;y:m;yo:-27px;\"\n\t\t\t\t\t\t\t\tdata-text=\"s:30;l:30;fw:300;a:center;\"\n\t\t\t\t\t\t\t\tdata-frame_0=\"tp:600;\"\n\t\t\t\t\t\t\t\tdata-frame_1=\"tp:600;e:power2.inOut;st:550;sp:3520;sR:550;\"\n\t\t\t\t\t\t\t\tdata-frame_999=\"o:0;tp:600;e:nothing;st:8690;sp:290;sR:4620;\"\n\t\t\t\t\t\t\t\tstyle=\"z-index:6;font-family:Open Sans;position:absolute;text-shadow:none;font-size:45px;\"\n\t\t\t\t\t\t\t>L'H\u00d4TEL \n\t\t\t\t\t\t\t<\/a><!--\n\n\t\t\t\t\t\t\t--><a\n\t\t\t\t\t\t\t\tid=\"slider-33-slide-389-layer-3\" \n\t\t\t\t\t\t\t\tclass=\"rs-layer thinheadline_dark\"\n\t\t\t\t\t\t\t\thref=\"\/notre-histoire\/\" target=\"_self\"\n\t\t\t\t\t\t\t\tdata-type=\"text\"\n\t\t\t\t\t\t\t\tdata-color=\"rgba(0, 0, 0, 1)\"\n\t\t\t\t\t\t\t\tdata-rsp_ch=\"on\"\n\t\t\t\t\t\t\t\tdata-xy=\"x:c;y:m;yo:28px;\"\n\t\t\t\t\t\t\t\tdata-text=\"s:25,25,20,15;l:30;fw:300;a:center;\"\n\t\t\t\t\t\t\t\tdata-border=\"bos:solid;bow:1px,1px,1px,1px;\"\n\t\t\t\t\t\t\t\tdata-frame_0=\"tp:600;\"\n\t\t\t\t\t\t\t\tdata-frame_1=\"tp:600;e:power2.inOut;st:550;sp:3520;sR:550;\"\n\t\t\t\t\t\t\t\tdata-frame_999=\"o:0;tp:600;e:nothing;st:8690;sp:290;sR:4620;\"\n\t\t\t\t\t\t\t\tstyle=\"z-index:7;font-family:Open Sans;position:absolute;text-shadow:none;font-size:45px;\"\n\t\t\t\t\t\t\t>Ces 15 chambres et suites, toutes baign\u00e9es d\u2019une incroyable lumi\u00e8re,<br\/>\noffrent douceur, confort, calme et harmonie \u00e0 leurs h\u00f4tes.  \n\t\t\t\t\t\t\t<\/a><!--\n-->\t\t\t\t\t\t<\/rs-slide>\n\t\t\t\t\t\t<rs-slide data-key=\"rs-388\" data-title=\"Restaurant\" data-thumb=\"\/\/chateauhochberg.com\/wp-content\/uploads\/revslider\/accueil-noel1\/2-100x50.jpg\" data-link=\"\/le-restaurant\/les-salles-et-la-terrasse\/\" data-target=\"_self\" data-seoz=\"front\" data-anim=\"ms:600;\" data-in=\"o:0;\" data-out=\"a:false;\">\n\t\t\t\t\t\t\t<img decoding=\"async\" src=\"\/\/chateauhochberg.com\/wp-content\/uploads\/revslider\/accueil-noel1\/2.jpg\" title=\"Home\" class=\"rev-slidebg tp-rs-img\" data-panzoom=\"d:10000;ss:101;se:100;\" data-no-retina>\n<!--\n\t\t\t\t\t\t\t--><a\n\t\t\t\t\t\t\t\tid=\"slider-33-slide-388-layer-1\" \n\t\t\t\t\t\t\t\tclass=\"rs-layer tp-shape tp-shapewrapper\"\n\t\t\t\t\t\t\t\thref=\"\/notre-histoire\/\" target=\"_self\"\n\t\t\t\t\t\t\t\tdata-type=\"shape\"\n\t\t\t\t\t\t\t\tdata-rsp_ch=\"on\"\n\t\t\t\t\t\t\t\tdata-xy=\"x:c;y:m;\"\n\t\t\t\t\t\t\t\tdata-text=\"fw:300;a:center;\"\n\t\t\t\t\t\t\t\tdata-dim=\"w:838px;h:164px;\"\n\t\t\t\t\t\t\t\tdata-frame_0=\"tp:600;\"\n\t\t\t\t\t\t\t\tdata-frame_1=\"tp:600;e:power2.inOut;st:550;sp:3520;sR:550;\"\n\t\t\t\t\t\t\t\tdata-frame_999=\"o:0;tp:600;e:nothing;st:8680;sp:310;sR:4610;\"\n\t\t\t\t\t\t\t\tstyle=\"z-index:5;background-color:rgba(255,255,255,0.77);\"\n\t\t\t\t\t\t\t> \n\t\t\t\t\t\t\t<\/a><!--\n\n\t\t\t\t\t\t\t--><a\n\t\t\t\t\t\t\t\tid=\"slider-33-slide-388-layer-2\" \n\t\t\t\t\t\t\t\tclass=\"rs-layer thinheadline_dark\"\n\t\t\t\t\t\t\t\thref=\"\/notre-histoire\/\" target=\"_self\"\n\t\t\t\t\t\t\t\tdata-type=\"text\"\n\t\t\t\t\t\t\t\tdata-color=\"rgba(0, 0, 0, 1)\"\n\t\t\t\t\t\t\t\tdata-rsp_ch=\"on\"\n\t\t\t\t\t\t\t\tdata-xy=\"x:c;xo:0,0,-1px,-2px;y:m;yo:-27px,-27px,-37px,-38px;\"\n\t\t\t\t\t\t\t\tdata-text=\"s:30;l:30;fw:300;a:center;\"\n\t\t\t\t\t\t\t\tdata-frame_0=\"tp:600;\"\n\t\t\t\t\t\t\t\tdata-frame_1=\"tp:600;e:power2.inOut;st:550;sp:3520;sR:550;\"\n\t\t\t\t\t\t\t\tdata-frame_999=\"o:0;tp:600;e:nothing;st:8690;sp:290;sR:4620;\"\n\t\t\t\t\t\t\t\tstyle=\"z-index:6;font-family:Open Sans;position:absolute;text-shadow:none;font-size:45px;\"\n\t\t\t\t\t\t\t>LE RESTAURANT \n\t\t\t\t\t\t\t<\/a><!--\n\n\t\t\t\t\t\t\t--><a\n\t\t\t\t\t\t\t\tid=\"slider-33-slide-388-layer-3\" \n\t\t\t\t\t\t\t\tclass=\"rs-layer thinheadline_dark\"\n\t\t\t\t\t\t\t\thref=\"\/notre-histoire\/\" target=\"_self\"\n\t\t\t\t\t\t\t\tdata-type=\"text\"\n\t\t\t\t\t\t\t\tdata-color=\"rgba(0, 0, 0, 1)\"\n\t\t\t\t\t\t\t\tdata-rsp_ch=\"on\"\n\t\t\t\t\t\t\t\tdata-xy=\"x:c;y:m;yo:28px;\"\n\t\t\t\t\t\t\t\tdata-text=\"s:25,25,20,15;l:30;fw:300;a:center;\"\n\t\t\t\t\t\t\t\tdata-border=\"bos:solid;bow:1px,1px,1px,1px;\"\n\t\t\t\t\t\t\t\tdata-frame_0=\"tp:600;\"\n\t\t\t\t\t\t\t\tdata-frame_1=\"tp:600;e:power2.inOut;st:550;sp:3520;sR:550;\"\n\t\t\t\t\t\t\t\tdata-frame_999=\"o:0;tp:600;e:nothing;st:8690;sp:290;sR:4620;\"\n\t\t\t\t\t\t\t\tstyle=\"z-index:7;font-family:Open Sans;position:absolute;text-shadow:none;font-size:45px;\"\n\t\t\t\t\t\t\t>Dans ce restaurant moderne et convivial,<br\/>\n d\u00e9couvrez une carte<br\/>\n\u00e0 l\u2019esprit \u00ab bistrot chic \u00bb. \n\t\t\t\t\t\t\t<\/a><!--\n-->\t\t\t\t\t\t<\/rs-slide>\n\t\t\t\t\t<\/rs-slides>\n\t\t\t\t<\/rs-module>\n\t\t\t\t<script type=\"text\/javascript\">\n\t\t\t\t\tsetREVStartSize({c: 'rev_slider_33_1',rl:[1240,1024,778,480],el:[1200,768,960,720],gw:[1920,1024,778,480],gh:[1200,768,960,720],type:'standard',justify:'',layout:'fullscreen',offsetContainer:'Containers',offset:'',mh:\"50\"});\n\t\t\t\t\tvar\trevapi33,\n\t\t\t\t\t\ttpj;\n\t\t\t\t\tfunction revinit_revslider331() {\n\t\t\t\t\tjQuery(function() {\n\t\t\t\t\t\ttpj = jQuery;\n\t\t\t\t\t\trevapi33 = tpj(\"#rev_slider_33_1\");\n\t\t\t\t\t\ttpj.noConflict();\n\t\t\t\t\t\tif(revapi33==undefined || revapi33.revolution == undefined){\n\t\t\t\t\t\t\trevslider_showDoubleJqueryError(\"rev_slider_33_1\");\n\t\t\t\t\t\t}else{\n\t\t\t\t\t\t\trevapi33.revolution({\n\t\t\t\t\t\t\t\tDPR:\"dpr\",\n\t\t\t\t\t\t\t\tsliderLayout:\"fullscreen\",\n\t\t\t\t\t\t\t\tvisibilityLevels:\"1240,1024,778,480\",\n\t\t\t\t\t\t\t\tgridwidth:\"1920,1024,778,480\",\n\t\t\t\t\t\t\t\tgridheight:\"1200,768,960,720\",\n\t\t\t\t\t\t\t\tminHeight:50,\n\t\t\t\t\t\t\t\tspinner:\"spinner2\",\n\t\t\t\t\t\t\t\tperspective:600,\n\t\t\t\t\t\t\t\tperspectiveType:\"local\",\n\t\t\t\t\t\t\t\teditorheight:\"1200,768,960,720\",\n\t\t\t\t\t\t\t\tresponsiveLevels:\"1240,1024,778,480\",\n\t\t\t\t\t\t\t\tfullScreenOffsetContainer:\"Containers\",\n\t\t\t\t\t\t\t\tprogressBar: {\n\t\t\t\t\t\t\t\t\tcolor:\"rgba(0,0,0,0.15)\",\n\t\t\t\t\t\t\t\t\tvertical:\"top\",\n\t\t\t\t\t\t\t\t\tsize:5,\n\t\t\t\t\t\t\t\t\tx:0,\n\t\t\t\t\t\t\t\t\ty:0\n\t\t\t\t\t\t\t\t},\n\t\t\t\t\t\t\t\tnavigation: {\n\t\t\t\t\t\t\t\t\tkeyboardNavigation:true,\n\t\t\t\t\t\t\t\t\tmouseScrollNavigation:false,\n\t\t\t\t\t\t\t\t\twheelCallDelay:1000,\n\t\t\t\t\t\t\t\t\tonHoverStop:false,\n\t\t\t\t\t\t\t\t\ttouch: {\n\t\t\t\t\t\t\t\t\t\ttouchenabled:true\n\t\t\t\t\t\t\t\t\t},\n\t\t\t\t\t\t\t\t\tarrows: {\n\t\t\t\t\t\t\t\t\t\tenable:true,\n\t\t\t\t\t\t\t\t\t\tstyle:\"custom\",\n\t\t\t\t\t\t\t\t\t\thide_onleave:true,\n\t\t\t\t\t\t\t\t\t\tleft: {\n\n\t\t\t\t\t\t\t\t\t\t},\n\t\t\t\t\t\t\t\t\t\tright: {\n\n\t\t\t\t\t\t\t\t\t\t}\n\t\t\t\t\t\t\t\t\t}\n\t\t\t\t\t\t\t\t},\n\t\t\t\t\t\t\t\tfallbacks: {\n\t\t\t\t\t\t\t\t\tallowHTML5AutoPlayOnAndroid:true\n\t\t\t\t\t\t\t\t},\n\t\t\t\t\t\t\t});\n\t\t\t\t\t\t}\n\t\t\t\t\t\t\n\t\t\t\t\t});\n\t\t\t\t\t} \/\/ End of RevInitScript\n\t\t\t\tvar once_revslider331 = false;\n\t\t\t\tif (document.readyState === \"loading\") {document.addEventListener('readystatechange',function() { if((document.readyState === \"interactive\" || document.readyState === \"complete\") && !once_revslider331 ) { once_revslider331 = true; revinit_revslider331();}});} else {once_revslider331 = true; revinit_revslider331();}\n\t\t\t\t<\/script>\n\t\t\t\t<script>\n\t\t\t\t\tvar htmlDivCss = unescape(\"%23rev_slider_33_1_wrapper%20rs-loader.spinner2%7B%20background-color%3A%20%23ffffff%20%21important%3B%20%7D\");\n\t\t\t\t\tvar htmlDiv = document.getElementById('rs-plugin-settings-inline-css');\n\t\t\t\t\tif(htmlDiv) {\n\t\t\t\t\t\thtmlDiv.innerHTML = htmlDiv.innerHTML + htmlDivCss;\n\t\t\t\t\t}else{\n\t\t\t\t\t\tvar htmlDiv = document.createElement('div');\n\t\t\t\t\t\thtmlDiv.innerHTML = '<style>' + htmlDivCss + '<\/style>';\n\t\t\t\t\t\tdocument.getElementsByTagName('head')[0].appendChild(htmlDiv.childNodes[0]);\n\t\t\t\t\t}\n\t\t\t\t<\/script>\n\t\t\t\t<script>\n\t\t\t\t\tvar htmlDivCss = unescape(\"%23rev_slider_33_1_wrapper%20.custom.tparrows%20%7B%0A%09cursor%3Apointer%3B%0A%09background%3A%23000%3B%0A%09background%3Argba%280%2C0%2C0%2C0.5%29%3B%0A%09width%3A40px%3B%0A%09height%3A40px%3B%0A%09position%3Aabsolute%3B%0A%09display%3Ablock%3B%0A%09z-index%3A1000%3B%0A%7D%0A%23rev_slider_33_1_wrapper%20.custom.tparrows%3Ahover%20%7B%0A%09background%3A%23000%3B%0A%7D%0A%23rev_slider_33_1_wrapper%20.custom.tparrows%3Abefore%20%7B%0A%09font-family%3A%20%27revicons%27%3B%0A%09font-size%3A15px%3B%0A%09color%3A%23fff%3B%0A%09display%3Ablock%3B%0A%09line-height%3A%2040px%3B%0A%09text-align%3A%20center%3B%0A%7D%0A%23rev_slider_33_1_wrapper%20.custom.tparrows.tp-leftarrow%3Abefore%20%7B%0A%09content%3A%20%27%5Ce824%27%3B%0A%7D%0A%23rev_slider_33_1_wrapper%20.custom.tparrows.tp-rightarrow%3Abefore%20%7B%0A%09content%3A%20%27%5Ce825%27%3B%0A%7D%0A%0A%0A\");\n\t\t\t\t\tvar htmlDiv = document.getElementById('rs-plugin-settings-inline-css');\n\t\t\t\t\tif(htmlDiv) {\n\t\t\t\t\t\thtmlDiv.innerHTML = htmlDiv.innerHTML + htmlDivCss;\n\t\t\t\t\t}else{\n\t\t\t\t\t\tvar htmlDiv = document.createElement('div');\n\t\t\t\t\t\thtmlDiv.innerHTML = '<style>' + htmlDivCss + '<\/style>';\n\t\t\t\t\t\tdocument.getElementsByTagName('head')[0].appendChild(htmlDiv.childNodes[0]);\n\t\t\t\t\t}\n\t\t\t\t<\/script>\n\t\t\t\t<script>\n\t\t\t\t\tvar htmlDivCss = unescape(\"%0A%0A%0A%0A%0A%0A%0A%0A\");\n\t\t\t\t\tvar htmlDiv = document.getElementById('rs-plugin-settings-inline-css');\n\t\t\t\t\tif(htmlDiv) {\n\t\t\t\t\t\thtmlDiv.innerHTML = htmlDiv.innerHTML + htmlDivCss;\n\t\t\t\t\t}else{\n\t\t\t\t\t\tvar htmlDiv = document.createElement('div');\n\t\t\t\t\t\thtmlDiv.innerHTML = '<style>' + htmlDivCss + '<\/style>';\n\t\t\t\t\t\tdocument.getElementsByTagName('head')[0].appendChild(htmlDiv.childNodes[0]);\n\t\t\t\t\t}\n\t\t\t\t<\/script>\n\t\t\t<\/rs-module-wrap>\n\t\t\t<!-- END REVOLUTION SLIDER -->\n","protected":false},"excerpt":{"rendered":"","protected":false},"author":1,"featured_media":0,"parent":0,"menu_order":0,"comment_status":"closed","ping_status":"open","template":"","meta":{"_acf_changed":false,"footnotes":""},"class_list":["post-1359","page","type-page","status-publish","hentry"],"acf":[],"yoast_head":"<!-- This site is optimized with the Yoast SEO plugin v25.1 - https:\/\/yoast.com\/wordpress\/plugins\/seo\/ -->\n<title>Home - Ch\u00e2teau Hochberg<\/title>\n<meta name=\"description\" content=\"Welcome to Ch\u00e2teau Hochberg, 4 Star Hotel and Restaurant, located in front of the Lalique Museum in Wingen-sur-Moder in Alsace, France.\" \/>\n<meta name=\"robots\" content=\"index, follow, max-snippet:-1, max-image-preview:large, max-video-preview:-1\" \/>\n<link rel=\"canonical\" href=\"https:\/\/chateauhochberg.com\/en\/\" \/>\n<meta property=\"og:locale\" content=\"en_US\" \/>\n<meta property=\"og:type\" content=\"article\" \/>\n<meta property=\"og:title\" content=\"Home - Ch\u00e2teau Hochberg\" \/>\n<meta property=\"og:description\" content=\"Welcome to Ch\u00e2teau Hochberg, 4 Star Hotel and Restaurant, located in front of the Lalique Museum in Wingen-sur-Moder in Alsace, France.\" \/>\n<meta property=\"og:url\" content=\"https:\/\/chateauhochberg.com\/en\/\" \/>\n<meta property=\"og:site_name\" content=\"Ch\u00e2teau Hochberg\" \/>\n<meta property=\"article:modified_time\" content=\"2026-01-05T11:07:04+00:00\" \/>\n<meta name=\"twitter:card\" content=\"summary_large_image\" \/>\n<meta name=\"twitter:label1\" content=\"Est. reading time\" \/>\n\t<meta name=\"twitter:data1\" content=\"1 minute\" \/>\n<script type=\"application\/ld+json\" class=\"yoast-schema-graph\">{\"@context\":\"https:\/\/schema.org\",\"@graph\":[{\"@type\":\"WebPage\",\"@id\":\"https:\/\/chateauhochberg.com\/en\/\",\"url\":\"https:\/\/chateauhochberg.com\/en\/\",\"name\":\"Home - Ch\u00e2teau Hochberg\",\"isPartOf\":{\"@id\":\"https:\/\/chateauhochberg.com\/en\/#website\"},\"datePublished\":\"2015-08-07T15:29:32+00:00\",\"dateModified\":\"2026-01-05T11:07:04+00:00\",\"description\":\"Welcome to Ch\u00e2teau Hochberg, 4 Star Hotel and Restaurant, located in front of the Lalique Museum in Wingen-sur-Moder in Alsace, France.\",\"breadcrumb\":{\"@id\":\"https:\/\/chateauhochberg.com\/en\/#breadcrumb\"},\"inLanguage\":\"en-US\",\"potentialAction\":[{\"@type\":\"ReadAction\",\"target\":[\"https:\/\/chateauhochberg.com\/en\/\"]}]},{\"@type\":\"BreadcrumbList\",\"@id\":\"https:\/\/chateauhochberg.com\/en\/#breadcrumb\",\"itemListElement\":[{\"@type\":\"ListItem\",\"position\":1,\"name\":\"Accueil\",\"item\":\"https:\/\/chateauhochberg.com\/en\/\"},{\"@type\":\"ListItem\",\"position\":2,\"name\":\"Home\"}]},{\"@type\":\"WebSite\",\"@id\":\"https:\/\/chateauhochberg.com\/en\/#website\",\"url\":\"https:\/\/chateauhochberg.com\/en\/\",\"name\":\"Ch\u00e2teau Hochberg - By Lalique\",\"description\":\"H\u00f4tel &amp; Restaurant\",\"alternateName\":\"CHOCH\",\"potentialAction\":[{\"@type\":\"SearchAction\",\"target\":{\"@type\":\"EntryPoint\",\"urlTemplate\":\"https:\/\/chateauhochberg.com\/en\/?s={search_term_string}\"},\"query-input\":{\"@type\":\"PropertyValueSpecification\",\"valueRequired\":true,\"valueName\":\"search_term_string\"}}],\"inLanguage\":\"en-US\"}]}<\/script>\n<!-- \/ Yoast SEO plugin. -->","yoast_head_json":{"title":"Home - Ch\u00e2teau Hochberg","description":"Welcome to Ch\u00e2teau Hochberg, 4 Star Hotel and Restaurant, located in front of the Lalique Museum in Wingen-sur-Moder in Alsace, France.","robots":{"index":"index","follow":"follow","max-snippet":"max-snippet:-1","max-image-preview":"max-image-preview:large","max-video-preview":"max-video-preview:-1"},"canonical":"https:\/\/chateauhochberg.com\/en\/","og_locale":"en_US","og_type":"article","og_title":"Home - Ch\u00e2teau Hochberg","og_description":"Welcome to Ch\u00e2teau Hochberg, 4 Star Hotel and Restaurant, located in front of the Lalique Museum in Wingen-sur-Moder in Alsace, France.","og_url":"https:\/\/chateauhochberg.com\/en\/","og_site_name":"Ch\u00e2teau Hochberg","article_modified_time":"2026-01-05T11:07:04+00:00","twitter_card":"summary_large_image","twitter_misc":{"Est. reading time":"1 minute"},"schema":{"@context":"https:\/\/schema.org","@graph":[{"@type":"WebPage","@id":"https:\/\/chateauhochberg.com\/en\/","url":"https:\/\/chateauhochberg.com\/en\/","name":"Home - Ch\u00e2teau Hochberg","isPartOf":{"@id":"https:\/\/chateauhochberg.com\/en\/#website"},"datePublished":"2015-08-07T15:29:32+00:00","dateModified":"2026-01-05T11:07:04+00:00","description":"Welcome to Ch\u00e2teau Hochberg, 4 Star Hotel and Restaurant, located in front of the Lalique Museum in Wingen-sur-Moder in Alsace, France.","breadcrumb":{"@id":"https:\/\/chateauhochberg.com\/en\/#breadcrumb"},"inLanguage":"en-US","potentialAction":[{"@type":"ReadAction","target":["https:\/\/chateauhochberg.com\/en\/"]}]},{"@type":"BreadcrumbList","@id":"https:\/\/chateauhochberg.com\/en\/#breadcrumb","itemListElement":[{"@type":"ListItem","position":1,"name":"Accueil","item":"https:\/\/chateauhochberg.com\/en\/"},{"@type":"ListItem","position":2,"name":"Home"}]},{"@type":"WebSite","@id":"https:\/\/chateauhochberg.com\/en\/#website","url":"https:\/\/chateauhochberg.com\/en\/","name":"Ch\u00e2teau Hochberg - By Lalique","description":"H\u00f4tel &amp; Restaurant","alternateName":"CHOCH","potentialAction":[{"@type":"SearchAction","target":{"@type":"EntryPoint","urlTemplate":"https:\/\/chateauhochberg.com\/en\/?s={search_term_string}"},"query-input":{"@type":"PropertyValueSpecification","valueRequired":true,"valueName":"search_term_string"}}],"inLanguage":"en-US"}]}},"_links":{"self":[{"href":"https:\/\/chateauhochberg.com\/en\/wp-json\/wp\/v2\/pages\/1359","targetHints":{"allow":["GET"]}}],"collection":[{"href":"https:\/\/chateauhochberg.com\/en\/wp-json\/wp\/v2\/pages"}],"about":[{"href":"https:\/\/chateauhochberg.com\/en\/wp-json\/wp\/v2\/types\/page"}],"author":[{"embeddable":true,"href":"https:\/\/chateauhochberg.com\/en\/wp-json\/wp\/v2\/users\/1"}],"replies":[{"embeddable":true,"href":"https:\/\/chateauhochberg.com\/en\/wp-json\/wp\/v2\/comments?post=1359"}],"version-history":[{"count":18,"href":"https:\/\/chateauhochberg.com\/en\/wp-json\/wp\/v2\/pages\/1359\/revisions"}],"predecessor-version":[{"id":24275,"href":"https:\/\/chateauhochberg.com\/en\/wp-json\/wp\/v2\/pages\/1359\/revisions\/24275"}],"wp:attachment":[{"href":"https:\/\/chateauhochberg.com\/en\/wp-json\/wp\/v2\/media?parent=1359"}],"curies":[{"name":"wp","href":"https:\/\/api.w.org\/{rel}","templated":true}]}}