{"id":1372,"date":"2015-08-10T16:00:50","date_gmt":"2015-08-10T15:00:50","guid":{"rendered":"http:\/\/www.chateauhochberg.com\/en\/contact-et-access\/"},"modified":"2025-09-11T07:59:35","modified_gmt":"2025-09-11T06:59:35","slug":"location-and-directions","status":"publish","type":"page","link":"https:\/\/chateauhochberg.com\/en\/location-and-directions\/","title":{"rendered":"Contact &amp; Access"},"content":{"rendered":"<iframe style=\"height: 400px; margin: 0px;\" src=\"https:\/\/www.google.com\/maps\/embed?pb=!1m18!1m12!1m3!1d2620.805193156733!2d7.36057001572254!3d48.926887903835265!2m3!1f0!2f0!3f0!3m2!1i1024!2i768!4f13.1!3m3!1m2!1s0x4794270773ec6793%3A0x697e9bf4f5bf7314!2sCh%C3%A2teau+du+Hochberg!5e0!3m2!1sfr!2slu!4v1461315949195\" width=\"100%\" height=\"100%\" frameborder=\"0\" allowfullscreen=\"allowfullscreen\"><\/iframe><div style=\"height:62px\" aria-hidden=\"true\" class=\"wp-block-spacer\"><\/div><div class=\"wp-block-columns is-layout-flex wp-container-core-columns-is-layout-9d6595d7 wp-block-columns-is-layout-flex\"><div class=\"wp-block-column is-layout-flow wp-block-column-is-layout-flow\"><p class=\"has-text-align-center has-medium-font-size\"><strong>HOTEL &amp; RESTAURANT<\/strong><\/p>\n\n<p class=\"has-text-align-center\">Our establishment is closed on Sunday evening and Monday. Our restaurant is also closed on Tuesday.<\/p>\n\n<div style=\"height:15px\" aria-hidden=\"true\" class=\"wp-block-spacer\"><\/div>\n\n<div style=\"text-align:center; margin-bottom: .5rem;\"><a  class='btn btn-black-white' href=mailto:reservation@chateauhochberg.com><i class=\"fa fa-envelope\"><\/i> reservation@chateauhochberg.com<\/a>\n<\/div>\n<div style=\"text-align:center;\">\n<a  class='btn btn-black-white' href=tel:0033388006767\u200e><i class=\"fa fa-phone\"><\/i> +33 (0)3.88.00.67.67\u200e<\/a>\n<\/div>\n\n<div style=\"height:53px\" aria-hidden=\"true\" class=\"wp-block-spacer\"><\/div>\n\n<p class=\"has-text-align-center has-medium-font-size\"><strong>BOUTIQUE LALIQUE<\/strong><\/p>\n\n<p class=\"has-text-align-center\">Open tuesday to Saturday from 10 a.m. to 7 p.m. and Sunday from 10 a.m. to 5 p.m.<\/p>\n\n<p class=\"has-text-align-center\"><em>Please note: Opening hours may vary later in the year. Feel free to contact us for more information.<\/em><\/p>\n\n<div style=\"height:14px\" aria-hidden=\"true\" class=\"wp-block-spacer\"><\/div>\n\n<div style=\"text-align:center; margin-bottom: .5rem;\"><a  class='btn btn-black-white' href=mailto:boutique@chateauhochberg.com><i class=\"fa fa-envelope\"><\/i> boutique@chateauhochberg.com<\/a>\n<\/div>\n<div style=\"text-align:center;\">\n<a  class='btn btn-black-white' href=tel:0033388719909\u200e><i class=\"fa fa-phone\"><\/i> +33 (0)3.88.71.99.09\u200e<\/a>\n<\/div>\n\n<div style=\"height:50px\" aria-hidden=\"true\" class=\"wp-block-spacer\"><\/div>\n\n<p class=\"has-text-align-center\">If you are a journalist or company representative and have any queries about our establishment,<br>please contact the Ch\u00e2teau Hochberg press office:<\/p>\n\n<p class=\"has-text-align-center\"><\/p>\n\n<div style=\"text-align:center;\">\n<a  class='btn btn-black-white' href=mailto:communication@chateauhochberg.com><i class=\"fa fa-envelope\"><\/i> communication@chateauhochberg.com<\/a>\n<\/div>\n\n<div style=\"height:28px\" aria-hidden=\"true\" class=\"wp-block-spacer\"><\/div>\n\n<p class=\"has-text-align-center has-medium-font-size\"><\/p><\/div>\n\n<div class=\"wp-block-column is-layout-flow wp-block-column-is-layout-flow\"><h2 class=\"wp-block-heading has-text-align-center\"><\/h2>\n\n<p class=\"has-text-align-center has-medium-font-size\"><strong>ACCESS<\/strong><\/p>\n\n<p class=\"has-text-align-center\">2, rue du Ch\u00e2teau Teutsch 67290 Wingen-sur-Moder<\/p>\n\n<div style=\"height:21px\" aria-hidden=\"true\" class=\"wp-block-spacer\"><\/div>\n\n<h3 class=\"wp-block-heading has-text-align-center\"><\/h3>\n\n<p class=\"has-text-align-center has-medium-font-size\"><strong>BY CAR<\/strong><\/p>\n\n<p class=\"has-text-align-center\">Coming from Strasbourg: A4 towards Paris, exit 46<br>Coming from Paris: A4 towards Strasbourg, exit 43<br>Follow the \u201cMus\u00e9e Lalique\u201d signs to Wingen-sur-Moder.<br>Ch\u00e2teau Hochberg is located in front of the museum.<\/p>\n\n<p class=\"has-text-align-center\"><\/p>\n\n<div style=\"height:21px\" aria-hidden=\"true\" class=\"wp-block-spacer\"><\/div>\n\n<h3 class=\"wp-block-heading has-text-align-center\"><\/h3>\n\n<p class=\"has-text-align-center has-medium-font-size\"><strong>BY PLANE<\/strong><\/p>\n\n<p class=\"has-text-align-center\">Strasbourg Entzheim : 59 kms <br>Baden-Baden (DE) : 70 kms <br>Basel\/Mulhouse : 172 kms <br>Francfurt (DE) : 190 kms<\/p>\n\n<div style=\"height:24px\" aria-hidden=\"true\" class=\"wp-block-spacer\"><\/div>\n\n<h3 class=\"wp-block-heading has-text-align-center\"><\/h3>\n\n<p class=\"has-text-align-center has-medium-font-size\"><strong>BY TRAIN<\/strong><\/p>\n\n<p class=\"has-text-align-center\">Wingen-sur-Moder from Strasbourg TGV station and Saarbr\u00fccken Hauptbahnhof (DE)<\/p><\/div><\/div><div style=\"height:150px\" aria-hidden=\"true\" class=\"wp-block-spacer\"><\/div>","protected":false},"excerpt":{"rendered":"<p>HOTEL &amp; RESTAURANTOur establishment is closed on Sunday evening and Monday. Our restaurant is also closed on Tuesday.BOUTIQUE LALIQUEOpen tuesday to Saturday from 10 a.m. to 7 p.m. and Sunday from 10 a.m. to 5 p.m.Please note: Opening hours may vary later in the year. Feel free to contact us for more information.If you are [&hellip;]<\/p>\n","protected":false},"author":1,"featured_media":0,"parent":0,"menu_order":0,"comment_status":"closed","ping_status":"open","template":"page-without-title-page.php","meta":{"_acf_changed":false,"footnotes":""},"class_list":["post-1372","page","type-page","status-publish","hentry"],"acf":[],"yoast_head":"<!-- This site is optimized with the Yoast SEO plugin v25.1 - https:\/\/yoast.com\/wordpress\/plugins\/seo\/ -->\n<title>Contact &amp; Access - Ch\u00e2teau Hochberg<\/title>\n<meta name=\"description\" content=\"Contact Ch\u00e2teau Hochberg: reservations@chateauhochberg.com - +33 (0)3 88 00 67 67 - Location: 2, rue du Ch\u00e2teau Teutsch 67290 Wingen-sur-Moder France\" \/>\n<meta name=\"robots\" content=\"index, follow, max-snippet:-1, max-image-preview:large, max-video-preview:-1\" \/>\n<link rel=\"canonical\" href=\"https:\/\/chateauhochberg.com\/en\/location-and-directions\/\" \/>\n<meta property=\"og:locale\" content=\"en_US\" \/>\n<meta property=\"og:type\" content=\"article\" \/>\n<meta property=\"og:title\" content=\"Contact &amp; Access - Ch\u00e2teau Hochberg\" \/>\n<meta property=\"og:description\" content=\"Contact Ch\u00e2teau Hochberg: reservations@chateauhochberg.com - +33 (0)3 88 00 67 67 - Location: 2, rue du Ch\u00e2teau Teutsch 67290 Wingen-sur-Moder France\" \/>\n<meta property=\"og:url\" content=\"https:\/\/chateauhochberg.com\/en\/location-and-directions\/\" \/>\n<meta property=\"og:site_name\" content=\"Ch\u00e2teau Hochberg\" \/>\n<meta property=\"article:modified_time\" content=\"2025-09-11T06:59:35+00:00\" \/>\n<meta name=\"twitter:card\" content=\"summary_large_image\" \/>\n<meta name=\"twitter:label1\" content=\"Est. reading time\" \/>\n\t<meta name=\"twitter:data1\" content=\"1 minute\" \/>\n<script type=\"application\/ld+json\" class=\"yoast-schema-graph\">{\"@context\":\"https:\/\/schema.org\",\"@graph\":[{\"@type\":\"WebPage\",\"@id\":\"https:\/\/chateauhochberg.com\/en\/location-and-directions\/\",\"url\":\"https:\/\/chateauhochberg.com\/en\/location-and-directions\/\",\"name\":\"Contact &amp; Access - Ch\u00e2teau Hochberg\",\"isPartOf\":{\"@id\":\"https:\/\/chateauhochberg.com\/en\/#website\"},\"datePublished\":\"2015-08-10T15:00:50+00:00\",\"dateModified\":\"2025-09-11T06:59:35+00:00\",\"description\":\"Contact Ch\u00e2teau Hochberg: reservations@chateauhochberg.com - +33 (0)3 88 00 67 67 - Location: 2, rue du Ch\u00e2teau Teutsch 67290 Wingen-sur-Moder France\",\"breadcrumb\":{\"@id\":\"https:\/\/chateauhochberg.com\/en\/location-and-directions\/#breadcrumb\"},\"inLanguage\":\"en-US\",\"potentialAction\":[{\"@type\":\"ReadAction\",\"target\":[\"https:\/\/chateauhochberg.com\/en\/location-and-directions\/\"]}]},{\"@type\":\"BreadcrumbList\",\"@id\":\"https:\/\/chateauhochberg.com\/en\/location-and-directions\/#breadcrumb\",\"itemListElement\":[{\"@type\":\"ListItem\",\"position\":1,\"name\":\"Accueil\",\"item\":\"https:\/\/chateauhochberg.com\/en\/\"},{\"@type\":\"ListItem\",\"position\":2,\"name\":\"Contact &amp; Access\"}]},{\"@type\":\"WebSite\",\"@id\":\"https:\/\/chateauhochberg.com\/en\/#website\",\"url\":\"https:\/\/chateauhochberg.com\/en\/\",\"name\":\"Ch\u00e2teau Hochberg - By Lalique\",\"description\":\"H\u00f4tel &amp; Restaurant\",\"alternateName\":\"CHOCH\",\"potentialAction\":[{\"@type\":\"SearchAction\",\"target\":{\"@type\":\"EntryPoint\",\"urlTemplate\":\"https:\/\/chateauhochberg.com\/en\/?s={search_term_string}\"},\"query-input\":{\"@type\":\"PropertyValueSpecification\",\"valueRequired\":true,\"valueName\":\"search_term_string\"}}],\"inLanguage\":\"en-US\"}]}<\/script>\n<!-- \/ Yoast SEO plugin. -->","yoast_head_json":{"title":"Contact &amp; Access - Ch\u00e2teau Hochberg","description":"Contact Ch\u00e2teau Hochberg: reservations@chateauhochberg.com - +33 (0)3 88 00 67 67 - Location: 2, rue du Ch\u00e2teau Teutsch 67290 Wingen-sur-Moder France","robots":{"index":"index","follow":"follow","max-snippet":"max-snippet:-1","max-image-preview":"max-image-preview:large","max-video-preview":"max-video-preview:-1"},"canonical":"https:\/\/chateauhochberg.com\/en\/location-and-directions\/","og_locale":"en_US","og_type":"article","og_title":"Contact &amp; Access - Ch\u00e2teau Hochberg","og_description":"Contact Ch\u00e2teau Hochberg: reservations@chateauhochberg.com - +33 (0)3 88 00 67 67 - Location: 2, rue du Ch\u00e2teau Teutsch 67290 Wingen-sur-Moder France","og_url":"https:\/\/chateauhochberg.com\/en\/location-and-directions\/","og_site_name":"Ch\u00e2teau Hochberg","article_modified_time":"2025-09-11T06:59:35+00:00","twitter_card":"summary_large_image","twitter_misc":{"Est. reading time":"1 minute"},"schema":{"@context":"https:\/\/schema.org","@graph":[{"@type":"WebPage","@id":"https:\/\/chateauhochberg.com\/en\/location-and-directions\/","url":"https:\/\/chateauhochberg.com\/en\/location-and-directions\/","name":"Contact &amp; Access - Ch\u00e2teau Hochberg","isPartOf":{"@id":"https:\/\/chateauhochberg.com\/en\/#website"},"datePublished":"2015-08-10T15:00:50+00:00","dateModified":"2025-09-11T06:59:35+00:00","description":"Contact Ch\u00e2teau Hochberg: reservations@chateauhochberg.com - +33 (0)3 88 00 67 67 - Location: 2, rue du Ch\u00e2teau Teutsch 67290 Wingen-sur-Moder France","breadcrumb":{"@id":"https:\/\/chateauhochberg.com\/en\/location-and-directions\/#breadcrumb"},"inLanguage":"en-US","potentialAction":[{"@type":"ReadAction","target":["https:\/\/chateauhochberg.com\/en\/location-and-directions\/"]}]},{"@type":"BreadcrumbList","@id":"https:\/\/chateauhochberg.com\/en\/location-and-directions\/#breadcrumb","itemListElement":[{"@type":"ListItem","position":1,"name":"Accueil","item":"https:\/\/chateauhochberg.com\/en\/"},{"@type":"ListItem","position":2,"name":"Contact &amp; Access"}]},{"@type":"WebSite","@id":"https:\/\/chateauhochberg.com\/en\/#website","url":"https:\/\/chateauhochberg.com\/en\/","name":"Ch\u00e2teau Hochberg - By Lalique","description":"H\u00f4tel &amp; Restaurant","alternateName":"CHOCH","potentialAction":[{"@type":"SearchAction","target":{"@type":"EntryPoint","urlTemplate":"https:\/\/chateauhochberg.com\/en\/?s={search_term_string}"},"query-input":{"@type":"PropertyValueSpecification","valueRequired":true,"valueName":"search_term_string"}}],"inLanguage":"en-US"}]}},"_links":{"self":[{"href":"https:\/\/chateauhochberg.com\/en\/wp-json\/wp\/v2\/pages\/1372","targetHints":{"allow":["GET"]}}],"collection":[{"href":"https:\/\/chateauhochberg.com\/en\/wp-json\/wp\/v2\/pages"}],"about":[{"href":"https:\/\/chateauhochberg.com\/en\/wp-json\/wp\/v2\/types\/page"}],"author":[{"embeddable":true,"href":"https:\/\/chateauhochberg.com\/en\/wp-json\/wp\/v2\/users\/1"}],"replies":[{"embeddable":true,"href":"https:\/\/chateauhochberg.com\/en\/wp-json\/wp\/v2\/comments?post=1372"}],"version-history":[{"count":36,"href":"https:\/\/chateauhochberg.com\/en\/wp-json\/wp\/v2\/pages\/1372\/revisions"}],"predecessor-version":[{"id":23580,"href":"https:\/\/chateauhochberg.com\/en\/wp-json\/wp\/v2\/pages\/1372\/revisions\/23580"}],"wp:attachment":[{"href":"https:\/\/chateauhochberg.com\/en\/wp-json\/wp\/v2\/media?parent=1372"}],"curies":[{"name":"wp","href":"https:\/\/api.w.org\/{rel}","templated":true}]}}