{"id":3248,"date":"2016-08-03T10:41:46","date_gmt":"2016-08-03T09:41:46","guid":{"rendered":"http:\/\/www.chateauhochberg.com\/en\/les-terrasses-du-chateau\/"},"modified":"2026-04-08T13:33:38","modified_gmt":"2026-04-08T12:33:38","slug":"terrasses-du-chateau","status":"publish","type":"page","link":"https:\/\/chateauhochberg.com\/en\/rooms-and-suites\/terrasses-du-chateau\/","title":{"rendered":"Terrasses du Ch\u00e2teau"},"content":{"rendered":"<div class=\"wp-block-cover is-light\"><img decoding=\"async\" width=\"4064\" height=\"2709\" class=\"wp-block-cover__image-background wp-image-20960\" alt=\"Chambre Hotel alsace cosy gastronomie romantique vosges du nord bien etre\" src=\"https:\/\/chateauhochberg.com\/wp-content\/uploads\/2025\/01\/Chateau-Hochberg-Chambres-2024-\u00a9-Hirmance-Production-BD-25.jpg\" data-object-fit=\"cover\" srcset=\"https:\/\/chateauhochberg.com\/wp-content\/uploads\/2025\/01\/Chateau-Hochberg-Chambres-2024-\u00a9-Hirmance-Production-BD-25.jpg 4064w, https:\/\/chateauhochberg.com\/wp-content\/uploads\/2025\/01\/Chateau-Hochberg-Chambres-2024-\u00a9-Hirmance-Production-BD-25-800x533.jpg 800w, https:\/\/chateauhochberg.com\/wp-content\/uploads\/2025\/01\/Chateau-Hochberg-Chambres-2024-\u00a9-Hirmance-Production-BD-25-300x200.jpg 300w, https:\/\/chateauhochberg.com\/wp-content\/uploads\/2025\/01\/Chateau-Hochberg-Chambres-2024-\u00a9-Hirmance-Production-BD-25-1024x683.jpg 1024w, https:\/\/chateauhochberg.com\/wp-content\/uploads\/2025\/01\/Chateau-Hochberg-Chambres-2024-\u00a9-Hirmance-Production-BD-25-768x512.jpg 768w, https:\/\/chateauhochberg.com\/wp-content\/uploads\/2025\/01\/Chateau-Hochberg-Chambres-2024-\u00a9-Hirmance-Production-BD-25-1536x1024.jpg 1536w, https:\/\/chateauhochberg.com\/wp-content\/uploads\/2025\/01\/Chateau-Hochberg-Chambres-2024-\u00a9-Hirmance-Production-BD-25-2048x1365.jpg 2048w\" sizes=\"(max-width: 4064px) 100vw, 4064px\" \/><span aria-hidden=\"true\" class=\"wp-block-cover__background has-background-dim-0 has-background-dim\" style=\"background-color:#ccbab2\"><\/span><div class=\"wp-block-cover__inner-container is-layout-flow wp-block-cover-is-layout-flow\"><p class=\"has-text-align-center has-large-font-size\"><\/p><\/div><\/div><div class=\"wp-block-media-text alignwide\"><figure class=\"wp-block-media-text__media\"><img decoding=\"async\" width=\"683\" height=\"1024\" src=\"https:\/\/chateauhochberg.com\/wp-content\/uploads\/2025\/01\/Chateau-Hochberg-Chambres-2024-\u00a9-Hirmance-Production-HD-8-683x1024.jpg\" alt=\"Chambre Hotel alsace cosy gastronomie romantique vosges du nord bien etre\" class=\"wp-image-20966 size-full\" srcset=\"https:\/\/chateauhochberg.com\/wp-content\/uploads\/2025\/01\/Chateau-Hochberg-Chambres-2024-\u00a9-Hirmance-Production-HD-8-683x1024.jpg 683w, https:\/\/chateauhochberg.com\/wp-content\/uploads\/2025\/01\/Chateau-Hochberg-Chambres-2024-\u00a9-Hirmance-Production-HD-8-800x1200.jpg 800w, https:\/\/chateauhochberg.com\/wp-content\/uploads\/2025\/01\/Chateau-Hochberg-Chambres-2024-\u00a9-Hirmance-Production-HD-8-200x300.jpg 200w, https:\/\/chateauhochberg.com\/wp-content\/uploads\/2025\/01\/Chateau-Hochberg-Chambres-2024-\u00a9-Hirmance-Production-HD-8-768x1152.jpg 768w, https:\/\/chateauhochberg.com\/wp-content\/uploads\/2025\/01\/Chateau-Hochberg-Chambres-2024-\u00a9-Hirmance-Production-HD-8-1024x1536.jpg 1024w, https:\/\/chateauhochberg.com\/wp-content\/uploads\/2025\/01\/Chateau-Hochberg-Chambres-2024-\u00a9-Hirmance-Production-HD-8-1365x2048.jpg 1365w\" sizes=\"(max-width: 683px) 100vw, 683px\" \/><\/figure><div class=\"wp-block-media-text__content\"><h2 class=\"wp-block-heading\">Description<\/h2>\n\n<p><strong>Terrasses du Ch\u00e2teau<\/strong>&nbsp;are four rooms which extend onto small balconies, allowing guests a private glimpse of the surrounding park and the chance to savour its beauty.<\/p>\n\n<p>The fifteen rooms and suites at the Hotel Ch\u00e2teau Hochberg in Alsace are split in four categories, depending on their size and furnishings.<br> All bathed in wonderful light, they are decorated with three different ambiences: Ombelle (Umbel); Venise (Venice); and Dahlia.<\/p>\n\n<p>The rooms in the&nbsp;<em>Ombelle<\/em>&nbsp;style, in harmonious shades of grey, are inspired by the plant and flower motifs of the decorative panel created by Ren\u00e9<a href=\"https:\/\/fr.lalique.com\/en\" target=\"_blank\" rel=\"noreferrer noopener\"> Lalique<\/a>. In the rooms with the&nbsp;<em>Venise&nbsp;<\/em>d\u00e9cor, the inspiration is more graphic, with pearl and silvery grey tones. The&nbsp;<em>Dahlia<\/em>&nbsp;rooms are an interplay of satin sheen and transparency, with pure colours, white and sandy hues.<\/p><\/div><\/div><div class=\"wp-block-media-text alignwide has-media-on-the-right\"><div class=\"wp-block-media-text__content\"><h2 class=\"wp-block-heading\">Amenities<\/h2>\n\n<ul class=\"wp-block-list\"><li>9 to 23 m<sup>2<\/sup>&nbsp;rooms<\/li>\n\n<li>Located on the first floor<\/li>\n\n<li>Bathroom equipped with shower<\/li>\n\n<li>Minibar<\/li>\n\n<li>Safe<\/li>\n\n<li>Flat-screen TV<\/li>\n\n<li>King-size bed or option of twin beds<\/li><\/ul><\/div><figure class=\"wp-block-media-text__media\"><img decoding=\"async\" width=\"1024\" height=\"683\" src=\"https:\/\/chateauhochberg.com\/wp-content\/uploads\/2025\/01\/Chateau-Hochberg-Chambres-2024-\u00a9-Hirmance-Production-HD-24-1024x683.jpg\" alt=\"Chambre Hotel alsace cosy gastronomie romantique vosges du nord bien etre\" class=\"wp-image-20969 size-full\" srcset=\"https:\/\/chateauhochberg.com\/wp-content\/uploads\/2025\/01\/Chateau-Hochberg-Chambres-2024-\u00a9-Hirmance-Production-HD-24-1024x683.jpg 1024w, https:\/\/chateauhochberg.com\/wp-content\/uploads\/2025\/01\/Chateau-Hochberg-Chambres-2024-\u00a9-Hirmance-Production-HD-24-800x533.jpg 800w, https:\/\/chateauhochberg.com\/wp-content\/uploads\/2025\/01\/Chateau-Hochberg-Chambres-2024-\u00a9-Hirmance-Production-HD-24-300x200.jpg 300w, https:\/\/chateauhochberg.com\/wp-content\/uploads\/2025\/01\/Chateau-Hochberg-Chambres-2024-\u00a9-Hirmance-Production-HD-24-768x512.jpg 768w, https:\/\/chateauhochberg.com\/wp-content\/uploads\/2025\/01\/Chateau-Hochberg-Chambres-2024-\u00a9-Hirmance-Production-HD-24-1536x1024.jpg 1536w, https:\/\/chateauhochberg.com\/wp-content\/uploads\/2025\/01\/Chateau-Hochberg-Chambres-2024-\u00a9-Hirmance-Production-HD-24-2048x1365.jpg 2048w\" sizes=\"(max-width: 1024px) 100vw, 1024px\" \/><\/figure><\/div><p class=\"has-text-align-center mt-5 has-medium-font-size\"><strong>From 210 \u20ac per night for 2 pers.*<\/strong><\/p><p class=\"has-text-align-center\">*Breakfast ( 23 \u20ac\/ night \/ pers.) and taxes are not included.<\/p><p class=\"has-text-align-center\">Special offers:<\/p><p class=\"has-text-align-center\">*&nbsp;<strong>Half-board in double room<\/strong>&nbsp;available from 2 nights<\/p><p class=\"has-text-align-center\"><strong>Our hotel and our <a href=\"https:\/\/chateauhochberg.com\/en\/the-restaurant\/the-menu\/\">restaurant<\/a> are accessible for disabled people. Ch\u00e2teau Hochberg is a non-smoking place.<\/strong><\/p><p class=\"has-text-align-center\">Your pet deserves a vacation too. Upon your arrival, we\u2019ll have a bed and a bowl of water ready in your room. Pets are welcome in the restaurant.<\/p><p style=\"text-align: center;\"><a  target='_blank' class='btn btn-white-black' href='http:\/\/hotel.reservit.com\/front\/front.do?m=booking&amp;custid=2&amp;langcode=EN&amp;hotelid=253468'>Booking<\/a>\n<p style=\"text-align: center;\"><a  class='btn btn-white-black' href='\/en\/rooms-and-suites\/'>Rooms &amp; Suites<\/a>","protected":false},"excerpt":{"rendered":"<p>Description Terrasses du Ch\u00e2teau&nbsp;are four rooms which extend onto small balconies, allowing guests a private glimpse of the surrounding park and the chance to savour its beauty. The fifteen rooms and suites at the Hotel Ch\u00e2teau Hochberg in Alsace are split in four categories, depending on their size and furnishings. All bathed in wonderful light, [&hellip;]<\/p>\n","protected":false},"author":1,"featured_media":20960,"parent":3345,"menu_order":0,"comment_status":"closed","ping_status":"closed","template":"page-templates\/fullscreen-img-right-detail.php","meta":{"_acf_changed":false,"footnotes":""},"class_list":["post-3248","page","type-page","status-publish","has-post-thumbnail","hentry"],"acf":[],"yoast_head":"<!-- This site is optimized with the Yoast SEO plugin v25.1 - https:\/\/yoast.com\/wordpress\/plugins\/seo\/ -->\n<title>Terrasses du Ch\u00e2teau - Ch\u00e2teau Hochberg Hotel in Alsace<\/title>\n<meta name=\"description\" content=\"Discover the rooms at the Ch\u00e2teau Hochberg hotel in Wingen-sur-Moder in Alsace, combining comfort and elegance, ideal for an unforgettable stay in Alsace.\" \/>\n<meta name=\"robots\" content=\"index, follow, max-snippet:-1, max-image-preview:large, max-video-preview:-1\" \/>\n<link rel=\"canonical\" href=\"https:\/\/chateauhochberg.com\/en\/rooms-and-suites\/terrasses-du-chateau\/\" \/>\n<meta property=\"og:locale\" content=\"en_US\" \/>\n<meta property=\"og:type\" content=\"article\" \/>\n<meta property=\"og:title\" content=\"Terrasses du Ch\u00e2teau - Ch\u00e2teau Hochberg Hotel in Alsace\" \/>\n<meta property=\"og:description\" content=\"Discover the rooms at the Ch\u00e2teau Hochberg hotel in Wingen-sur-Moder in Alsace, combining comfort and elegance, ideal for an unforgettable stay in Alsace.\" \/>\n<meta property=\"og:url\" content=\"https:\/\/chateauhochberg.com\/en\/rooms-and-suites\/terrasses-du-chateau\/\" \/>\n<meta property=\"og:site_name\" content=\"Ch\u00e2teau Hochberg\" \/>\n<meta property=\"article:modified_time\" content=\"2026-04-08T12:33:38+00:00\" \/>\n<meta property=\"og:image\" content=\"https:\/\/chateauhochberg.com\/wp-content\/uploads\/2025\/01\/Chateau-Hochberg-Chambres-2024-\u00a9-Hirmance-Production-BD-25.jpg\" \/>\n\t<meta property=\"og:image:width\" content=\"4064\" \/>\n\t<meta property=\"og:image:height\" content=\"2709\" \/>\n\t<meta property=\"og:image:type\" content=\"image\/jpeg\" \/>\n<meta name=\"twitter:card\" content=\"summary_large_image\" \/>\n<meta name=\"twitter:label1\" content=\"Est. reading time\" \/>\n\t<meta name=\"twitter:data1\" content=\"3 minutes\" \/>\n<script type=\"application\/ld+json\" class=\"yoast-schema-graph\">{\"@context\":\"https:\/\/schema.org\",\"@graph\":[{\"@type\":\"WebPage\",\"@id\":\"https:\/\/chateauhochberg.com\/en\/rooms-and-suites\/terrasses-du-chateau\/\",\"url\":\"https:\/\/chateauhochberg.com\/en\/rooms-and-suites\/terrasses-du-chateau\/\",\"name\":\"Terrasses du Ch\u00e2teau - Ch\u00e2teau Hochberg Hotel in Alsace\",\"isPartOf\":{\"@id\":\"https:\/\/chateauhochberg.com\/en\/#website\"},\"primaryImageOfPage\":{\"@id\":\"https:\/\/chateauhochberg.com\/en\/rooms-and-suites\/terrasses-du-chateau\/#primaryimage\"},\"image\":{\"@id\":\"https:\/\/chateauhochberg.com\/en\/rooms-and-suites\/terrasses-du-chateau\/#primaryimage\"},\"thumbnailUrl\":\"https:\/\/chateauhochberg.com\/wp-content\/uploads\/2025\/01\/Chateau-Hochberg-Chambres-2024-\u00a9-Hirmance-Production-BD-25.jpg\",\"datePublished\":\"2016-08-03T09:41:46+00:00\",\"dateModified\":\"2026-04-08T12:33:38+00:00\",\"description\":\"Discover the rooms at the Ch\u00e2teau Hochberg hotel in Wingen-sur-Moder in Alsace, combining comfort and elegance, ideal for an unforgettable stay in Alsace.\",\"breadcrumb\":{\"@id\":\"https:\/\/chateauhochberg.com\/en\/rooms-and-suites\/terrasses-du-chateau\/#breadcrumb\"},\"inLanguage\":\"en-US\",\"potentialAction\":[{\"@type\":\"ReadAction\",\"target\":[\"https:\/\/chateauhochberg.com\/en\/rooms-and-suites\/terrasses-du-chateau\/\"]}]},{\"@type\":\"ImageObject\",\"inLanguage\":\"en-US\",\"@id\":\"https:\/\/chateauhochberg.com\/en\/rooms-and-suites\/terrasses-du-chateau\/#primaryimage\",\"url\":\"https:\/\/chateauhochberg.com\/wp-content\/uploads\/2025\/01\/Chateau-Hochberg-Chambres-2024-\u00a9-Hirmance-Production-BD-25.jpg\",\"contentUrl\":\"https:\/\/chateauhochberg.com\/wp-content\/uploads\/2025\/01\/Chateau-Hochberg-Chambres-2024-\u00a9-Hirmance-Production-BD-25.jpg\",\"width\":4064,\"height\":2709,\"caption\":\"Chambre Hotel alsace cosy gastronomie romantique vosges du nord bien etre\"},{\"@type\":\"BreadcrumbList\",\"@id\":\"https:\/\/chateauhochberg.com\/en\/rooms-and-suites\/terrasses-du-chateau\/#breadcrumb\",\"itemListElement\":[{\"@type\":\"ListItem\",\"position\":1,\"name\":\"Accueil\",\"item\":\"https:\/\/chateauhochberg.com\/en\/\"},{\"@type\":\"ListItem\",\"position\":2,\"name\":\"Rooms and Suites\",\"item\":\"https:\/\/chateauhochberg.com\/en\/rooms-and-suites\/\"},{\"@type\":\"ListItem\",\"position\":3,\"name\":\"Terrasses du Ch\u00e2teau\"}]},{\"@type\":\"WebSite\",\"@id\":\"https:\/\/chateauhochberg.com\/en\/#website\",\"url\":\"https:\/\/chateauhochberg.com\/en\/\",\"name\":\"Ch\u00e2teau Hochberg - By Lalique\",\"description\":\"H\u00f4tel &amp; Restaurant\",\"alternateName\":\"CHOCH\",\"potentialAction\":[{\"@type\":\"SearchAction\",\"target\":{\"@type\":\"EntryPoint\",\"urlTemplate\":\"https:\/\/chateauhochberg.com\/en\/?s={search_term_string}\"},\"query-input\":{\"@type\":\"PropertyValueSpecification\",\"valueRequired\":true,\"valueName\":\"search_term_string\"}}],\"inLanguage\":\"en-US\"}]}<\/script>\n<!-- \/ Yoast SEO plugin. -->","yoast_head_json":{"title":"Terrasses du Ch\u00e2teau - Ch\u00e2teau Hochberg Hotel in Alsace","description":"Discover the rooms at the Ch\u00e2teau Hochberg hotel in Wingen-sur-Moder in Alsace, combining comfort and elegance, ideal for an unforgettable stay in Alsace.","robots":{"index":"index","follow":"follow","max-snippet":"max-snippet:-1","max-image-preview":"max-image-preview:large","max-video-preview":"max-video-preview:-1"},"canonical":"https:\/\/chateauhochberg.com\/en\/rooms-and-suites\/terrasses-du-chateau\/","og_locale":"en_US","og_type":"article","og_title":"Terrasses du Ch\u00e2teau - Ch\u00e2teau Hochberg Hotel in Alsace","og_description":"Discover the rooms at the Ch\u00e2teau Hochberg hotel in Wingen-sur-Moder in Alsace, combining comfort and elegance, ideal for an unforgettable stay in Alsace.","og_url":"https:\/\/chateauhochberg.com\/en\/rooms-and-suites\/terrasses-du-chateau\/","og_site_name":"Ch\u00e2teau Hochberg","article_modified_time":"2026-04-08T12:33:38+00:00","og_image":[{"width":4064,"height":2709,"url":"https:\/\/chateauhochberg.com\/wp-content\/uploads\/2025\/01\/Chateau-Hochberg-Chambres-2024-\u00a9-Hirmance-Production-BD-25.jpg","type":"image\/jpeg"}],"twitter_card":"summary_large_image","twitter_misc":{"Est. reading time":"3 minutes"},"schema":{"@context":"https:\/\/schema.org","@graph":[{"@type":"WebPage","@id":"https:\/\/chateauhochberg.com\/en\/rooms-and-suites\/terrasses-du-chateau\/","url":"https:\/\/chateauhochberg.com\/en\/rooms-and-suites\/terrasses-du-chateau\/","name":"Terrasses du Ch\u00e2teau - Ch\u00e2teau Hochberg Hotel in Alsace","isPartOf":{"@id":"https:\/\/chateauhochberg.com\/en\/#website"},"primaryImageOfPage":{"@id":"https:\/\/chateauhochberg.com\/en\/rooms-and-suites\/terrasses-du-chateau\/#primaryimage"},"image":{"@id":"https:\/\/chateauhochberg.com\/en\/rooms-and-suites\/terrasses-du-chateau\/#primaryimage"},"thumbnailUrl":"https:\/\/chateauhochberg.com\/wp-content\/uploads\/2025\/01\/Chateau-Hochberg-Chambres-2024-\u00a9-Hirmance-Production-BD-25.jpg","datePublished":"2016-08-03T09:41:46+00:00","dateModified":"2026-04-08T12:33:38+00:00","description":"Discover the rooms at the Ch\u00e2teau Hochberg hotel in Wingen-sur-Moder in Alsace, combining comfort and elegance, ideal for an unforgettable stay in Alsace.","breadcrumb":{"@id":"https:\/\/chateauhochberg.com\/en\/rooms-and-suites\/terrasses-du-chateau\/#breadcrumb"},"inLanguage":"en-US","potentialAction":[{"@type":"ReadAction","target":["https:\/\/chateauhochberg.com\/en\/rooms-and-suites\/terrasses-du-chateau\/"]}]},{"@type":"ImageObject","inLanguage":"en-US","@id":"https:\/\/chateauhochberg.com\/en\/rooms-and-suites\/terrasses-du-chateau\/#primaryimage","url":"https:\/\/chateauhochberg.com\/wp-content\/uploads\/2025\/01\/Chateau-Hochberg-Chambres-2024-\u00a9-Hirmance-Production-BD-25.jpg","contentUrl":"https:\/\/chateauhochberg.com\/wp-content\/uploads\/2025\/01\/Chateau-Hochberg-Chambres-2024-\u00a9-Hirmance-Production-BD-25.jpg","width":4064,"height":2709,"caption":"Chambre Hotel alsace cosy gastronomie romantique vosges du nord bien etre"},{"@type":"BreadcrumbList","@id":"https:\/\/chateauhochberg.com\/en\/rooms-and-suites\/terrasses-du-chateau\/#breadcrumb","itemListElement":[{"@type":"ListItem","position":1,"name":"Accueil","item":"https:\/\/chateauhochberg.com\/en\/"},{"@type":"ListItem","position":2,"name":"Rooms and Suites","item":"https:\/\/chateauhochberg.com\/en\/rooms-and-suites\/"},{"@type":"ListItem","position":3,"name":"Terrasses du Ch\u00e2teau"}]},{"@type":"WebSite","@id":"https:\/\/chateauhochberg.com\/en\/#website","url":"https:\/\/chateauhochberg.com\/en\/","name":"Ch\u00e2teau Hochberg - By Lalique","description":"H\u00f4tel &amp; Restaurant","alternateName":"CHOCH","potentialAction":[{"@type":"SearchAction","target":{"@type":"EntryPoint","urlTemplate":"https:\/\/chateauhochberg.com\/en\/?s={search_term_string}"},"query-input":{"@type":"PropertyValueSpecification","valueRequired":true,"valueName":"search_term_string"}}],"inLanguage":"en-US"}]}},"_links":{"self":[{"href":"https:\/\/chateauhochberg.com\/en\/wp-json\/wp\/v2\/pages\/3248","targetHints":{"allow":["GET"]}}],"collection":[{"href":"https:\/\/chateauhochberg.com\/en\/wp-json\/wp\/v2\/pages"}],"about":[{"href":"https:\/\/chateauhochberg.com\/en\/wp-json\/wp\/v2\/types\/page"}],"author":[{"embeddable":true,"href":"https:\/\/chateauhochberg.com\/en\/wp-json\/wp\/v2\/users\/1"}],"replies":[{"embeddable":true,"href":"https:\/\/chateauhochberg.com\/en\/wp-json\/wp\/v2\/comments?post=3248"}],"version-history":[{"count":47,"href":"https:\/\/chateauhochberg.com\/en\/wp-json\/wp\/v2\/pages\/3248\/revisions"}],"predecessor-version":[{"id":24631,"href":"https:\/\/chateauhochberg.com\/en\/wp-json\/wp\/v2\/pages\/3248\/revisions\/24631"}],"up":[{"embeddable":true,"href":"https:\/\/chateauhochberg.com\/en\/wp-json\/wp\/v2\/pages\/3345"}],"wp:featuredmedia":[{"embeddable":true,"href":"https:\/\/chateauhochberg.com\/en\/wp-json\/wp\/v2\/media\/20960"}],"wp:attachment":[{"href":"https:\/\/chateauhochberg.com\/en\/wp-json\/wp\/v2\/media?parent=3248"}],"curies":[{"name":"wp","href":"https:\/\/api.w.org\/{rel}","templated":true}]}}