{"id":3817,"date":"2015-10-20T23:00:41","date_gmt":"2015-10-20T22:00:41","guid":{"rendered":"http:\/\/www.chateauhochberg.com\/?page_id=3817\/"},"modified":"2026-04-08T13:43:45","modified_gmt":"2026-04-08T12:43:45","slug":"book-a-table","status":"publish","type":"page","link":"https:\/\/chateauhochberg.com\/en\/booking\/book-a-table\/","title":{"rendered":"Book a Table"},"content":{"rendered":"<p class=\"has-text-align-center\">For all bookings at the restaurant, whether you want to book a table, offer of voucher or organize a banquet, please contact Reception:<\/p><div style=\"height:20px\" aria-hidden=\"true\" class=\"wp-block-spacer\"><\/div><p class=\"has-text-align-center\"><a  class='btn btn-white-black' href=mailto:reservation@chateauhochberg.com><i class=\"fa fa-envelope\"><\/i> reservation@chateauhochberg.com<\/a> <a  class='btn btn-white-black' href=tel:0033388006767\u200e><i class=\"fa fa-phone\"><\/i> +33 (0)3.88.00.67.67\u200e<\/a><div style=\"height:20px\" aria-hidden=\"true\" class=\"wp-block-spacer\"><\/div><p class=\"has-text-align-center\"><a  target='_blank' class='btn btn-black-white' href='https:\/\/chateauhochberg.com\/en\/the-restaurant\/the-menu\/'>Our menu in french<\/a> <a  target='_blank' class='btn btn-black-white' href='https:\/\/chateauhochberg.com\/wp-content\/uploads\/2026\/03\/Tarifs-Hotel-2026-Chateau-Hochberg-EN.pdf'> Our prices <\/a> <a  target='_blank' class='btn btn-black-white' href='https:\/\/chateauhochberg.com\/wp-content\/uploads\/2025\/04\/SEMINAIRES-Chateau-Hochberg.pdf'>SEMINARS<\/a> <a  target='_blank' class='btn btn-black-white' href='https:\/\/chateauhochberg.com\/wp-content\/uploads\/2025\/09\/Chateau-Hochberg_brochure-FR-AN_2025_web.pdf'>OUR BOOKLET<\/a><p class=\"has-text-align-center\"><\/p><div style=\"height:20px\" aria-hidden=\"true\" class=\"wp-block-spacer\"><\/div><p class=\"has-text-align-center\"><strong>Our establishment is closed on Sunday evening and Monday. Our restaurant is also closed on Tuesday<\/strong>.<\/p><p class=\"has-text-align-center\"><strong> <\/strong><\/p><p class=\"has-text-align-center\">&#8211;<\/p><p class=\"has-text-align-center\"><strong><strong>OPENING HOURS OF THE RESTAURANT*:<\/strong><\/strong><\/p><p class=\"has-text-align-center\">From Wednesday to Sunday from 12pm to 2pm and from 7pm to 9pm.<\/p><p class=\"has-text-align-center\">&#8211;<\/p><p class=\"has-text-align-center\">Our hotel and our restaurant are accessible for disabled people. Ch\u00e2teau Hochberg is a non-smoking place.<\/p><p class=\"has-text-align-center\">Your pet deserves a vacation too. Upon your arrival, we\u2019ll have a bed and a bowl of water ready in your room. Pets are welcome in the restaurant.<\/p><p class=\"has-text-align-center\">To make a reservation at the hotel, please click&nbsp;<a rel=\"noreferrer noopener\" href=\"http:\/\/hotel.reservit.com\/front\/front.do?m=booking&amp;custid=2&amp;langcode=EN&amp;hotelid=253468\" target=\"_blank\">here.<\/a> <\/p><p class=\"has-text-align-center\">We are more than happy to welcome you anytime soon!<\/p><div style=\"height:75px\" aria-hidden=\"true\" class=\"wp-block-spacer\"><\/div>","protected":false},"excerpt":{"rendered":"<p>For all bookings at the restaurant, whether you want to book a table, offer of voucher or organize a banquet, please contact Reception: Our establishment is closed on Sunday evening and Monday. Our restaurant is also closed on Tuesday. &#8211;OPENING HOURS OF THE RESTAURANT*:From Wednesday to Sunday from 12pm to 2pm and from 7pm to [&hellip;]<\/p>\n","protected":false},"author":1,"featured_media":0,"parent":1451,"menu_order":0,"comment_status":"closed","ping_status":"closed","template":"","meta":{"_acf_changed":false,"footnotes":""},"class_list":["post-3817","page","type-page","status-publish","hentry"],"acf":[],"yoast_head":"<!-- This site is optimized with the Yoast SEO plugin v25.1 - https:\/\/yoast.com\/wordpress\/plugins\/seo\/ -->\n<title>Book a Table - Ch\u00e2teau Hochberg<\/title>\n<meta name=\"description\" content=\"Ch\u00e2teau Hochberg, book your table at the Ch\u00e2teau-Suites et Chambres in Wingen-sur-Moder. Refined, seasonal cuisine ... Alsace hotel and restaurant ..\" \/>\n<meta name=\"robots\" content=\"index, follow, max-snippet:-1, max-image-preview:large, max-video-preview:-1\" \/>\n<link rel=\"canonical\" href=\"https:\/\/chateauhochberg.com\/en\/booking\/book-a-table\/\" \/>\n<meta property=\"og:locale\" content=\"en_US\" \/>\n<meta property=\"og:type\" content=\"article\" \/>\n<meta property=\"og:title\" content=\"Book a Table - Ch\u00e2teau Hochberg\" \/>\n<meta property=\"og:description\" content=\"Ch\u00e2teau Hochberg, book your table at the Ch\u00e2teau-Suites et Chambres in Wingen-sur-Moder. Refined, seasonal cuisine ... Alsace hotel and restaurant ..\" \/>\n<meta property=\"og:url\" content=\"https:\/\/chateauhochberg.com\/en\/booking\/book-a-table\/\" \/>\n<meta property=\"og:site_name\" content=\"Ch\u00e2teau Hochberg\" \/>\n<meta property=\"article:modified_time\" content=\"2026-04-08T12:43:45+00:00\" \/>\n<meta name=\"twitter:card\" content=\"summary_large_image\" \/>\n<meta name=\"twitter:label1\" content=\"Est. reading time\" \/>\n\t<meta name=\"twitter:data1\" content=\"1 minute\" \/>\n<script type=\"application\/ld+json\" class=\"yoast-schema-graph\">{\"@context\":\"https:\/\/schema.org\",\"@graph\":[{\"@type\":\"WebPage\",\"@id\":\"https:\/\/chateauhochberg.com\/en\/booking\/book-a-table\/\",\"url\":\"https:\/\/chateauhochberg.com\/en\/booking\/book-a-table\/\",\"name\":\"Book a Table - Ch\u00e2teau Hochberg\",\"isPartOf\":{\"@id\":\"https:\/\/chateauhochberg.com\/en\/#website\"},\"datePublished\":\"2015-10-20T22:00:41+00:00\",\"dateModified\":\"2026-04-08T12:43:45+00:00\",\"description\":\"Ch\u00e2teau Hochberg, book your table at the Ch\u00e2teau-Suites et Chambres in Wingen-sur-Moder. Refined, seasonal cuisine ... Alsace hotel and restaurant ..\",\"breadcrumb\":{\"@id\":\"https:\/\/chateauhochberg.com\/en\/booking\/book-a-table\/#breadcrumb\"},\"inLanguage\":\"en-US\",\"potentialAction\":[{\"@type\":\"ReadAction\",\"target\":[\"https:\/\/chateauhochberg.com\/en\/booking\/book-a-table\/\"]}]},{\"@type\":\"BreadcrumbList\",\"@id\":\"https:\/\/chateauhochberg.com\/en\/booking\/book-a-table\/#breadcrumb\",\"itemListElement\":[{\"@type\":\"ListItem\",\"position\":1,\"name\":\"Accueil\",\"item\":\"https:\/\/chateauhochberg.com\/en\/\"},{\"@type\":\"ListItem\",\"position\":2,\"name\":\"Booking\",\"item\":\"https:\/\/chateauhochberg.com\/en\/booking\/\"},{\"@type\":\"ListItem\",\"position\":3,\"name\":\"Book a Table\"}]},{\"@type\":\"WebSite\",\"@id\":\"https:\/\/chateauhochberg.com\/en\/#website\",\"url\":\"https:\/\/chateauhochberg.com\/en\/\",\"name\":\"Ch\u00e2teau Hochberg - By Lalique\",\"description\":\"H\u00f4tel &amp; Restaurant\",\"alternateName\":\"CHOCH\",\"potentialAction\":[{\"@type\":\"SearchAction\",\"target\":{\"@type\":\"EntryPoint\",\"urlTemplate\":\"https:\/\/chateauhochberg.com\/en\/?s={search_term_string}\"},\"query-input\":{\"@type\":\"PropertyValueSpecification\",\"valueRequired\":true,\"valueName\":\"search_term_string\"}}],\"inLanguage\":\"en-US\"}]}<\/script>\n<!-- \/ Yoast SEO plugin. -->","yoast_head_json":{"title":"Book a Table - Ch\u00e2teau Hochberg","description":"Ch\u00e2teau Hochberg, book your table at the Ch\u00e2teau-Suites et Chambres in Wingen-sur-Moder. Refined, seasonal cuisine ... Alsace hotel and restaurant ..","robots":{"index":"index","follow":"follow","max-snippet":"max-snippet:-1","max-image-preview":"max-image-preview:large","max-video-preview":"max-video-preview:-1"},"canonical":"https:\/\/chateauhochberg.com\/en\/booking\/book-a-table\/","og_locale":"en_US","og_type":"article","og_title":"Book a Table - Ch\u00e2teau Hochberg","og_description":"Ch\u00e2teau Hochberg, book your table at the Ch\u00e2teau-Suites et Chambres in Wingen-sur-Moder. Refined, seasonal cuisine ... Alsace hotel and restaurant ..","og_url":"https:\/\/chateauhochberg.com\/en\/booking\/book-a-table\/","og_site_name":"Ch\u00e2teau Hochberg","article_modified_time":"2026-04-08T12:43:45+00:00","twitter_card":"summary_large_image","twitter_misc":{"Est. reading time":"1 minute"},"schema":{"@context":"https:\/\/schema.org","@graph":[{"@type":"WebPage","@id":"https:\/\/chateauhochberg.com\/en\/booking\/book-a-table\/","url":"https:\/\/chateauhochberg.com\/en\/booking\/book-a-table\/","name":"Book a Table - Ch\u00e2teau Hochberg","isPartOf":{"@id":"https:\/\/chateauhochberg.com\/en\/#website"},"datePublished":"2015-10-20T22:00:41+00:00","dateModified":"2026-04-08T12:43:45+00:00","description":"Ch\u00e2teau Hochberg, book your table at the Ch\u00e2teau-Suites et Chambres in Wingen-sur-Moder. Refined, seasonal cuisine ... Alsace hotel and restaurant ..","breadcrumb":{"@id":"https:\/\/chateauhochberg.com\/en\/booking\/book-a-table\/#breadcrumb"},"inLanguage":"en-US","potentialAction":[{"@type":"ReadAction","target":["https:\/\/chateauhochberg.com\/en\/booking\/book-a-table\/"]}]},{"@type":"BreadcrumbList","@id":"https:\/\/chateauhochberg.com\/en\/booking\/book-a-table\/#breadcrumb","itemListElement":[{"@type":"ListItem","position":1,"name":"Accueil","item":"https:\/\/chateauhochberg.com\/en\/"},{"@type":"ListItem","position":2,"name":"Booking","item":"https:\/\/chateauhochberg.com\/en\/booking\/"},{"@type":"ListItem","position":3,"name":"Book a Table"}]},{"@type":"WebSite","@id":"https:\/\/chateauhochberg.com\/en\/#website","url":"https:\/\/chateauhochberg.com\/en\/","name":"Ch\u00e2teau Hochberg - By Lalique","description":"H\u00f4tel &amp; Restaurant","alternateName":"CHOCH","potentialAction":[{"@type":"SearchAction","target":{"@type":"EntryPoint","urlTemplate":"https:\/\/chateauhochberg.com\/en\/?s={search_term_string}"},"query-input":{"@type":"PropertyValueSpecification","valueRequired":true,"valueName":"search_term_string"}}],"inLanguage":"en-US"}]}},"_links":{"self":[{"href":"https:\/\/chateauhochberg.com\/en\/wp-json\/wp\/v2\/pages\/3817","targetHints":{"allow":["GET"]}}],"collection":[{"href":"https:\/\/chateauhochberg.com\/en\/wp-json\/wp\/v2\/pages"}],"about":[{"href":"https:\/\/chateauhochberg.com\/en\/wp-json\/wp\/v2\/types\/page"}],"author":[{"embeddable":true,"href":"https:\/\/chateauhochberg.com\/en\/wp-json\/wp\/v2\/users\/1"}],"replies":[{"embeddable":true,"href":"https:\/\/chateauhochberg.com\/en\/wp-json\/wp\/v2\/comments?post=3817"}],"version-history":[{"count":208,"href":"https:\/\/chateauhochberg.com\/en\/wp-json\/wp\/v2\/pages\/3817\/revisions"}],"predecessor-version":[{"id":24639,"href":"https:\/\/chateauhochberg.com\/en\/wp-json\/wp\/v2\/pages\/3817\/revisions\/24639"}],"up":[{"embeddable":true,"href":"https:\/\/chateauhochberg.com\/en\/wp-json\/wp\/v2\/pages\/1451"}],"wp:attachment":[{"href":"https:\/\/chateauhochberg.com\/en\/wp-json\/wp\/v2\/media?parent=3817"}],"curies":[{"name":"wp","href":"https:\/\/api.w.org\/{rel}","templated":true}]}}