{"id":4289,"date":"2017-07-05T15:16:54","date_gmt":"2017-07-05T14:16:54","guid":{"rendered":"http:\/\/www.chateauhochberg.com\/?page_id=4289\/"},"modified":"2025-12-12T15:06:27","modified_gmt":"2025-12-12T14:06:27","slug":"seminars-and-events","status":"publish","type":"page","link":"https:\/\/chateauhochberg.com\/en\/seminars-and-events\/","title":{"rendered":"Seminars &#038; Events"},"content":{"rendered":"<div id=\"entete-block_b14e243d5123f95147f5deba163a37a8\" class=\"row\">\n        <img decoding=\"async\" src=\"https:\/\/chateauhochberg.com\/wp-content\/uploads\/2020\/09\/Chateau-Hochberg_Pavillon-Studio-Adeline-Wagner-HD-6.jpg\"\n    sizes=\"100vw\"\n    srcset=\"https:\/\/chateauhochberg.com\/wp-content\/uploads\/2020\/09\/Chateau-Hochberg_Pavillon-Studio-Adeline-Wagner-HD-6.jpg 1920w,\n            https:\/\/chateauhochberg.com\/wp-content\/uploads\/2020\/09\/Chateau-Hochberg_Pavillon-Studio-Adeline-Wagner-HD-6-1024x683.jpg 1024w,\n            https:\/\/chateauhochberg.com\/wp-content\/uploads\/2020\/09\/Chateau-Hochberg_Pavillon-Studio-Adeline-Wagner-HD-6-768x512.jpg 768w\"\n            alt=\"\">\n      <\/div>\n\n<style>\n\ndiv[id^=\"entete\"]{\n  margin-bottom: 2rem;\n}\ndiv[id^=\"entete\"] img{\n  width: 100%;\n  height: 85vh;\n  object-fit: cover;\n  object-position: center;\n}\n\n.links{\n  background: #fafafa;\n}\n\n.links > div{\n  display: flex;\n  flex-direction: row;\n  flex-wrap: wrap;\n  justify-content: flex-end;\n}\n.links > div > a{\n  cursor: pointer;\n  display: flex;\n  text-transform: uppercase;\n  padding: 1.5rem 2.5rem;\n  border-left: 1px solid rgba(0,0,0,0.1);\n}\n.links > div > a:hover{\n  background: rgba(0,0,0,0.1);\n  color: #333333;\n}\n\n<\/style><div class=\"wp-block-media-text alignwide is-stacked-on-mobile mh-75\"><figure class=\"wp-block-media-text__media\"><img decoding=\"async\" width=\"1024\" height=\"683\" src=\"https:\/\/chateauhochberg.com\/wp-content\/uploads\/2020\/04\/Ch\u00e2teau-Hochberg_Pavillon\u00a9Studio-Adeline-Wagner-HD-11-1024x683.jpg\" alt=\"\" class=\"wp-image-6304 size-full\" srcset=\"https:\/\/chateauhochberg.com\/wp-content\/uploads\/2020\/04\/Ch\u00e2teau-Hochberg_Pavillon\u00a9Studio-Adeline-Wagner-HD-11-1024x683.jpg 1024w, https:\/\/chateauhochberg.com\/wp-content\/uploads\/2020\/04\/Ch\u00e2teau-Hochberg_Pavillon\u00a9Studio-Adeline-Wagner-HD-11-800x533.jpg 800w, https:\/\/chateauhochberg.com\/wp-content\/uploads\/2020\/04\/Ch\u00e2teau-Hochberg_Pavillon\u00a9Studio-Adeline-Wagner-HD-11-300x200.jpg 300w, https:\/\/chateauhochberg.com\/wp-content\/uploads\/2020\/04\/Ch\u00e2teau-Hochberg_Pavillon\u00a9Studio-Adeline-Wagner-HD-11-768x512.jpg 768w, https:\/\/chateauhochberg.com\/wp-content\/uploads\/2020\/04\/Ch\u00e2teau-Hochberg_Pavillon\u00a9Studio-Adeline-Wagner-HD-11.jpg 1920w\" sizes=\"(max-width: 1024px) 100vw, 1024px\" \/><\/figure><div class=\"wp-block-media-text__content\"><p>Enjoy an exceptional place for private or corporate events.<\/p>\n\n<p>Pavillon Hochberg is a high-end space for events extending over 250m2 \u2013 designed by the Swiss architect Mario Botta who also designed the restaurant and wine cellar at Villa Ren\u00e9 Lalique.<\/p>\n\n<p>Situated in the grounds of the Ch\u00e2teau, this exceptional venue with elegant modern d\u00e9cor, is available in its entirety for private hire. It is the ideal setting for private or professional occasions of all kinds: marriages, anniversaries, seminars, banquets or even cocktails.<\/p><\/div><\/div><div class=\"wp-block-media-text alignwide has-media-on-the-right is-stacked-on-mobile mh-75\"><div class=\"wp-block-media-text__content\"><p>The Pavillon offers you the combined advantages of a dedicated space, while you \u2013 whether attending for a business meeting or a wedding anniversary \u2013 can also enjoy the first-class services available at the Ch\u00e2teau, savouring the chef\u2019s culinary delights and taking advantage of the modern comforts provided by the rooms and suites at the hotel.<\/p>\n\n<p>Let yourself be inspired by this exclusive place, unique in the area, and book Pavillon Hochberg for your special event.<\/p>\n\n<p class=\"has-text-align-center\">Information &amp; Reservation:<\/p>\n\n<p class=\"has-text-align-center\"><a  class='btn btn-black-white' href='mailto:events@chateauhochberg.com'>events@chateauhochberg.com<\/a> <a  class='btn btn-black-white' href='tel:0033388006767'>03.88.00.67.67<\/a><\/div><figure class=\"wp-block-media-text__media\"><img decoding=\"async\" width=\"1024\" height=\"684\" src=\"https:\/\/chateauhochberg.com\/wp-content\/uploads\/2023\/02\/Terrasse-Chateau-Hochberg-Frantisek-Zvardon-HD-1024x684.jpg\" alt=\"\" class=\"wp-image-16132 size-full\" srcset=\"https:\/\/chateauhochberg.com\/wp-content\/uploads\/2023\/02\/Terrasse-Chateau-Hochberg-Frantisek-Zvardon-HD-1024x684.jpg 1024w, https:\/\/chateauhochberg.com\/wp-content\/uploads\/2023\/02\/Terrasse-Chateau-Hochberg-Frantisek-Zvardon-HD-800x534.jpg 800w, https:\/\/chateauhochberg.com\/wp-content\/uploads\/2023\/02\/Terrasse-Chateau-Hochberg-Frantisek-Zvardon-HD-300x200.jpg 300w, https:\/\/chateauhochberg.com\/wp-content\/uploads\/2023\/02\/Terrasse-Chateau-Hochberg-Frantisek-Zvardon-HD-768x513.jpg 768w, https:\/\/chateauhochberg.com\/wp-content\/uploads\/2023\/02\/Terrasse-Chateau-Hochberg-Frantisek-Zvardon-HD-1536x1025.jpg 1536w, https:\/\/chateauhochberg.com\/wp-content\/uploads\/2023\/02\/Terrasse-Chateau-Hochberg-Frantisek-Zvardon-HD.jpg 2000w\" sizes=\"(max-width: 1024px) 100vw, 1024px\" \/><\/figure><\/div>","protected":false},"excerpt":{"rendered":"<p>Enjoy an exceptional place for private or corporate events. Pavillon Hochberg is a high-end space for events extending over 250m2 \u2013 designed by the Swiss architect Mario Botta who also designed the restaurant and wine cellar at Villa Ren\u00e9 Lalique. Situated in the grounds of the Ch\u00e2teau, this exceptional venue with elegant modern d\u00e9cor, is [&hellip;]<\/p>\n","protected":false},"author":6,"featured_media":0,"parent":0,"menu_order":0,"comment_status":"closed","ping_status":"closed","template":"page-templates\/fullscreen-img-right-detail.php","meta":{"_acf_changed":false,"footnotes":""},"class_list":["post-4289","page","type-page","status-publish","hentry"],"acf":[],"yoast_head":"<!-- This site is optimized with the Yoast SEO plugin v25.1 - https:\/\/yoast.com\/wordpress\/plugins\/seo\/ -->\n<title>Seminars &amp; Events - Ch\u00e2teau Hochberg<\/title>\n<meta name=\"description\" content=\"The Pavillon Hochberg offers you an exceptional place for your seminars and private or professional events.\" \/>\n<meta name=\"robots\" content=\"index, follow, max-snippet:-1, max-image-preview:large, max-video-preview:-1\" \/>\n<link rel=\"canonical\" href=\"https:\/\/chateauhochberg.com\/en\/seminars-and-events\/\" \/>\n<meta property=\"og:locale\" content=\"en_US\" \/>\n<meta property=\"og:type\" content=\"article\" \/>\n<meta property=\"og:title\" content=\"Seminars &amp; Events - Ch\u00e2teau Hochberg\" \/>\n<meta property=\"og:description\" content=\"The Pavillon Hochberg offers you an exceptional place for your seminars and private or professional events.\" \/>\n<meta property=\"og:url\" content=\"https:\/\/chateauhochberg.com\/en\/seminars-and-events\/\" \/>\n<meta property=\"og:site_name\" content=\"Ch\u00e2teau Hochberg\" \/>\n<meta property=\"article:modified_time\" content=\"2025-12-12T14:06:27+00:00\" \/>\n<meta property=\"og:image\" content=\"https:\/\/chateauhochberg.com\/wp-content\/uploads\/2023\/02\/Terrasse-Chateau-Hochberg-Frantisek-Zvardon-HD-1024x684.jpg\" \/>\n<meta name=\"twitter:card\" content=\"summary_large_image\" \/>\n<meta name=\"twitter:label1\" content=\"Est. reading time\" \/>\n\t<meta name=\"twitter:data1\" content=\"2 minutes\" \/>\n<script type=\"application\/ld+json\" class=\"yoast-schema-graph\">{\"@context\":\"https:\/\/schema.org\",\"@graph\":[{\"@type\":\"WebPage\",\"@id\":\"https:\/\/chateauhochberg.com\/en\/seminars-and-events\/\",\"url\":\"https:\/\/chateauhochberg.com\/en\/seminars-and-events\/\",\"name\":\"Seminars & Events - Ch\u00e2teau Hochberg\",\"isPartOf\":{\"@id\":\"https:\/\/chateauhochberg.com\/en\/#website\"},\"primaryImageOfPage\":{\"@id\":\"https:\/\/chateauhochberg.com\/en\/seminars-and-events\/#primaryimage\"},\"image\":{\"@id\":\"https:\/\/chateauhochberg.com\/en\/seminars-and-events\/#primaryimage\"},\"thumbnailUrl\":\"https:\/\/chateauhochberg.com\/wp-content\/uploads\/2023\/02\/Terrasse-Chateau-Hochberg-Frantisek-Zvardon-HD-1024x684.jpg\",\"datePublished\":\"2017-07-05T14:16:54+00:00\",\"dateModified\":\"2025-12-12T14:06:27+00:00\",\"description\":\"The Pavillon Hochberg offers you an exceptional place for your seminars and private or professional events.\",\"breadcrumb\":{\"@id\":\"https:\/\/chateauhochberg.com\/en\/seminars-and-events\/#breadcrumb\"},\"inLanguage\":\"en-US\",\"potentialAction\":[{\"@type\":\"ReadAction\",\"target\":[\"https:\/\/chateauhochberg.com\/en\/seminars-and-events\/\"]}]},{\"@type\":\"ImageObject\",\"inLanguage\":\"en-US\",\"@id\":\"https:\/\/chateauhochberg.com\/en\/seminars-and-events\/#primaryimage\",\"url\":\"https:\/\/chateauhochberg.com\/wp-content\/uploads\/2023\/02\/Terrasse-Chateau-Hochberg-Frantisek-Zvardon-HD-1024x684.jpg\",\"contentUrl\":\"https:\/\/chateauhochberg.com\/wp-content\/uploads\/2023\/02\/Terrasse-Chateau-Hochberg-Frantisek-Zvardon-HD-1024x684.jpg\"},{\"@type\":\"BreadcrumbList\",\"@id\":\"https:\/\/chateauhochberg.com\/en\/seminars-and-events\/#breadcrumb\",\"itemListElement\":[{\"@type\":\"ListItem\",\"position\":1,\"name\":\"Accueil\",\"item\":\"https:\/\/chateauhochberg.com\/en\/\"},{\"@type\":\"ListItem\",\"position\":2,\"name\":\"Seminars &#038; Events\"}]},{\"@type\":\"WebSite\",\"@id\":\"https:\/\/chateauhochberg.com\/en\/#website\",\"url\":\"https:\/\/chateauhochberg.com\/en\/\",\"name\":\"Ch\u00e2teau Hochberg - By Lalique\",\"description\":\"H\u00f4tel &amp; Restaurant\",\"alternateName\":\"CHOCH\",\"potentialAction\":[{\"@type\":\"SearchAction\",\"target\":{\"@type\":\"EntryPoint\",\"urlTemplate\":\"https:\/\/chateauhochberg.com\/en\/?s={search_term_string}\"},\"query-input\":{\"@type\":\"PropertyValueSpecification\",\"valueRequired\":true,\"valueName\":\"search_term_string\"}}],\"inLanguage\":\"en-US\"}]}<\/script>\n<!-- \/ Yoast SEO plugin. -->","yoast_head_json":{"title":"Seminars & Events - Ch\u00e2teau Hochberg","description":"The Pavillon Hochberg offers you an exceptional place for your seminars and private or professional events.","robots":{"index":"index","follow":"follow","max-snippet":"max-snippet:-1","max-image-preview":"max-image-preview:large","max-video-preview":"max-video-preview:-1"},"canonical":"https:\/\/chateauhochberg.com\/en\/seminars-and-events\/","og_locale":"en_US","og_type":"article","og_title":"Seminars & Events - Ch\u00e2teau Hochberg","og_description":"The Pavillon Hochberg offers you an exceptional place for your seminars and private or professional events.","og_url":"https:\/\/chateauhochberg.com\/en\/seminars-and-events\/","og_site_name":"Ch\u00e2teau Hochberg","article_modified_time":"2025-12-12T14:06:27+00:00","og_image":[{"url":"https:\/\/chateauhochberg.com\/wp-content\/uploads\/2023\/02\/Terrasse-Chateau-Hochberg-Frantisek-Zvardon-HD-1024x684.jpg","type":"","width":"","height":""}],"twitter_card":"summary_large_image","twitter_misc":{"Est. reading time":"2 minutes"},"schema":{"@context":"https:\/\/schema.org","@graph":[{"@type":"WebPage","@id":"https:\/\/chateauhochberg.com\/en\/seminars-and-events\/","url":"https:\/\/chateauhochberg.com\/en\/seminars-and-events\/","name":"Seminars & Events - Ch\u00e2teau Hochberg","isPartOf":{"@id":"https:\/\/chateauhochberg.com\/en\/#website"},"primaryImageOfPage":{"@id":"https:\/\/chateauhochberg.com\/en\/seminars-and-events\/#primaryimage"},"image":{"@id":"https:\/\/chateauhochberg.com\/en\/seminars-and-events\/#primaryimage"},"thumbnailUrl":"https:\/\/chateauhochberg.com\/wp-content\/uploads\/2023\/02\/Terrasse-Chateau-Hochberg-Frantisek-Zvardon-HD-1024x684.jpg","datePublished":"2017-07-05T14:16:54+00:00","dateModified":"2025-12-12T14:06:27+00:00","description":"The Pavillon Hochberg offers you an exceptional place for your seminars and private or professional events.","breadcrumb":{"@id":"https:\/\/chateauhochberg.com\/en\/seminars-and-events\/#breadcrumb"},"inLanguage":"en-US","potentialAction":[{"@type":"ReadAction","target":["https:\/\/chateauhochberg.com\/en\/seminars-and-events\/"]}]},{"@type":"ImageObject","inLanguage":"en-US","@id":"https:\/\/chateauhochberg.com\/en\/seminars-and-events\/#primaryimage","url":"https:\/\/chateauhochberg.com\/wp-content\/uploads\/2023\/02\/Terrasse-Chateau-Hochberg-Frantisek-Zvardon-HD-1024x684.jpg","contentUrl":"https:\/\/chateauhochberg.com\/wp-content\/uploads\/2023\/02\/Terrasse-Chateau-Hochberg-Frantisek-Zvardon-HD-1024x684.jpg"},{"@type":"BreadcrumbList","@id":"https:\/\/chateauhochberg.com\/en\/seminars-and-events\/#breadcrumb","itemListElement":[{"@type":"ListItem","position":1,"name":"Accueil","item":"https:\/\/chateauhochberg.com\/en\/"},{"@type":"ListItem","position":2,"name":"Seminars &#038; Events"}]},{"@type":"WebSite","@id":"https:\/\/chateauhochberg.com\/en\/#website","url":"https:\/\/chateauhochberg.com\/en\/","name":"Ch\u00e2teau Hochberg - By Lalique","description":"H\u00f4tel &amp; Restaurant","alternateName":"CHOCH","potentialAction":[{"@type":"SearchAction","target":{"@type":"EntryPoint","urlTemplate":"https:\/\/chateauhochberg.com\/en\/?s={search_term_string}"},"query-input":{"@type":"PropertyValueSpecification","valueRequired":true,"valueName":"search_term_string"}}],"inLanguage":"en-US"}]}},"_links":{"self":[{"href":"https:\/\/chateauhochberg.com\/en\/wp-json\/wp\/v2\/pages\/4289","targetHints":{"allow":["GET"]}}],"collection":[{"href":"https:\/\/chateauhochberg.com\/en\/wp-json\/wp\/v2\/pages"}],"about":[{"href":"https:\/\/chateauhochberg.com\/en\/wp-json\/wp\/v2\/types\/page"}],"author":[{"embeddable":true,"href":"https:\/\/chateauhochberg.com\/en\/wp-json\/wp\/v2\/users\/6"}],"replies":[{"embeddable":true,"href":"https:\/\/chateauhochberg.com\/en\/wp-json\/wp\/v2\/comments?post=4289"}],"version-history":[{"count":13,"href":"https:\/\/chateauhochberg.com\/en\/wp-json\/wp\/v2\/pages\/4289\/revisions"}],"predecessor-version":[{"id":23985,"href":"https:\/\/chateauhochberg.com\/en\/wp-json\/wp\/v2\/pages\/4289\/revisions\/23985"}],"wp:attachment":[{"href":"https:\/\/chateauhochberg.com\/en\/wp-json\/wp\/v2\/media?parent=4289"}],"curies":[{"name":"wp","href":"https:\/\/api.w.org\/{rel}","templated":true}]}}